{"id":20384,"date":"2025-10-22T11:40:38","date_gmt":"2025-10-22T11:40:38","guid":{"rendered":"https:\/\/iit.ac.rs\/?page_id=20384"},"modified":"2026-01-15T10:44:05","modified_gmt":"2026-01-15T10:44:05","slug":"administrativno-osoblje","status":"publish","type":"page","link":"https:\/\/iit.ac.rs\/en\/administrativno-osoblje\/","title":{"rendered":"Administrative staff"},"content":{"rendered":"<div data-elementor-type=\"wp-page\" data-elementor-id=\"20384\" class=\"elementor elementor-20384\">\n\t\t\t\t<div class=\"elementor-element elementor-element-843ec32 e-flex e-con-boxed e-con e-parent\" data-id=\"843ec32\" data-element_type=\"container\">\n\t\t\t\t\t<div class=\"e-con-inner\">\n\t\t<div class=\"elementor-element elementor-element-aa9ab49 e-con-full e-flex e-con e-child\" data-id=\"aa9ab49\" data-element_type=\"container\">\n\t\t\t\t<\/div>\n\t\t<div class=\"elementor-element elementor-element-6239ac9 e-con-full e-flex e-con e-child\" data-id=\"6239ac9\" data-element_type=\"container\">\n\t\t\t\t<div class=\"elementor-element elementor-element-17fd092 eael-team-align-centered elementor-widget elementor-widget-eael-team-member\" data-id=\"17fd092\" data-element_type=\"widget\" data-widget_type=\"eael-team-member.default\">\n\t\t\t\t\t\n\n\t<div id=\"eael-team-member-17fd092\" class=\"eael-team-item eael-team-members-simple\">\n\t\t<div class=\"eael-team-item-inner\">\n\t\t\t<div class=\"eael-team-image\">\n\t\t\t\t<figure>\n\t\t\t\t\t\t\t\t\t\t<img decoding=\"async\" src=\"https:\/\/iit.ac.rs\/wp-content\/uploads\/2025\/10\/natasadj.jpg\" alt=\"\">\n\t\t\t\t\t\t\t\t\t<\/figure>\n\t\t\t\t\n\t\t\t\t\n\t\t\t<\/div>\n\n\t\t\t<div class=\"eael-team-content\">\n\t\t\t\t<h2 class=\"eael-team-member-name\">Nata\u0161a Luki\u0107 \u0110oki\u0107<\/h2><h3 class=\"eael-team-member-position\">Secretary<\/h3>\n\t\t\t\t\t\t\t\t\t\t\t\t\t\t<p class=\"eael-team-text\">\u00a0n.djokiclukic@uni.kg.ac.rs <br>\n\n\u00a0034 6100195<\/p>\n\t\t\t\t\t\t\t<\/div>\n\t\t<\/div>\n\t<\/div>\n\t\t\t\t\t<\/div>\n\t\t\t\t<\/div>\n\t\t<div class=\"elementor-element elementor-element-5e62339 e-con-full e-flex e-con e-child\" data-id=\"5e62339\" data-element_type=\"container\">\n\t\t\t\t<\/div>\n\t\t\t\t\t<\/div>\n\t\t\t\t<\/div>\n\t\t<div class=\"elementor-element elementor-element-ebcbe5e e-flex e-con-boxed e-con e-parent\" data-id=\"ebcbe5e\" data-element_type=\"container\">\n\t\t\t\t\t<div class=\"e-con-inner\">\n\t\t<div class=\"elementor-element elementor-element-7ebf5d0 e-con-full e-flex e-con e-child\" data-id=\"7ebf5d0\" data-element_type=\"container\">\n\t\t\t\t<div class=\"elementor-element elementor-element-54ccafe eael-team-align-centered elementor-widget elementor-widget-eael-team-member\" data-id=\"54ccafe\" data-element_type=\"widget\" data-widget_type=\"eael-team-member.default\">\n\t\t\t\t\t\n\n\t<div id=\"eael-team-member-54ccafe\" class=\"eael-team-item eael-team-members-simple\">\n\t\t<div class=\"eael-team-item-inner\">\n\t\t\t<div class=\"eael-team-image\">\n\t\t\t\t<figure>\n\t\t\t\t\t\t\t\t\t\t<img decoding=\"async\" src=\"https:\/\/iit.ac.rs\/wp-content\/uploads\/2025\/10\/Avatar.jpg\" alt=\"\">\n\t\t\t\t\t\t\t\t\t<\/figure>\n\t\t\t\t\n\t\t\t\t\n\t\t\t<\/div>\n\n\t\t\t<div class=\"eael-team-content\">\n\t\t\t\t<h2 class=\"eael-team-member-name\">Vesna Stepanovi\u0107<\/h2><h3 class=\"eael-team-member-position\">\u0420\u0443\u043a\u043e\u0432\u043e\u0434\u0438\u043b\u0430\u0446 \u0444\u0438\u043d\u0430\u043d\u0441\u0438\u0458\u0441\u043a\u043e-\u0440\u0430\u0447\u0443\u043d\u043e\u0432\u043e\u0434\u0441\u0442\u0432\u0435\u043d\u0438\u0445 \u043f\u043e\u0441\u043b\u043e\u0432\u0430<\/h3>\n\t\t\t\t\t\t\t\t\t\t\t\t\t\t<p class=\"eael-team-text\">vesna.stepanovic@uni.kg.ac.rs <br>\n\n034 6100195<\/p>\n\t\t\t\t\t\t\t<\/div>\n\t\t<\/div>\n\t<\/div>\n\t\t\t\t\t<\/div>\n\t\t\t\t<\/div>\n\t\t<div class=\"elementor-element elementor-element-630f42c e-con-full e-flex e-con e-child\" data-id=\"630f42c\" data-element_type=\"container\">\n\t\t\t\t<div class=\"elementor-element elementor-element-53940a9 eael-team-align-centered elementor-widget elementor-widget-eael-team-member\" data-id=\"53940a9\" data-element_type=\"widget\" data-widget_type=\"eael-team-member.default\">\n\t\t\t\t\t\n\n\t<div id=\"eael-team-member-53940a9\" class=\"eael-team-item eael-team-members-simple\">\n\t\t<div class=\"eael-team-item-inner\">\n\t\t\t<div class=\"eael-team-image\">\n\t\t\t\t<figure>\n\t\t\t\t\t\t\t\t\t\t<img decoding=\"async\" src=\"https:\/\/iit.ac.rs\/wp-content\/uploads\/2025\/10\/Avatar.jpg\" alt=\"\">\n\t\t\t\t\t\t\t\t\t<\/figure>\n\t\t\t\t\n\t\t\t\t\n\t\t\t<\/div>\n\n\t\t\t<div class=\"eael-team-content\">\n\t\t\t\t<h2 class=\"eael-team-member-name\">Nata\u0161a Pejovi\u0107<\/h2><h3 class=\"eael-team-member-position\">Senior technical assistant for other tasks<\/h3>\n\t\t\t\t\t\t\t\t\t\t\t\t\t\t<p class=\"eael-team-text\">natasa.pejovic@uni.kg.ac.rs <br>\n\n\u00a0034 6100195<\/p>\n\t\t\t\t\t\t\t<\/div>\n\t\t<\/div>\n\t<\/div>\n\t\t\t\t\t<\/div>\n\t\t\t\t<\/div>\n\t\t<div class=\"elementor-element elementor-element-dde14fe e-con-full e-flex e-con e-child\" data-id=\"dde14fe\" data-element_type=\"container\">\n\t\t\t\t<div class=\"elementor-element elementor-element-b135da7 eael-team-align-centered elementor-widget elementor-widget-eael-team-member\" data-id=\"b135da7\" data-element_type=\"widget\" data-widget_type=\"eael-team-member.default\">\n\t\t\t\t\t\n\n\t<div id=\"eael-team-member-b135da7\" class=\"eael-team-item eael-team-members-simple\">\n\t\t<div class=\"eael-team-item-inner\">\n\t\t\t<div class=\"eael-team-image\">\n\t\t\t\t<figure>\n\t\t\t\t\t\t\t\t\t\t<img decoding=\"async\" src=\"https:\/\/iit.ac.rs\/wp-content\/uploads\/2025\/10\/11laza.jpg\" alt=\"\">\n\t\t\t\t\t\t\t\t\t<\/figure>\n\t\t\t\t\n\t\t\t\t\n\t\t\t<\/div>\n\n\t\t\t<div class=\"eael-team-content\">\n\t\t\t\t<h2 class=\"eael-team-member-name\">Lazar Kosti\u0107<\/h2><h3 class=\"eael-team-member-position\">Software engineer<\/h3>\n\t\t\t\t\t\t\t\t\t\t\t\t\t\t<p class=\"eael-team-text\">lazarwpdizajn92@gmail.com <br>\n\n034 6100195<\/p>\n\t\t\t\t\t\t\t<\/div>\n\t\t<\/div>\n\t<\/div>\n\t\t\t\t\t<\/div>\n\t\t\t\t<\/div>\n\t\t<div class=\"elementor-element elementor-element-c3b8e2b e-con-full e-flex e-con e-child\" data-id=\"c3b8e2b\" data-element_type=\"container\">\n\t\t\t\t<div class=\"elementor-element elementor-element-4c2b3a8 eael-team-align-centered elementor-widget elementor-widget-eael-team-member\" data-id=\"4c2b3a8\" data-element_type=\"widget\" data-widget_type=\"eael-team-member.default\">\n\t\t\t\t\t\n\n\t<div id=\"eael-team-member-4c2b3a8\" class=\"eael-team-item eael-team-members-simple\">\n\t\t<div class=\"eael-team-item-inner\">\n\t\t\t<div class=\"eael-team-image\">\n\t\t\t\t<figure>\n\t\t\t\t\t\t\t\t\t\t<img decoding=\"async\" src=\"https:\/\/iit.ac.rs\/wp-content\/uploads\/2025\/10\/MiraMaksimovic.jpg\" alt=\"\">\n\t\t\t\t\t\t\t\t\t<\/figure>\n\t\t\t\t\n\t\t\t\t\n\t\t\t<\/div>\n\n\t\t\t<div class=\"eael-team-content\">\n\t\t\t\t<h2 class=\"eael-team-member-name\">Mirjana Maksimovi\u0107<\/h2><h3 class=\"eael-team-member-position\">Public Procurement Specialist<\/h3>\n\t\t\t\t\t\t\t\t\t\t\t\t\t\t<p class=\"eael-team-text\">mirjana.maksimovic@uni.kg.ac.rs <br>\n\n034 6100195<\/p>\n\t\t\t\t\t\t\t<\/div>\n\t\t<\/div>\n\t<\/div>\n\t\t\t\t\t<\/div>\n\t\t\t\t<\/div>\n\t\t\t\t\t<\/div>\n\t\t\t\t<\/div>\n\t\t<div class=\"elementor-element elementor-element-6297483 e-flex e-con-boxed e-con e-parent\" data-id=\"6297483\" data-element_type=\"container\">\n\t\t\t\t\t<div class=\"e-con-inner\">\n\t\t<div class=\"elementor-element elementor-element-288f7bc e-con-full e-flex e-con e-child\" data-id=\"288f7bc\" data-element_type=\"container\">\n\t\t\t\t<\/div>\n\t\t<div class=\"elementor-element elementor-element-e1c1d75 e-con-full e-flex e-con e-child\" data-id=\"e1c1d75\" data-element_type=\"container\">\n\t\t\t\t<div class=\"elementor-element elementor-element-977f9ab eael-team-align-centered elementor-widget elementor-widget-eael-team-member\" data-id=\"977f9ab\" data-element_type=\"widget\" data-widget_type=\"eael-team-member.default\">\n\t\t\t\t\t\n\n\t<div id=\"eael-team-member-977f9ab\" class=\"eael-team-item eael-team-members-simple\">\n\t\t<div class=\"eael-team-item-inner\">\n\t\t\t<div class=\"eael-team-image\">\n\t\t\t\t<figure>\n\t\t\t\t\t\t\t\t\t\t<img decoding=\"async\" src=\"https:\/\/iit.ac.rs\/wp-content\/uploads\/2025\/10\/Avatar.jpg\" alt=\"\">\n\t\t\t\t\t\t\t\t\t<\/figure>\n\t\t\t\t\n\t\t\t\t\n\t\t\t<\/div>\n\n\t\t\t<div class=\"eael-team-content\">\n\t\t\t\t<h2 class=\"eael-team-member-name\">Sne\u017eana Jovanovi\u0107<\/h2><h3 class=\"eael-team-member-position\">Contista<\/h3>\n\t\t\t\t\t\t\t\t\t\t\t\t\t\t<p class=\"eael-team-text\">snezana.jovanovic@uni.kg.ac.rs<\/p>\n\t\t\t\t\t\t\t<\/div>\n\t\t<\/div>\n\t<\/div>\n\t\t\t\t\t<\/div>\n\t\t\t\t<\/div>\n\t\t<div class=\"elementor-element elementor-element-3fb7dbe e-con-full e-flex e-con e-child\" data-id=\"3fb7dbe\" data-element_type=\"container\">\n\t\t\t\t<div class=\"elementor-element elementor-element-4c5340e eael-team-align-centered elementor-widget elementor-widget-eael-team-member\" data-id=\"4c5340e\" data-element_type=\"widget\" data-widget_type=\"eael-team-member.default\">\n\t\t\t\t\t\n\n\t<div id=\"eael-team-member-4c5340e\" class=\"eael-team-item eael-team-members-simple\">\n\t\t<div class=\"eael-team-item-inner\">\n\t\t\t<div class=\"eael-team-image\">\n\t\t\t\t<figure>\n\t\t\t\t\t\t\t\t\t\t<img decoding=\"async\" src=\"https:\/\/iit.ac.rs\/wp-content\/uploads\/2025\/10\/Avatar.jpg\" alt=\"\">\n\t\t\t\t\t\t\t\t\t<\/figure>\n\t\t\t\t\n\t\t\t\t\n\t\t\t<\/div>\n\n\t\t\t<div class=\"eael-team-content\">\n\t\t\t\t<h2 class=\"eael-team-member-name\">Nina Jovanovi\u0107<\/h2><h3 class=\"eael-team-member-position\">Cleaning lady<\/h3>\n\t\t\t\t\t\t\t\t\t\t\t\t\t\t<p class=\"eael-team-text\"><\/p>\n\t\t\t\t\t\t\t<\/div>\n\t\t<\/div>\n\t<\/div>\n\t\t\t\t\t<\/div>\n\t\t\t\t<\/div>\n\t\t<div class=\"elementor-element elementor-element-86d0c5e e-con-full e-flex e-con e-child\" data-id=\"86d0c5e\" data-element_type=\"container\">\n\t\t\t\t<\/div>\n\t\t\t\t\t<\/div>\n\t\t\t\t<\/div>\n\t\t\t\t<\/div>","protected":false},"excerpt":{"rendered":"<p>\u041d\u0430\u0442\u0430\u0448\u0430 \u041b\u0443\u043a\u0438\u045b \u0402\u043e\u043a\u0438\u045b \u0421\u0435\u043a\u0440\u0435\u0442\u0430\u0440 \u00a0n.djokiclukic@uni.kg.ac.rs \u00a0034 6100195 \u0412\u0435\u0441\u043d\u0430 \u0421\u0442\u0435\u043f\u0430\u043d\u043e\u0432\u0438\u045b \u0420\u0443\u043a\u043e\u0432\u043e\u0434\u0438\u043b\u0430\u0446 \u0444\u0438\u043d\u0430\u043d\u0441\u0438\u0458\u0441\u043a\u043e-\u0440\u0430\u0447\u0443\u043d\u043e\u0432\u043e\u0434\u0441\u0442\u0432\u0435\u043d\u0438\u0445 \u043f\u043e\u0441\u043b\u043e\u0432\u0430 vesna.stepanovic@uni.kg.ac.rs 034 6100195 \u041d\u0430\u0442\u0430\u0448\u0430 \u041f\u0435\u0458\u043e\u0432\u0438\u045b \u0412\u0438\u0448\u0438 \u0441\u0442\u0440\u0443\u0447\u043d\u043e\u0442\u0435\u0445\u043d\u0438\u0447\u043a\u0438 \u0441\u0430\u0440\u0430\u0434\u043d\u0438\u043a \u0437\u0430 \u043e\u0441\u0442\u0430\u043b\u0435 \u043f\u043e\u0441\u043b\u043e\u0432\u0435 natasa.pejovic@uni.kg.ac.rs \u00a0034 6100195 \u041b\u0430\u0437\u0430\u0440 \u041a\u043e\u0441\u0442\u0438\u045b \u041f\u0440\u043e\u0433\u0440\u0430\u043c\u0435\u0440 \u0438\u043d\u0436\u0435\u045a\u0435\u0440 lazarwpdizajn92@gmail.com 034 6100195 \u041c\u0438\u0440\u0458\u0430\u043d\u0430 \u041c\u0430\u043a\u0441\u0438\u043c\u043e\u0432\u0438\u045b \u0421\u0442\u0440\u0443\u0447\u043d\u0438 \u0441\u0430\u0440\u0430\u0434\u043d\u0438\u043a \u0437\u0430 \u0458\u0430\u0432\u043d\u0435 \u043d\u0430\u0431\u0430\u0432\u043a\u0435 mirjana.maksimovic@uni.kg.ac.rs 034 6100195 \u0421\u043d\u0435\u0436\u0430\u043d\u0430 \u0408\u043e\u0432\u0430\u043d\u043e\u0432\u0438\u045b \u041a\u043e\u043d\u0442\u0438\u0441\u0442\u0430 snezana.jovanovic@uni.kg.ac.rs \u041d\u0438\u043d\u0430 \u0408\u043e\u0432\u0430\u043d\u043e\u0432\u0438\u045b \u0427\u0438\u0441\u0442\u0430\u0447\u0438\u0446\u0430<\/p>","protected":false},"author":1,"featured_media":0,"parent":0,"menu_order":0,"comment_status":"closed","ping_status":"closed","template":"","meta":{"_eb_attr":"","footnotes":""},"class_list":["post-20384","page","type-page","status-publish","hentry"],"_links":{"self":[{"href":"https:\/\/iit.ac.rs\/en\/wp-json\/wp\/v2\/pages\/20384","targetHints":{"allow":["GET"]}}],"collection":[{"href":"https:\/\/iit.ac.rs\/en\/wp-json\/wp\/v2\/pages"}],"about":[{"href":"https:\/\/iit.ac.rs\/en\/wp-json\/wp\/v2\/types\/page"}],"author":[{"embeddable":true,"href":"https:\/\/iit.ac.rs\/en\/wp-json\/wp\/v2\/users\/1"}],"replies":[{"embeddable":true,"href":"https:\/\/iit.ac.rs\/en\/wp-json\/wp\/v2\/comments?post=20384"}],"version-history":[{"count":19,"href":"https:\/\/iit.ac.rs\/en\/wp-json\/wp\/v2\/pages\/20384\/revisions"}],"predecessor-version":[{"id":21833,"href":"https:\/\/iit.ac.rs\/en\/wp-json\/wp\/v2\/pages\/20384\/revisions\/21833"}],"wp:attachment":[{"href":"https:\/\/iit.ac.rs\/en\/wp-json\/wp\/v2\/media?parent=20384"}],"curies":[{"name":"wp","href":"https:\/\/api.w.org\/{rel}","templated":true}]}}