{"id":20410,"date":"2025-10-22T11:52:11","date_gmt":"2025-10-22T11:52:11","guid":{"rendered":"https:\/\/iit.ac.rs\/?page_id=20410"},"modified":"2026-03-04T08:25:52","modified_gmt":"2026-03-04T08:25:52","slug":"pro%d1%98ekti","status":"publish","type":"page","link":"https:\/\/iit.ac.rs\/en\/pro%d1%98ekti\/","title":{"rendered":"Projects"},"content":{"rendered":"<div data-elementor-type=\"wp-page\" data-elementor-id=\"20410\" class=\"elementor elementor-20410\">\n\t\t\t\t<div class=\"elementor-element elementor-element-9b8effc e-grid e-con-boxed e-con e-parent\" data-id=\"9b8effc\" data-element_type=\"container\">\n\t\t\t\t\t<div class=\"e-con-inner\">\n\t\t\t\t<div class=\"elementor-element elementor-element-0b93c48 elementor-widget elementor-widget-text-editor\" data-id=\"0b93c48\" data-element_type=\"widget\" data-widget_type=\"text-editor.default\">\n\t\t\t\t\t\t\t\t\t<h3 style=\"text-align: center;\"><strong><br \/>Derivatives of phenolic compounds: experimental and theoretical investigation of their antioxidant activity and oxidation pathways<\/strong><\/h3><p style=\"text-align: center;\"><strong>Project manager: Dr. Du\u0161ica Simijonovi\u0107, senior research associate<\/strong><\/p>\t\t\t\t\t\t\t\t<\/div>\n\t\t\t\t<div class=\"elementor-element elementor-element-3833354 elementor-widget elementor-widget-image\" data-id=\"3833354\" data-element_type=\"widget\" data-widget_type=\"image.default\">\n\t\t\t\t\t\t\t\t\t\t\t\t\t\t\t<img fetchpriority=\"high\" decoding=\"async\" width=\"640\" height=\"360\" src=\"https:\/\/iit.ac.rs\/wp-content\/uploads\/2025\/10\/1-srpski-1024x576.jpg\" class=\"attachment-large size-large wp-image-20611\" alt=\"\" srcset=\"https:\/\/iit.ac.rs\/wp-content\/uploads\/2025\/10\/1-srpski-1024x576.jpg 1024w, https:\/\/iit.ac.rs\/wp-content\/uploads\/2025\/10\/1-srpski-300x169.jpg 300w, https:\/\/iit.ac.rs\/wp-content\/uploads\/2025\/10\/1-srpski-768x432.jpg 768w, https:\/\/iit.ac.rs\/wp-content\/uploads\/2025\/10\/1-srpski-1536x864.jpg 1536w, https:\/\/iit.ac.rs\/wp-content\/uploads\/2025\/10\/1-srpski-2048x1152.jpg 2048w, https:\/\/iit.ac.rs\/wp-content\/uploads\/2025\/10\/1-srpski-600x338.jpg 600w\" sizes=\"(max-width: 640px) 100vw, 640px\" \/>\t\t\t\t\t\t\t\t\t\t\t\t\t\t\t<\/div>\n\t\t\t\t\t<\/div>\n\t\t\t\t<\/div>\n\t\t<div class=\"elementor-element elementor-element-5614f99 e-grid e-con-boxed e-con e-parent\" data-id=\"5614f99\" data-element_type=\"container\">\n\t\t\t\t\t<div class=\"e-con-inner\">\n\t\t\t\t<div class=\"elementor-element elementor-element-f1ba066 elementor-widget elementor-widget-image\" data-id=\"f1ba066\" data-element_type=\"widget\" data-widget_type=\"image.default\">\n\t\t\t\t\t\t\t\t\t\t\t\t\t\t\t<img decoding=\"async\" width=\"640\" height=\"360\" src=\"https:\/\/iit.ac.rs\/wp-content\/uploads\/2025\/10\/2-srp-1024x576.jpg\" class=\"attachment-large size-large wp-image-20623\" alt=\"\" srcset=\"https:\/\/iit.ac.rs\/wp-content\/uploads\/2025\/10\/2-srp-1024x576.jpg 1024w, https:\/\/iit.ac.rs\/wp-content\/uploads\/2025\/10\/2-srp-300x169.jpg 300w, https:\/\/iit.ac.rs\/wp-content\/uploads\/2025\/10\/2-srp-768x432.jpg 768w, https:\/\/iit.ac.rs\/wp-content\/uploads\/2025\/10\/2-srp-1536x864.jpg 1536w, https:\/\/iit.ac.rs\/wp-content\/uploads\/2025\/10\/2-srp-2048x1152.jpg 2048w, https:\/\/iit.ac.rs\/wp-content\/uploads\/2025\/10\/2-srp-600x338.jpg 600w\" sizes=\"(max-width: 640px) 100vw, 640px\" \/>\t\t\t\t\t\t\t\t\t\t\t\t\t\t\t<\/div>\n\t\t\t\t<div class=\"elementor-element elementor-element-93be64c elementor-widget elementor-widget-text-editor\" data-id=\"93be64c\" data-element_type=\"widget\" data-widget_type=\"text-editor.default\">\n\t\t\t\t\t\t\t\t\t<h4>\u00a0<\/h4><h3><strong>Protection of LPMO from self-degradation caused by oxidative damage<\/strong><\/h3><p>\u00a0<\/p><p><strong>Project manager: Dr. Dejan Milenkovic, scientific advisor<\/strong><\/p>\t\t\t\t\t\t\t\t<\/div>\n\t\t\t\t\t<\/div>\n\t\t\t\t<\/div>\n\t\t<div class=\"elementor-element elementor-element-adfd80d e-grid e-con-boxed e-con e-parent\" data-id=\"adfd80d\" data-element_type=\"container\">\n\t\t\t\t\t<div class=\"e-con-inner\">\n\t\t\t\t<div class=\"elementor-element elementor-element-0ee2be3 elementor-widget elementor-widget-text-editor\" data-id=\"0ee2be3\" data-element_type=\"widget\" data-widget_type=\"text-editor.default\">\n\t\t\t\t\t\t\t\t\t<h4>\u00a0<\/h4><h3><strong>Artificial intelligence-based decision support system for early and accurate diagnosis of heart failure<\/strong><\/h3><p>\u00a0<\/p><p><strong>Project team member: Mom\u010dilo Prodanovi\u0107, research associate<\/strong><\/p>\t\t\t\t\t\t\t\t<\/div>\n\t\t\t\t<div class=\"elementor-element elementor-element-42648bc elementor-widget elementor-widget-image\" data-id=\"42648bc\" data-element_type=\"widget\" data-widget_type=\"image.default\">\n\t\t\t\t\t\t\t\t\t\t\t\t\t\t\t<img decoding=\"async\" width=\"570\" height=\"321\" src=\"https:\/\/iit.ac.rs\/wp-content\/uploads\/2025\/10\/pr1INTELHEART.jpg\" class=\"attachment-large size-large wp-image-20622\" alt=\"\" srcset=\"https:\/\/iit.ac.rs\/wp-content\/uploads\/2025\/10\/pr1INTELHEART.jpg 570w, https:\/\/iit.ac.rs\/wp-content\/uploads\/2025\/10\/pr1INTELHEART-300x169.jpg 300w\" sizes=\"(max-width: 570px) 100vw, 570px\" \/>\t\t\t\t\t\t\t\t\t\t\t\t\t\t\t<\/div>\n\t\t\t\t\t<\/div>\n\t\t\t\t<\/div>\n\t\t<div class=\"elementor-element elementor-element-483ada1 e-grid e-con-boxed e-con e-parent\" data-id=\"483ada1\" data-element_type=\"container\">\n\t\t\t\t\t<div class=\"e-con-inner\">\n\t\t\t\t<div class=\"elementor-element elementor-element-c7e3816 elementor-widget elementor-widget-image\" data-id=\"c7e3816\" data-element_type=\"widget\" data-widget_type=\"image.default\">\n\t\t\t\t\t\t\t\t\t\t\t\t\t\t\t<img loading=\"lazy\" decoding=\"async\" width=\"619\" height=\"347\" src=\"https:\/\/iit.ac.rs\/wp-content\/uploads\/2025\/10\/\u041f\u0440\u043e\u0458\u0435\u043a\u0430\u0442_1-min.jpg\" class=\"attachment-large size-large wp-image-20621\" alt=\"\" srcset=\"https:\/\/iit.ac.rs\/wp-content\/uploads\/2025\/10\/\u041f\u0440\u043e\u0458\u0435\u043a\u0430\u0442_1-min.jpg 619w, https:\/\/iit.ac.rs\/wp-content\/uploads\/2025\/10\/\u041f\u0440\u043e\u0458\u0435\u043a\u0430\u0442_1-min-300x168.jpg 300w, https:\/\/iit.ac.rs\/wp-content\/uploads\/2025\/10\/\u041f\u0440\u043e\u0458\u0435\u043a\u0430\u0442_1-min-600x336.jpg 600w\" sizes=\"(max-width: 619px) 100vw, 619px\" \/>\t\t\t\t\t\t\t\t\t\t\t\t\t\t\t<\/div>\n\t\t\t\t<div class=\"elementor-element elementor-element-1bca092 elementor-widget elementor-widget-text-editor\" data-id=\"1bca092\" data-element_type=\"widget\" data-widget_type=\"text-editor.default\">\n\t\t\t\t\t\t\t\t\t<h4>\u00a0<\/h4><h3><strong>Unleashing nature's potential: Using grape skin extract and sustainable materials for advanced chronic wound therapy<\/strong><\/h3><p>\u00a0<\/p><p><strong>Supervisor: Dr. Edina Avdovi\u0107, senior research associate<\/strong>\u00a0<\/p>\t\t\t\t\t\t\t\t<\/div>\n\t\t\t\t\t<\/div>\n\t\t\t\t<\/div>\n\t\t<div class=\"elementor-element elementor-element-27b9647 e-grid e-con-boxed e-con e-parent\" data-id=\"27b9647\" data-element_type=\"container\">\n\t\t\t\t\t<div class=\"e-con-inner\">\n\t\t\t\t<div class=\"elementor-element elementor-element-06f0177 elementor-widget elementor-widget-text-editor\" data-id=\"06f0177\" data-element_type=\"widget\" data-widget_type=\"text-editor.default\">\n\t\t\t\t\t\t\t\t\t<h4>\u00a0<\/h4><h3><strong>Unleashing nature&#8217;s potential: Development of Additive-Free Prokupac Grape Skin Topping as Functional Food- GraSP<\/strong><\/h3><p>\u00a0<\/p><p><strong>Supervisor: Dr. Edina Avdovi\u0107, senior research associate<\/strong><\/p>\t\t\t\t\t\t\t\t<\/div>\n\t\t\t\t<div class=\"elementor-element elementor-element-4e5796d elementor-widget elementor-widget-image\" data-id=\"4e5796d\" data-element_type=\"widget\" data-widget_type=\"image.default\">\n\t\t\t\t\t\t\t\t\t\t\t\t\t\t\t<img loading=\"lazy\" decoding=\"async\" width=\"619\" height=\"347\" src=\"https:\/\/iit.ac.rs\/wp-content\/uploads\/2025\/10\/\u041f\u0440\u043e\u0458\u0435\u043a\u0430\u0442_2-min.jpg\" class=\"attachment-large size-large wp-image-20620\" alt=\"\" srcset=\"https:\/\/iit.ac.rs\/wp-content\/uploads\/2025\/10\/\u041f\u0440\u043e\u0458\u0435\u043a\u0430\u0442_2-min.jpg 619w, https:\/\/iit.ac.rs\/wp-content\/uploads\/2025\/10\/\u041f\u0440\u043e\u0458\u0435\u043a\u0430\u0442_2-min-300x168.jpg 300w, https:\/\/iit.ac.rs\/wp-content\/uploads\/2025\/10\/\u041f\u0440\u043e\u0458\u0435\u043a\u0430\u0442_2-min-600x336.jpg 600w\" sizes=\"(max-width: 619px) 100vw, 619px\" \/>\t\t\t\t\t\t\t\t\t\t\t\t\t\t\t<\/div>\n\t\t\t\t\t<\/div>\n\t\t\t\t<\/div>\n\t\t<div class=\"elementor-element elementor-element-e6e6bab e-grid e-con-boxed e-con e-parent\" data-id=\"e6e6bab\" data-element_type=\"container\">\n\t\t\t\t\t<div class=\"e-con-inner\">\n\t\t\t\t<div class=\"elementor-element elementor-element-e9e5e4d elementor-widget elementor-widget-image\" data-id=\"e9e5e4d\" data-element_type=\"widget\" data-widget_type=\"image.default\">\n\t\t\t\t\t\t\t\t\t\t\t\t\t\t\t<img loading=\"lazy\" decoding=\"async\" width=\"619\" height=\"347\" src=\"https:\/\/iit.ac.rs\/wp-content\/uploads\/2025\/10\/\u041f\u0440\u043e\u0458\u0435\u043a\u0430\u0442_3-min.jpg\" class=\"attachment-large size-large wp-image-20619\" alt=\"\" srcset=\"https:\/\/iit.ac.rs\/wp-content\/uploads\/2025\/10\/\u041f\u0440\u043e\u0458\u0435\u043a\u0430\u0442_3-min.jpg 619w, https:\/\/iit.ac.rs\/wp-content\/uploads\/2025\/10\/\u041f\u0440\u043e\u0458\u0435\u043a\u0430\u0442_3-min-300x168.jpg 300w, https:\/\/iit.ac.rs\/wp-content\/uploads\/2025\/10\/\u041f\u0440\u043e\u0458\u0435\u043a\u0430\u0442_3-min-600x336.jpg 600w\" sizes=\"(max-width: 619px) 100vw, 619px\" \/>\t\t\t\t\t\t\t\t\t\t\t\t\t\t\t<\/div>\n\t\t\t\t<div class=\"elementor-element elementor-element-fe18f3e elementor-widget elementor-widget-text-editor\" data-id=\"fe18f3e\" data-element_type=\"widget\" data-widget_type=\"text-editor.default\">\n\t\t\t\t\t\t\t\t\t<h4>\u00a0<\/h4><h3><strong>Artificial Intelligence-Guided Design, Synthesis, and Pharmacological Evaluation of Innovative PROTACs as Degraders of HDAC4, an Epigenetic Target for Spinal Muscular Atrophy<\/strong><\/h3><p>\u00a0<\/p><p><strong>\u0427\u043b\u0430\u043d\u0438\u0446\u0430 \u043f\u0440\u043e\u0458\u0435\u043a\u0442\u043d\u043e\u0433 \u0442\u0438\u043c\u0430: \u0434\u0440 \u0421\u0430\u045a\u0430 \u041c\u0430\u0442\u0438\u045b, \u0432\u0438\u0448\u0430 \u043d\u0430\u0443\u0447\u043d\u0430 \u0441\u0430\u0440\u0430\u0434\u043d\u0438\u0446\u0430<\/strong><\/p>\t\t\t\t\t\t\t\t<\/div>\n\t\t\t\t\t<\/div>\n\t\t\t\t<\/div>\n\t\t<div class=\"elementor-element elementor-element-abd04f4 e-grid e-con-boxed e-con e-parent\" data-id=\"abd04f4\" data-element_type=\"container\">\n\t\t\t\t\t<div class=\"e-con-inner\">\n\t\t\t\t<div class=\"elementor-element elementor-element-2dd09ae elementor-widget elementor-widget-text-editor\" data-id=\"2dd09ae\" data-element_type=\"widget\" data-widget_type=\"text-editor.default\">\n\t\t\t\t\t\t\t\t\t<h4>\u00a0<\/h4><h3><strong>From waste to biotherapeutics<\/strong><\/h3><p>\u00a0<\/p><p><strong>Project team member: Dr. Darko A\u0161anin, senior research associate<\/strong><\/p>\t\t\t\t\t\t\t\t<\/div>\n\t\t\t\t<div class=\"elementor-element elementor-element-0f7a491 elementor-widget elementor-widget-image\" data-id=\"0f7a491\" data-element_type=\"widget\" data-widget_type=\"image.default\">\n\t\t\t\t\t\t\t\t\t\t\t\t\t\t\t<img loading=\"lazy\" decoding=\"async\" width=\"619\" height=\"347\" src=\"https:\/\/iit.ac.rs\/wp-content\/uploads\/2025\/10\/\u041f\u0440\u043e\u0458\u0435\u043a\u0430\u0442_4-min.jpg\" class=\"attachment-large size-large wp-image-20618\" alt=\"\" srcset=\"https:\/\/iit.ac.rs\/wp-content\/uploads\/2025\/10\/\u041f\u0440\u043e\u0458\u0435\u043a\u0430\u0442_4-min.jpg 619w, https:\/\/iit.ac.rs\/wp-content\/uploads\/2025\/10\/\u041f\u0440\u043e\u0458\u0435\u043a\u0430\u0442_4-min-300x168.jpg 300w, https:\/\/iit.ac.rs\/wp-content\/uploads\/2025\/10\/\u041f\u0440\u043e\u0458\u0435\u043a\u0430\u0442_4-min-600x336.jpg 600w\" sizes=\"(max-width: 619px) 100vw, 619px\" \/>\t\t\t\t\t\t\t\t\t\t\t\t\t\t\t<\/div>\n\t\t\t\t\t<\/div>\n\t\t\t\t<\/div>\n\t\t<div class=\"elementor-element elementor-element-b1e9d21 e-grid e-con-boxed e-con e-parent\" data-id=\"b1e9d21\" data-element_type=\"container\">\n\t\t\t\t\t<div class=\"e-con-inner\">\n\t\t\t\t<div class=\"elementor-element elementor-element-dabb1d9 elementor-widget elementor-widget-image\" data-id=\"dabb1d9\" data-element_type=\"widget\" data-widget_type=\"image.default\">\n\t\t\t\t\t\t\t\t\t\t\t\t\t\t\t<img loading=\"lazy\" decoding=\"async\" width=\"619\" height=\"347\" src=\"https:\/\/iit.ac.rs\/wp-content\/uploads\/2025\/10\/\u041f\u0440\u043e\u0458\u0435\u043a\u0430\u0442_5-min.jpg\" class=\"attachment-large size-large wp-image-20617\" alt=\"\" srcset=\"https:\/\/iit.ac.rs\/wp-content\/uploads\/2025\/10\/\u041f\u0440\u043e\u0458\u0435\u043a\u0430\u0442_5-min.jpg 619w, https:\/\/iit.ac.rs\/wp-content\/uploads\/2025\/10\/\u041f\u0440\u043e\u0458\u0435\u043a\u0430\u0442_5-min-300x168.jpg 300w, https:\/\/iit.ac.rs\/wp-content\/uploads\/2025\/10\/\u041f\u0440\u043e\u0458\u0435\u043a\u0430\u0442_5-min-600x336.jpg 600w\" sizes=\"(max-width: 619px) 100vw, 619px\" \/>\t\t\t\t\t\t\t\t\t\t\t\t\t\t\t<\/div>\n\t\t\t\t<div class=\"elementor-element elementor-element-cb851f4 elementor-widget elementor-widget-text-editor\" data-id=\"cb851f4\" data-element_type=\"widget\" data-widget_type=\"text-editor.default\">\n\t\t\t\t\t\t\t\t\t<h4>\u00a0<\/h4><h3><strong>Herbal medicines in the prevention and treatment of endometriosis: a metabolomic approach and bioactivity<\/strong><\/h3><p>\u00a0<\/p><p><strong>Project manager: Jelena Katani\u0107 Stankovi\u0107, senior research associate<\/strong><\/p>\t\t\t\t\t\t\t\t<\/div>\n\t\t\t\t\t<\/div>\n\t\t\t\t<\/div>\n\t\t<div class=\"elementor-element elementor-element-35efe79 e-grid e-con-boxed e-con e-parent\" data-id=\"35efe79\" data-element_type=\"container\">\n\t\t\t\t\t<div class=\"e-con-inner\">\n\t\t\t\t<div class=\"elementor-element elementor-element-e0008c3 elementor-widget elementor-widget-text-editor\" data-id=\"e0008c3\" data-element_type=\"widget\" data-widget_type=\"text-editor.default\">\n\t\t\t\t\t\t\t\t\t<h4>\u00a0<\/h4><h3><strong>Development of a computer protocol for the evaluation of 4-hydroxycoumarin neurotransmitter derivatives in the prevention of Alzheimer's disease<\/strong><\/h3><p><strong>Project manager:<\/strong><strong>Dejan Milenkovi\u0107, principal research\nfellow<\/strong><\/p>\t\t\t\t\t\t\t\t<\/div>\n\t\t\t\t<div class=\"elementor-element elementor-element-c46ba22 elementor-widget elementor-widget-image\" data-id=\"c46ba22\" data-element_type=\"widget\" data-widget_type=\"image.default\">\n\t\t\t\t\t\t\t\t\t\t\t\t\t\t\t<img loading=\"lazy\" decoding=\"async\" width=\"619\" height=\"347\" src=\"https:\/\/iit.ac.rs\/wp-content\/uploads\/2025\/10\/\u041f\u0440\u043e\u0458\u0435\u043a\u0430\u0442_6-min.jpg\" class=\"attachment-large size-large wp-image-20616\" alt=\"\" srcset=\"https:\/\/iit.ac.rs\/wp-content\/uploads\/2025\/10\/\u041f\u0440\u043e\u0458\u0435\u043a\u0430\u0442_6-min.jpg 619w, https:\/\/iit.ac.rs\/wp-content\/uploads\/2025\/10\/\u041f\u0440\u043e\u0458\u0435\u043a\u0430\u0442_6-min-300x168.jpg 300w, https:\/\/iit.ac.rs\/wp-content\/uploads\/2025\/10\/\u041f\u0440\u043e\u0458\u0435\u043a\u0430\u0442_6-min-600x336.jpg 600w\" sizes=\"(max-width: 619px) 100vw, 619px\" \/>\t\t\t\t\t\t\t\t\t\t\t\t\t\t\t<\/div>\n\t\t\t\t\t<\/div>\n\t\t\t\t<\/div>\n\t\t<div class=\"elementor-element elementor-element-0de52a2 e-grid e-con-boxed e-con e-parent\" data-id=\"0de52a2\" data-element_type=\"container\">\n\t\t\t\t\t<div class=\"e-con-inner\">\n\t\t\t\t<div class=\"elementor-element elementor-element-4800214 elementor-widget elementor-widget-image\" data-id=\"4800214\" data-element_type=\"widget\" data-widget_type=\"image.default\">\n\t\t\t\t\t\t\t\t\t\t\t\t\t\t\t<img loading=\"lazy\" decoding=\"async\" width=\"619\" height=\"347\" src=\"https:\/\/iit.ac.rs\/wp-content\/uploads\/2025\/10\/\u041f\u0440\u043e\u0458\u0435\u043a\u0430\u0442_7-min.jpg\" class=\"attachment-large size-large wp-image-20615\" alt=\"\" srcset=\"https:\/\/iit.ac.rs\/wp-content\/uploads\/2025\/10\/\u041f\u0440\u043e\u0458\u0435\u043a\u0430\u0442_7-min.jpg 619w, https:\/\/iit.ac.rs\/wp-content\/uploads\/2025\/10\/\u041f\u0440\u043e\u0458\u0435\u043a\u0430\u0442_7-min-300x168.jpg 300w, https:\/\/iit.ac.rs\/wp-content\/uploads\/2025\/10\/\u041f\u0440\u043e\u0458\u0435\u043a\u0430\u0442_7-min-600x336.jpg 600w\" sizes=\"(max-width: 619px) 100vw, 619px\" \/>\t\t\t\t\t\t\t\t\t\t\t\t\t\t\t<\/div>\n\t\t\t\t<div class=\"elementor-element elementor-element-a580bbc elementor-widget elementor-widget-text-editor\" data-id=\"a580bbc\" data-element_type=\"widget\" data-widget_type=\"text-editor.default\">\n\t\t\t\t\t\t\t\t\t<h4>\u00a0<\/h4><h3><strong>Determination of antioxidant and inhibitory activity of tannins by a combination of experimental and computational methods<\/strong><\/h3><p>\u00a0<\/p><p><strong>Project manager: Jelena \u0110orovi\u0107 Jovanovi\u0107, research associate<\/strong><\/p>\t\t\t\t\t\t\t\t<\/div>\n\t\t\t\t\t<\/div>\n\t\t\t\t<\/div>\n\t\t\t\t<\/div>","protected":false},"excerpt":{"rendered":"<p>\u0414\u0435\u0440\u0438\u0432\u0430\u0442\u0438 \u0444\u0435\u043d\u043e\u043b\u043d\u0438\u0445 \u0458\u0435\u0434\u0438\u045a\u0435\u045a\u0430: \u0435\u043a\u0441\u043f\u0435\u0440\u0438\u043c\u0435\u043d\u0442\u0430\u043b\u043d\u043e \u0438 \u0442\u0435\u043e\u0440\u0438\u0458\u0441\u043a\u043e \u0438\u0441\u043f\u0438\u0442\u0438\u0432\u0430\u045a\u0435 \u045a\u0438\u0445\u043e\u0432\u043e\u0433 \u0430\u043d\u0442\u0438\u043e\u043a\u0441\u0438\u0434\u0430\u0442\u0438\u0432\u043d\u043e\u0433 \u0434\u0435\u0458\u0441\u0442\u0432\u0430 \u0438 \u043f\u0443\u0442\u0435\u0432\u0430 \u043e\u043a\u0441\u0438\u0434\u0430\u0446\u0438\u0458\u0435 \u0420\u0443\u043a\u043e\u0432\u043e\u0434\u0438\u0442\u0435\u0459\u043a\u0430 \u043f\u0440\u043e\u0458\u0435\u043a\u0442\u0430: \u0434\u0440 \u0414\u0443\u0448\u0438\u0446\u0430 \u0421\u0438\u043c\u0438\u0458\u043e\u043d\u043e\u0432\u0438\u045b, \u0432\u0438\u0448\u0430 \u043d\u0430\u0443\u0447\u043d\u0430 \u0441\u0430\u0440\u0430\u0434\u043d\u0438\u0446\u0430 \u00a0 \u0417\u0430\u0448\u0442\u0438\u0442\u0430 LPMO \u043e\u0434 \u0441\u0430\u043c\u043e\u0440\u0430\u0437\u0433\u0440\u0430\u0434\u045a\u0435 \u0443\u0437\u0440\u043e\u043a\u043e\u0432\u0430\u043d\u0435 \u043e\u043a\u0441\u0438\u0434\u0430\u0442\u0438\u0432\u043d\u0438\u043c \u043e\u0448\u0442\u0435\u045b\u0435\u045a\u0438\u043c\u0430 \u00a0 \u0420\u0443\u043a\u043e\u0432\u043e\u0434\u0438\u043b\u0430\u0446 \u043f\u0440\u043e\u0458\u0435\u043a\u0442\u0430:\u0434\u0440 \u0414\u0435\u0458\u0430\u043d \u041c\u0438\u043b\u0435\u043d\u043a\u043e\u0432\u0438\u045b, \u043d\u0430\u0443\u0447\u043d\u0438 \u0441\u0430\u0432\u0435\u0442\u043d\u0438\u043a \u00a0 \u0421\u0438\u0441\u0442\u0435\u043c \u0437\u0430 \u043f\u043e\u0434\u0440\u0448\u043a\u0443 \u043e\u0434\u043b\u0443\u0447\u0438\u0432\u0430\u045a\u0443 \u0437\u0430\u0441\u043d\u043e\u0432\u0430\u043d \u043d\u0430 \u0432\u0435\u0448\u0442\u0430\u0447\u043a\u043e\u0458 \u0438\u043d\u0442\u0435\u043b\u0438\u0433\u0435\u043d\u0446\u0438\u0458\u0438 \u0437\u0430 \u0440\u0430\u043d\u0443 \u0438 \u0442\u0430\u0447\u043d\u0443 \u0434\u0438\u0458\u0430\u0433\u043d\u043e\u0437\u0443 \u0441\u0440\u0447\u0430\u043d\u0435 \u0438\u043d\u0441\u0443\u0444\u0438\u0446\u0438\u0458\u0435\u043d\u0446\u0438\u0458\u0435 \u00a0 \u0427\u043b\u0430\u043d \u043f\u0440\u043e\u0458\u0435\u043a\u0442\u043d\u043e\u0433&#8230;<\/p>","protected":false},"author":1,"featured_media":0,"parent":0,"menu_order":0,"comment_status":"closed","ping_status":"closed","template":"","meta":{"_eb_attr":"","footnotes":""},"class_list":["post-20410","page","type-page","status-publish","hentry"],"_links":{"self":[{"href":"https:\/\/iit.ac.rs\/en\/wp-json\/wp\/v2\/pages\/20410","targetHints":{"allow":["GET"]}}],"collection":[{"href":"https:\/\/iit.ac.rs\/en\/wp-json\/wp\/v2\/pages"}],"about":[{"href":"https:\/\/iit.ac.rs\/en\/wp-json\/wp\/v2\/types\/page"}],"author":[{"embeddable":true,"href":"https:\/\/iit.ac.rs\/en\/wp-json\/wp\/v2\/users\/1"}],"replies":[{"embeddable":true,"href":"https:\/\/iit.ac.rs\/en\/wp-json\/wp\/v2\/comments?post=20410"}],"version-history":[{"count":22,"href":"https:\/\/iit.ac.rs\/en\/wp-json\/wp\/v2\/pages\/20410\/revisions"}],"predecessor-version":[{"id":22135,"href":"https:\/\/iit.ac.rs\/en\/wp-json\/wp\/v2\/pages\/20410\/revisions\/22135"}],"wp:attachment":[{"href":"https:\/\/iit.ac.rs\/en\/wp-json\/wp\/v2\/media?parent=20410"}],"curies":[{"name":"wp","href":"https:\/\/api.w.org\/{rel}","templated":true}]}}