{"id":20859,"date":"2025-11-12T12:02:19","date_gmt":"2025-11-12T12:02:19","guid":{"rendered":"https:\/\/iit.ac.rs\/?page_id=20859"},"modified":"2026-03-04T08:52:55","modified_gmt":"2026-03-04T08:52:55","slug":"dr-de%d1%98an-milenkovic","status":"publish","type":"page","link":"https:\/\/iit.ac.rs\/en\/dr-de%d1%98an-milenkovic\/","title":{"rendered":"Dr Dejan Milenkovi\u0107"},"content":{"rendered":"<div data-elementor-type=\"wp-page\" data-elementor-id=\"20859\" class=\"elementor elementor-20859\">\n\t\t\t\t<div class=\"elementor-element elementor-element-b6359aa e-flex e-con-boxed e-con e-parent\" data-id=\"b6359aa\" data-element_type=\"container\">\n\t\t\t\t\t<div class=\"e-con-inner\">\n\t\t\t\t<div class=\"elementor-element elementor-element-081361f elementor-widget elementor-widget-html\" data-id=\"081361f\" data-element_type=\"widget\" data-widget_type=\"html.default\">\n\t\t\t\t\t<div class=\"iit-rp\" style=\"--accent:#07294DE8;\">\r\n  <!-- FOTO -->\r\n  <div class=\"photo\">\r\n    <img decoding=\"async\" src=\"https:\/\/iit.ac.rs\/wp-content\/uploads\/2025\/11\/DejanMilenkovic.jpg\" alt=\"\u0434\u0440 \u0414\u0435\u0458\u0430\u043d \u041c\u0438\u043b\u0435\u043d\u043a\u043e\u0432\u0438\u045b\">\r\n  <\/div>\r\n\r\n  <!-- ZAGLAVLJE + META -->\r\n  <div class=\"head\">\r\n    <h2>Dr Dejan Milenkovi\u0107<\/h2>\r\n    <div class=\"badges\">\r\n      <span class=\"badge\">Principal research\nfellow<\/span>\r\n      <span class=\"badge\">Chemoinformatics and molecular design<\/span>\r\n    <\/div>\r\n\r\n    <div class=\"meta\">\r\n      <div><b>Education:<\/b> Doctor of Science - Chemical Sciences<\/div>\r\n      <div><b>Address:<\/b> Institute of Information Technologies Kragujevac, Liceja Kne\u017eevine Srbije 1A, 34000 Kragujevac<\/div>\r\n      <div><b>Email:<\/b> deki82@kg.ac.rs, dejanm@uni.kg.ac.rs<\/div>\r\n      <div><b>IBI researcher number:<\/b> AE237<\/div>\r\n    <\/div>\r\n\r\n    <!-- Spolja\u0161nje mre\u017ee -->\r\n    <div class=\"ext\">\r\n      <a href=\"https:\/\/enauka.gov.rs\/cris\/rp\/rp06595\" target=\"_blank\" rel=\"noopener\">\r\n        <img decoding=\"async\" src=\"https:\/\/iit.ac.rs\/wp-content\/uploads\/2025\/11\/enauka.jpg\" alt=\"eNauka\">\r\n      <\/a>\r\n      <a href=\"https:\/\/scidar.kg.ac.rs\/bibliography?orcid=0000-0001-7083-2257\" target=\"_blank\" rel=\"noopener\">\r\n        <img decoding=\"async\" src=\"https:\/\/iit.ac.rs\/wp-content\/uploads\/2025\/11\/koc.jpg\" alt=\"SCIDAR\">\r\n      <\/a>\r\n      <a href=\"https:\/\/orcid.org\/0000-0001-7083-2257\" target=\"_blank\" rel=\"noopener\">\r\n        <img decoding=\"async\" src=\"https:\/\/iit.ac.rs\/wp-content\/uploads\/2025\/11\/orcid.jpg\" alt=\"ORCID\">\r\n      <\/a>\r\n      <a href=\"https:\/\/www.researchgate.net\/profile\/Dejan-Milenkovic-2\" target=\"_blank\" rel=\"noopener\">\r\n        <img decoding=\"async\" src=\"https:\/\/iit.ac.rs\/wp-content\/uploads\/2025\/11\/rg.jpg\" alt=\"ResearchGate\">\r\n      <\/a>\r\n    <\/div>\r\n\r\n    <!-- Dugmad: CV SR\/EN (hover \u017eut) -->\r\n    <div class=\"actions\">\r\n      <a class=\"btn\" href=\"https:\/\/iit.ac.rs\/wp-content\/uploads\/2025\/11\/\u0414\u0435\u0458\u0430\u043d-\u041c\u0438\u043b\u0435\u043d\u043a\u043e\u0432\u0438\u045b-\u0440\u0430\u0434\u043e\u0432\u0438-\u0431\u0438\u043e\u0433\u0440\u0430\u0444\u0438\u0458\u0430-nova.docx\" target=\"_blank\" rel=\"noopener\">\r\n        <span class=\"ico\">\ud83d\udcc4<\/span> CV - Serbian\r\n      <\/a>\r\n      <a class=\"btn\" href=\"https:\/\/iit.ac.rs\/wp-content\/uploads\/2025\/11\/Biography-Template-Dejan-Milenkovic.docx\" target=\"_blank\" rel=\"noopener\">\r\n        <span class=\"ico\">\ud83d\udcc4<\/span> CV \u2013 English\r\n      <\/a>\r\n    <\/div>\r\n  <\/div>\r\n\r\n  <!-- AKORDEON SEKCIJE -->\r\n  <div class=\"card\">\r\n    <div class=\"accordion\">\r\n      <!-- 1) Kratak opis -->\r\n      <details open>\r\n        <summary>Brief description of the research<\/summary>\r\n        <div class=\"content\">\r\n          <p>\r\n            Dr. Dejan Milenkovi\u0107 is engaged in the investigation of the mechanisms of antiradical action of natural compounds towards free radical species by applying thermodynamic and kinetic approaches.\nStructure-activity relationships towards biologically important reactive oxygen species (\u2022OH, \u2022OOH, O<sub>2<\/sub>\u2022\u207b, \u0430\u0441\u043a\u043e\u0440\u0431\u0438\u043b, \u0445\u043b\u043e\u0440\u043e\u0432\u0430\u043d\u0438 \u043c\u0435\u0442\u0438\u043b\u043f\u0435\u0440\u043e\u043a\u0441\u0438) \u0438 \u0440\u0435\u0430\u043a\u0442\u0438\u0432\u043d\u0438\u043c \u0430\u0437\u043e\u0442\u043e\u0432\u0438\u043c \u0432\u0440\u0441\u0442\u0430\u043c\u0430 (NO\u2022), \u043a\u0430\u043e \u0438 \u043f\u0440\u0435\u043c\u0430 \u043c\u043e\u0434\u0435\u043b \u0440\u0430\u0434\u0438\u043a\u0430\u043b\u0438\u043c\u0430 (DPPH, ABTS). \r\n            \u0410\u043d\u0430\u043b\u0438\u0437\u0438\u0440\u0430\u0458\u0443 \u0441\u0435 \u043c\u0435\u0445\u0430\u043d\u0438\u0437\u043c\u0438 HAT, RAF, HAA-RAF, RAF-HAA, SPLET \u0438 SET-PT \u0443 \u0440\u0430\u0437\u043b\u0438\u0447\u0438\u0442\u0438\u043c \u0440\u0430\u0441\u0442\u0432\u0430\u0440\u0430\u0447\u0438\u043c\u0430; \u043d\u0430 \u043e\u0441\u043d\u043e\u0432\u0443 \u0442\u0435\u0440\u043c\u043e\u0434\u0438\u043d\u0430\u043c\u0438\u0447\u043a\u0438\u0445 \u0438 \u043a\u0438\u043d\u0435\u0442\u0438\u0447\u043a\u0438\u0445 \u043f\u0430\u0440\u0430\u043c\u0435\u0442\u0430\u0440\u0430 \u043e\u0434\u0440\u0435\u0452\u0443\u0458\u0435 \u0441\u0435 \u0434\u043e\u043c\u0438\u043d\u0430\u043d\u0442\u0430\u043d \u043c\u0435\u0445\u0430\u043d\u0438\u0437\u0430\u043c \u0438 \u0431\u0440\u0437\u0438\u043d\u0430 \u0434\u0435\u0430\u043a\u0442\u0438\u0432\u0430\u0446\u0438\u0458\u0435 \u0440\u0430\u0434\u0438\u043a\u0430\u043b\u0430. \r\n            \u041f\u043e\u0440\u0435\u0434 \u0442\u043e\u0433\u0430, \u0432\u0440\u0448\u0435 \u0441\u0435 \u0441\u0438\u043c\u0443\u043b\u0430\u0446\u0438\u0458\u0435 \u043c\u043e\u043b\u0435\u043a\u0443\u043b\u0441\u043a\u043e\u0433 \u0434\u043e\u043a\u0438\u043d\u0433\u0430 \u0438 \u0438\u0437\u0433\u0440\u0430\u0452\u0443\u0458\u0443 QSAR \u043c\u043e\u0434\u0435\u043b\u0438 \u0437\u0430 \u043e\u0434\u0430\u0431\u0440\u0430\u043d\u0430 \u043f\u0440\u0438\u0440\u043e\u0434\u043d\u0430 \u0458\u0435\u0434\u0438\u045a\u0435\u045a\u0430.\r\n          <\/p>\r\n        <\/div>\r\n      <\/details>\r\n\r\n      <!-- 2) Izabrane reference -->\r\n      <details>\r\n        <summary>Selected references<\/summary>\r\n        <div class=\"content\">\r\n          <ol class=\"refs\">\r\n            <li>Dejan Milenkovi\u0107, Jelena \u0110orovi\u0107, Vladimir Petrovi\u0107, Edina Avdovi\u0107, Zoran Markovi\u0107, <i>Hydrogen atom transfer versus proton coupled electron transfer mechanism of gallic acid with different peroxy radicals<\/i>, <b>Reaction Kinetics, Mechanisms and Catalysis<\/b>, 123, 215\u2013230, 2018. <a href=\"https:\/\/doi.org\/10.1007\/s11144-017-1286-8\" target=\"_blank\" rel=\"noopener\">https:\/\/doi.org\/10.1007\/s11144-017-1286-8<\/a><\/li>\r\n            <li>Dejan Milenkovi\u0107, Du\u0161an Dimi\u0107, Edina Avdovi\u0107, Ana Ami\u0107, Jasmina Dimitri\u0107-Markovi\u0107, Zoran Markovi\u0107, <i>Advanced oxidation process of coumarins by hydroxyl radical: Towards the new mechanism leading to less toxic products<\/i>, <b>Chemical Engineering Journal<\/b>, 395, 124971, 2020. <a href=\"https:\/\/doi.org\/10.1016\/j.cej.2020.124971\" target=\"_blank\" rel=\"noopener\">https:\/\/doi.org\/10.1016\/j.cej.2020.124971<\/a><\/li>\r\n            <li>Du\u0161an Dimi\u0107, Dejan Milenkovi\u0107, Edina Av\u0434\u043e\u0432\u0438\u045b, \u0110ura Nakarada, Jasmina Dimitri\u0107-Markovi\u0107, Zoran Markovi\u0107, <i>Advanced oxidation processes of coumarins by hydroperoxyl radical: An experimental and theoretical study, and ecotoxicology assessment<\/i>, <b>Chemical Engineering Journal<\/b>, 424, 130331, 2021. <a href=\"https:\/\/doi.org\/10.1016\/j.cej.2021.130331\" target=\"_blank\" rel=\"noopener\">https:\/\/doi.org\/10.1016\/j.cej.2021.130331<\/a><\/li>\r\n            <li>Dejan Milenkovi\u0107, Du\u0161an Dimi\u0107, Edina Avdovi\u0107, Du\u0161ica Simijonovi\u0107, Radi\u0161a Voj\u0438\u043d\u043e\u0432\u0438\u045b, Zoran Markovi\u0107, <i>A thermodynamic and kinetic HO radical scavenging study and protein binding of baicalein<\/i>, <b>Journal of Chemical Thermodynamics<\/b>, 185, 107110, 2023. <a href=\"https:\/\/doi.org\/10.3390\/app13052984\" target=\"_blank\" rel=\"noopener\">https:\/\/doi.org\/10.3390\/app13052984<\/a><\/li>\r\n            <li>Petar Stani\u0107, Biljana \u0160mit, Dejan Milenkovi\u0107, <i>Kinetics and mechanism of amino acid derived 2-thiohydanoin formation reactions<\/i>, <b>Reaction Chemistry &amp; Engineering<\/b>, 2023 (Accepted Manuscript). <a href=\"https:\/\/doi.org\/10.1039\/D2RE00423B\" target=\"_blank\" rel=\"noopener\">https:\/\/doi.org\/10.1039\/D2RE00423B<\/a><\/li>\r\n          <\/ol>\r\n        <\/div>\r\n      <\/details>\r\n    <\/div>\r\n  <\/div>\r\n<\/div>\r\n\t\t\t\t<\/div>\n\t\t\t\t\t<\/div>\n\t\t\t\t<\/div>\n\t\t\t\t<\/div>","protected":false},"excerpt":{"rendered":"<p>\u0434\u0440 \u0414\u0435\u0458\u0430\u043d \u041c\u0438\u043b\u0435\u043d\u043a\u043e\u0432\u0438\u045b \u041d\u0430\u0443\u0447\u043d\u0438 \u0441\u0430\u0432\u0435\u0442\u043d\u0438\u043a \u0425\u0435\u043c\u043e\u0438\u043d\u0444\u043e\u0440\u043c\u0430\u0442\u0438\u043a\u0430 \u0438 \u043c\u043e\u043b\u0435\u043a\u0443\u043b\u0441\u043a\u0438 \u0434\u0438\u0437\u0430\u0458\u043d \u041e\u0431\u0440\u0430\u0437\u043e\u0432\u0430\u045a\u0435: \u0414\u043e\u043a\u0442\u043e\u0440 \u043d\u0430\u0443\u043a\u0430 \u2013 \u0445\u0435\u043c\u0438\u0458\u0441\u043a\u0435 \u043d\u0430\u0443\u043a\u0435 \u0410\u0434\u0440\u0435\u0441\u0430: \u0418\u043d\u0441\u0442\u0438\u0442\u0443\u0442 \u0437\u0430 \u0438\u043d\u0444\u043e\u0440\u043c\u0430\u0446\u0438\u043e\u043d\u0435 \u0442\u0435\u0445\u043d\u043e\u043b\u043e\u0433\u0438\u0458\u0435 \u041a\u0440\u0430\u0433\u0443\u0458\u0435\u0432\u0430\u0446, \u041b\u0438\u0446\u0435\u0458\u0430 \u041a\u043d\u0435\u0436\u0435\u0432\u0438\u043d\u0435 \u0421\u0440\u0431\u0438\u0458\u0435 1\u0410, 34000 \u041a\u0440\u0430\u0433\u0443\u0458\u0435\u0432\u0430\u0446 \u0415-\u043f\u043e\u0448\u0442\u0430: deki82@kg.ac.rs, dejanm@uni.kg.ac.rs \u0418\u0411\u0418 \u0431\u0440\u043e\u0458 \u0438\u0441\u0442\u0440\u0430\u0436\u0438\u0432\u0430\u0447\u0430: AE237 \ud83d\udcc4 CV \u2013 \u0421\u0440\u043f\u0441\u043a\u0438 \ud83d\udcc4 CV \u2013 English \u041a\u0440\u0430\u0442\u0430\u043a \u043e\u043f\u0438\u0441 \u0438\u0441\u0442\u0440\u0430\u0436\u0438\u0432\u0430\u045a\u0430 \u0414\u0440 \u0414\u0435\u0458\u0430\u043d \u041c\u0438\u043b\u0435\u043d\u043a\u043e\u0432\u0438\u045b \u0441\u0435 \u0431\u0430\u0432\u0438 \u0438\u0441\u043f\u0438\u0442\u0438\u0432\u0430\u045a\u0435\u043c \u043c\u0435\u0445\u0430\u043d\u0438\u0437\u0430\u043c\u0430 \u0430\u043d\u0442\u0438\u0440\u0430\u0434\u0438\u043a\u0430\u043b\u0441\u043a\u043e\u0433 \u0434\u0435\u043b\u043e\u0432\u0430\u045a\u0430 \u043f\u0440\u0438\u0440\u043e\u0434\u043d\u0438\u0445&#8230;<\/p>","protected":false},"author":1,"featured_media":0,"parent":0,"menu_order":0,"comment_status":"closed","ping_status":"closed","template":"","meta":{"_eb_attr":"","footnotes":""},"class_list":["post-20859","page","type-page","status-publish","hentry"],"_links":{"self":[{"href":"https:\/\/iit.ac.rs\/en\/wp-json\/wp\/v2\/pages\/20859","targetHints":{"allow":["GET"]}}],"collection":[{"href":"https:\/\/iit.ac.rs\/en\/wp-json\/wp\/v2\/pages"}],"about":[{"href":"https:\/\/iit.ac.rs\/en\/wp-json\/wp\/v2\/types\/page"}],"author":[{"embeddable":true,"href":"https:\/\/iit.ac.rs\/en\/wp-json\/wp\/v2\/users\/1"}],"replies":[{"embeddable":true,"href":"https:\/\/iit.ac.rs\/en\/wp-json\/wp\/v2\/comments?post=20859"}],"version-history":[{"count":4,"href":"https:\/\/iit.ac.rs\/en\/wp-json\/wp\/v2\/pages\/20859\/revisions"}],"predecessor-version":[{"id":20868,"href":"https:\/\/iit.ac.rs\/en\/wp-json\/wp\/v2\/pages\/20859\/revisions\/20868"}],"wp:attachment":[{"href":"https:\/\/iit.ac.rs\/en\/wp-json\/wp\/v2\/media?parent=20859"}],"curies":[{"name":"wp","href":"https:\/\/api.w.org\/{rel}","templated":true}]}}