{"id":20980,"date":"2025-11-14T09:20:57","date_gmt":"2025-11-14T09:20:57","guid":{"rendered":"https:\/\/iit.ac.rs\/?page_id=20980"},"modified":"2025-11-14T09:21:41","modified_gmt":"2025-11-14T09:21:41","slug":"dr-dragana-seklic","status":"publish","type":"page","link":"https:\/\/iit.ac.rs\/en\/dr-dragana-seklic\/","title":{"rendered":"Dr Dragana \u0160ekli\u0107"},"content":{"rendered":"<div data-elementor-type=\"wp-page\" data-elementor-id=\"20980\" class=\"elementor elementor-20980\">\n\t\t\t\t<div class=\"elementor-element elementor-element-93a1c73 e-flex e-con-boxed e-con e-parent\" data-id=\"93a1c73\" data-element_type=\"container\">\n\t\t\t\t\t<div class=\"e-con-inner\">\n\t\t\t\t<div class=\"elementor-element elementor-element-2995c11 elementor-widget elementor-widget-html\" data-id=\"2995c11\" data-element_type=\"widget\" data-widget_type=\"html.default\">\n\t\t\t\t\t<div class=\"iit-rp\" style=\"--accent:#07294DE8;\">\r\n  <!-- FOTO -->\r\n  <div class=\"photo\">\r\n    <img decoding=\"async\" src=\"https:\/\/iit.ac.rs\/wp-content\/uploads\/2025\/11\/DraganSeklic.jpg\" alt=\"\u0434\u0440 \u0414\u0440\u0430\u0433\u0430\u043d\u0430 \u0428\u0435\u043a\u043b\u0438\u045b\">\r\n  <\/div>\r\n\r\n  <!-- GLAVNI PODACI -->\r\n  <div class=\"head\">\r\n    <h2>Dr Dragana \u0160ekli\u0107<\/h2>\r\n    <div class=\"badges\">\r\n      <span class=\"badge\">Senior research\nassociate<\/span>\r\n      <span class=\"badge\">Bioinformatics and applied biology<\/span>\r\n    <\/div>\r\n\r\n    <div class=\"meta\">\r\n      <div><b>Education:<\/b> Doctor of Science - Biological Sciences<\/div>\r\n      <div><b>Address:<\/b> Institute of Information Technologies Kragujevac, Liceja Kne\u017eevine Srbije 1A, 34000 Kragujevac<\/div>\r\n      <div><b>Email:<\/b> dragana.seklic@uni.kg.ac.rs<\/div>\r\n      <div><b>IBI researcher number:<\/b> AJ076<\/div>\r\n    <\/div>\r\n\r\n    <!-- LINKOVI -->\r\n    <div class=\"ext\">\r\n      <a href=\"https:\/\/enauka.gov.rs\/cris\/rp\/rp12069\" target=\"_blank\" rel=\"noopener\">\r\n        <img decoding=\"async\" src=\"https:\/\/iit.ac.rs\/wp-content\/uploads\/2025\/11\/enauka.jpg\" alt=\"eNauka\">\r\n      <\/a>\r\n      <a href=\"https:\/\/scidar.kg.ac.rs\/browse?type=author&authority=a7a9d3dd-af73-41e0-ad75-6772dd4f4ebf\" target=\"_blank\" rel=\"noopener\">\r\n        <img decoding=\"async\" src=\"https:\/\/iit.ac.rs\/wp-content\/uploads\/2025\/11\/koc.jpg\" alt=\"SCIDAR\">\r\n      <\/a>\r\n      <a href=\"https:\/\/orcid.org\/0000-0002-2093-5335\" target=\"_blank\" rel=\"noopener\">\r\n        <img decoding=\"async\" src=\"https:\/\/iit.ac.rs\/wp-content\/uploads\/2025\/11\/orcid.jpg\" alt=\"ORCID\">\r\n      <\/a>\r\n      <a href=\"https:\/\/www.researchgate.net\/profile\/Dragana-Seklic\" target=\"_blank\" rel=\"noopener\">\r\n        <img decoding=\"async\" src=\"https:\/\/iit.ac.rs\/wp-content\/uploads\/2025\/11\/rg.jpg\" alt=\"ResearchGate\">\r\n      <\/a>\r\n    <\/div>\r\n\r\n    <!-- DUGMAD: CV SR\/EN -->\r\n    <div class=\"actions\">\r\n      <a class=\"btn\" href=\"https:\/\/iit.ac.rs\/wp-content\/uploads\/2025\/11\/\u0420\u0430\u0434\u043d\u0430-\u0431\u0438\u043e\u0433\u0440\u0430\u0444\u0438\u0458\u0430-\u0414\u0440\u0430\u0433\u0430\u043d\u0430-\u0428\u0435\u043a\u043b\u0438\u045b-2023.docx\" target=\"_blank\" rel=\"noopener\">\r\n        <span class=\"ico\">\ud83d\udcc4<\/span> CV - Serbian\r\n      <\/a>\r\n      <a class=\"btn\" href=\"https:\/\/iit.ac.rs\/wp-content\/uploads\/2025\/11\/Biography-Template-DS.pdf\" target=\"_blank\" rel=\"noopener\">\r\n        <span class=\"ico\">\ud83d\udcc4<\/span> CV \u2013 English\r\n      <\/a>\r\n    <\/div>\r\n  <\/div>\r\n\r\n  <!-- SECTIONS -->\r\n  <div class=\"card\">\r\n    <div class=\"accordion\">\r\n      <!-- 1) Kratak opis -->\r\n      <details open>\r\n        <summary>Brief description of the research<\/summary>\r\n        <div class=\"content\">\r\n          <p>\r\n            The focus of Dr. Dragana \u0160ekli\u0107's research is on studying the anticancer effect of newly synthesized chemical complexes\nand bioactive substances from natural sources. In particular, the focus is on the molecular mechanisms of migration and invasion,\nas well as key signaling pathway proteins involved in these processes.\nA significant part of the research also includes coculture systems, i.e. interactions between microorganisms and colorectal cancer cells\n, with the aim of better understanding the influence of the microenvironment on tumor progression.\r\n          <\/p>\r\n        <\/div>\r\n      <\/details>\r\n\r\n      <!-- 2) Izabrane reference -->\r\n      <details>\r\n        <summary>Selected references<\/summary>\r\n        <div class=\"content\">\r\n          <ol class=\"refs\">\r\n            <li>\r\n              Nikoli\u0107 S, Gazdi\u0107-Jankovi\u0107 M, Rosi\u0107 G, Mileti\u0107-Kovacevi\u0107 M, Jovi\u010di\u0107 N, Nestorovi\u0107 N, Stojkovic P, Filipovic N, Milosevic-Djordjevic O, \r\n              Selakovic D, Zivanovic M, <b>Seklic D<\/b>, Milivojevi\u0107 N, Markovic A, Seist R, Vasilijic S, Stankovic K, Stojkovic M, Ljujic B, \r\n              <i>Orally administered fluorescent nanosized polystyrene particles affect cell viability, hormonal and inflammatory profile, and behavior in treated mice<\/i>, \r\n              <b>Environmental Pollution<\/b>, 2022, 305, 119206. \r\n              <a href=\"https:\/\/doi.org\/10.1016\/j.envpol.2022.11920\" target=\"_blank\" rel=\"noopener\">https:\/\/doi.org\/10.1016\/j.envpol.2022.11920<\/a>\r\n            <\/li>\r\n            <li>\r\n              <b>\u0160ekli\u0107 D<\/b>, \u0110uki\u0107 T, Milenkovi\u0107 D, Jovanovi\u0107 M, \u017divanovi\u0107 M, Markovi\u0107 Z, Filipovi\u0107 N, \r\n              <i>Numerical modelling of WNT\/\u03b2-catenin signal pathway in characterization of EMT of colorectal carcinoma cell lines after treatment with Pt(IV) complexes<\/i>, \r\n              <b>Computer Methods and Programs in Biomedicine<\/b>, 2022, 221, 107158. \r\n              <a href=\"https:\/\/doi.org\/10.1016\/j.cmpb.2022.107158\" target=\"_blank\" rel=\"noopener\">https:\/\/doi.org\/10.1016\/j.cmpb.2022.107158<\/a>\r\n            <\/li>\r\n            <li>\r\n              <b>\u0160ekli\u0107 D<\/b>, Jovanovi\u0107 M, Virijevi\u0107 K, Gruji\u0107 J, \u017divanovi\u0107 M, Markovi\u0107 S, \r\n              <i>Pseudevernia furfuracea inhibits migration and invasion of colorectal carcinoma cell lines<\/i>, \r\n              <b>Journal of Ethnopharmacology<\/b>, 2022, 284, 114758. \r\n              <a href=\"https:\/\/doi.org\/10.1016\/j.jep.2021.114758\" target=\"_blank\" rel=\"noopener\">https:\/\/doi.org\/10.1016\/j.jep.2021.114758<\/a>\r\n            <\/li>\r\n            <li>\r\n              Jovanovi\u0107 M, <b>\u0160ekli\u0107 D<\/b>, Rakobradovi\u0107 J, Planojevi\u0107 N, Vukovi\u0107 N, Vuki\u0107 M, Markovi\u0107 S, \r\n              <i>Royal jelly and Trans-10-Hydroxy-2-Decenoic Acid Inhibit Migration and Invasion of Colorectal Carcinoma Cells<\/i>, \r\n              <b>Food Technology and Biotechnology<\/b>, 2022, 60(2), 213\u2013224. \r\n              <a href=\"https:\/\/doi.org\/10.17113\/ftb.60.02.22.7495\" target=\"_blank\" rel=\"noopener\">https:\/\/doi.org\/10.17113\/ftb.60.02.22.7495<\/a>\r\n            <\/li>\r\n            <li>\r\n              Kosani\u0107 M, <b>\u0160ekli\u0107 D<\/b>, Jovanovi\u0107 M, Petrovi\u0107 N, Markovi\u0107 S, \r\n              <i>Hygrophorus eburneus, edible mushroom, a promising natural bioactive agent<\/i>, \r\n              <b>EXCLI Journal<\/b>, 2020, 19, 442\u2013457.\r\n            <\/li>\r\n          <\/ol>\r\n        <\/div>\r\n      <\/details>\r\n    <\/div>\r\n  <\/div>\r\n<\/div>\r\n\t\t\t\t<\/div>\n\t\t\t\t\t<\/div>\n\t\t\t\t<\/div>\n\t\t\t\t<\/div>","protected":false},"excerpt":{"rendered":"<p>\u0434\u0440 \u0414\u0440\u0430\u0433\u0430\u043d\u0430 \u0428\u0435\u043a\u043b\u0438\u045b \u0412\u0438\u0448\u0438 \u043d\u0430\u0443\u0447\u043d\u0438 \u0441\u0430\u0440\u0430\u0434\u043d\u0438\u043a \u0411\u0438\u043e\u0438\u043d\u0444\u043e\u0440\u043c\u0430\u0442\u0438\u043a\u0430 \u0438 \u043f\u0440\u0438\u043c\u0435\u045a\u0435\u043d\u0430 \u0431\u0438\u043e\u043b\u043e\u0433\u0438\u0458\u0430 \u041e\u0431\u0440\u0430\u0437\u043e\u0432\u0430\u045a\u0435: \u0414\u043e\u043a\u0442\u043e\u0440 \u043d\u0430\u0443\u043a\u0430 \u2013 \u0431\u0438\u043e\u043b\u043e\u0448\u043a\u0435 \u043d\u0430\u0443\u043a\u0435 \u0410\u0434\u0440\u0435\u0441\u0430: \u0418\u043d\u0441\u0442\u0438\u0442\u0443\u0442 \u0437\u0430 \u0438\u043d\u0444\u043e\u0440\u043c\u0430\u0446\u0438\u043e\u043d\u0435 \u0442\u0435\u0445\u043d\u043e\u043b\u043e\u0433\u0438\u0458\u0435 \u041a\u0440\u0430\u0433\u0443\u0458\u0435\u0432\u0430\u0446, \u041b\u0438\u0446\u0435\u0458\u0430 \u041a\u043d\u0435\u0436\u0435\u0432\u0438\u043d\u0435 \u0421\u0440\u0431\u0438\u0458\u0435 1\u0410, 34000 \u041a\u0440\u0430\u0433\u0443\u0458\u0435\u0432\u0430\u0446 \u0415-\u043f\u043e\u0448\u0442\u0430: dragana.seklic@uni.kg.ac.rs \u0418\u0411\u0418 \u0431\u0440\u043e\u0458 \u0438\u0441\u0442\u0440\u0430\u0436\u0438\u0432\u0430\u0447\u0430: AJ076 \ud83d\udcc4 CV \u2013 \u0421\u0440\u043f\u0441\u043a\u0438 \ud83d\udcc4 CV \u2013 English \u041a\u0440\u0430\u0442\u0430\u043a \u043e\u043f\u0438\u0441 \u0438\u0441\u0442\u0440\u0430\u0436\u0438\u0432\u0430\u045a\u0430 \u0424\u043e\u043a\u0443\u0441 \u0438\u0441\u0442\u0440\u0430\u0436\u0438\u0432\u0430\u045a\u0430 \u0434\u0440 \u0414\u0440\u0430\u0433\u0430\u043d\u0435 \u0428\u0435\u043a\u043b\u0438\u045b \u0458\u0435 \u043d\u0430 \u043f\u0440\u043e\u0443\u0447\u0430\u0432\u0430\u045a\u0443 \u0430\u043d\u0442\u0438\u043a\u0430\u043d\u0446\u0435\u0440\u043e\u0433\u0435\u043d\u043e\u0433 \u0435\u0444\u0435\u043a\u0442\u0430&#8230;<\/p>","protected":false},"author":1,"featured_media":0,"parent":0,"menu_order":0,"comment_status":"closed","ping_status":"closed","template":"","meta":{"_eb_attr":"","footnotes":""},"class_list":["post-20980","page","type-page","status-publish","hentry"],"_links":{"self":[{"href":"https:\/\/iit.ac.rs\/en\/wp-json\/wp\/v2\/pages\/20980","targetHints":{"allow":["GET"]}}],"collection":[{"href":"https:\/\/iit.ac.rs\/en\/wp-json\/wp\/v2\/pages"}],"about":[{"href":"https:\/\/iit.ac.rs\/en\/wp-json\/wp\/v2\/types\/page"}],"author":[{"embeddable":true,"href":"https:\/\/iit.ac.rs\/en\/wp-json\/wp\/v2\/users\/1"}],"replies":[{"embeddable":true,"href":"https:\/\/iit.ac.rs\/en\/wp-json\/wp\/v2\/comments?post=20980"}],"version-history":[{"count":4,"href":"https:\/\/iit.ac.rs\/en\/wp-json\/wp\/v2\/pages\/20980\/revisions"}],"predecessor-version":[{"id":20984,"href":"https:\/\/iit.ac.rs\/en\/wp-json\/wp\/v2\/pages\/20980\/revisions\/20984"}],"wp:attachment":[{"href":"https:\/\/iit.ac.rs\/en\/wp-json\/wp\/v2\/media?parent=20980"}],"curies":[{"name":"wp","href":"https:\/\/api.w.org\/{rel}","templated":true}]}}