{"id":20994,"date":"2025-11-14T09:28:11","date_gmt":"2025-11-14T09:28:11","guid":{"rendered":"https:\/\/iit.ac.rs\/?page_id=20994"},"modified":"2026-03-10T08:54:42","modified_gmt":"2026-03-10T08:54:42","slug":"dr-biljana-nikic","status":"publish","type":"page","link":"https:\/\/iit.ac.rs\/en\/dr-biljana-nikic\/","title":{"rendered":"Dr Biljana Niki\u0107"},"content":{"rendered":"<div data-elementor-type=\"wp-page\" data-elementor-id=\"20994\" class=\"elementor elementor-20994\">\n\t\t\t\t<div class=\"elementor-element elementor-element-3c69f26 e-flex e-con-boxed e-con e-parent\" data-id=\"3c69f26\" data-element_type=\"container\">\n\t\t\t\t\t<div class=\"e-con-inner\">\n\t\t\t\t<div class=\"elementor-element elementor-element-bfc086b elementor-widget elementor-widget-html\" data-id=\"bfc086b\" data-element_type=\"widget\" data-widget_type=\"html.default\">\n\t\t\t\t\t<div class=\"iit-rp\" style=\"--accent:#07294DE8;\">\r\n  <!-- FOTO -->\r\n  <div class=\"photo\">\r\n    <img decoding=\"async\" src=\"https:\/\/iit.ac.rs\/wp-content\/uploads\/2025\/11\/BiljanaNikic.jpg\" alt=\"\u0434\u0440 \u0411\u0438\u0459\u0430\u043d\u0430 \u041d\u0438\u043a\u0438\u045b\">\r\n  <\/div>\r\n\r\n  <!-- GLAVNI PODACI -->\r\n  <div class=\"head\">\r\n    <h2>Dr Biljana Niki\u0107<\/h2>\r\n    <div class=\"badges\">\r\n      <span class=\"badge\">Senior research\nassociate<\/span>\r\n      <span class=\"badge\">\u0420\u0430\u0437\u0432\u043e\u0458 \u043d\u0443\u043c\u0435\u0440\u0438\u0447\u043a\u0438\u0445 \u0438 \u0435\u043a\u0441\u043f\u0435\u0440\u0438\u043c\u0435\u043d\u0442\u0430\u043b\u043d\u0438\u0445 \u043c\u0435\u0442\u043e\u0434\u0430 \u0443 \u0440\u0430\u0434\u0438\u0458\u0430\u0446\u0438\u043e\u043d\u043e\u0458 \u0444\u0438\u0437\u0438\u0446\u0438<\/span>\r\n    <\/div>\r\n\r\n    <div class=\"meta\">\r\n      <div><b>Education:<\/b> Doctor of Science - Physical Sciences<\/div>\r\n      <div><b>Address:<\/b> Institute of Information Technologies Kragujevac, Liceja Kne\u017eevine Srbije 1A, 34000 Kragujevac<\/div>\r\n      <div><b>Email:<\/b> bmilenkovic@kg.ac.rs<\/div>\r\n      <div><b>IBI researcher number:<\/b> AW261<\/div>\r\n    <\/div>\r\n\r\n    <!-- LINKOVI -->\r\n    <div class=\"ext\">\r\n      <a href=\"https:\/\/enauka.gov.rs\/cris\/rp\/rp06594\" target=\"_blank\" rel=\"noopener\">\r\n        <img decoding=\"async\" src=\"https:\/\/iit.ac.rs\/wp-content\/uploads\/2025\/11\/enauka.jpg\" alt=\"eNauka\">\r\n      <\/a>\r\n      <a href=\"https:\/\/scidar.kg.ac.rs\/browse?type=author&sort_by=1&order=ASC&rpp=20&etal=-1&authority=5fe5f749-cbaa-4d6e-b4a9-4d3f2838c72d&offset=0\" target=\"_blank\" rel=\"noopener\">\r\n        <img decoding=\"async\" src=\"https:\/\/iit.ac.rs\/wp-content\/uploads\/2025\/11\/koc.jpg\" alt=\"SCIDAR\">\r\n      <\/a>\r\n      <a href=\"https:\/\/orcid.org\/0000-0002-4116-279X\" target=\"_blank\" rel=\"noopener\">\r\n        <img decoding=\"async\" src=\"https:\/\/iit.ac.rs\/wp-content\/uploads\/2025\/11\/orcid.jpg\" alt=\"ORCID\">\r\n      <\/a>\r\n      <a href=\"https:\/\/www.researchgate.net\/profile\/Biljana-Milenkovic\" target=\"_blank\" rel=\"noopener\">\r\n        <img decoding=\"async\" src=\"https:\/\/iit.ac.rs\/wp-content\/uploads\/2025\/11\/rg.jpg\" alt=\"ResearchGate\">\r\n      <\/a>\r\n      <a href=\"https:\/\/ezproxy.nb.rs:2071\/authid\/detail.uri?authorId=57201372258\" target=\"_blank\" rel=\"noopener\">\r\n        <img decoding=\"async\" src=\"https:\/\/iit.ac.rs\/wp-content\/uploads\/2025\/11\/scopus.jpg\" alt=\"Scopus\">\r\n      <\/a>\r\n      <a href=\"https:\/\/rs.linkedin.com\/in\/biljana-milenkovic-a7741530\" target=\"_blank\" rel=\"noopener\">\r\n        <img decoding=\"async\" src=\"https:\/\/iit.ac.rs\/wp-content\/uploads\/2025\/11\/linkedin.jpg\" alt=\"LinkedIn\">\r\n      <\/a>\r\n    <\/div>\r\n\r\n    <!-- DUGMAD: CV SR\/EN -->\r\n    <div class=\"actions\">\r\n      <a class=\"btn\" href=\"https:\/\/iit.ac.rs\/wp-content\/uploads\/2025\/11\/RADNA-BIOGRAFIJA-ZA-INSTITUT-Biljana-Nikic-2023.docx\" target=\"_blank\" rel=\"noopener\">\r\n        <span class=\"ico\">\ud83d\udcc4<\/span> CV - Serbian\r\n      <\/a>\r\n      <a class=\"btn\" href=\"https:\/\/iit.ac.rs\/wp-content\/uploads\/2025\/11\/Biography-Biljana-Nikic-2023.docx\" target=\"_blank\" rel=\"noopener\">\r\n        <span class=\"ico\">\ud83d\udcc4<\/span> CV \u2013 English\r\n      <\/a>\r\n    <\/div>\r\n  <\/div>\r\n\r\n  <!-- SECTIONS -->\r\n  <div class=\"card\">\r\n    <div class=\"accordion\">\r\n\r\n      <!-- 1) Kratak opis -->\r\n      <details open>\r\n        <summary>Brief description of the research<\/summary>\r\n        <div class=\"content\">\r\n          <p>\r\n            Dr. Biljana Niki\u0107's research is focused on the detection of ionizing radiation using solid-state trace detectors.\nAn algorithm has been developed for estimating the distribution of alpha particle traces on CR-39 detectors exposed in radon diffusion chambers,\nwhich has been experimentally tested, and the model is planned to be extended to LR-115 and macrofol detectors.\nAdditionally, research includes measurements of concentrations of natural and artificial radionuclides in the environment,\nmeasurement of concentrations of radon and its progeny in indoor spaces, examination of correlations between radon concentrations and \r\n            <sup>226<\/sup>Ra in soil, as well as the transfer of radionuclides from soil to plants.\nThe plan is also to compare methods for determining the radon emanation fraction based on gamma spectrometry and fitting data\nobtained using the RAD7 device.\r\n          <\/p>\r\n        <\/div>\r\n      <\/details>\r\n\r\n      <!-- 2) Izabrane reference -->\r\n      <details>\r\n        <summary>Selected references<\/summary>\r\n        <div class=\"content\">\r\n          <ol class=\"refs\">\r\n            <li>\r\n              Milenkovic B, Stajic J.M, Zeremski T, Strbac S, Stojic N, Nikezic D, \r\n              <i>Is Kragujevac city still a \u201chot spot\u201d area, twenty years after the bombing?<\/i>, \r\n              <b>Chemosphere<\/b>, 245, 125610, 2020. \r\n              <a href=\"https:\/\/doi.org\/10.1016\/j.chemosphere.2019.125610\" target=\"_blank\" rel=\"noopener\">https:\/\/doi.org\/10.1016\/j.chemosphere.2019.125610<\/a>\r\n            <\/li>\r\n            <li>\r\n              Biljana Milenkovic, Jelena M. Stajic, Natasa Stojic, Mira Pucarevic, Snezana Strbac, \r\n              <i>Evaluation of heavy metals and radionuclides in fish and seafood products<\/i>, \r\n              <b>Chemosphere<\/b>, 229, 324\u2013331, 2019. \r\n              <a href=\"https:\/\/doi.org\/10.1016\/j.chemosphere.2019.04.189\" target=\"_blank\" rel=\"noopener\">https:\/\/doi.org\/10.1016\/j.chemosphere.2019.04.189<\/a>\r\n            <\/li>\r\n            <li>\r\n              Biljana Milenkovic, Jelena M. Stajic, Ljiljana Gulan, Tijana Zeremski, Dragoslav Nikezic, \r\n              <i>Radioactivity levels and heavy metals in the urban soil of Central Serbia<\/i>, \r\n              <b>Environmental Science and Pollution Research<\/b>, 22, 16732\u201316741, 2015. \r\n              <a href=\"https:\/\/doi.org\/10.1007\/s11356-015-4869-9\" target=\"_blank\" rel=\"noopener\">https:\/\/doi.org\/10.1007\/s11356-015-4869-9<\/a>\r\n            <\/li>\r\n            <li>\r\n              Milenkovic B, Stevanovic N, Nikezic D, Ivanovic M, \r\n              <i>Computer program Neutron_CR-39 for simulation of neutrons from an Am-Be source and calculation of proton track profiles<\/i>, \r\n              <b>Computer Physics Communications<\/b>, 182, 1536\u20131542, 2011. \r\n              <a href=\"https:\/\/doi.org\/10.1016\/j.cpc.2011.03.024\" target=\"_blank\" rel=\"noopener\">https:\/\/doi.org\/10.1016\/j.cpc.2011.03.024<\/a>\r\n            <\/li>\r\n            <li>\r\n              Biljana Milenkovi\u0107, Dragoslav Nikezi\u0107, Nenad Stevanovi\u0107, \r\n              <i>A simulation of neutron interaction from Am-Be source with the CR-39 detector<\/i>, \r\n              <b>Radiation Measurements<\/b>, 45, 1338\u20131341, 2010. \r\n              <a href=\"https:\/\/doi.org\/10.1016\/j.radmeas.2010.06.049\" target=\"_blank\" rel=\"noopener\">https:\/\/doi.org\/10.1016\/j.radmeas.2010.06.049<\/a>\r\n            <\/li>\r\n          <\/ol>\r\n        <\/div>\r\n      <\/details>\r\n\r\n    <\/div>\r\n  <\/div>\r\n<\/div>\r\n\t\t\t\t<\/div>\n\t\t\t\t\t<\/div>\n\t\t\t\t<\/div>\n\t\t\t\t<\/div>","protected":false},"excerpt":{"rendered":"<p>\u0434\u0440 \u0411\u0438\u0459\u0430\u043d\u0430 \u041d\u0438\u043a\u0438\u045b \u0412\u0438\u0448\u0438 \u043d\u0430\u0443\u0447\u043d\u0438 \u0441\u0430\u0440\u0430\u0434\u043d\u0438\u043a \u0420\u0430\u0437\u0432\u043e\u0458 \u043d\u0443\u043c\u0435\u0440\u0438\u0447\u043a\u0438\u0445 \u0438 \u0435\u043a\u0441\u043f\u0435\u0440\u0438\u043c\u0435\u043d\u0442\u0430\u043b\u043d\u0438\u0445 \u043c\u0435\u0442\u043e\u0434\u0430 \u0443 \u0440\u0430\u0434\u0438\u0458\u0430\u0446\u0438\u043e\u043d\u043e\u0458 \u0444\u0438\u0437\u0438\u0446\u0438 \u041e\u0431\u0440\u0430\u0437\u043e\u0432\u0430\u045a\u0435: \u0414\u043e\u043a\u0442\u043e\u0440 \u043d\u0430\u0443\u043a\u0430 \u2013 \u0444\u0438\u0437\u0438\u0447\u043a\u0435 \u043d\u0430\u0443\u043a\u0435 \u0410\u0434\u0440\u0435\u0441\u0430: \u0418\u043d\u0441\u0442\u0438\u0442\u0443\u0442 \u0437\u0430 \u0438\u043d\u0444\u043e\u0440\u043c\u0430\u0446\u0438\u043e\u043d\u0435 \u0442\u0435\u0445\u043d\u043e\u043b\u043e\u0433\u0438\u0458\u0435 \u041a\u0440\u0430\u0433\u0443\u0458\u0435\u0432\u0430\u0446, \u041b\u0438\u0446\u0435\u0458\u0430 \u041a\u043d\u0435\u0436\u0435\u0432\u0438\u043d\u0435 \u0421\u0440\u0431\u0438\u0458\u0435 1\u0410, 34000 \u041a\u0440\u0430\u0433\u0443\u0458\u0435\u0432\u0430\u0446 \u0415-\u043f\u043e\u0448\u0442\u0430: bmilenkovic@kg.ac.rs \u0418\u0411\u0418 \u0431\u0440\u043e\u0458 \u0438\u0441\u0442\u0440\u0430\u0436\u0438\u0432\u0430\u0447\u0430: AW261 \ud83d\udcc4 CV \u2013 \u0421\u0440\u043f\u0441\u043a\u0438 \ud83d\udcc4 CV \u2013 English \u041a\u0440\u0430\u0442\u0430\u043a \u043e\u043f\u0438\u0441 \u0438\u0441\u0442\u0440\u0430\u0436\u0438\u0432\u0430\u045a\u0430 \u0418\u0441\u0442\u0440\u0430\u0436\u0438\u0432\u0430\u045a\u0430 \u0434\u0440 \u0411\u0438\u0459\u0430\u043d\u0435 \u041d\u0438\u043a\u0438\u045b \u0443\u0441\u043c\u0435\u0440\u0435\u043d\u0430 \u0441\u0443&#8230;<\/p>","protected":false},"author":1,"featured_media":0,"parent":0,"menu_order":0,"comment_status":"closed","ping_status":"closed","template":"","meta":{"_eb_attr":"","footnotes":""},"class_list":["post-20994","page","type-page","status-publish","hentry"],"_links":{"self":[{"href":"https:\/\/iit.ac.rs\/en\/wp-json\/wp\/v2\/pages\/20994","targetHints":{"allow":["GET"]}}],"collection":[{"href":"https:\/\/iit.ac.rs\/en\/wp-json\/wp\/v2\/pages"}],"about":[{"href":"https:\/\/iit.ac.rs\/en\/wp-json\/wp\/v2\/types\/page"}],"author":[{"embeddable":true,"href":"https:\/\/iit.ac.rs\/en\/wp-json\/wp\/v2\/users\/1"}],"replies":[{"embeddable":true,"href":"https:\/\/iit.ac.rs\/en\/wp-json\/wp\/v2\/comments?post=20994"}],"version-history":[{"count":7,"href":"https:\/\/iit.ac.rs\/en\/wp-json\/wp\/v2\/pages\/20994\/revisions"}],"predecessor-version":[{"id":22489,"href":"https:\/\/iit.ac.rs\/en\/wp-json\/wp\/v2\/pages\/20994\/revisions\/22489"}],"wp:attachment":[{"href":"https:\/\/iit.ac.rs\/en\/wp-json\/wp\/v2\/media?parent=20994"}],"curies":[{"name":"wp","href":"https:\/\/api.w.org\/{rel}","templated":true}]}}