{"id":20999,"date":"2025-11-14T09:29:19","date_gmt":"2025-11-14T09:29:19","guid":{"rendered":"https:\/\/iit.ac.rs\/?page_id=20999"},"modified":"2025-11-14T09:33:44","modified_gmt":"2025-11-14T09:33:44","slug":"dr-sanja-matic","status":"publish","type":"page","link":"https:\/\/iit.ac.rs\/en\/dr-sanja-matic\/","title":{"rendered":"Dr Sanja Mati\u0107"},"content":{"rendered":"<div data-elementor-type=\"wp-page\" data-elementor-id=\"20999\" class=\"elementor elementor-20999\">\n\t\t\t\t<div class=\"elementor-element elementor-element-498ca7a e-flex e-con-boxed e-con e-parent\" data-id=\"498ca7a\" data-element_type=\"container\">\n\t\t\t\t\t<div class=\"e-con-inner\">\n\t\t\t\t<div class=\"elementor-element elementor-element-e233f82 elementor-widget elementor-widget-html\" data-id=\"e233f82\" data-element_type=\"widget\" data-widget_type=\"html.default\">\n\t\t\t\t\t<div class=\"iit-rp\" style=\"--accent:#07294DE8;\">\r\n  \r\n  <!-- FOTO -->\r\n  <div class=\"photo\">\r\n    <img decoding=\"async\" src=\"https:\/\/iit.ac.rs\/wp-content\/uploads\/2025\/11\/Sanjamatic2.jpg\" alt=\"\u0434\u0440 \u0421\u0430\u045a\u0430 \u041c\u0430\u0442\u0438\u045b\">\r\n  <\/div>\r\n\r\n  <!-- GLAVNI PODACI -->\r\n  <div class=\"head\">\r\n    <h2>\u0414\u0440 \u0421\u0430\u045a\u0430 \u041c\u0430\u0442\u0438\u045b<\/h2>\r\n\r\n    <div class=\"badges\">\r\n      <span class=\"badge\">Senior research\nassociate<\/span>\r\n      <span class=\"badge\">Bioinformatics and applied biology<\/span>\r\n    <\/div>\r\n\r\n    <div class=\"meta\">\r\n      <div><b>Education:<\/b> Doctor of Science - Biological Sciences<\/div>\r\n      <div><b>Address:<\/b> Institute of Information Technologies Kragujevac, Liceja Kne\u017eevine Srbije 1A, 34000 Kragujevac<\/div>\r\n      <div><b>Email:<\/b> sanjamatic@kg.ac.rs, sanjamatic@uni.kg.ac.rs<\/div>\r\n      <div><b>IBI researcher number:<\/b> AI687<\/div>\r\n    <\/div>\r\n\r\n    <!-- LINKOVI -->\r\n    <div class=\"ext\">\r\n\r\n      <a href=\"https:\/\/enauka.gov.rs\/cris\/rp\/rp06351\" target=\"_blank\" rel=\"noopener\">\r\n        <img decoding=\"async\" src=\"https:\/\/iit.ac.rs\/wp-content\/uploads\/2025\/11\/enauka.jpg\" alt=\"eNauka\">\r\n      <\/a>\r\n\r\n      <a href=\"https:\/\/scidar.kg.ac.rs\/browse?type=author&authority=65fee0dd-9717-4bd6-861e-ca00ab77c6a0\" target=\"_blank\" rel=\"noopener\">\r\n        <img decoding=\"async\" src=\"https:\/\/iit.ac.rs\/wp-content\/uploads\/2025\/11\/koc.jpg\" alt=\"SCIDAR\">\r\n      <\/a>\r\n\r\n      <a href=\"https:\/\/orcid.org\/0000-0003-4570-4370\" target=\"_blank\" rel=\"noopener\">\r\n        <img decoding=\"async\" src=\"https:\/\/iit.ac.rs\/wp-content\/uploads\/2025\/11\/orcid.jpg\" alt=\"ORCID\">\r\n      <\/a>\r\n\r\n      <a href=\"https:\/\/www.researchgate.net\/profile\/Sanja-Matic-2\" target=\"_blank\" rel=\"noopener\">\r\n        <img decoding=\"async\" src=\"https:\/\/iit.ac.rs\/wp-content\/uploads\/2025\/11\/rg.jpg\" alt=\"ResearchGate\">\r\n      <\/a>\r\n\r\n      <a href=\"https:\/\/www.linkedin.com\/in\/sanja-mati%C4%87-a8515a17b\/\" target=\"_blank\" rel=\"noopener\">\r\n        <img decoding=\"async\" src=\"https:\/\/iit.ac.rs\/wp-content\/uploads\/2025\/11\/linkedin.jpg\" alt=\"LinkedIn\">\r\n      <\/a>\r\n\r\n      <a href=\"https:\/\/www.scopus.com\/authid\/detail.uri?authorId=29467622100\" target=\"_blank\" rel=\"noopener\">\r\n        <img decoding=\"async\" src=\"https:\/\/iit.ac.rs\/wp-content\/uploads\/2025\/11\/scopus.jpg\" alt=\"Scopus\">\r\n      <\/a>\r\n\r\n    <\/div>\r\n\r\n    <!-- DUGMAD -->\r\n    <div class=\"actions\">\r\n      <a class=\"btn\" href=\"https:\/\/iit.ac.rs\/wp-content\/uploads\/2025\/11\/Sanja-Matic-Radna-biografija.docx\" target=\"_blank\" rel=\"noopener\">\r\n        <span class=\"ico\">\ud83d\udcc4<\/span> CV - Serbian\r\n      <\/a>\r\n\r\n      <a class=\"btn\" href=\"https:\/\/iit.ac.rs\/wp-content\/uploads\/2025\/11\/Sanja-Matic-Biography-Template.doc\" target=\"_blank\" rel=\"noopener\">\r\n        <span class=\"ico\">\ud83d\udcc4<\/span> CV \u2013 English\r\n      <\/a>\r\n    <\/div>\r\n\r\n  <\/div>\r\n\r\n  <!-- SECTIONS -->\r\n  <div class=\"card\">\r\n    <div class=\"accordion\">\r\n\r\n      <!-- 1. Kratak opis -->\r\n      <details open>\r\n        <summary>Brief description of the research<\/summary>\r\n        <div class=\"content\">\r\n          <p>\r\n            Dr. Sanja Mati\u0107 has made significant scientific contributions in the field of Biology, especially Genetics and Genotoxicology. Her research was focused in two directions: the first relates to the investigation of potential genotoxic activity, i.e. the ability of agents of natural (plant extracts) and artificial origin (selected secondary plant metabolites) to induce DNA damage in vitro and in vivo conditions; while the second is aimed at testing the protective activity of biologically active substances in germinal and\/or somatic cells in organisms of different organizational levels in in vitro and in vivo conditions. Testing the in vitro antigenotoxic activity of plant extracts and selected pure components aims to detect the degree of DNA protection after damage induced by hydroxyl and peroxyl radicals, which encourages further research and their potential use for nutritional and\/or pharmacological purposes. After testing methanol extracts and components in conditions that simulate physiological conditions, i.e. In vitro, genotoxic activity and DNA protective potential were examined in vivo using a test for the detection of sex-linked recessive lethal mutations in the eukaryotic model organism D. melanogaster and the Comet test in D. melanogaster and Wistar rat strains with the aim of obtaining results that would most closely reflect the physiological significance of the tested agents.\r\n          <\/p>\r\n        <\/div>\r\n      <\/details>\r\n\r\n      <!-- 2. References -->\r\n      <details>\r\n        <summary>Selected references<\/summary>\r\n        <div class=\"content\">\r\n        <ol class=\"refs\">\r\n\r\n  <li>\r\n    Milan Mladenovi\u0107, Nevena Stankovi\u0107, Sanja Mati\u0107, Sne\u017eana Stani\u0107, Mirjana Mihailovi\u0107, Vladimir Mihailovi\u0107, \r\n    Jelena Katani\u0107, Tatjana Boroja, Nenad Vukovi\u0107, \r\n    <i>Newly discovered chroman-2,4-diones neutralize the in vivo DNA damage induced by alkylation through the inhibition of Topoisomerase IIa: A story behind the molecular modeling approach<\/i>, \r\n    <b>Biochemical Pharmacology<\/b>, (2015), vol. 98, str. 243\u2013266.  \r\n    ISSN: 0006-2952. IF2015 = 5.091, M21a.  \r\n    DOI: <a href=\"https:\/\/doi.org\/10.1016\/j.bcp.2015.08.106\" target=\"_blank\">10.1016\/j.bcp.2015.08.106<\/a>\r\n  <\/li>\r\n\r\n  <li>\r\n    Sanja Mati\u0107, Jelena Katani\u0107, Sne\u017eana Stani\u0107, Milan Mladenovi\u0107, Nevena Stankovi\u0107, Vladimir Mihailovi\u0107, \r\n    Tatjana Boroja, \r\n    <i>In vitro and in vivo assessment of the genotoxicity and antigenotoxicity of the Filipendula hexapetala and Filipendula ulmaria methanol extracts<\/i>, \r\n    <b>Journal of Ethnopharmacology<\/b>, (2015), vol. 174, str. 287\u2013292.  \r\n    ISSN: 0378-8741. IF2015 = 3.055, M21a.  \r\n    DOI: <a href=\"https:\/\/doi.org\/10.1016\/j.jep.2015.08.025\" target=\"_blank\">10.1016\/j.jep.2015.08.025<\/a>\r\n  <\/li>\r\n\r\n  <li>\r\n    Sanja Mati\u0107, Sne\u017eana Stani\u0107, Mirjana Mihailovi\u0107, Desanka Bogojevi\u0107, \r\n    <i>Cotinus coggygria Scop.: An overview of its chemical constituents, pharmacological and toxicological potential<\/i>, \r\n    <b>Saudi Journal of Biological Sciences<\/b>, (2016), vol. 23, str. 452\u2013461.  \r\n    ISSN: 1319-562X. IF2016 = 2.564, M21.  \r\n    DOI: <a href=\"https:\/\/doi.org\/10.1016\/j.sjbs.2015.05.012\" target=\"_blank\">10.1016\/j.sjbs.2015.05.012<\/a>\r\n  <\/li>\r\n\r\n  <li>\r\n    Nikola Stankovi\u0107, Ivana Kosti\u0107, Boris Jovanovi\u0107, Dimitrija Savi\u0107-Zdravkovi\u0107, Sanja Mati\u0107, Jelena Ba\u0161i\u0107, \r\n    Tatjana Cvetkovi\u0107, Jelica Simeunovi\u0107, Djuradj Milo\u0161evi\u0107, \r\n    <i>Can phytoplankton blooming be harmful to benthic organisms? The toxic influence of Anabaena sp. and Chlorella sp. on Chironomus riparius larvae<\/i>, \r\n    <b>Science of The Total Environment<\/b>, (2020), vol. 729, str. 138666.  \r\n    IF2020 = 7.963.  \r\n    DOI: <a href=\"https:\/\/doi.org\/10.1016\/j.scitotenv.2020.138666\" target=\"_blank\">10.1016\/j.scitotenv.2020.138666<\/a>\r\n  <\/li>\r\n\r\n  <li>\r\n    Milena Vuki\u0107, Nenad Vukovi\u0107, Milan Mladenovi\u0107, Nevena Toma\u0161evi\u0107, Sanja Mati\u0107, Sne\u017eana Stani\u0107, \r\n    Filippo Sapienza, Rino Ragno, Mijat Bo\u017eovi\u0107, Miroslava Kac\u00e1niov\u00e1, \r\n    <i>Chemical composition of various <i>Nepeta cataria<\/i> plant organs\u2019 methanol extracts associated with in vivo hepatoprotective and antigenotoxic features as well as molecular modeling investigations<\/i>, \r\n    <b>Plants<\/b>, (2022), vol. 11, str. 2114.  \r\n    IF2021 = 4.658, M21a.  \r\n    DOI: <a href=\"https:\/\/doi.org\/10.3390\/plants11162114\" target=\"_blank\">10.3390\/plants11162114<\/a>\r\n  <\/li>\r\n\r\n<\/ol>\r\n\r\n        <\/div>\r\n      <\/details>\r\n\r\n    <\/div>\r\n  <\/div>\r\n\r\n<\/div>\r\n\t\t\t\t<\/div>\n\t\t\t\t\t<\/div>\n\t\t\t\t<\/div>\n\t\t\t\t<\/div>","protected":false},"excerpt":{"rendered":"<p>\u0434\u0440 \u0421\u0430\u045a\u0430 \u041c\u0430\u0442\u0438\u045b \u0412\u0438\u0448\u0438 \u043d\u0430\u0443\u0447\u043d\u0438 \u0441\u0430\u0440\u0430\u0434\u043d\u0438\u043a \u0411\u0438\u043e\u0438\u043d\u0444\u043e\u0440\u043c\u0430\u0442\u0438\u043a\u0430 \u0438 \u043f\u0440\u0438\u043c\u0435\u045a\u0435\u043d\u0430 \u0431\u0438\u043e\u043b\u043e\u0433\u0438\u0458\u0430 \u041e\u0431\u0440\u0430\u0437\u043e\u0432\u0430\u045a\u0435: \u0414\u043e\u043a\u0442\u043e\u0440 \u043d\u0430\u0443\u043a\u0430 \u2013 \u0431\u0438\u043e\u043b\u043e\u0448\u043a\u0435 \u043d\u0430\u0443\u043a\u0435 \u0410\u0434\u0440\u0435\u0441\u0430: \u0418\u043d\u0441\u0442\u0438\u0442\u0443\u0442 \u0437\u0430 \u0438\u043d\u0444\u043e\u0440\u043c\u0430\u0446\u0438\u043e\u043d\u0435 \u0442\u0435\u0445\u043d\u043e\u043b\u043e\u0433\u0438\u0458\u0435 \u041a\u0440\u0430\u0433\u0443\u0458\u0435\u0432\u0430\u0446, \u041b\u0438\u0446\u0435\u0458\u0430 \u041a\u043d\u0435\u0436\u0435\u0432\u0438\u043d\u0435 \u0421\u0440\u0431\u0438\u0458\u0435 1\u0410, 34000 \u041a\u0440\u0430\u0433\u0443\u0458\u0435\u0432\u0430\u0446 \u0415-\u043f\u043e\u0448\u0442\u0430: sanjamatic@kg.ac.rs, sanjamatic@uni.kg.ac.rs \u0418\u0411\u0418 \u0431\u0440\u043e\u0458 \u0438\u0441\u0442\u0440\u0430\u0436\u0438\u0432\u0430\u0447\u0430: AI687 \ud83d\udcc4 CV \u2013 \u0421\u0440\u043f\u0441\u043a\u0438 \ud83d\udcc4 CV \u2013 English \u041a\u0440\u0430\u0442\u0430\u043a \u043e\u043f\u0438\u0441 \u0438\u0441\u0442\u0440\u0430\u0436\u0438\u0432\u0430\u045a\u0430 \u0414\u0440 \u0421\u0430\u045a\u0430 \u041c\u0430\u0442\u0438\u045b \u0458\u0435 \u043e\u0441\u0442\u0432\u0430\u0440\u0438\u043b\u0430 \u0437\u043d\u0430\u0447\u0430\u0458\u0430\u043d \u043d\u0430\u0443\u0447\u043d\u0438 \u0434\u043e\u043f\u0440\u0438\u043d\u043e\u0441 \u0443&#8230;<\/p>","protected":false},"author":1,"featured_media":0,"parent":0,"menu_order":0,"comment_status":"closed","ping_status":"closed","template":"","meta":{"_eb_attr":"","footnotes":""},"class_list":["post-20999","page","type-page","status-publish","hentry"],"_links":{"self":[{"href":"https:\/\/iit.ac.rs\/en\/wp-json\/wp\/v2\/pages\/20999","targetHints":{"allow":["GET"]}}],"collection":[{"href":"https:\/\/iit.ac.rs\/en\/wp-json\/wp\/v2\/pages"}],"about":[{"href":"https:\/\/iit.ac.rs\/en\/wp-json\/wp\/v2\/types\/page"}],"author":[{"embeddable":true,"href":"https:\/\/iit.ac.rs\/en\/wp-json\/wp\/v2\/users\/1"}],"replies":[{"embeddable":true,"href":"https:\/\/iit.ac.rs\/en\/wp-json\/wp\/v2\/comments?post=20999"}],"version-history":[{"count":7,"href":"https:\/\/iit.ac.rs\/en\/wp-json\/wp\/v2\/pages\/20999\/revisions"}],"predecessor-version":[{"id":21011,"href":"https:\/\/iit.ac.rs\/en\/wp-json\/wp\/v2\/pages\/20999\/revisions\/21011"}],"wp:attachment":[{"href":"https:\/\/iit.ac.rs\/en\/wp-json\/wp\/v2\/media?parent=20999"}],"curies":[{"name":"wp","href":"https:\/\/api.w.org\/{rel}","templated":true}]}}