{"id":21014,"date":"2025-11-14T09:35:47","date_gmt":"2025-11-14T09:35:47","guid":{"rendered":"https:\/\/iit.ac.rs\/?page_id=21014"},"modified":"2026-03-04T09:20:09","modified_gmt":"2026-03-04T09:20:09","slug":"dr-%d1%98elena-katanic-stankovic","status":"publish","type":"page","link":"https:\/\/iit.ac.rs\/en\/dr-%d1%98elena-katanic-stankovic\/","title":{"rendered":"Dr Jelena Katani\u0107 Stankovi\u0107"},"content":{"rendered":"<div data-elementor-type=\"wp-page\" data-elementor-id=\"21014\" class=\"elementor elementor-21014\">\n\t\t\t\t<div class=\"elementor-element elementor-element-27c86fc e-flex e-con-boxed e-con e-parent\" data-id=\"27c86fc\" data-element_type=\"container\">\n\t\t\t\t\t<div class=\"e-con-inner\">\n\t\t\t\t<div class=\"elementor-element elementor-element-3fb8673 elementor-widget elementor-widget-html\" data-id=\"3fb8673\" data-element_type=\"widget\" data-widget_type=\"html.default\">\n\t\t\t\t\t<div class=\"iit-rp\" style=\"--accent:#07294DE8;\">\r\n\r\n  <!-- FOTO -->\r\n  <div class=\"photo\">\r\n    <img decoding=\"async\" src=\"https:\/\/iit.ac.rs\/wp-content\/uploads\/2025\/11\/JelenaKatanic2.jpg\" alt=\"\u0434\u0440 \u0408\u0435\u043b\u0435\u043d\u0430 \u0421. \u041a\u0430\u0442\u0430\u043d\u0438\u045b \u0421\u0442\u0430\u043d\u043a\u043e\u0432\u0438\u045b\">\r\n  <\/div>\r\n\r\n  <!-- HEADER INFO -->\r\n  <div class=\"head\">\r\n    <h2>Dr Jelena Katani\u0107 Stankovi\u0107<\/h2>\r\n\r\n    <div class=\"badges\">\r\n      <span class=\"badge\">Senior research\nassociate<\/span>\r\n      <span class=\"badge\">Bioorganic and bioinorganic chemistry<\/span>\r\n    <\/div>\r\n\r\n    <div class=\"meta\">\r\n      <div><b>Education:<\/b> Doctor of Science - Chemical Sciences<\/div>\r\n      <div><b>Address:<\/b> Institute of Information Technologies Kragujevac, Liceja Kne\u017eevine Srbije 1A, 34000 Kragujevac<\/div>\r\n      <div><b>Email:<\/b> jkatanic@kg.ac.rs, jelena.katanic.stankovic@uni.kg.ac.rs<\/div>\r\n      <div><b>IBI researcher number:<\/b> AU956<\/div>\r\n    <\/div>\r\n\r\n    <!-- LINKOVI -->\r\n    <div class=\"ext\">\r\n\r\n      <a href=\"https:\/\/enauka.gov.rs\/cris\/rp\/rp04856\" target=\"_blank\">\r\n        <img decoding=\"async\" src=\"https:\/\/iit.ac.rs\/wp-content\/uploads\/2025\/11\/enauka.jpg\" alt=\"eNauka\">\r\n      <\/a>\r\n\r\n      <a href=\"https:\/\/scidar.kg.ac.rs\/bibliography?orcid=0000-0002-2997-9588\" target=\"_blank\">\r\n        <img decoding=\"async\" src=\"https:\/\/iit.ac.rs\/wp-content\/uploads\/2025\/11\/koc.jpg\" alt=\"SCIDAR\">\r\n      <\/a>\r\n\r\n      <a href=\"https:\/\/orcid.org\/0000-0002-2997-9588\" target=\"_blank\">\r\n        <img decoding=\"async\" src=\"https:\/\/iit.ac.rs\/wp-content\/uploads\/2025\/11\/orcid.jpg\" alt=\"ORCID\">\r\n      <\/a>\r\n\r\n      <a href=\"https:\/\/www.researchgate.net\/profile\/Jelena_Katanic_Stankovic?ev=hdr_xprf\" target=\"_blank\">\r\n        <img decoding=\"async\" src=\"https:\/\/iit.ac.rs\/wp-content\/uploads\/2025\/11\/rg.jpg\" alt=\"ResearchGate\">\r\n      <\/a>\r\n\r\n      <a href=\"https:\/\/www.linkedin.com\/in\/jelena-katanic-stankovic-361082194\/\" target=\"_blank\">\r\n        <img decoding=\"async\" src=\"https:\/\/iit.ac.rs\/wp-content\/uploads\/2025\/11\/linkedin.jpg\" alt=\"LinkedIn\">\r\n      <\/a>\r\n\r\n      <a href=\"https:\/\/www.scopus.com\/authid\/detail.uri?authorId=55508125600\" target=\"_blank\">\r\n        <img decoding=\"async\" src=\"https:\/\/iit.ac.rs\/wp-content\/uploads\/2025\/11\/scopus.jpg\" alt=\"Scopus\">\r\n      <\/a>\r\n\r\n    <\/div>\r\n\r\n    <!-- DUGMAD -->\r\n    <div class=\"actions\">\r\n      <a class=\"btn\" href=\"https:\/\/iit.ac.rs\/wp-content\/uploads\/2025\/11\/JelenaKatanic_Radna-biografija-template.docx\" target=\"_blank\">\r\n        <span class=\"ico\">\ud83d\udcc4<\/span> CV - Serbian\r\n      <\/a>\r\n\r\n      <a class=\"btn\" href=\"https:\/\/iit.ac.rs\/wp-content\/uploads\/2025\/11\/JKS_Biography-Template.docx\" target=\"_blank\">\r\n        <span class=\"ico\">\ud83d\udcc4<\/span> CV \u2013 English\r\n      <\/a>\r\n    <\/div>\r\n\r\n  <\/div>\r\n\r\n  <!-- SECTIONS -->\r\n  <div class=\"card\">\r\n    <div class=\"accordion\">\r\n\r\n      <!-- KRATAK OPIS -->\r\n      <details open>\r\n        <summary>Brief description of the research<\/summary>\r\n        <div class=\"content\">\r\n          <p>\r\n            The research focus of Dr. Katani\u0107 Stankovi\u0107 is on the phytochemical and pharmacological characterization of extracts of medicinal plants,\nfruits of indigenous varieties and their products. In addition, other biologically active natural products are being investigated as potential\nsources of new medicinal active principles and dietary supplements.\r\n          <\/p>\r\n          <p>\r\n            The phytochemical profile is analyzed using modern chromatographic methods, such as HPTLC, HPLC, LC-MS and GC-MS.\nThe biological and pharmacological potential of the samples is examined in various systems, in vitro, in vivo and in silico conditions,\nwith a special focus on antioxidant activity, redox status and anti-inflammatory effects.\r\n          <\/p>\r\n          <p>\r\n            Further research will, among other things, be aimed at examining the impact of selected medicinal plant species in the prevention and\ntreatment of gynecological diseases, as well as their effects on the reproductive system as a whole.\r\n          <\/p>\r\n          <p>\r\n            The ultimate goal is to achieve products with high biological potential that can be applied in the prevention or treatment of various\ndiseases, as well as in the pharmaceutical, cosmetic and food industries.\r\n          <\/p>\r\n        <\/div>\r\n      <\/details>\r\n\r\n      <!-- IZABRANE REFERENCE -->\r\n      <details>\r\n        <summary>Selected references<\/summary>\r\n        <div class=\"content\">\r\n\r\n          <ol class=\"refs\">\r\n\r\n            <li>\r\n              J. S. Katani\u0107 Stankovi\u0107, N. Mi\u0107\u0430\u043dovi\u0107, N. Grozdani\u0107, A. Kosti\u0107, U. Ga\u0161i\u0107, T. Stanojkovi\u0107, J. Popovi\u0107-\u0110or\u0111evi\u0107, \r\n              <i>Polyphenolic Profile, Antioxidant and Antidiabetic Potential of Medlar (Mespilus germanica L.), Blackthorn (Prunus spinosa L.) and Common Hawthorn (Crataegus monogyna Jacq.) Fruit Extracts from Serbia<\/i>, \r\n              <b>Horticulturae<\/b> 8, 2022, 1053.  \r\n              DOI: <a href=\"https:\/\/doi.org\/10.3390\/horticulturae8111053\" target=\"_blank\">10.3390\/horticulturae8111053<\/a>\r\n            <\/li>\r\n\r\n            <li>\r\n              Mi\u0107ovi\u0107, J. S. Katani\u0107 Stankovi\u0107, R. Bauer, X. N\u00f6st, D. Milenkovi\u0107, Z. Markovi\u0107, V. Jakovljevi\u0107, M. Tomovi\u0107, J. Bradi\u0107, D. Ste\u0161evi\u0107, \r\n              D. Stojanovi\u0107, Z. Maks\u0438\u043c\u043e\u0432\u0438\u045b, \r\n              <i>In vitro, in vivo and in silico evaluation of the anti-inflammatory potential of Hyssopus officinalis L. subsp. aristatus (Godr.) Nyman (Lamiaceae)<\/i>, \r\n              <b>Journal of Ethnopharmacology<\/b> 293, 2022, 115201.  \r\n              DOI: <a href=\"https:\/\/doi.org\/10.1016\/j.jep.2022.115201\" target=\"_blank\">10.1016\/j.jep.2022.115201<\/a>\r\n            <\/li>\r\n\r\n            <li>\r\n              J. S. Katani\u0107 Stankovi\u0107, D. Selakovic, V. Mihailovic, G. Rosic, \r\n              <i>Antioxidant Supplementation in the Treatment of Neurotoxicity Induced by Platinum-Based Chemotherapeutics \u2013 A Review<\/i>, \r\n              <b>International Journal of Molecular Sciences<\/b> 21, 2020, 7753.  \r\n              DOI: <a href=\"https:\/\/doi.org\/10.3390\/ijms21207753\" target=\"_blank\">10.3390\/ijms21207753<\/a>\r\n            <\/li>\r\n\r\n            <li>\r\n              J. S. Katani\u0107 Stankovi\u0107, N. Sre\u0107kovi\u0107, D. Mi\u0161i\u0107, U. Ga\u0161i\u0107, P. Imbimbo, D. M. Monti, V. Mihailovi\u0107, \r\n              <i>Bioactivity, biocompatibility and phytochemical assessment of lilac sage, Salvia verticillata L. (Lamiaceae) \u2013 A plant rich in rosmarinic acid<\/i>, \r\n              <b>Industrial Crops and Products<\/b> 143, 2020, 111932.  \r\n              DOI: <a href=\"https:\/\/doi.org\/10.1016\/j.indcrop.2019.111932\" target=\"_blank\">10.1016\/j.indcrop.2019.111932<\/a>\r\n            <\/li>\r\n\r\n            <li>\r\n              J. Katani\u0107, T. Boroja, V. Mihailovi\u0107, S. Nikles, S.-P. Pan, G. Rosi\u0107, D. Selakovi\u0107, J. Joks\u0438\u043c\u043e\u0432\u0438\u045b, S. Mitrovi\u0107, R. Bauer, \r\n              <i>In vitro and in vivo assessment of meadowsweet (Filipendula ulmaria) as anti-inflammatory agent<\/i>, \r\n              <b>Journal of Ethnopharmacology<\/b> 193, 2016, 627\u2013636. corr. 198, 2017, 608\u2013609.  \r\n              DOI: <a href=\"https:\/\/doi.org\/10.1016\/j.jep.2016.10.015\" target=\"_blank\">10.1016\/j.jep.2016.10.015<\/a>\r\n            <\/li>\r\n\r\n          <\/ol>\r\n\r\n        <\/div>\r\n      <\/details>\r\n\r\n    <\/div>\r\n  <\/div>\r\n\r\n<\/div>\r\n\t\t\t\t<\/div>\n\t\t\t\t\t<\/div>\n\t\t\t\t<\/div>\n\t\t\t\t<\/div>","protected":false},"excerpt":{"rendered":"<p>\u0434\u0440 \u0408\u0435\u043b\u0435\u043d\u0430 \u0421. \u041a\u0430\u0442\u0430\u043d\u0438\u045b \u0421\u0442\u0430\u043d\u043a\u043e\u0432\u0438\u045b \u0412\u0438\u0448\u0438 \u043d\u0430\u0443\u0447\u043d\u0438 \u0441\u0430\u0440\u0430\u0434\u043d\u0438\u043a \u0411\u0438\u043e\u043e\u0440\u0433\u0430\u043d\u0441\u043a\u0430 \u0438 \u0431\u0438\u043e\u043d\u0435\u043e\u0440\u0433\u0430\u043d\u0441\u043a\u0430 \u0445\u0435\u043c\u0438\u0458\u0430 \u041e\u0431\u0440\u0430\u0437\u043e\u0432\u0430\u045a\u0435: \u0414\u043e\u043a\u0442\u043e\u0440 \u043d\u0430\u0443\u043a\u0430 \u2013 \u0445\u0435\u043c\u0438\u0458\u0441\u043a\u0435 \u043d\u0430\u0443\u043a\u0435 \u0410\u0434\u0440\u0435\u0441\u0430: \u0418\u043d\u0441\u0442\u0438\u0442\u0443\u0442 \u0437\u0430 \u0438\u043d\u0444\u043e\u0440\u043c\u0430\u0446\u0438\u043e\u043d\u0435 \u0442\u0435\u0445\u043d\u043e\u043b\u043e\u0433\u0438\u0458\u0435 \u041a\u0440\u0430\u0433\u0443\u0458\u0435\u0432\u0430\u0446, \u041b\u0438\u0446\u0435\u0458\u0430 \u041a\u043d\u0435\u0436\u0435\u0432\u0438\u043d\u0435 \u0421\u0440\u0431\u0438\u0458\u0435 1\u0410, 34000 \u041a\u0440\u0430\u0433\u0443\u0458\u0435\u0432\u0430\u0446 \u0415-\u043f\u043e\u0448\u0442\u0430: jkatanic@kg.ac.rs, jelena.katanic.stankovic@uni.kg.ac.rs \u0418\u0411\u0418 \u0431\u0440\u043e\u0458 \u0438\u0441\u0442\u0440\u0430\u0436\u0438\u0432\u0430\u0447\u0430: AU956 \ud83d\udcc4 CV \u2013 \u0421\u0440\u043f\u0441\u043a\u0438 \ud83d\udcc4 CV \u2013 English \u041a\u0440\u0430\u0442\u0430\u043a \u043e\u043f\u0438\u0441 \u0438\u0441\u0442\u0440\u0430\u0436\u0438\u0432\u0430\u045a\u0430 \u0424\u043e\u043a\u0443\u0441 \u0438\u0441\u0442\u0440\u0430\u0436\u0438\u0432\u0430\u045a\u0430 \u0434\u0440 \u041a\u0430\u0442\u0430\u043d\u0438\u045b \u0421\u0442\u0430\u043d\u043a\u043e\u0432\u0438\u045b \u0443\u0441\u043c\u0435\u0440\u0435\u043d \u0458\u0435&#8230;<\/p>","protected":false},"author":1,"featured_media":0,"parent":0,"menu_order":0,"comment_status":"closed","ping_status":"closed","template":"","meta":{"_eb_attr":"","footnotes":""},"class_list":["post-21014","page","type-page","status-publish","hentry"],"_links":{"self":[{"href":"https:\/\/iit.ac.rs\/en\/wp-json\/wp\/v2\/pages\/21014","targetHints":{"allow":["GET"]}}],"collection":[{"href":"https:\/\/iit.ac.rs\/en\/wp-json\/wp\/v2\/pages"}],"about":[{"href":"https:\/\/iit.ac.rs\/en\/wp-json\/wp\/v2\/types\/page"}],"author":[{"embeddable":true,"href":"https:\/\/iit.ac.rs\/en\/wp-json\/wp\/v2\/users\/1"}],"replies":[{"embeddable":true,"href":"https:\/\/iit.ac.rs\/en\/wp-json\/wp\/v2\/comments?post=21014"}],"version-history":[{"count":4,"href":"https:\/\/iit.ac.rs\/en\/wp-json\/wp\/v2\/pages\/21014\/revisions"}],"predecessor-version":[{"id":21025,"href":"https:\/\/iit.ac.rs\/en\/wp-json\/wp\/v2\/pages\/21014\/revisions\/21025"}],"wp:attachment":[{"href":"https:\/\/iit.ac.rs\/en\/wp-json\/wp\/v2\/media?parent=21014"}],"curies":[{"name":"wp","href":"https:\/\/api.w.org\/{rel}","templated":true}]}}