{"id":21028,"date":"2025-11-14T09:39:42","date_gmt":"2025-11-14T09:39:42","guid":{"rendered":"https:\/\/iit.ac.rs\/?page_id=21028"},"modified":"2026-03-04T09:20:56","modified_gmt":"2026-03-04T09:20:56","slug":"dr-aleksandra-miloskovic","status":"publish","type":"page","link":"https:\/\/iit.ac.rs\/en\/dr-aleksandra-miloskovic\/","title":{"rendered":"Dr Aleksandra Milo\u0161kovi\u0107"},"content":{"rendered":"<div data-elementor-type=\"wp-page\" data-elementor-id=\"21028\" class=\"elementor elementor-21028\">\n\t\t\t\t<div class=\"elementor-element elementor-element-0bcf2d6 e-flex e-con-boxed e-con e-parent\" data-id=\"0bcf2d6\" data-element_type=\"container\">\n\t\t\t\t\t<div class=\"e-con-inner\">\n\t\t\t\t<div class=\"elementor-element elementor-element-57ff07c elementor-widget elementor-widget-html\" data-id=\"57ff07c\" data-element_type=\"widget\" data-widget_type=\"html.default\">\n\t\t\t\t\t<div class=\"iit-rp\" style=\"--accent:#07294DE8;\">\r\n\r\n  <!-- FOTO -->\r\n  <div class=\"photo\">\r\n    <img decoding=\"async\" src=\"https:\/\/iit.ac.rs\/wp-content\/uploads\/2025\/11\/AleksandaMiloskovic.jpg\" alt=\"\u0434\u0440 \u0410\u043b\u0435\u043a\u0441\u0430\u043d\u0434\u0440\u0430 \u041c\u0438\u043b\u043e\u0448\u043a\u043e\u0432\u0438\u045b\">\r\n  <\/div>\r\n\r\n  <!-- HEADER INFO -->\r\n  <div class=\"head\">\r\n    <h2>Dr Aleksandra Milo\u0161kovi\u0107<\/h2>\r\n\r\n    <div class=\"badges\">\r\n      <span class=\"badge\">Senior research\nassociate<\/span>\r\n      <span class=\"badge\">Bioinformatics and applied biology<\/span>\r\n    <\/div>\r\n\r\n    <div class=\"meta\">\r\n      <div><b>Education:<\/b> Doctor of Biological Sciences<\/div>\r\n      <div><b>Address:<\/b> Institute of Information Technologies Kragujevac, Jovana Cviji\u0107a bb, 34000 Kragujevac<\/div>\r\n      <div><b>Email:<\/b> aleksandra@uni.kg.ac.rs, alekmil@kg.ac.rs<\/div>\r\n      <div><b>IBI researcher number:<\/b> AT055<\/div>\r\n    <\/div>\r\n\r\n    <!-- LINKOVI -->\r\n    <div class=\"ext\">\r\n\r\n      <a href=\"https:\/\/enauka.gov.rs\/cris\/rp\/rp06973\" target=\"_blank\">\r\n        <img decoding=\"async\" src=\"https:\/\/iit.ac.rs\/wp-content\/uploads\/2025\/11\/enauka.jpg\" alt=\"eNauka\">\r\n      <\/a>\r\n\r\n      <a href=\"https:\/\/orcid.org\/my-orcid?orcid=0000-0003-2407-7099\" target=\"_blank\">\r\n        <img decoding=\"async\" src=\"https:\/\/iit.ac.rs\/wp-content\/uploads\/2025\/11\/orcid.jpg\" alt=\"ORCID\">\r\n      <\/a>\r\n\r\n      <a href=\"https:\/\/www.researchgate.net\/profile\/Aleksandra-Miloskovic-2?ev=hdr_xprf\" target=\"_blank\">\r\n        <img decoding=\"async\" src=\"https:\/\/iit.ac.rs\/wp-content\/uploads\/2025\/11\/rg.jpg\" alt=\"ResearchGate\">\r\n      <\/a>\r\n\r\n      <a href=\"https:\/\/www.linkedin.com\/in\/aleksandra-miloskovic-818abb62\/\" target=\"_blank\">\r\n        <img decoding=\"async\" src=\"https:\/\/iit.ac.rs\/wp-content\/uploads\/2025\/11\/linkedin.jpg\" alt=\"LinkedIn\">\r\n      <\/a>\r\n\r\n      <a href=\"https:\/\/www.scopus.com\/authid\/detail.uri?authorId=55919602000\" target=\"_blank\">\r\n        <img decoding=\"async\" src=\"https:\/\/iit.ac.rs\/wp-content\/uploads\/2025\/11\/scopus.jpg\" alt=\"Scopus\">\r\n      <\/a>\r\n\r\n    <\/div>\r\n\r\n    <!-- DUGMAD -->\r\n    <div class=\"actions\">\r\n\r\n      <a class=\"btn\" href=\"https:\/\/iit.ac.rs\/wp-content\/uploads\/2025\/11\/Radna-biografija_Aleksandra-Miloskovic.docx\" target=\"_blank\">\r\n        <span class=\"ico\">\ud83d\udcc4<\/span> CV - Serbian\r\n      <\/a>\r\n\r\n      <a class=\"btn\" href=\"https:\/\/iit.ac.rs\/wp-content\/uploads\/2025\/11\/Biography_Aleksandra-Miloskovic.docx\" target=\"_blank\">\r\n        <span class=\"ico\">\ud83d\udcc4<\/span> CV \u2013 English\r\n      <\/a>\r\n\r\n    <\/div>\r\n\r\n  <\/div>\r\n\r\n  <!-- SECTIONS -->\r\n  <div class=\"card\">\r\n    <div class=\"accordion\">\r\n\r\n      <!-- Kratak opis -->\r\n      <details open>\r\n        <summary>Brief description of the research<\/summary>\r\n        <div class=\"content\">\r\n          <p>\r\n            Scientific research includes complete hydrobiological research of aquatic ecosystems. Various communities of freshwater invertebrates and vertebrates are studied. A special emphasis of research is on the detection of potentially toxic elements in the edible part (meat) of commercially important fish species.\r\n          <\/p>\r\n          <p>\r\n            The presence of microplastics in aquatic ecosystems in Serbia is also being investigated. The analysis includes the content of microplastics in the digestive tract of the freshwater, pelagic species of eel (Alburnus alburnus) in reservoirs in Serbia and beyond. Ecotoxicological research has also been initiated on embryos of the zebrafish species (Danio rerio).\r\n          <\/p>\r\n        <\/div>\r\n      <\/details>\r\n\r\n      <!-- Reference -->\r\n      <details>\r\n        <summary>Selected references<\/summary>\r\n        <div class=\"content\">\r\n          <ol class=\"refs\">\r\n\r\n            <li>\r\n              Milo\u0161kovi\u0107 A, Milo\u0161evi\u0107 \u0110, Radojkovi\u0107 N, Radenkovi\u0107 M, \u0110uretanovi\u0107 S, Veli\u010dkovi\u0107 T, Simi\u0107 V (2018) \r\n              <i>Potentially toxic elements in freshwater (Alburnus spp.) and marine (Sardina pilchardus) sardines from the Western Balkan Peninsula: An assessment of human health risk and management.<\/i>\r\n              <b>Science of the Total Environment<\/b> 644:899-906. \u041c21\u0430, IF2016 = 4,900.  \r\n              <a href=\"https:\/\/doi.org\/10.1016\/j.scitotenv.2018.07.041\" target=\"_blank\">https:\/\/doi.org\/10.1016\/j.scitotenv.2018.07.041<\/a>\r\n            <\/li>\r\n\r\n            <li>\r\n              Jovanovi\u0107 J, Kolarevi\u0107 S, Milo\u0161kovi\u0107 A, Radojkovi\u0107 N, Simi\u0107 V, Doj\u010dinovi\u0107 B, Kra\u010dun-Kolarevi\u0107 M, Paunovi\u0107 M, Kosti\u0107 J, Sunjog K, Timilji\u0107 J, Djordjevi\u0107 J, Ga\u010di\u0107 Z, \u017degura B, Vukovi\u0107-Ga\u010di\u0107 B (2018)\r\n              <i>Evaluation of genotoxic potential in the Velika Morava River Basin in vitro and in vivo.<\/i>\r\n              <b>Science of The Total Environment<\/b> 621:1289-1299. M21a, IF2016 = 4,900.  \r\n              <a href=\"https:\/\/doi.org\/10.1016\/j.scitotenv.2017.10.099\" target=\"_blank\">https:\/\/doi.org\/10.1016\/j.scitotenv.2017.10.099<\/a>\r\n            <\/li>\r\n\r\n            <li>\r\n              Kolarevi\u0107 S, Aborgiba M, Kra\u010dun-Kolarevi\u0107 M, Kosti\u0107 J, Simonovi\u0107 P, Simi\u0107 V, Milo\u0161kovi\u0107 A, Reischer G, Farnleitner A, Ga\u010di\u0107 Z, Mila\u010di\u010d R, Zuliani T, Vidmar J, Pergal M, Piria M, Paunovi\u0107 M, Vukovi\u0107-Ga\u010di\u0107 B (2016)\r\n              <i>Evaluation of Genotoxic Pressure along the Sava River.<\/i>\r\n              <b>PloS ONE<\/b> 11(9):e0162450. M21, IF2014 = 3,234.  \r\n              <a href=\"https:\/\/doi.org\/10.1371\/journal.pone.0162450\" target=\"_blank\">https:\/\/doi.org\/10.1371\/journal.pone.0162450<\/a>\r\n            <\/li>\r\n\r\n            <li>\r\n              Milo\u0161kovi\u0107 A, Doj\u010dinovi\u0107 B, Kova\u010devi\u0107 S, Radojkovi\u0107 N, Radenkovi\u0107 M, Milo\u0161evi\u0107 Dj, Simi\u0107 V (2016)\r\n              <i>Spatial monitoring of heavy metals in the inland waters of Serbia: a multispecies approach based on commercial fish.<\/i>\r\n              <b>Environmental Science and Pollution Research<\/b> 23 (10):9918-9933. M21, IF2014 = 2,828.  \r\n              <a href=\"https:\/\/doi.org\/10.1007\/s11356-016-6207-2\" target=\"_blank\">https:\/\/doi.org\/10.1007\/s11356-016-6207-2<\/a>\r\n            <\/li>\r\n\r\n            <li>\r\n              Milo\u0161kovi\u0107 A, Stojkovi\u0107 Piperac M, Kojadinovi\u0107 N, Radenkovi\u0107 M, \u0110uretanovi\u0107 S, \u010cerba D, Milo\u0161evi\u0107 \u0110, Simi\u0107 V (2022)\r\n              <i>Potentially toxic elements in invasive fish species Prussian carp (Carassius gibelio) from different freshwater ecosystems and human exposure assessment.<\/i>\r\n              <b>Environmental Science and Pollution Research<\/b> 29:29152\u201329164. M22, IF2021 = 5,190.  \r\n              <a href=\"https:\/\/doi.org\/10.1007\/s11356-021-17865-w\" target=\"_blank\">https:\/\/doi.org\/10.1007\/s11356-021-17865-w<\/a>\r\n            <\/li>\r\n\r\n          <\/ol>\r\n        <\/div>\r\n      <\/details>\r\n\r\n    <\/div>\r\n  <\/div>\r\n\r\n<\/div>\r\n\t\t\t\t<\/div>\n\t\t\t\t\t<\/div>\n\t\t\t\t<\/div>\n\t\t\t\t<\/div>","protected":false},"excerpt":{"rendered":"<p>\u0434\u0440 \u0410\u043b\u0435\u043a\u0441\u0430\u043d\u0434\u0440\u0430 \u041c\u0438\u043b\u043e\u0448\u043a\u043e\u0432\u0438\u045b \u0412\u0438\u0448\u0438 \u043d\u0430\u0443\u0447\u043d\u0438 \u0441\u0430\u0440\u0430\u0434\u043d\u0438\u043a \u0411\u0438\u043e\u0438\u043d\u0444\u043e\u0440\u043c\u0430\u0442\u0438\u043a\u0430 \u0438 \u043f\u0440\u0438\u043c\u0435\u045a\u0435\u043d\u0430 \u0431\u0438\u043e\u043b\u043e\u0433\u0438\u0458\u0430 \u041e\u0431\u0440\u0430\u0437\u043e\u0432\u0430\u045a\u0435: \u0414\u043e\u043a\u0442\u043e\u0440 \u0431\u0438\u043e\u043b\u043e\u0448\u043a\u0438\u0445 \u043d\u0430\u0443\u043a\u0430 \u0410\u0434\u0440\u0435\u0441\u0430: \u0418\u043d\u0441\u0442\u0438\u0442\u0443\u0442 \u0437\u0430 \u0438\u043d\u0444\u043e\u0440\u043c\u0430\u0446\u0438\u043e\u043d\u0435 \u0442\u0435\u0445\u043d\u043e\u043b\u043e\u0433\u0438\u0458\u0435 \u041a\u0440\u0430\u0433\u0443\u0458\u0435\u0432\u0430\u0446, \u0408\u043e\u0432\u0430\u043d\u0430 \u0426\u0432\u0438\u0458\u0438\u045b\u0430 \u0431\u0431, 34000 \u041a\u0440\u0430\u0433\u0443\u0458\u0435\u0432\u0430\u0446 \u0415-\u043f\u043e\u0448\u0442\u0430: aleksandra@uni.kg.ac.rs, alekmil@kg.ac.rs \u0418\u0411\u0418 \u0431\u0440\u043e\u0458 \u0438\u0441\u0442\u0440\u0430\u0436\u0438\u0432\u0430\u0447\u0430: AT055 \ud83d\udcc4 CV \u2013 \u0421\u0440\u043f\u0441\u043a\u0438 \ud83d\udcc4 CV \u2013 English \u041a\u0440\u0430\u0442\u0430\u043a \u043e\u043f\u0438\u0441 \u0438\u0441\u0442\u0440\u0430\u0436\u0438\u0432\u0430\u045a\u0430 \u041d\u0430\u0443\u0447\u043d\u043e-\u0438\u0441\u0442\u0440\u0430\u0436\u0438\u0432\u0430\u0447\u043a\u0438 \u0440\u0430\u0434 \u043e\u0431\u0443\u0445\u0432\u0430\u0442\u0430 \u043a\u043e\u043c\u043f\u043b\u0435\u0442\u043d\u0430 \u0445\u0438\u0434\u0440\u043e\u0431\u0438\u043e\u043b\u043e\u0448\u043a\u0430 \u0438\u0441\u0442\u0440\u0430\u0436\u0438\u0432\u0430\u045a\u0430 \u0430\u043a\u0432\u0430\u0442\u0438\u0447\u043d\u0438\u0445 \u0435\u043a\u043e\u0441\u0438\u0441\u0442\u0435\u043c\u0430. \u0418\u0437\u0443\u0447\u0430\u0432\u0430\u0458\u0443 \u0441\u0443 \u0440\u0430\u0437\u043b\u0438\u0447\u0438\u0442\u0435 \u0437\u0430\u0458\u0435\u0434\u043d\u0438\u0446\u0435&#8230;<\/p>","protected":false},"author":1,"featured_media":0,"parent":0,"menu_order":0,"comment_status":"closed","ping_status":"closed","template":"","meta":{"_eb_attr":"","footnotes":""},"class_list":["post-21028","page","type-page","status-publish","hentry"],"_links":{"self":[{"href":"https:\/\/iit.ac.rs\/en\/wp-json\/wp\/v2\/pages\/21028","targetHints":{"allow":["GET"]}}],"collection":[{"href":"https:\/\/iit.ac.rs\/en\/wp-json\/wp\/v2\/pages"}],"about":[{"href":"https:\/\/iit.ac.rs\/en\/wp-json\/wp\/v2\/types\/page"}],"author":[{"embeddable":true,"href":"https:\/\/iit.ac.rs\/en\/wp-json\/wp\/v2\/users\/1"}],"replies":[{"embeddable":true,"href":"https:\/\/iit.ac.rs\/en\/wp-json\/wp\/v2\/comments?post=21028"}],"version-history":[{"count":4,"href":"https:\/\/iit.ac.rs\/en\/wp-json\/wp\/v2\/pages\/21028\/revisions"}],"predecessor-version":[{"id":21040,"href":"https:\/\/iit.ac.rs\/en\/wp-json\/wp\/v2\/pages\/21028\/revisions\/21040"}],"wp:attachment":[{"href":"https:\/\/iit.ac.rs\/en\/wp-json\/wp\/v2\/media?parent=21028"}],"curies":[{"name":"wp","href":"https:\/\/api.w.org\/{rel}","templated":true}]}}