{"id":21043,"date":"2025-11-14T09:44:32","date_gmt":"2025-11-14T09:44:32","guid":{"rendered":"https:\/\/iit.ac.rs\/?page_id=21043"},"modified":"2026-03-04T09:21:41","modified_gmt":"2026-03-04T09:21:41","slug":"dr-darko-asanin","status":"publish","type":"page","link":"https:\/\/iit.ac.rs\/en\/dr-darko-asanin\/","title":{"rendered":"Dr Darko A\u0161anin"},"content":{"rendered":"\t\t<div data-elementor-type=\"wp-page\" data-elementor-id=\"21043\" class=\"elementor elementor-21043\">\n\t\t\t\t<div class=\"elementor-element elementor-element-6b37437 e-flex e-con-boxed e-con e-parent\" data-id=\"6b37437\" data-element_type=\"container\">\n\t\t\t\t\t<div class=\"e-con-inner\">\n\t\t\t\t<div class=\"elementor-element elementor-element-7be0a58 elementor-widget elementor-widget-html\" data-id=\"7be0a58\" data-element_type=\"widget\" data-widget_type=\"html.default\">\n\t\t\t\t\t<div class=\"iit-rp\" style=\"--accent:#07294DE8;\">\r\n\r\n  <!-- FOTO -->\r\n  <div class=\"photo\">\r\n    <img decoding=\"async\" src=\"https:\/\/iit.ac.rs\/wp-content\/uploads\/2025\/11\/DarkoAsanin.jpg\" alt=\"\u0434\u0440 \u0414\u0430\u0440\u043a\u043e \u0410\u0448\u0430\u043d\u0438\u043d\">\r\n  <\/div>\r\n\r\n  <!-- HEADER INFO -->\r\n  <div class=\"head\">\r\n    <h2>\u0434\u0440 \u0414\u0430\u0440\u043a\u043e \u0410\u0448\u0430\u043d\u0438\u043d<\/h2>\r\n\r\n    <div class=\"badges\">\r\n      <span class=\"badge\">\u0412\u0438\u0448\u0438 \u043d\u0430\u0443\u0447\u043d\u0438 \u0441\u0430\u0440\u0430\u0434\u043d\u0438\u043a<\/span>\r\n      <span class=\"badge\">\u0411\u0438\u043e\u043e\u0440\u0433\u0430\u043d\u0441\u043a\u0430 \u0438 \u0431\u0438\u043e\u043d\u0435\u043e\u0440\u0433\u0430\u043d\u0441\u043a\u0430 \u0445\u0435\u043c\u0438\u0458\u0430<\/span>\r\n    <\/div>\r\n\r\n    <div class=\"meta\">\r\n      <div><b>\u041e\u0431\u0440\u0430\u0437\u043e\u0432\u0430\u045a\u0435:<\/b> \u0414\u043e\u043a\u0442\u043e\u0440 \u043d\u0430\u0443\u043a\u0430-\u0445\u0435\u043c\u0438\u0458\u0441\u043a\u0435 \u043d\u0430\u0443\u043a\u0435<\/div>\r\n      <div><b>\u0410\u0434\u0440\u0435\u0441\u0430:<\/b> \u0418\u043d\u0441\u0442\u0438\u0442\u0443\u0442 \u0437\u0430 \u0438\u043d\u0444\u043e\u0440\u043c\u0430\u0446\u0438\u043e\u043d\u0435 \u0442\u0435\u0445\u043d\u043e\u043b\u043e\u0433\u0438\u0458\u0435 \u041a\u0440\u0430\u0433\u0443\u0458\u0435\u0432\u0430\u0446, \u0408\u043e\u0432\u0430\u043d\u0430 \u0426\u0432\u0438\u0458\u0438\u045b\u0430 \u0431\u0431, 34000 \u041a\u0440\u0430\u0433\u0443\u0458\u0435\u0432\u0430\u0446<\/div>\r\n      <div><b>\u0415-\u043f\u043e\u0448\u0442\u0430:<\/b> darko.asanin@uni.kg.ac.rs<\/div>\r\n      <div><b>\u0418\u0411\u0418 \u0431\u0440\u043e\u0458 \u0438\u0441\u0442\u0440\u0430\u0436\u0438\u0432\u0430\u0447\u0430:<\/b> AJ066<\/div>\r\n    <\/div>\r\n\r\n    <!-- LINKOVI -->\r\n    <div class=\"ext\">\r\n\r\n      <a href=\"https:\/\/enauka.gov.rs\/cris\/rp\/rp00803\" target=\"_blank\">\r\n        <img decoding=\"async\" src=\"https:\/\/iit.ac.rs\/wp-content\/uploads\/2025\/11\/enauka.jpg\" alt=\"eNauka\">\r\n      <\/a>\r\n\r\n      <a href=\"https:\/\/scidar.kg.ac.rs\/bibliography?orcid=0000-0003-1098-400X\" target=\"_blank\">\r\n        <img decoding=\"async\" src=\"https:\/\/iit.ac.rs\/wp-content\/uploads\/2025\/11\/koc.jpg\" alt=\"SCIDAR\">\r\n      <\/a>\r\n\r\n      <a href=\"https:\/\/orcid.org\/0000-0003-1098-400X\" target=\"_blank\">\r\n        <img decoding=\"async\" src=\"https:\/\/iit.ac.rs\/wp-content\/uploads\/2025\/11\/orcid.jpg\" alt=\"ORCID\">\r\n      <\/a>\r\n\r\n      <a href=\"https:\/\/www.researchgate.net\/profile\/Darko-Asanin\" target=\"_blank\">\r\n        <img decoding=\"async\" src=\"https:\/\/iit.ac.rs\/wp-content\/uploads\/2025\/11\/rg.jpg\" alt=\"ResearchGate\">\r\n      <\/a>\r\n\r\n      <a href=\"https:\/\/www.scopus.com\/authid\/detail.uri?authorId=6503972072\" target=\"_blank\">\r\n        <img decoding=\"async\" src=\"https:\/\/iit.ac.rs\/wp-content\/uploads\/2025\/11\/scopus.jpg\" alt=\"Scopus\">\r\n      <\/a>\r\n\r\n    <\/div>\r\n\r\n    <!-- DUGMAD -->\r\n    <div class=\"actions\">\r\n\r\n      <a class=\"btn\" href=\"https:\/\/iit.ac.rs\/wp-content\/uploads\/2025\/11\/\u0420\u0430\u0434\u043d\u0430-\u0431\u0438\u043e\u0433\u0440\u0430\u0444\u0438\u0458\u0430-2023-\u0414\u0430\u0440\u043a\u043e-\u0410\u0448\u0430\u043d\u0438\u043d.docx\" target=\"_blank\">\r\n        <span class=\"ico\">\ud83d\udcc4<\/span> CV \u2013 \u0421\u0440\u043f\u0441\u043a\u0438\r\n      <\/a>\r\n\r\n      <a class=\"btn\" href=\"https:\/\/iit.ac.rs\/wp-content\/uploads\/2025\/11\/Biography-2023-Asanin-Darko.docx\" target=\"_blank\">\r\n        <span class=\"ico\">\ud83d\udcc4<\/span> CV \u2013 English\r\n      <\/a>\r\n\r\n    <\/div>\r\n\r\n  <\/div>\r\n\r\n  <!-- SECTIONS -->\r\n  <div class=\"card\">\r\n    <div class=\"accordion\">\r\n\r\n      <!-- Opis -->\r\n      <details open>\r\n        <summary>\u041a\u0440\u0430\u0442\u0430\u043a \u043e\u043f\u0438\u0441 \u0438\u0441\u0442\u0440\u0430\u0436\u0438\u0432\u0430\u045a\u0430<\/summary>\r\n\r\n        <div class=\"content\">\r\n          <p>\r\n            \u0418\u0441\u043f\u0438\u0442\u0443\u0458\u0443 \u0441\u0435 \u0440\u0435\u0430\u043a\u0446\u0438\u0458\u0435 \u0458\u043e\u043d\u0430 \u0435\u0441\u0435\u043d\u0446\u0438\u0458\u0430\u043b\u043d\u0438\u0445 \u043c\u0435\u0442\u0430\u043b\u0430 (Zn(II), Cu(II), Fe(III) \u0438 Co(III)), \u043a\u0430\u043e \u0438 \u0458\u043e\u043d\u0430 \u043c\u0435\u0442\u0430\u043b\u0430 \u0432\u0430\u0436\u043d\u0438\u0445 \u0443 \u043c\u0435\u0434\u0438\u0446\u0438\u043d\u0438 (Ag(I), Pt(II), Au(III), Bi(III), Ga(III) \u0438 Ru(III)) \u0441\u0430 \u043f\u0440\u0438\u0440\u043e\u0434\u043d\u0438\u043c \u043f\u0440\u043e\u0438\u0437\u0432\u043e\u0434\u0438\u043c\u0430 \u043a\u043e\u0458\u0438 \u0441\u0443 \u0434\u043e\u0431\u0438\u0458\u0435\u043d\u0438 \u0443\u0437 \u043f\u043e\u043c\u043e\u045b \u0431\u0430\u043a\u0442\u0435\u0440\u0438\u0458\u0430 \u043f\u0440\u043e\u0446\u0435\u0441\u043e\u043c \u0444\u0435\u0440\u043c\u0435\u043d\u0442\u0430\u0446\u0438\u0458\u0435 (\u043f\u0438\u043e\u0446\u0438\u0458\u0430\u043d\u0438\u043d, \u043f\u0438\u0440\u043e\u043b\u043d\u0438\u0442\u0440\u0438\u043d, \u043f\u0438\u043e\u0432\u0435\u0440\u0434\u0438\u043d, \u0443\u043d\u0434\u0435\u0446\u0438\u043b\u043f\u0440\u043e\u0434\u0438\u0433\u0438\u043e\u0437\u0438\u043d \u0438 \u0441\u0442\u0430\u0443\u0440\u043e\u0441\u043f\u043e\u0440\u0438\u043d) \u0443 \u0440\u0430\u0437\u043b\u0438\u0447\u0438\u0442\u0438\u043c \u0435\u043a\u0441\u043f\u0435\u0440\u0438\u043c\u0435\u043d\u0442\u0430\u043b\u043d\u0438\u043c \u0443\u0441\u043b\u043e\u0432\u0438\u043c\u0430 (\u043c\u043e\u043b\u0430\u0440\u043d\u0438 \u043e\u0434\u043d\u043e\u0441 \u0440\u0435\u0430\u043a\u0442\u0430\u043d\u0430\u0442\u0430, \u0442\u0435\u043c\u043f\u0435\u0440\u0430\u0442\u0443\u0440\u0430, \u0440\u0430\u0441\u0442\u0432\u0430\u0440\u0430\u0447, pH) \u043f\u0440\u0438\u043c\u0435\u043d\u043e\u043c \u0441\u043f\u0435\u043a\u0442\u0440\u043e\u0441\u043a\u043e\u043f\u0441\u043a\u0438\u0445, \u043f\u043e\u0442\u0435\u043d\u0446\u0438\u043e\u043c\u0435\u0442\u0440\u0438\u0458\u0441\u043a\u0438\u0445 \u0438 \u0435\u043b\u0435\u043a\u0442\u0440\u043e\u0445\u0435\u043c\u0438\u0458\u0441\u043a\u0438\u0445 \u043c\u0435\u0442\u043e\u0434\u0430.\r\n          <\/p>\r\n        <\/div>\r\n\r\n      <\/details>\r\n\r\n      <!-- Reference -->\r\n      <details>\r\n        <summary>\u0418\u0437\u0430\u0431\u0440\u0430\u043d\u0435 \u0440\u0435\u0444\u0435\u0440\u0435\u043d\u0446\u0435<\/summary>\r\n\r\n        <div class=\"content\">\r\n          <ol class=\"refs\">\r\n\r\n            <li>\r\n              T. P. Andrejevi\u0107, D. P. A\u0161anin, B. V. Pantovi\u0107, N. Lj. Stevanovi\u0107, V. R. Markovi\u0107, M. I. Djuran and B. \u0110. Gli\u0161i\u0107  \r\n              <i>Metal complexes with valuable biomolecules produced by Pseudomonas aeruginosa: a review of coordination properties of pyocyanin, pyochelin and pyoverdines<\/i>,\r\n              Dalton Transactions 52 (2023) 4276-4289.  \r\n              <a href=\"https:\/\/doi.org\/10.1039\/D3DT00287J\" target=\"_blank\">https:\/\/doi.org\/10.1039\/D3DT00287J<\/a>\r\n            <\/li>\r\n\r\n            <li>\r\n              D. P. A\u0161anin, S. Skaro-Bogojevic, F. Perdih, T. P. Andrejevic, D. R. Milivojevic, I. Aleksic, J. Nikodinovic-Runic, B. Dj. Glisic, I. Turel, M. I. Djuran  \r\n              <i>Structural Characterization, Antimicrobial Activity and BSA\/DNA Binding Affinity of New Silver(I) Complexes with Thianthrene and 1,8-Naphthyridine<\/i>,  \r\n              Molecules, 26(7) (2021) 1871.  \r\n              <a href=\"https:\/\/doi.org\/10.3390\/molecules26071871\" target=\"_blank\">https:\/\/doi.org\/10.3390\/molecules26071871<\/a>\r\n            <\/li>\r\n\r\n            <li>\r\n              D. P. A\u0161anin, M. D. \u017d\u0438\u0432kovi\u0107, S. Rajkovi\u0107, B. War\u017cajtis, U. Rychlewska, M. I. Djuran  \r\n              <i>Crystallographic evidence of anion\u22ef\u03c0 interactions in the pyrazine bridged {[Pt(en)Cl]2(\u03bc-pz)}Cl2 complex and a comparative study of the catalytic ability of mononuclear and binuclear platinum(II) complexes in the hydrolysis of N-acetylated L-methionylglycine<\/i>,  \r\n              Polyhedron, 51 (2013) 255-262.  \r\n              <a href=\"https:\/\/doi.org\/10.1016\/j.poly.2012.12.037\" target=\"_blank\">https:\/\/doi.org\/10.1016\/j.poly.2012.12.037<\/a>\r\n            <\/li>\r\n\r\n            <li>\r\n              M. D. Zivkovic, D. P. Asanin, S. Rajkovic, M. I. Djuran  \r\n              <i>Hydrolysis of the amide bond in N-acetylated L-methionylglycine catalyzed by various platinum(II) complexes under physiologically relevant conditions<\/i>,  \r\n              Polyhedron, 30 (2011) 947-952.  \r\n              <a href=\"https:\/\/doi.org\/10.1016\/j.poly.2010.12.039\" target=\"_blank\">https:\/\/doi.org\/10.1016\/j.poly.2010.12.039<\/a>\r\n            <\/li>\r\n\r\n          <\/ol>\r\n        <\/div>\r\n\r\n      <\/details>\r\n\r\n    <\/div>\r\n  <\/div>\r\n\r\n<\/div>\r\n\t\t\t\t<\/div>\n\t\t\t\t\t<\/div>\n\t\t\t\t<\/div>\n\t\t\t\t<\/div>\n\t\t","protected":false},"excerpt":{"rendered":"<p>\u0434\u0440 \u0414\u0430\u0440\u043a\u043e \u0410\u0448\u0430\u043d\u0438\u043d \u0412\u0438\u0448\u0438 \u043d\u0430\u0443\u0447\u043d\u0438 \u0441\u0430\u0440\u0430\u0434\u043d\u0438\u043a \u0411\u0438\u043e\u043e\u0440\u0433\u0430\u043d\u0441\u043a\u0430 \u0438 \u0431\u0438\u043e\u043d\u0435\u043e\u0440\u0433\u0430\u043d\u0441\u043a\u0430 \u0445\u0435\u043c\u0438\u0458\u0430 \u041e\u0431\u0440\u0430\u0437\u043e\u0432\u0430\u045a\u0435: \u0414\u043e\u043a\u0442\u043e\u0440 \u043d\u0430\u0443\u043a\u0430-\u0445\u0435\u043c\u0438\u0458\u0441\u043a\u0435 \u043d\u0430\u0443\u043a\u0435 \u0410\u0434\u0440\u0435\u0441\u0430: \u0418\u043d\u0441\u0442\u0438\u0442\u0443\u0442 \u0437\u0430 \u0438\u043d\u0444\u043e\u0440\u043c\u0430\u0446\u0438\u043e\u043d\u0435 \u0442\u0435\u0445\u043d\u043e\u043b\u043e\u0433\u0438\u0458\u0435 \u041a\u0440\u0430\u0433\u0443\u0458\u0435\u0432\u0430\u0446, \u0408\u043e\u0432\u0430\u043d\u0430 \u0426\u0432\u0438\u0458\u0438\u045b\u0430 \u0431\u0431, 34000 \u041a\u0440\u0430\u0433\u0443\u0458\u0435\u0432\u0430\u0446 \u0415-\u043f\u043e\u0448\u0442\u0430: darko.asanin@uni.kg.ac.rs \u0418\u0411\u0418 \u0431\u0440\u043e\u0458 \u0438\u0441\u0442\u0440\u0430\u0436\u0438\u0432\u0430\u0447\u0430: AJ066 \ud83d\udcc4 CV \u2013 \u0421\u0440\u043f\u0441\u043a\u0438 \ud83d\udcc4 CV \u2013 English \u041a\u0440\u0430\u0442\u0430\u043a \u043e\u043f\u0438\u0441 \u0438\u0441\u0442\u0440\u0430\u0436\u0438\u0432\u0430\u045a\u0430 \u0418\u0441\u043f\u0438\u0442\u0443\u0458\u0443 \u0441\u0435 \u0440\u0435\u0430\u043a\u0446\u0438\u0458\u0435 \u0458\u043e\u043d\u0430 \u0435\u0441\u0435\u043d\u0446\u0438\u0458\u0430\u043b\u043d\u0438\u0445 \u043c\u0435\u0442\u0430\u043b\u0430 (Zn(II), Cu(II), Fe(III) \u0438 Co(III)), \u043a\u0430\u043e \u0438&#8230;<\/p>","protected":false},"author":1,"featured_media":0,"parent":0,"menu_order":0,"comment_status":"closed","ping_status":"closed","template":"","meta":{"_eb_attr":"","footnotes":""},"class_list":["post-21043","page","type-page","status-publish","hentry"],"_links":{"self":[{"href":"https:\/\/iit.ac.rs\/en\/wp-json\/wp\/v2\/pages\/21043","targetHints":{"allow":["GET"]}}],"collection":[{"href":"https:\/\/iit.ac.rs\/en\/wp-json\/wp\/v2\/pages"}],"about":[{"href":"https:\/\/iit.ac.rs\/en\/wp-json\/wp\/v2\/types\/page"}],"author":[{"embeddable":true,"href":"https:\/\/iit.ac.rs\/en\/wp-json\/wp\/v2\/users\/1"}],"replies":[{"embeddable":true,"href":"https:\/\/iit.ac.rs\/en\/wp-json\/wp\/v2\/comments?post=21043"}],"version-history":[{"count":4,"href":"https:\/\/iit.ac.rs\/en\/wp-json\/wp\/v2\/pages\/21043\/revisions"}],"predecessor-version":[{"id":21055,"href":"https:\/\/iit.ac.rs\/en\/wp-json\/wp\/v2\/pages\/21043\/revisions\/21055"}],"wp:attachment":[{"href":"https:\/\/iit.ac.rs\/en\/wp-json\/wp\/v2\/media?parent=21043"}],"curies":[{"name":"wp","href":"https:\/\/api.w.org\/{rel}","templated":true}]}}