{"id":21051,"date":"2025-11-14T09:46:27","date_gmt":"2025-11-14T09:46:27","guid":{"rendered":"https:\/\/iit.ac.rs\/?page_id=21051"},"modified":"2026-03-04T09:27:34","modified_gmt":"2026-03-04T09:27:34","slug":"dr-katarina-markovic","status":"publish","type":"page","link":"https:\/\/iit.ac.rs\/en\/dr-katarina-markovic\/","title":{"rendered":"Dr Katarina Markovi\u0107"},"content":{"rendered":"<div data-elementor-type=\"wp-page\" data-elementor-id=\"21051\" class=\"elementor elementor-21051\">\n\t\t\t\t<div class=\"elementor-element elementor-element-414c74b e-flex e-con-boxed e-con e-parent\" data-id=\"414c74b\" data-element_type=\"container\">\n\t\t\t\t\t<div class=\"e-con-inner\">\n\t\t\t\t<div class=\"elementor-element elementor-element-490ffea elementor-widget elementor-widget-html\" data-id=\"490ffea\" data-element_type=\"widget\" data-widget_type=\"html.default\">\n\t\t\t\t\t<div class=\"iit-rp\" style=\"--accent:#07294DE8;\">\r\n\r\n  <!-- FOTO -->\r\n  <div class=\"photo\">\r\n    <img decoding=\"async\" src=\"https:\/\/iit.ac.rs\/wp-content\/uploads\/2025\/11\/Katarina.jpg\" alt=\"\u0434\u0440 \u041a\u0430\u0442\u0430\u0440\u0438\u043d\u0430 \u041c\u0430\u0440\u043a\u043e\u0432\u0438\u045b\">\r\n  <\/div>\r\n\r\n  <!-- HEADER INFO -->\r\n  <div class=\"head\">\r\n    <h2>Dr Katarina Markovi\u0107<\/h2>\r\n\r\n    <div class=\"badges\">\r\n      <span class=\"badge\">Senior research\nassociate<\/span>\r\n      <span class=\"badge\">Bioinformatics and applied biology<\/span>\r\n    <\/div>\r\n\r\n    <div class=\"meta\">\r\n      <div><b>Education:<\/b> Doctor of Science - Biological Sciences<\/div>\r\n      <div><b>Address:<\/b> Institute of Information Technology Kragujevac, Jovana Cviji\u0107a bb, 34000 Kragujevac.<\/div>\r\n      <div><b>Email:<\/b> katarinam@kg.ac.rs, katarina.mladenovic@pmf.kg.ac.rs<\/div>\r\n      <div><b>IBI (Researcher Identification Number):<\/b> AS744<\/div>\r\n    <\/div>\r\n\r\n    <!-- LINKOVI -->\r\n    <div class=\"ext\">\r\n\r\n      <a href=\"https:\/\/enauka.gov.rs\/cris\/rp\/rp07334\" target=\"_blank\">\r\n        <img decoding=\"async\" src=\"https:\/\/iit.ac.rs\/wp-content\/uploads\/2025\/11\/enauka.jpg\" alt=\"eNauka\">\r\n      <\/a>\r\n\r\n      <a href=\"https:\/\/scidar.kg.ac.rs\/browse?authority=7996d2a1-3db5-4b27-8872-fd613c246063&type=author\" target=\"_blank\">\r\n        <img decoding=\"async\" src=\"https:\/\/iit.ac.rs\/wp-content\/uploads\/2025\/11\/koc.jpg\" alt=\"SCIDAR\">\r\n      <\/a>\r\n\r\n      <a href=\"https:\/\/orcid.org\/0000-0003-0105-6447\" target=\"_blank\">\r\n        <img decoding=\"async\" src=\"https:\/\/iit.ac.rs\/wp-content\/uploads\/2025\/11\/orcid.jpg\" alt=\"ORCID\">\r\n      <\/a>\r\n\r\n      <a href=\"https:\/\/www.researchgate.net\/profile\/Katarina-Mladenovic-Markovic?ev=hdr_xprf\" target=\"_blank\">\r\n        <img decoding=\"async\" src=\"https:\/\/iit.ac.rs\/wp-content\/uploads\/2025\/11\/rg.jpg\" alt=\"ResearchGate\">\r\n      <\/a>\r\n\r\n      <a href=\"https:\/\/www.linkedin.com\/in\/katarina-mladenovic-a62737163\" target=\"_blank\">\r\n        <img decoding=\"async\" src=\"https:\/\/iit.ac.rs\/wp-content\/uploads\/2025\/11\/linkedin.jpg\" alt=\"LinkedIn\">\r\n      <\/a>\r\n\r\n      <a href=\"https:\/\/www.scopus.com\/authid\/detail.uri?authorId=57189073808\" target=\"_blank\">\r\n        <img decoding=\"async\" src=\"https:\/\/iit.ac.rs\/wp-content\/uploads\/2025\/11\/scopus.jpg\" alt=\"Scopus\">\r\n      <\/a>\r\n\r\n    <\/div>\r\n\r\n    <!-- DUGMAD -->\r\n    <div class=\"actions\">\r\n\r\n      <a class=\"btn\" href=\"https:\/\/iit.ac.rs\/wp-content\/uploads\/2025\/11\/\u0420\u0430\u0434\u043d\u0430-\u0431\u0438\u043e\u0433\u0440\u0430\u0444\u0438\u0458\u0430-\u0442\u0435\u043c\u043f\u043b\u0430\u0442\u0435.docx\" target=\"_blank\">\r\n        <span class=\"ico\">\ud83d\udcc4<\/span> CV - Serbian\r\n      <\/a>\r\n\r\n      <a class=\"btn\" href=\"https:\/\/iit.ac.rs\/wp-content\/uploads\/2025\/11\/Biography-Template-2.docx\" target=\"_blank\">\r\n        <span class=\"ico\">\ud83d\udcc4<\/span> CV \u2013 English\r\n      <\/a>\r\n\r\n    <\/div>\r\n\r\n  <\/div>\r\n\r\n  <!-- SECTIONS -->\r\n  <div class=\"card\">\r\n    <div class=\"accordion\">\r\n\r\n      <!-- Opis -->\r\n      <details open>\r\n        <summary>Brief description of the research<\/summary>\r\n\r\n        <div class=\"content\">\r\n          <p>\r\n            In the previous period, Katarina G. Markovi\u0107 was engaged in scientific research, where she examined the biochemical and physiological characteristics of enterobacteria from indigenous fermented milk products, as well as in vitro testing of biofilms and resistance of enterobacteria. Research has also been extended to in vitro testing of the ability of enterobacteria to produce biogenic amines, as well as the hemolysis ability of selected strains.\r\n          <\/p>\r\n          <p>\r\n            He is also actively involved in phytochemical, antioxidant, antimicrobial and antibiofilm testing of plant extracts. In addition to the aforementioned research, a new direction of research has been initiated regarding green synthesis, i.e. the formation of biologically active nanoparticles with the help of plants. The green synthesis of nanoparticles using silver nitrate and an aqueous extract of a selected plant is planned, as well as the verification of the formed nanoparticles by SEM and TEM microscopy.\r\n          <\/p>\r\n          <p>\r\n            In addition to microscopy, the formation of nanoparticles will be monitored by spectrophotometric methods. In addition to the aqueous extract, the acetone extract will be investigated, as well as the formed silver nanoparticles with the help of the extract. The research will be expanded to examine the biological potential of nanoparticles.\r\n          <\/p>\r\n        <\/div>\r\n\r\n      <\/details>\r\n\r\n      <!-- Reference -->\r\n      <details>\r\n        <summary>Selected references<\/summary>\r\n\r\n        <div class=\"content\">\r\n          <ol class=\"refs\">\r\n\r\n            <li>\r\n              Mirjana Grujovi\u0107, Katarina Mladenovi\u0107, Teresa Semedo-Lemsaddek, Matra Laranjo, Olgica Stefanovi\u0107, Sun\u010dica Koci\u0107-Tanackov, \r\n              <i>Advantages and disadvantages of non-starter lactic acid bacteria from traditional fermented foods: potential use as starters or probiotics<\/i>, \r\n              <b>Comprehensive Reviews in Food Science and Food Safety<\/b>, (2022), vol. 21 (2), \u0441\u0442\u0440. 1537-1567.  \r\n              DOI: 10.1111\/1541-4337.12897; IF2021: 15.786; M21a\r\n            <\/li>\r\n\r\n            <li>\r\n              Katarina Mladenovi\u0107, Mirjana Grujovi\u0107, Maja Ki\u0161, Sanja Furmeg, Vesna Jaki Tkalec, Olgica Stefanovi\u0107, Sun\u010dica Koci\u0107-Tanackov, \r\n              <i>Enterobacteriaceae in food safety with an emphasis on raw milk and meat<\/i>, \r\n              <b>Applied Microbiology and Biotechnology<\/b>, (2021), vol. 105, \u0441\u0442\u0440. 8615\u20138627.  \r\n              DOI: 10.1007\/s00253-021-11655-7; IF2021: 5.560; M21\r\n            <\/li>\r\n\r\n            <li>\r\n              Katarina Markovi\u0107, Mirjana Grujovi\u0107, Maja Kora\u0107evi\u0107, Danijela Nikodijevi\u0107, Milena Milutinovi\u0107, Teresa Semedo-Lemsaddek, Milan Djilas, \r\n              <i>Colicins and microcins produced by Enterobacteriaceae: characterization, mode of action, and putative applications.<\/i> \r\n              <b>International Journal of Environmental Research and Public Health<\/b>, (2022), vol. 19(18), \u0441\u0442\u0440. 11825.  \r\n              DOI: 10.3390\/ijerph191811825; IF2021: 4.614; M21\r\n            <\/li>\r\n\r\n            <li>\r\n              Markovi\u0107 K, Kesi\u0107 A, Novakovi\u0107 M, Grujovi\u0107 M, Simijonovi\u0107 D, Avdovi\u0107 EH, Mati\u0107 S, Paunovi\u0107 M, Milutinovi\u0107 M, Nikodijevi\u0107 D, Stefanovi\u0107 O, Markovi\u0107 Z. \r\n              <i>Biosynthesis and characterization of silver nanoparticles synthesized using extracts of Agrimonia eupatoria and in vitroand in vivo studies of potential medicinal applications.<\/i> \r\n              <b>RSC Advances<\/b> 2024, 5;14(7):4591-4606.  \r\n              DOI: 10.1039\/d3ra07819a. M22\r\n            <\/li>\r\n\r\n          <\/ol>\r\n        <\/div>\r\n\r\n      <\/details>\r\n\r\n    <\/div>\r\n  <\/div>\r\n\r\n<\/div>\r\n\t\t\t\t<\/div>\n\t\t\t\t\t<\/div>\n\t\t\t\t<\/div>\n\t\t\t\t<\/div>","protected":false},"excerpt":{"rendered":"<p>\u0434\u0440 \u041a\u0430\u0442\u0430\u0440\u0438\u043d\u0430 \u041c\u0430\u0440\u043a\u043e\u0432\u0438\u045b \u0412\u0438\u0448\u0438 \u043d\u0430\u0443\u0447\u043d\u0438 \u0441\u0430\u0440\u0430\u0434\u043d\u0438\u043a \u0411\u0438\u043e\u0438\u043d\u0444\u043e\u0440\u043c\u0430\u0442\u0438\u043a\u0430 \u0438 \u043f\u0440\u0438\u043c\u0435\u045a\u0435\u043d\u0430 \u0431\u0438\u043e\u043b\u043e\u0433\u0438\u0458\u0430 \u041e\u0431\u0440\u0430\u0437\u043e\u0432\u0430\u045a\u0435: \u0414\u043e\u043a\u0442\u043e\u0440 \u043d\u0430\u0443\u043a\u0430-\u0431\u0438\u043e\u043b\u043e\u0448\u043a\u0435 \u043d\u0430\u0443\u043a\u0435 \u0410\u0434\u0440\u0435\u0441\u0430: \u0418\u043d\u0441\u0442\u0438\u0442\u0443\u0442 \u0437\u0430 \u0438\u043d\u0444\u043e\u0440\u043c\u0430\u0446\u0438\u043e\u043d\u0435 \u0442\u0435\u0445\u043d\u043e\u043b\u043e\u0433\u0438\u0458\u0435 \u041a\u0440\u0430\u0433\u0443\u0458\u0435\u0432\u0430\u0446, \u0408\u043e\u0432\u0430\u043d\u0430 \u0426\u0432\u0438\u0458\u0438\u045b\u0430 \u0431\u0431, 34000 \u041a\u0440\u0430\u0433\u0443\u0458\u0435\u0432\u0430\u0446. \u0415-\u043f\u043e\u0448\u0442\u0430: katarinam@kg.ac.rs, katarina.mladenovic@pmf.kg.ac.rs \u0418\u0411\u0418 (\u0418\u0434\u0435\u043d\u0442\u0438\u0444\u0438\u043a\u0430\u0446\u0438\u043e\u043d\u0438 \u0411\u0440\u043e\u0458 \u0418\u0441\u0442\u0440\u0430\u0436\u0438\u0432\u0430\u0447\u0430): AS744 \ud83d\udcc4 CV \u2013 \u0421\u0440\u043f\u0441\u043a\u0438 \ud83d\udcc4 CV \u2013 English \u041a\u0440\u0430\u0442\u0430\u043a \u043e\u043f\u0438\u0441 \u0438\u0441\u0442\u0440\u0430\u0436\u0438\u0432\u0430\u045a\u0430 \u0423 \u043f\u0440\u0435\u0434\u0445\u043e\u0434\u043d\u043e\u043c \u043f\u0435\u0440\u0438\u043e\u0434\u0443, \u041a\u0430\u0442\u0430\u0440\u0438\u043d\u0430 \u0413. \u041ca\u0440\u043a\u043e\u0432\u0438\u045b \u0441\u0435 \u0431\u0430\u0432\u0438\u043b\u0430 \u043d\u0430\u0443\u0447\u043d\u043e- \u0438\u0441\u0442\u0440\u0430\u0436\u0438\u0432\u0430\u0447\u043a\u0438\u043c \u0440\u0430\u0434\u043e\u043c,&#8230;<\/p>","protected":false},"author":1,"featured_media":0,"parent":0,"menu_order":0,"comment_status":"closed","ping_status":"closed","template":"","meta":{"_eb_attr":"","footnotes":""},"class_list":["post-21051","page","type-page","status-publish","hentry"],"_links":{"self":[{"href":"https:\/\/iit.ac.rs\/en\/wp-json\/wp\/v2\/pages\/21051","targetHints":{"allow":["GET"]}}],"collection":[{"href":"https:\/\/iit.ac.rs\/en\/wp-json\/wp\/v2\/pages"}],"about":[{"href":"https:\/\/iit.ac.rs\/en\/wp-json\/wp\/v2\/types\/page"}],"author":[{"embeddable":true,"href":"https:\/\/iit.ac.rs\/en\/wp-json\/wp\/v2\/users\/1"}],"replies":[{"embeddable":true,"href":"https:\/\/iit.ac.rs\/en\/wp-json\/wp\/v2\/comments?post=21051"}],"version-history":[{"count":4,"href":"https:\/\/iit.ac.rs\/en\/wp-json\/wp\/v2\/pages\/21051\/revisions"}],"predecessor-version":[{"id":21061,"href":"https:\/\/iit.ac.rs\/en\/wp-json\/wp\/v2\/pages\/21051\/revisions\/21061"}],"wp:attachment":[{"href":"https:\/\/iit.ac.rs\/en\/wp-json\/wp\/v2\/media?parent=21051"}],"curies":[{"name":"wp","href":"https:\/\/api.w.org\/{rel}","templated":true}]}}