{"id":21062,"date":"2025-11-14T09:53:05","date_gmt":"2025-11-14T09:53:05","guid":{"rendered":"https:\/\/iit.ac.rs\/?page_id=21062"},"modified":"2026-03-04T09:27:58","modified_gmt":"2026-03-04T09:27:58","slug":"dr-mir%d1%98ana-gru%d1%98ovic","status":"publish","type":"page","link":"https:\/\/iit.ac.rs\/en\/dr-mir%d1%98ana-gru%d1%98ovic\/","title":{"rendered":"Dr Mirjana Grujovi\u0107"},"content":{"rendered":"<div data-elementor-type=\"wp-page\" data-elementor-id=\"21062\" class=\"elementor elementor-21062\">\n\t\t\t\t<div class=\"elementor-element elementor-element-53647bf e-flex e-con-boxed e-con e-parent\" data-id=\"53647bf\" data-element_type=\"container\">\n\t\t\t\t\t<div class=\"e-con-inner\">\n\t\t\t\t<div class=\"elementor-element elementor-element-9caffe9 elementor-widget elementor-widget-html\" data-id=\"9caffe9\" data-element_type=\"widget\" data-widget_type=\"html.default\">\n\t\t\t\t\t<div class=\"iit-rp\" style=\"--accent:#07294DE8;\">\r\n\r\n  <!-- FOTO -->\r\n  <div class=\"photo\">\r\n    <img decoding=\"async\" src=\"https:\/\/iit.ac.rs\/wp-content\/uploads\/2025\/11\/Mirijanagrujovic.jpg\" alt=\"\u0434\u0440 \u041c\u0438\u0440\u0458\u0430\u043d\u0430 \u0416. \u0413\u0440\u0443\u0458\u043e\u0432\u0438\u045b\">\r\n  <\/div>\r\n\r\n  <!-- HEADER INFO -->\r\n  <div class=\"head\">\r\n    <h2>Dr Mirjana Grujovi\u0107<\/h2>\r\n\r\n    <div class=\"badges\">\r\n      <span class=\"badge\">Senior research\nassociate<\/span>\r\n      <span class=\"badge\">Bioinformatics and applied biology<\/span>\r\n    <\/div>\r\n\r\n    <div class=\"meta\">\r\n      <div><b>Education:<\/b> Doctor of Science - Biological Sciences<\/div>\r\n      <div><b>Address:<\/b> Institute of Information Technology Kragujevac, Jovana Cviji\u0107a bb, 34000 Kragujevac.<\/div>\r\n      <div><b>Email:<\/b> mirjana.grujovic@pmf.kg.ac.rs, mirjanag@kg.ac.rs<\/div>\r\n      <div><b>IBI (Researcher Identification Number):<\/b> AS153<\/div>\r\n    <\/div>\r\n\r\n    <!-- LINKOVI -->\r\n    <div class=\"ext\">\r\n\r\n      <a href=\"https:\/\/enauka.gov.rs\/cris\/rp\/rp02538\" target=\"_blank\">\r\n        <img decoding=\"async\" src=\"https:\/\/iit.ac.rs\/wp-content\/uploads\/2025\/11\/enauka.jpg\" alt=\"eNauka\">\r\n      <\/a>\r\n\r\n      <a href=\"https:\/\/orcid.org\/my-orcid?orcid=0000-0002-6174-6717\" target=\"_blank\">\r\n        <img decoding=\"async\" src=\"https:\/\/iit.ac.rs\/wp-content\/uploads\/2025\/11\/orcid.jpg\" alt=\"ORCID\">\r\n      <\/a>\r\n\r\n      <a href=\"https:\/\/www.researchgate.net\/profile\/Mirjana-Grujovic?ev=hdr_xprf\" target=\"_blank\">\r\n        <img decoding=\"async\" src=\"https:\/\/iit.ac.rs\/wp-content\/uploads\/2025\/11\/rg.jpg\" alt=\"ResearchGate\">\r\n      <\/a>\r\n\r\n      <a href=\"https:\/\/www.linkedin.com\/in\/mirjana-grujovi%C4%87-029830a5\/\" target=\"_blank\">\r\n        <img decoding=\"async\" src=\"https:\/\/iit.ac.rs\/wp-content\/uploads\/2025\/11\/linkedin.jpg\" alt=\"LinkedIn\">\r\n      <\/a>\r\n\r\n      <a href=\"https:\/\/www.scopus.com\/authid\/detail.uri?authorId=57189068836\" target=\"_blank\">\r\n        <img decoding=\"async\" src=\"https:\/\/iit.ac.rs\/wp-content\/uploads\/2025\/11\/scopus.jpg\" alt=\"Scopus\">\r\n      <\/a>\r\n\r\n    <\/div>\r\n\r\n    <!-- DUGMAD -->\r\n    <div class=\"actions\">\r\n\r\n      <a class=\"btn\" href=\"https:\/\/iit.ac.rs\/wp-content\/uploads\/2025\/11\/\u0420\u0430\u0434\u043d\u0430-\u0431\u0438\u043e\u0433\u0440\u0430\u0444\u0438\u0458\u0430-M.Grujovic-novo.docx\" target=\"_blank\">\r\n        <span class=\"ico\">\ud83d\udcc4<\/span> CV - Serbian\r\n      <\/a>\r\n\r\n      <a class=\"btn\" href=\"https:\/\/iit.ac.rs\/wp-content\/uploads\/2025\/11\/Biography-Template-M.-Grujovic.docx\" target=\"_blank\">\r\n        <span class=\"ico\">\ud83d\udcc4<\/span> CV \u2013 English\r\n      <\/a>\r\n\r\n    <\/div>\r\n\r\n  <\/div>\r\n\r\n  <!-- SECTIONS -->\r\n  <div class=\"card\">\r\n    <div class=\"accordion\">\r\n\r\n      <!-- Opis -->\r\n      <details open>\r\n        <summary>Brief description of the research<\/summary>\r\n\r\n        <div class=\"content\">\r\n          <p>\r\n            In the previous period, Mirjana Z. Grujovi\u0107 successfully engaged in scientific research, where she mastered the techniques and methods of microbiological research. During her scientific research, she gained knowledge in the field of biochemical and physiological characteristics of lactic acid bacteria isolated from indigenous fermented milk and meat products, as well as in vitro testing of the biotic potential of isolated bacteria. Research was also extended to in vitro testing of probiotic characteristics of selected strains.\r\n          <\/p>\r\n          <p>\r\n            She is also actively involved in phytochemical, antioxidant, antimicrobial and antibiofilm testing of plant and lichen extracts. As part of a trilateral project in which she is engaged, she is involved in the isolation, identification and testing of the potential for heavy metal uptake by bacterial isolates.\r\n          <\/p>\r\n        <\/div>\r\n\r\n      <\/details>\r\n\r\n      <!-- Reference -->\r\n      <details>\r\n        <summary>Selected references<\/summary>\r\n\r\n        <div class=\"content\">\r\n          <ol class=\"refs\">\r\n\r\n            <li>\r\n              Mirjana Grujovi\u0107, Katarina Mladenovi\u0107, Teresa Semedo-Lemsaddek, Matra Laranjo, Olgica Stefanovi\u0107, Sun\u010dica Koci\u0107-Tanackov, \r\n              <i>Advantages and disadvantages of non-starter lactic acid bacteria from traditional fermented foods: potential use as starters or probiotics<\/i>, \r\n              <b>Comprehensive Reviews in Food Science and Food Safety<\/b>, (2022), vol. 21 (2), str. 1537-1567. \r\n              DOI: 10.1111\/1541-4337.12897; IF2021: 15.786; M21a.\r\n            <\/li>\r\n\r\n            <li>\r\n              Mirjana Muruzovi\u0107, Katarina Mladenovi\u0107, Olgica Stefanovi\u0107, Sava Vasi\u0107, Ljiljana \u010comi\u0107, \r\n              <i>Extracts of Agrimonia eupatoria as sources of biologically active compounds and evaluation of their antioxidant, antimicrobial and antibiofilm activities<\/i>, \r\n              <b>Journal of Food and Drug Analysis<\/b>, (2016), vol. 24(3), str. 539\u2013547. \r\n              DOI: 10.1016\/j.jfda.2016.02.007; IF2016: 3.048; M21.\r\n            <\/li>\r\n\r\n            <li>\r\n              Mirjana Grujovi\u0107, Tanja \u017dugi\u0107 Petrovi\u0107, Katarina Mladenovi\u0107, Vladimir Tomovi\u0107, Sun\u010dica Koci\u0107-Tanackov, Teresa Semedo-Lemsaddek, \r\n              <i>Duvan chvarci: product characterization and comparison between traditional and industrial production<\/i>, \r\n              <b>LWT-Food Science and Technology<\/b>, (2022), vol. 154, str. 1-8. \r\n              DOI: 10.1016\/j.lwt.2021.112895; IF2021: 6.056; M21.\r\n            <\/li>\r\n\r\n            <li>\r\n              Mirjana Grujovi\u0107, Katarina Mladenovi\u0107, Danijela Nikodijevi\u0107, Ljiljana \u010comi\u0107, \r\n              <i>Autochthonous lactic acid bacteria \u2013 presentation of potential probiotics application<\/i>, \r\n              <b>Biotechnology Letters<\/b>, (2019), vol. 41(11), 1319\u20131331. \r\n              DOI: 10.1007\/s10529-019-02729-8; IF2018: 2.154; M22.\r\n            <\/li>\r\n\r\n            <li>\r\n              Mirjana Grujovi\u0107, Katarina Mladenovi\u0107, Stefan Markovi\u0107, Nevena \u0110uki\u0107, Jelena Staji\u0107, Aleksandar Ostoji\u0107, Nenad Zlati\u0107, \r\n              <i>Chemical, radiological and microbiological characterization of a drinking water source: a case study<\/i>,  \r\n              <b>Letters in Applied Microbiology<\/b>, (2022), vol. 75(5), str. 1136-1150. \r\n              DOI: 10.1111\/lam.13778; IF2020: 2.858; M22.\r\n            <\/li>\r\n\r\n          <\/ol>\r\n        <\/div>\r\n\r\n      <\/details>\r\n\r\n    <\/div>\r\n  <\/div>\r\n\r\n<\/div>\r\n\t\t\t\t<\/div>\n\t\t\t\t\t<\/div>\n\t\t\t\t<\/div>\n\t\t\t\t<\/div>","protected":false},"excerpt":{"rendered":"<p>\u0434\u0440 \u041c\u0438\u0440\u0458\u0430\u043d\u0430 \u0416. \u0413\u0440\u0443\u0458\u043e\u0432\u0438\u045b \u0412\u0438\u0448\u0438 \u043d\u0430\u0443\u0447\u043d\u0438 \u0441\u0430\u0440\u0430\u0434\u043d\u0438\u043a \u0411\u0438\u043e\u0438\u043d\u0444\u043e\u0440\u043c\u0430\u0442\u0438\u043a\u0430 \u0438 \u043f\u0440\u0438\u043c\u0435\u045a\u0435\u043d\u0430 \u0431\u0438\u043e\u043b\u043e\u0433\u0438\u0458\u0430 \u041e\u0431\u0440\u0430\u0437\u043e\u0432\u0430\u045a\u0435: \u0414\u043e\u043a\u0442\u043e\u0440 \u043d\u0430\u0443\u043a\u0430-\u0431\u0438\u043e\u043b\u043e\u0448\u043a\u0435 \u043d\u0430\u0443\u043a\u0435 \u0410\u0434\u0440\u0435\u0441\u0430: \u0418\u043d\u0441\u0442\u0438\u0442\u0443\u0442 \u0437\u0430 \u0438\u043d\u0444\u043e\u0440\u043c\u0430\u0446\u0438\u043e\u043d\u0435 \u0442\u0435\u0445\u043d\u043e\u043b\u043e\u0433\u0438\u0458\u0435 \u041a\u0440\u0430\u0433\u0443\u0458\u0435\u0432\u0430\u0446, \u0408\u043e\u0432\u0430\u043d\u0430 \u0426\u0432\u0438\u0458\u0438\u045b\u0430 \u0431\u0431, 34000 \u041a\u0440\u0430\u0433\u0443\u0458\u0435\u0432\u0430\u0446. \u0415-\u043f\u043e\u0448\u0442\u0430: mirjana.grujovic@pmf.kg.ac.rs, mirjanag@kg.ac.rs \u0418\u0411\u0418 (\u0418\u0434\u0435\u043d\u0442\u0438\u0444\u0438\u043a\u0430\u0446\u0438\u043e\u043d\u0438 \u0411\u0440\u043e\u0458 \u0418\u0441\u0442\u0440\u0430\u0436\u0438\u0432\u0430\u0447\u0430): AS153 \ud83d\udcc4 CV \u2013 \u0421\u0440\u043f\u0441\u043a\u0438 \ud83d\udcc4 CV \u2013 English \u041a\u0440\u0430\u0442\u0430\u043a \u043e\u043f\u0438\u0441 \u0438\u0441\u0442\u0440\u0430\u0436\u0438\u0432\u0430\u045a\u0430 \u0423 \u043f\u0440\u0435\u0434\u0445\u043e\u0434\u043d\u043e\u043c \u043f\u0435\u0440\u0438\u043e\u0434\u0443, \u041c\u0438\u0440\u0458\u0430\u043d\u0430 \u0416. \u0413\u0440\u0443\u0458\u043e\u0432\u0438\u045b \u0441\u0435 \u0443\u0441\u043f\u0435\u0448\u043d\u043e \u0431\u0430\u0432\u0438\u043b\u0430 \u043d\u0430\u0443\u0447\u043d\u043e-\u0438\u0441\u0442\u0440\u0430\u0436\u0438\u0432\u0430\u0447\u043a\u0438\u043c&#8230;<\/p>","protected":false},"author":1,"featured_media":0,"parent":0,"menu_order":0,"comment_status":"closed","ping_status":"closed","template":"","meta":{"_eb_attr":"","footnotes":""},"class_list":["post-21062","page","type-page","status-publish","hentry"],"_links":{"self":[{"href":"https:\/\/iit.ac.rs\/en\/wp-json\/wp\/v2\/pages\/21062","targetHints":{"allow":["GET"]}}],"collection":[{"href":"https:\/\/iit.ac.rs\/en\/wp-json\/wp\/v2\/pages"}],"about":[{"href":"https:\/\/iit.ac.rs\/en\/wp-json\/wp\/v2\/types\/page"}],"author":[{"embeddable":true,"href":"https:\/\/iit.ac.rs\/en\/wp-json\/wp\/v2\/users\/1"}],"replies":[{"embeddable":true,"href":"https:\/\/iit.ac.rs\/en\/wp-json\/wp\/v2\/comments?post=21062"}],"version-history":[{"count":4,"href":"https:\/\/iit.ac.rs\/en\/wp-json\/wp\/v2\/pages\/21062\/revisions"}],"predecessor-version":[{"id":21069,"href":"https:\/\/iit.ac.rs\/en\/wp-json\/wp\/v2\/pages\/21062\/revisions\/21069"}],"wp:attachment":[{"href":"https:\/\/iit.ac.rs\/en\/wp-json\/wp\/v2\/media?parent=21062"}],"curies":[{"name":"wp","href":"https:\/\/api.w.org\/{rel}","templated":true}]}}