{"id":21079,"date":"2025-11-14T10:02:20","date_gmt":"2025-11-14T10:02:20","guid":{"rendered":"https:\/\/iit.ac.rs\/?page_id=21079"},"modified":"2026-03-04T09:28:47","modified_gmt":"2026-03-04T09:28:47","slug":"dr-ana-kesic","status":"publish","type":"page","link":"https:\/\/iit.ac.rs\/en\/dr-ana-kesic\/","title":{"rendered":"Dr Ana Kesi\u0107"},"content":{"rendered":"<div data-elementor-type=\"wp-page\" data-elementor-id=\"21079\" class=\"elementor elementor-21079\">\n\t\t\t\t<div class=\"elementor-element elementor-element-5f96141 e-flex e-con-boxed e-con e-parent\" data-id=\"5f96141\" data-element_type=\"container\">\n\t\t\t\t\t<div class=\"e-con-inner\">\n\t\t\t\t<div class=\"elementor-element elementor-element-51621eb elementor-widget elementor-widget-html\" data-id=\"51621eb\" data-element_type=\"widget\" data-widget_type=\"html.default\">\n\t\t\t\t\t<div class=\"iit-rp\" style=\"--accent:#07294DE8;\">\r\n\r\n  <!-- FOTO -->\r\n  <div class=\"photo\">\r\n    <img decoding=\"async\" src=\"https:\/\/iit.ac.rs\/wp-content\/uploads\/2025\/11\/AnaKesic.jpg\" alt=\"\u0434\u0440 \u0410\u043d\u0430 \u041a\u0435\u0441\u0438\u045b\">\r\n  <\/div>\r\n\r\n  <!-- HEADER INFO -->\r\n  <div class=\"head\">\r\n    <h2>Dr Ana Kesi\u0107<\/h2>\r\n\r\n    <div class=\"badges\">\r\n      <span class=\"badge\">Senior research\nassociate<\/span>\r\n      <span class=\"badge\">Bioorganic and bioinorganic chemistry<\/span>\r\n    <\/div>\r\n\r\n    <div class=\"meta\">\r\n      <div><b>Education:<\/b> Doctor of Science - Chemical Sciences<\/div>\r\n      <div><b>Address:<\/b> Institute of Information Technology Kragujevac, Jovana Cviji\u0107a bb, 34000 Kragujevac.<\/div>\r\n      <div><b>Email:<\/b> akesic@uni.kg.ac.rs<\/div>\r\n      <div><b>IBI (Researcher Identification Number):<\/b> BA368<\/div>\r\n    <\/div>\r\n\r\n    <!-- LINKOVI -->\r\n    <div class=\"ext\">\r\n\r\n      <a href=\"https:\/\/enauka.gov.rs\/cris\/rp\/rp04898\" target=\"_blank\">\r\n        <img decoding=\"async\" src=\"https:\/\/iit.ac.rs\/wp-content\/uploads\/2025\/11\/enauka.jpg\" alt=\"eNauka\">\r\n      <\/a>\r\n\r\n      <a href=\"https:\/\/scidar.kg.ac.rs\/browse?type=author&authority=18636855-ddaa-4fce-9600-a077e3c0e07f\" target=\"_blank\">\r\n        <img decoding=\"async\" src=\"https:\/\/iit.ac.rs\/wp-content\/uploads\/2025\/11\/koc.jpg\" alt=\"SCIDAR\">\r\n      <\/a>\r\n\r\n      <a href=\"https:\/\/orcid.org\/0000-0002-8729-8748\" target=\"_blank\">\r\n        <img decoding=\"async\" src=\"https:\/\/iit.ac.rs\/wp-content\/uploads\/2025\/11\/orcid.jpg\" alt=\"ORCID\">\r\n      <\/a>\r\n\r\n      <a href=\"https:\/\/www.researchgate.net\/profile\/Ana-Kesic\" target=\"_blank\">\r\n        <img decoding=\"async\" src=\"https:\/\/iit.ac.rs\/wp-content\/uploads\/2025\/11\/rg.jpg\" alt=\"ResearchGate\">\r\n      <\/a>\r\n\r\n      <a href=\"https:\/\/www.scopus.com\/authid\/detail.uri?authorId=36097463700\" target=\"_blank\">\r\n        <img decoding=\"async\" src=\"https:\/\/iit.ac.rs\/wp-content\/uploads\/2025\/11\/scopus.jpg\" alt=\"Scopus\">\r\n      <\/a>\r\n\r\n    <\/div>\r\n\r\n    <!-- DUGMAD -->\r\n    <div class=\"actions\">\r\n\r\n      <a class=\"btn\" href=\"https:\/\/iit.ac.rs\/wp-content\/uploads\/2025\/12\/\u0420\u0430\u0434\u043d\u0430-\u0431\u0438\u043e\u0433\u0440\u0430\u0444\u0438\u0458\u0430-\u0410\u043d\u0430-\u041a\u0435\u0441\u0438\u045b-2025.pdf\" target=\"_blank\">\r\n        <span class=\"ico\">\ud83d\udcc4<\/span> CV - Serbian\r\n      <\/a>\r\n\r\n      <a class=\"btn\" href=\"https:\/\/iit.ac.rs\/wp-content\/uploads\/2025\/12\/Biography-Ana-Kesic-2025.pdf\" target=\"_blank\">\r\n        <span class=\"ico\">\ud83d\udcc4<\/span> CV \u2013 English\r\n      <\/a>\r\n\r\n    <\/div>\r\n\r\n  <\/div>\r\n\r\n  <!-- SECTIONS -->\r\n  <div class=\"card\">\r\n    <div class=\"accordion\">\r\n\r\n      <!-- Opis -->\r\n      <details open>\r\n        <summary>Brief description of the research<\/summary>\r\n\r\n        <div class=\"content\">\r\n          <p>\r\n          Research is focused on the synthesis and detailed characterization of mononuclear complexes of transition metal ions, primarily gold, silver and copper, which exhibit potential antitumor activity. The newly obtained complexes are structurally confirmed using advanced analytical techniques, including NMR, IR and UV\u2013Vis spectroscopy, mass spectrometry and X-ray structural analysis. Special emphasis is placed on studying the kinetics and mechanisms of substitution reactions of these compounds with biologically relevant molecules, such as amino acids, peptides and DNA fragments, using spectrophotometric techniques. In addition, the interactions of the complexes with DNA molecules and serum albumin proteins are studied using a combination of experimental and computational methods, with the aim of better understanding their biological behavior. The therapeutic potential of the complexes is assessed by testing their cytotoxic activity on selected tumor cell lines in vitro. In addition to metal complexes, a significant part of the research includes the green synthesis of nanoparticles of silver and other metals using plant extracts as environmentally friendly reducing and stabilizing agents. The nanoparticles are characterized by spectroscopic, diffraction and microscopic methods, and their potential biological activity is examined in the context of antimicrobial, antioxidant and antitumor properties.\r\n          <\/p>\r\n        <\/div>\r\n\r\n      <\/details>\r\n\r\n      <!-- Reference -->\r\n      <details>\r\n        <summary>Selected references<\/summary>\r\n\r\n        <div class=\"content\">\r\n          <ol class=\"refs\">\r\n\r\n           <li>\r\n  Sne\u017eana Radisavljevi\u0107, Ana Kesi\u0107, Du\u0161an \u0106o\u0107i\u0107, Vladimir Markovi\u0107, Jelena Milovanovi\u0107,\r\n  Biljana Petrovi\u0107, Ana Rilak Simovi\u0107,\r\n  <i>New gold(III) chlorophenyl terpyridine complex: Biomolecular interactions and anticancer activity against human oral squamous cell carcinoma<\/i>,\r\n  Applied Organometallic Chemistry, 2023, Vol. 37, Issue 1,\r\n  DOI: 10.1002\/aoc.6922.\r\n  <br>\r\n  <a href=\"https:\/\/onlinelibrary.wiley.com\/doi\/abs\/10.1002\/aoc.6922\" target=\"_blank\">\r\n    https:\/\/onlinelibrary.wiley.com\/doi\/abs\/10.1002\/aoc.6922\r\n  <\/a>\r\n<\/li>\r\n\r\n<li>\r\n  Sne\u017eana Radisavljevi\u0107, Ana \u0110ekovi\u0107 Kesi\u0107, Du\u0161an \u0106o\u0107i\u0107, Rainer Puchta, Lothar Senft,\r\n  Milica Milutinovi\u0107, Neboj\u0161a Milivojevi\u0107, Biljana Petrovi\u0107,\r\n  <i>Transition metal complexes with ferrocene-based ligands: Synthesis and characterization<\/i>,\r\n  New Journal of Chemistry, 2020, Vol. 44, Issue 14, p. 1172,\r\n  DOI: 10.1039\/D0NJ02037K.\r\n  <br>\r\n  <a href=\"https:\/\/doi.org\/10.1039\/D0NJ02037K\" target=\"_blank\">\r\n    https:\/\/doi.org\/10.1039\/D0NJ02037K\r\n  <\/a>\r\n<\/li>\r\n\r\n<li>\r\n  \u017deljko Milanovi\u0107, Zoran Markovi\u0107, Ana Kesi\u0107, Sne\u017eana Jovanovi\u0107 Stevi\u0107, Biljana Petrovi\u0107,\r\n  Elma Avdovi\u0107,\r\n  <i>Gold(I) and Copper(I) complexes: Synthesis, structural characterization, and biological evaluation<\/i>,\r\n  Dalton Transactions, 2024, Vol. 53, p. 8275,\r\n  DOI: 10.1039\/D4DT00789A.\r\n  <br>\r\n  <a href=\"https:\/\/doi.org\/10.1039\/D4DT00789A\" target=\"_blank\">\r\n    https:\/\/doi.org\/10.1039\/D4DT00789A\r\n  <\/a>\r\n<\/li>\r\n\r\n<li>\r\n  Katarina Markovi\u0107, Ana Kesi\u0107, Marija Novakovi\u0107, Marija Grujovi\u0107, Du\u0161an Simijonovi\u0107,\r\n  Elma Avdovi\u0107, Sa\u0161a Mati\u0107, Milan Paunovi\u0107, Milica Milutinovi\u0107, Du\u0161an Nikodijevi\u0107,\r\n  Oliver Stefanovi\u0107, Zoran Markovi\u0107,\r\n  <i>Advances in transition metal chemistry: New insights into bioactive complexes<\/i>,\r\n  RSC Advances, 2024, Vol. 14, p. 4591,\r\n  DOI: 10.1039\/D3RA07819A.\r\n  <br>\r\n  <a href=\"https:\/\/doi.org\/10.1039\/D3RA07819A\" target=\"_blank\">\r\n    https:\/\/doi.org\/10.1039\/D3RA07819A\r\n  <\/a>\r\n<\/li>\r\n\r\n<li>\r\n  Ana Kesi\u0107, Sne\u017eana Jeremi\u0107, Biljana Petrovi\u0107,\r\n  <i>Coordination chemistry studies of transition metal complexes<\/i>,\r\n  Journal of Coordination Chemistry, 2024, Vol. 17, p. 653,\r\n  DOI: 10.1080\/00958972.2023.2296382.\r\n  <br>\r\n  <a href=\"https:\/\/doi.org\/10.1080\/00958972.2023.2296382\" target=\"_blank\">\r\n    https:\/\/doi.org\/10.1080\/00958972.2023.2296382\r\n  <\/a>\r\n<\/li>\r\n\r\n          <\/ol>\r\n        <\/div>\r\n\r\n      <\/details>\r\n\r\n    <\/div>\r\n  <\/div>\r\n\r\n<\/div>\r\n\t\t\t\t<\/div>\n\t\t\t\t\t<\/div>\n\t\t\t\t<\/div>\n\t\t\t\t<\/div>","protected":false},"excerpt":{"rendered":"<p>\u0434\u0440 \u0410\u043d\u0430 \u041a\u0435\u0441\u0438\u045b \u0412\u0438\u0448\u0438 \u043d\u0430\u0443\u0447\u043d\u0438 \u0441\u0430\u0440\u0430\u0434\u043d\u0438\u043a \u0411\u0438\u043e\u043e\u0440\u0433\u0430\u043d\u0441\u043a\u0430 \u0438 \u0431\u0438\u043e\u043d\u0435\u043e\u0440\u0433\u0430\u043d\u0441\u043a\u0430 \u0445\u0435\u043c\u0438\u0458\u0430 \u041e\u0431\u0440\u0430\u0437\u043e\u0432\u0430\u045a\u0435: \u0414\u043e\u043a\u0442\u043e\u0440 \u043d\u0430\u0443\u043a\u0430-\u0445\u0435\u043c\u0438\u0458\u0441\u043a\u0435 \u043d\u0430\u0443\u043a\u0435 \u0410\u0434\u0440\u0435\u0441\u0430: \u0418\u043d\u0441\u0442\u0438\u0442\u0443\u0442 \u0437\u0430 \u0438\u043d\u0444\u043e\u0440\u043c\u0430\u0446\u0438\u043e\u043d\u0435 \u0442\u0435\u0445\u043d\u043e\u043b\u043e\u0433\u0438\u0458\u0435 \u041a\u0440\u0430\u0433\u0443\u0458\u0435\u0432\u0430\u0446, \u0408\u043e\u0432\u0430\u043d\u0430 \u0426\u0432\u0438\u0458\u0438\u045b\u0430 \u0431\u0431, 34000 \u041a\u0440\u0430\u0433\u0443\u0458\u0435\u0432\u0430\u0446. \u0415-\u043f\u043e\u0448\u0442\u0430: akesic@uni.kg.ac.rs \u0418\u0411\u0418 (\u0418\u0434\u0435\u043d\u0442\u0438\u0444\u0438\u043a\u0430\u0446\u0438\u043e\u043d\u0438 \u0411\u0440\u043e\u0458 \u0418\u0441\u0442\u0440\u0430\u0436\u0438\u0432\u0430\u0447\u0430): BA368 \ud83d\udcc4 CV \u2013 \u0421\u0440\u043f\u0441\u043a\u0438 \ud83d\udcc4 CV \u2013 English \u041a\u0440\u0430\u0442\u0430\u043a \u043e\u043f\u0438\u0441 \u0438\u0441\u0442\u0440\u0430\u0436\u0438\u0432\u0430\u045a\u0430 \u0418\u0441\u0442\u0440\u0430\u0436\u0438\u0432\u0430\u045a\u0430 \u0441\u0443 \u0443\u0441\u043c\u0435\u0440\u0435\u043d\u0430 \u043d\u0430 \u0441\u0438\u043d\u0442\u0435\u0437\u0443 \u0438 \u0434\u0435\u0442\u0430\u0459\u043d\u0443 \u043a\u0430\u0440\u0430\u043a\u0442\u0435\u0440\u0438\u0437\u0430\u0446\u0438\u0458\u0443 \u043c\u043e\u043d\u043e\u043d\u0443\u043a\u043b\u0435\u0430\u0440\u043d\u0438\u0445 \u043a\u043e\u043c\u043f\u043b\u0435\u043a\u0441\u0430 \u0458\u043e\u043d\u0430 \u043f\u0440\u0435\u043b\u0430\u0437\u043d\u0438\u0445&#8230;<\/p>","protected":false},"author":1,"featured_media":0,"parent":0,"menu_order":0,"comment_status":"closed","ping_status":"closed","template":"","meta":{"_eb_attr":"","footnotes":""},"class_list":["post-21079","page","type-page","status-publish","hentry"],"_links":{"self":[{"href":"https:\/\/iit.ac.rs\/en\/wp-json\/wp\/v2\/pages\/21079","targetHints":{"allow":["GET"]}}],"collection":[{"href":"https:\/\/iit.ac.rs\/en\/wp-json\/wp\/v2\/pages"}],"about":[{"href":"https:\/\/iit.ac.rs\/en\/wp-json\/wp\/v2\/types\/page"}],"author":[{"embeddable":true,"href":"https:\/\/iit.ac.rs\/en\/wp-json\/wp\/v2\/users\/1"}],"replies":[{"embeddable":true,"href":"https:\/\/iit.ac.rs\/en\/wp-json\/wp\/v2\/comments?post=21079"}],"version-history":[{"count":10,"href":"https:\/\/iit.ac.rs\/en\/wp-json\/wp\/v2\/pages\/21079\/revisions"}],"predecessor-version":[{"id":21658,"href":"https:\/\/iit.ac.rs\/en\/wp-json\/wp\/v2\/pages\/21079\/revisions\/21658"}],"wp:attachment":[{"href":"https:\/\/iit.ac.rs\/en\/wp-json\/wp\/v2\/media?parent=21079"}],"curies":[{"name":"wp","href":"https:\/\/api.w.org\/{rel}","templated":true}]}}