{"id":21084,"date":"2025-11-14T10:04:04","date_gmt":"2025-11-14T10:04:04","guid":{"rendered":"https:\/\/iit.ac.rs\/?page_id=21084"},"modified":"2026-03-04T09:29:06","modified_gmt":"2026-03-04T09:29:06","slug":"dr-%d1%98ovana-muskinja","status":"publish","type":"page","link":"https:\/\/iit.ac.rs\/en\/dr-%d1%98ovana-muskinja\/","title":{"rendered":"Dr Jovana Mu\u0161kinja"},"content":{"rendered":"<div data-elementor-type=\"wp-page\" data-elementor-id=\"21084\" class=\"elementor elementor-21084\">\n\t\t\t\t<div class=\"elementor-element elementor-element-7ff245d e-flex e-con-boxed e-con e-parent\" data-id=\"7ff245d\" data-element_type=\"container\">\n\t\t\t\t\t<div class=\"e-con-inner\">\n\t\t\t\t<div class=\"elementor-element elementor-element-dde0a39 elementor-widget elementor-widget-html\" data-id=\"dde0a39\" data-element_type=\"widget\" data-widget_type=\"html.default\">\n\t\t\t\t\t<div class=\"iit-rp\" style=\"--accent:#07294DE8;\">\r\n\r\n  <!-- FOTO -->\r\n  <div class=\"photo\">\r\n    <img decoding=\"async\" src=\"https:\/\/iit.ac.rs\/wp-content\/uploads\/2025\/11\/JovanaMuskinja.jpg\" alt=\"\u0434\u0440 \u0408\u043e\u0432\u0430\u043d\u0430 \u041c\u0443\u0448\u043a\u0438\u045a\u0430\">\r\n  <\/div>\r\n\r\n  <!-- HEADER INFO -->\r\n  <div class=\"head\">\r\n    <h2>Dr Jovana Mu\u0161kinja<\/h2>\r\n\r\n    <div class=\"badges\">\r\n      <span class=\"badge\">Senior research\nassociate<\/span>\r\n      <span class=\"badge\">Bioorganic and bioinorganic chemistry<\/span>\r\n    <\/div>\r\n\r\n    <div class=\"meta\">\r\n      <div><b>Education:<\/b> Doctor of Science - Chemical Sciences<\/div>\r\n      <div><b>Address:<\/b> Institute of Information Technology Kragujevac, Jovana Cviji\u0107a bb, 34000 Kragujevac.<\/div>\r\n      <div><b>Email:<\/b> jmuskinja@kg.ac.rs<\/div>\r\n      <div><b>IBI:<\/b> AH334<\/div>\r\n    <\/div>\r\n\r\n    <!-- LINKOVI -->\r\n    <div class=\"ext\">\r\n\r\n      <a href=\"https:\/\/enauka.gov.rs\/cris\/rp\/rp07427\" target=\"_blank\">\r\n        <img decoding=\"async\" src=\"https:\/\/iit.ac.rs\/wp-content\/uploads\/2025\/11\/enauka.jpg\" alt=\"eNauka\">\r\n      <\/a>\r\n\r\n      <a href=\"https:\/\/scidar.kg.ac.rs\/browse?type=author&authority=51a85df6-59ff-48a6-86a1-bc2e5f2d8b73\" target=\"_blank\">\r\n        <img decoding=\"async\" src=\"https:\/\/iit.ac.rs\/wp-content\/uploads\/2025\/11\/koc.jpg\" alt=\"SCIDAR\">\r\n      <\/a>\r\n\r\n      <a href=\"https:\/\/orcid.org\/0000-0002-0638-3423\" target=\"_blank\">\r\n        <img decoding=\"async\" src=\"https:\/\/iit.ac.rs\/wp-content\/uploads\/2025\/11\/orcid.jpg\" alt=\"ORCID\">\r\n      <\/a>\r\n\r\n      <a href=\"https:\/\/www.researchgate.net\/profile\/Jovana-Muskinja\" target=\"_blank\">\r\n        <img decoding=\"async\" src=\"https:\/\/iit.ac.rs\/wp-content\/uploads\/2025\/11\/rg.jpg\" alt=\"ResearchGate\">\r\n      <\/a>\r\n\r\n    <\/div>\r\n\r\n    <!-- DUGMAD -->\r\n    <div class=\"actions\">\r\n\r\n      <a class=\"btn\" href=\"https:\/\/iit.ac.rs\/wp-content\/uploads\/2025\/11\/Radna-biografija-JovanaMuskinja.docx\" target=\"_blank\">\r\n        <span class=\"ico\">\ud83d\udcc4<\/span> CV - Serbian\r\n      <\/a>\r\n\r\n      <a class=\"btn\" href=\"https:\/\/iit.ac.rs\/wp-content\/uploads\/2025\/11\/Biography-JM.docx\" target=\"_blank\">\r\n        <span class=\"ico\">\ud83d\udcc4<\/span> CV \u2013 English\r\n      <\/a>\r\n\r\n    <\/div>\r\n\r\n  <\/div>\r\n\r\n  <!-- SECTIONS -->\r\n  <div class=\"card\">\r\n    <div class=\"accordion\">\r\n\r\n      <!-- Opis -->\r\n      <details open>\r\n        <summary>Brief description of the research<\/summary>\r\n\r\n        <div class=\"content\">\r\n          <p>\r\n            Starting from the fact that chalcones are very suitable compounds for various transformations, we synthesized a variety of chalcones and their analogues containing vanillin in their structure. These compounds often represent the main part of the structure of many natural products. They are also very good substrates for obtaining new azaheterocyclic compounds. As such, we used them for the synthesis of a series of pyrazoline and pyrimidine derivatives in high yield. Some of these series showed very good antimicrobial activity, while others were useful antitumor agents with high cytotoxic activity against the tested cancerous cell lines. Most importantly, all of these new compounds did not show a toxic effect against a normal non-cancerous cell line (MRC-5).\r\n          <\/p>\r\n          <p>\r\n            In continuation of our research aimed at the synthesis of various biologically active compounds, we decided to include one of the more useful compounds in organometallic chemistry, ferrocene. A series of ferrocene chalcones and their analogues were obtained and these products were used for different types of reactions aimed at the synthesis of new azaheterocyclic compounds (pyrazoline, oxazole, pyrimidine and diazepam derivatives).\r\n          <\/p>\r\n        <\/div>\r\n\r\n      <\/details>\r\n\r\n      <!-- Reference -->\r\n      <details>\r\n        <summary>Selected references<\/summary>\r\n\r\n        <div class=\"content\">\r\n          <ol class=\"refs\">\r\n\r\n            <li>\r\n              Jankovi\u0107, J. Mu\u0161kinja, Z. Ratkovi\u0107, Z. Bugar\u010di\u0107, B. Rankovi\u0107, M. Kosani\u0107, S. Stefanovi\u0107, \r\n              <i>Solvent-free synthesis of novel vanillidene derivatives of Meldrum\u2032s acid: biological evaluation, DNA and BSA binding study.<\/i> \r\n              RSC Advances, 6 (2016) 39452-39459. https:\/\/doi.org\/10.1039\/C6RA07711K.\r\n            <\/li>\r\n\r\n            <li>\r\n              Burmud\u017eija, Z. Ratkovi\u0107, J. Mu\u0161kinja, N. Jankovi\u0107, B. Rankovi\u0107, M. Kosani\u0107, S. \u0110or\u0452\u0435vi\u0107, \r\n              <i>Ferrocenyl based pyrazoline derivatives with vanillic core: synthesis and investigation of its biological properties.<\/i> \r\n              RSC Advances, 6 (2016) 91420-91430. https:\/\/doi.org\/10.1039\/C6RA18977F.\r\n            <\/li>\r\n\r\n            <li>\r\n              Mu\u0161kinja, N. Jankovi\u0107, Z. Ratkovi\u0107, G. Bogdanovi\u0107, Z. Bugar\u010di\u0107, \r\n              <i>Vanillic aldehydes for the one-pot synthesis of novel 2-oxo-1,2,3,4-tetrahydropyrimidines<\/i> \r\n              Molecular Diversity, 20 (2016) 591-604. https:\/\/doi.org\/10.1007\/s11030-016-9658-y.\r\n            <\/li>\r\n\r\n            <li>\r\n              J. M. Mu\u0161kinja, A. Z. Burmud\u017eija, D. D. Baski\u0107, S. L. Popovi\u0107, D. V. Tod\u043e\u0440\u043e\u0432\u0438\u045b, M. \u041c. Zari\u0107, Z. R. Ratkovi\u0107, \r\n              <i>Synthesis and anticancer activity of chalcone analogues with sulfonyl groups<\/i> \r\n              Medicinal Chemistry Research, 28 (2019) 279-291. https:\/\/doi.org\/10.1007\/s00044-018-02283-4.\r\n            <\/li>\r\n\r\n          <\/ol>\r\n        <\/div>\r\n\r\n      <\/details>\r\n\r\n    <\/div>\r\n  <\/div>\r\n\r\n<\/div>\r\n\t\t\t\t<\/div>\n\t\t\t\t\t<\/div>\n\t\t\t\t<\/div>\n\t\t\t\t<\/div>","protected":false},"excerpt":{"rendered":"<p>\u0434\u0440 \u0408\u043e\u0432\u0430\u043d\u0430 \u041c\u0443\u0448\u043a\u0438\u045a\u0430 \u0412\u0438\u0448\u0438 \u043d\u0430\u0443\u0447\u043d\u0438 \u0441\u0430\u0440\u0430\u0434\u043d\u0438\u043a \u0411\u0438\u043e\u043e\u0440\u0433\u0430\u043d\u0441\u043a\u0430 \u0438 \u0431\u0438\u043e\u043d\u0435\u043e\u0440\u0433\u0430\u043d\u0441\u043a\u0430 \u0445\u0435\u043c\u0438\u0458\u0430 \u041e\u0431\u0440\u0430\u0437\u043e\u0432\u0430\u045a\u0435: \u0414\u043e\u043a\u0442\u043e\u0440 \u043d\u0430\u0443\u043a\u0430 \u2013 \u0445\u0435\u043c\u0438\u0458\u0441\u043a\u0435 \u043d\u0430\u0443\u043a\u0435 \u0410\u0434\u0440\u0435\u0441\u0430: \u0418\u043d\u0441\u0442\u0438\u0442\u0443\u0442 \u0437\u0430 \u0438\u043d\u0444\u043e\u0440\u043c\u0430\u0446\u0438\u043e\u043d\u0435 \u0442\u0435\u0445\u043d\u043e\u043b\u043e\u0433\u0438\u0458\u0435 \u041a\u0440\u0430\u0433\u0443\u0458\u0435\u0432\u0430\u0446, \u0408\u043e\u0432\u0430\u043d\u0430 \u0426\u0432\u0438\u0458\u0438\u045b\u0430 \u0431\u0431, 34000 \u041a\u0440\u0430\u0433\u0443\u0458\u0435\u0432\u0430\u0446. \u0415-\u043f\u043e\u0448\u0442\u0430: jmuskinja@kg.ac.rs \u0418\u0411\u0418: AH334 \ud83d\udcc4 CV \u2013 \u0421\u0440\u043f\u0441\u043a\u0438 \ud83d\udcc4 CV \u2013 English \u041a\u0440\u0430\u0442\u0430\u043a \u043e\u043f\u0438\u0441 \u0438\u0441\u0442\u0440\u0430\u0436\u0438\u0432\u0430\u045a\u0430 \u041f\u043e\u043b\u0430\u0437\u0435\u045b\u0438 \u043e\u0434 \u0447\u0438\u045a\u0435\u043d\u0438\u0446\u0435 \u0434\u0430 \u0441\u0443 \u0445\u0430\u043b\u043a\u043e\u043d\u0438 \u0432\u0435\u043e\u043c\u0430 \u043f\u043e\u0433\u043e\u0434\u043d\u0430 \u0458\u0435\u0434\u0438\u045a\u0435\u045a\u0430 \u0437\u0430 \u0440\u0430\u0437\u043b\u0438\u0447\u0438\u0442\u0435 \u0442\u0440\u0430\u043d\u0441\u0444\u043e\u0440\u043c\u0430\u0446\u0438\u0458\u0435, \u043c\u0438&#8230;<\/p>","protected":false},"author":1,"featured_media":0,"parent":0,"menu_order":0,"comment_status":"closed","ping_status":"closed","template":"","meta":{"_eb_attr":"","footnotes":""},"class_list":["post-21084","page","type-page","status-publish","hentry"],"_links":{"self":[{"href":"https:\/\/iit.ac.rs\/en\/wp-json\/wp\/v2\/pages\/21084","targetHints":{"allow":["GET"]}}],"collection":[{"href":"https:\/\/iit.ac.rs\/en\/wp-json\/wp\/v2\/pages"}],"about":[{"href":"https:\/\/iit.ac.rs\/en\/wp-json\/wp\/v2\/types\/page"}],"author":[{"embeddable":true,"href":"https:\/\/iit.ac.rs\/en\/wp-json\/wp\/v2\/users\/1"}],"replies":[{"embeddable":true,"href":"https:\/\/iit.ac.rs\/en\/wp-json\/wp\/v2\/comments?post=21084"}],"version-history":[{"count":4,"href":"https:\/\/iit.ac.rs\/en\/wp-json\/wp\/v2\/pages\/21084\/revisions"}],"predecessor-version":[{"id":21090,"href":"https:\/\/iit.ac.rs\/en\/wp-json\/wp\/v2\/pages\/21084\/revisions\/21090"}],"wp:attachment":[{"href":"https:\/\/iit.ac.rs\/en\/wp-json\/wp\/v2\/media?parent=21084"}],"curies":[{"name":"wp","href":"https:\/\/api.w.org\/{rel}","templated":true}]}}