{"id":21091,"date":"2025-11-14T10:07:00","date_gmt":"2025-11-14T10:07:00","guid":{"rendered":"https:\/\/iit.ac.rs\/?page_id=21091"},"modified":"2026-03-04T09:29:31","modified_gmt":"2026-03-04T09:29:31","slug":"dr-snezana-vulovic","status":"publish","type":"page","link":"https:\/\/iit.ac.rs\/en\/dr-snezana-vulovic\/","title":{"rendered":"Dr Sne\u017eana Vulovi\u0107"},"content":{"rendered":"<div data-elementor-type=\"wp-page\" data-elementor-id=\"21091\" class=\"elementor elementor-21091\">\n\t\t\t\t<div class=\"elementor-element elementor-element-fb5257d e-flex e-con-boxed e-con e-parent\" data-id=\"fb5257d\" data-element_type=\"container\">\n\t\t\t\t\t<div class=\"e-con-inner\">\n\t\t\t\t<div class=\"elementor-element elementor-element-276de36 elementor-widget elementor-widget-html\" data-id=\"276de36\" data-element_type=\"widget\" data-widget_type=\"html.default\">\n\t\t\t\t\t<div class=\"iit-rp\" style=\"--accent:#07294DE8;\">\r\n\r\n  <!-- FOTO -->\r\n  <div class=\"photo\">\r\n    <img decoding=\"async\" src=\"https:\/\/iit.ac.rs\/wp-content\/uploads\/2025\/11\/SnezanaVulovic.jpg\" alt=\"\u0434\u0440 \u0421\u043d\u0435\u0436\u0430\u043d\u0430 \u0412\u0443\u043b\u043e\u0432\u0438\u045b\">\r\n  <\/div>\r\n\r\n  <!-- HEADER INFO -->\r\n  <div class=\"head\">\r\n    <h2>Dr Sne\u017eana Vulovi\u0107<\/h2>\r\n\r\n    <div class=\"badges\">\r\n      <span class=\"badge\">Senior research\nassociate<\/span>\r\n      <span class=\"badge\">Application of information technologies in engineering<\/span>\r\n    <\/div>\r\n\r\n    <div class=\"meta\">\r\n      <div><b>Education:<\/b> Doctor of Science - Mechanical Engineering<\/div>\r\n      <div><b>Address:<\/b> Institute of Information Technology Kragujevac, Jovana Cviji\u0107a bb, 34000 Kragujevac.<\/div>\r\n      <div><b>Email:<\/b> vsneza@kg.ac.rs<\/div>\r\n    <\/div>\r\n\r\n    <!-- LINKOVI -->\r\n    <div class=\"ext\">\r\n\r\n      <a href=\"https:\/\/enauka.gov.rs\/cris\/rp\/rp02128\" target=\"_blank\">\r\n        <img decoding=\"async\" src=\"https:\/\/iit.ac.rs\/wp-content\/uploads\/2025\/11\/enauka.jpg\" alt=\"eNauka\">\r\n      <\/a>\r\n\r\n      <a href=\"https:\/\/scidar.kg.ac.rs\/browse?type=author&authority=d05a87f9-9d74-459e-99fd-00e80c8958c5\" target=\"_blank\">\r\n        <img decoding=\"async\" src=\"https:\/\/iit.ac.rs\/wp-content\/uploads\/2025\/11\/koc.jpg\" alt=\"SCIDAR\">\r\n      <\/a>\r\n\r\n      <a href=\"https:\/\/orcid.org\/0000-0001-5784-0906\" target=\"_blank\">\r\n        <img decoding=\"async\" src=\"https:\/\/iit.ac.rs\/wp-content\/uploads\/2025\/11\/orcid.jpg\" alt=\"ORCID\">\r\n      <\/a>\r\n\r\n      <a href=\"https:\/\/www.researchgate.net\/profile\/Snezana-Vulovic-3\" target=\"_blank\">\r\n        <img decoding=\"async\" src=\"https:\/\/iit.ac.rs\/wp-content\/uploads\/2025\/11\/rg.jpg\" alt=\"ResearchGate\">\r\n      <\/a>\r\n\r\n      <a href=\"https:\/\/www.linkedin.com\/in\/snezana-vulovic-79283337\/\" target=\"_blank\">\r\n        <img decoding=\"async\" src=\"https:\/\/iit.ac.rs\/wp-content\/uploads\/2025\/11\/linkedin.jpg\" alt=\"LinkedIn\">\r\n      <\/a>\r\n\r\n      <a href=\"https:\/\/www.scopus.com\/authid\/detail.uri?authorId=6508147414\" target=\"_blank\">\r\n        <img decoding=\"async\" src=\"https:\/\/iit.ac.rs\/wp-content\/uploads\/2025\/11\/scopus.jpg\" alt=\"Scopus\">\r\n      <\/a>\r\n\r\n    <\/div>\r\n\r\n    <!-- DUGMAD -->\r\n    <div class=\"actions\">\r\n\r\n      <a class=\"btn\" href=\"https:\/\/iit.ac.rs\/wp-content\/uploads\/2025\/11\/Radna-biografija-Snezana-Vulovic-2023.docx\" target=\"_blank\">\r\n        <span class=\"ico\">\ud83d\udcc4<\/span> CV - Serbian\r\n      <\/a>\r\n\r\n      <a class=\"btn\" href=\"https:\/\/iit.ac.rs\/wp-content\/uploads\/2025\/11\/Biography-Snezana-Vulovic.pdf\" target=\"_blank\">\r\n        <span class=\"ico\">\ud83d\udcc4<\/span> CV \u2013 English\r\n      <\/a>\r\n\r\n    <\/div>\r\n\r\n  <\/div>\r\n\r\n  <!-- SECTIONS -->\r\n  <div class=\"card\">\r\n    <div class=\"accordion\">\r\n\r\n      <!-- Opis -->\r\n      <details open>\r\n        <summary>Brief description of the research<\/summary>\r\n\r\n        <div class=\"content\">\r\n          <p>\r\n            Dr. Snezana Vulovi\u0107 has extensive experience in development and research in the field of Finite Element Method (FEM): algorithms for solving contact problems, algorithms for solving coupled problems in flow through porous media, including heat transfer and multiphase flow, as well as algorithms for analyzing low and high fatigue of materials.\r\n          <\/p>\r\n          <p>\r\n            She is engaged in the development of finite element models of complex structures for industry and the evaluation of the obtained results. Dr. Snezana Vulovi\u0107 is dedicated to modeling complex structural systems for FEM analysis, collaborating and consulting with product design engineers to improve design solutions, quickly mastering new software and applying its full potential, designing systems for quick access to vital information, as well as formal reporting and documentation of results.\r\n          <\/p>\r\n        <\/div>\r\n\r\n      <\/details>\r\n\r\n      <!-- Reference -->\r\n      <details>\r\n        <summary>Selected references<\/summary>\r\n\r\n        <div class=\"content\">\r\n              <ol class=\"refs\">\r\n          \r\n            <li>\r\n  Milos Kojic, Nenad Filipovic, Snezana Vulovic, Srboljub Mijailovic, \r\n  <i>A finite element solution procedure for porous medium with fluid flow and electromechanical coupling<\/i>, \r\n  Communications in Numerical Methods in Engineering, 14 (1998), 381\u2013392. ISSN: 1069-8299.\r\n<\/li>\r\n\r\n<li>\r\n  Vlade Urosevic, Dragoslav Nikezic, Snezana Vulovic, Milos Kojic, \r\n  <i>Optimization of Radon Measurements with Active Charcoal<\/i>, \r\n  Health Physics, 76(6) (1999), 687\u2013691. ISSN: 0017-9078.\r\n<\/li>\r\n\r\n<li>\r\n  Urosevic, D. Nikezic, S. Vulovic, \r\n  <i>A theoretical approach to indoor radon and thoron distribution<\/i>, \r\n  Journal of Environmental Radioactivity, 99(12) (2008), 1829\u20131833. \r\n  DOI: 10.1016\/j.jenvrad.2008.07.010.\r\n<\/li>\r\n\r\n<li>\r\n  Fragassa, M. Topalovic, A. Pavlovic, S. Vulovic, \r\n  <i>Dealing with the Effect of Air in Fluid Structure Interaction by Coupled SPH-FEM Methods<\/i>, \r\n  Materials, 12(7) (2019). ISSN: 1996-1944. DOI: 10.3390\/ma12071162.\r\n<\/li>\r\n\r\n<li>\r\n  Rodoljub Vujanac, Nenad Miloradovi\u0107, Sne\u017eana Vulovi\u0107, Ana Pavlovi\u0107, \r\n  <i>A Comprehensive Study into the Boltless Connections of Racking Systems<\/i>, \r\n  Metals, 10(2) (2020), 276. ISSN: 2075-4701. DOI: 10.3390\/met10020276.\r\n<\/li>\r\n<\/ol>\r\n          \r\n        <\/div>\r\n\r\n      <\/details>\r\n\r\n    <\/div>\r\n  <\/div>\r\n\r\n<\/div>\r\n\t\t\t\t<\/div>\n\t\t\t\t\t<\/div>\n\t\t\t\t<\/div>\n\t\t\t\t<\/div>","protected":false},"excerpt":{"rendered":"<p>\u0434\u0440 \u0421\u043d\u0435\u0436\u0430\u043d\u0430 \u0412\u0443\u043b\u043e\u0432\u0438\u045b \u0412\u0438\u0448\u0438 \u043d\u0430\u0443\u0447\u043d\u0438 \u0441\u0430\u0440\u0430\u0434\u043d\u0438\u043a \u041f\u0440\u0438\u043c\u0435\u043d\u0430 \u0438\u043d\u0444\u043e\u0440\u043c\u0430\u0446\u0438\u043e\u043d\u0438\u0445 \u0442\u0435\u0445\u043d\u043e\u043b\u043e\u0433\u0438\u0458\u0430 \u0443 \u0438\u043d\u0436\u0435\u045a\u0435\u0440\u0441\u0442\u0432\u0443 \u041e\u0431\u0440\u0430\u0437\u043e\u0432\u0430\u045a\u0435: \u0414\u043e\u043a\u0442\u043e\u0440 \u043d\u0430\u0443\u043a\u0430 \u2013 \u043c\u0430\u0448\u0438\u043d\u0441\u043a\u043e \u0438\u043d\u0436\u0435\u045a\u0435\u0440\u0441\u0442\u0432\u043e \u0410\u0434\u0440\u0435\u0441\u0430: \u0418\u043d\u0441\u0442\u0438\u0442\u0443\u0442 \u0437\u0430 \u0438\u043d\u0444\u043e\u0440\u043c\u0430\u0446\u0438\u043e\u043d\u0435 \u0442\u0435\u0445\u043d\u043e\u043b\u043e\u0433\u0438\u0458\u0435 \u041a\u0440\u0430\u0433\u0443\u0458\u0435\u0432\u0430\u0446, \u0408\u043e\u0432\u0430\u043d\u0430 \u0426\u0432\u0438\u0458\u0438\u045b\u0430 \u0431\u0431, 34000 \u041a\u0440\u0430\u0433\u0443\u0458\u0435\u0432\u0430\u0446. \u0415-\u043f\u043e\u0448\u0442\u0430: vsneza@kg.ac.rs \ud83d\udcc4 CV \u2013 \u0421\u0440\u043f\u0441\u043a\u0438 \ud83d\udcc4 CV \u2013 English \u041a\u0440\u0430\u0442\u0430\u043a \u043e\u043f\u0438\u0441 \u0438\u0441\u0442\u0440\u0430\u0436\u0438\u0432\u0430\u045a\u0430 \u0414\u0440 \u0421\u043d\u0435\u0436\u0430\u043d\u0430 \u0412\u0443\u043b\u043e\u0432\u0438\u045b \u0438\u043c\u0430 \u0448\u0438\u0440\u043e\u043a\u043e \u0438\u0441\u043a\u0443\u0441\u0442\u0432\u043e \u0443 \u0440\u0430\u0437\u0432\u043e\u0458\u0443 \u0438 \u0438\u0441\u0442\u0440\u0430\u0436\u0438\u0432\u0430\u045a\u0443 \u0443 \u043e\u0431\u043b\u0430\u0441\u0442\u0438 \u043c\u0435\u0442\u043e\u0434\u0435 \u043a\u043e\u043d\u0430\u0447\u043d\u0438\u0445&#8230;<\/p>","protected":false},"author":1,"featured_media":0,"parent":0,"menu_order":0,"comment_status":"closed","ping_status":"closed","template":"","meta":{"_eb_attr":"","footnotes":""},"class_list":["post-21091","page","type-page","status-publish","hentry"],"_links":{"self":[{"href":"https:\/\/iit.ac.rs\/en\/wp-json\/wp\/v2\/pages\/21091","targetHints":{"allow":["GET"]}}],"collection":[{"href":"https:\/\/iit.ac.rs\/en\/wp-json\/wp\/v2\/pages"}],"about":[{"href":"https:\/\/iit.ac.rs\/en\/wp-json\/wp\/v2\/types\/page"}],"author":[{"embeddable":true,"href":"https:\/\/iit.ac.rs\/en\/wp-json\/wp\/v2\/users\/1"}],"replies":[{"embeddable":true,"href":"https:\/\/iit.ac.rs\/en\/wp-json\/wp\/v2\/comments?post=21091"}],"version-history":[{"count":4,"href":"https:\/\/iit.ac.rs\/en\/wp-json\/wp\/v2\/pages\/21091\/revisions"}],"predecessor-version":[{"id":21098,"href":"https:\/\/iit.ac.rs\/en\/wp-json\/wp\/v2\/pages\/21091\/revisions\/21098"}],"wp:attachment":[{"href":"https:\/\/iit.ac.rs\/en\/wp-json\/wp\/v2\/media?parent=21091"}],"curies":[{"name":"wp","href":"https:\/\/api.w.org\/{rel}","templated":true}]}}