{"id":21099,"date":"2025-11-14T10:16:46","date_gmt":"2025-11-14T10:16:46","guid":{"rendered":"https:\/\/iit.ac.rs\/?page_id=21099"},"modified":"2026-03-04T09:30:01","modified_gmt":"2026-03-04T09:30:01","slug":"dr-emina-mrkalic","status":"publish","type":"page","link":"https:\/\/iit.ac.rs\/en\/dr-emina-mrkalic\/","title":{"rendered":"Dr Emina Mrkali\u0107"},"content":{"rendered":"<div data-elementor-type=\"wp-page\" data-elementor-id=\"21099\" class=\"elementor elementor-21099\">\n\t\t\t\t<div class=\"elementor-element elementor-element-a572833 e-flex e-con-boxed e-con e-parent\" data-id=\"a572833\" data-element_type=\"container\">\n\t\t\t\t\t<div class=\"e-con-inner\">\n\t\t\t\t<div class=\"elementor-element elementor-element-05470a8 elementor-widget elementor-widget-html\" data-id=\"05470a8\" data-element_type=\"widget\" data-widget_type=\"html.default\">\n\t\t\t\t\t<div class=\"iit-rp\" style=\"--accent:#07294DE8;\">\r\n\r\n  <!-- FOTO -->\r\n  <div class=\"photo\">\r\n    <img decoding=\"async\" src=\"https:\/\/iit.ac.rs\/wp-content\/uploads\/2025\/11\/EminaMrkalic.jpg\" alt=\"\u0434\u0440 \u0415\u043c\u0438\u043d\u0430 \u041c\u0440\u043a\u0430\u043b\u0438\u045b\">\r\n  <\/div>\r\n\r\n  <!-- HEADER INFO -->\r\n  <div class=\"head\">\r\n    <h2>Dr Emina Mrkali\u0107<\/h2>\r\n\r\n    <div class=\"badges\">\r\n      <span class=\"badge\">Senior research\nassociate<\/span>\r\n      <span class=\"badge\">Bioorganic and bioinorganic chemistry<\/span>\r\n    <\/div>\r\n\r\n    <div class=\"meta\">\r\n      <div><b>Education:<\/b> Doctor of Science - Chemical Sciences<\/div>\r\n      <div><b>Address:<\/b> Institute of Information Technology Kragujevac, Jovana Cviji\u0107a bb, 34000 Kragujevac.<\/div>\r\n      <div><b>Email:<\/b> emina.mrkalic@pmf.kg.ac.rs<\/div>\r\n      <div><b>IBI (Researcher Identification Number):<\/b> AN032<\/div>\r\n    <\/div>\r\n\r\n    <!-- LINKOVI -->\r\n    <div class=\"ext\">\r\n\r\n      <a href=\"https:\/\/enauka.gov.rs\/cris\/rp\/rp07400\" target=\"_blank\">\r\n        <img decoding=\"async\" src=\"https:\/\/iit.ac.rs\/wp-content\/uploads\/2025\/11\/enauka.jpg\" alt=\"eNauka\">\r\n      <\/a>\r\n\r\n      <a href=\"https:\/\/scidar.kg.ac.rs\/browse?type=author&authority=6e1e8c40-d11b-4147-9b4c-746367b3a915\" target=\"_blank\">\r\n        <img decoding=\"async\" src=\"https:\/\/iit.ac.rs\/wp-content\/uploads\/2025\/11\/koc.jpg\" alt=\"SCIDAR\">\r\n      <\/a>\r\n\r\n      <a href=\"https:\/\/orcid.org\/0000-0002-9708-2326\" target=\"_blank\">\r\n        <img decoding=\"async\" src=\"https:\/\/iit.ac.rs\/wp-content\/uploads\/2025\/11\/orcid.jpg\" alt=\"ORCID\">\r\n      <\/a>\r\n\r\n      <a href=\"https:\/\/www.researchgate.net\/profile\/Emina-Mrkalic\" target=\"_blank\">\r\n        <img decoding=\"async\" src=\"https:\/\/iit.ac.rs\/wp-content\/uploads\/2025\/11\/rg.jpg\" alt=\"ResearchGate\">\r\n      <\/a>\r\n\r\n      <a href=\"https:\/\/www.scopus.com\/authid\/detail.uri?authorId=55043084800\" target=\"_blank\">\r\n        <img decoding=\"async\" src=\"https:\/\/iit.ac.rs\/wp-content\/uploads\/2025\/11\/scopus.jpg\" alt=\"Scopus\">\r\n      <\/a>\r\n\r\n    <\/div>\r\n\r\n    <!-- DUGMAD -->\r\n    <div class=\"actions\">\r\n\r\n      <a class=\"btn\" href=\"https:\/\/iit.ac.rs\/wp-content\/uploads\/2025\/11\/\u0420\u0430\u0434\u043d\u0430-\u0431\u0438\u043e\u0433\u0440\u0430\u0444\u0438\u0458\u0430-Emilija-Mrkalic.docx\" target=\"_blank\">\r\n        <span class=\"ico\">\ud83d\udcc4<\/span> CV - Serbian\r\n      <\/a>\r\n\r\n      <a class=\"btn\" href=\"https:\/\/iit.ac.rs\/wp-content\/uploads\/2025\/11\/Biography-Emina-Mrkalic.docx\" target=\"_blank\">\r\n        <span class=\"ico\">\ud83d\udcc4<\/span> CV \u2013 English\r\n      <\/a>\r\n\r\n    <\/div>\r\n\r\n  <\/div>\r\n\r\n  <!-- SECTIONS -->\r\n  <div class=\"card\">\r\n    <div class=\"accordion\">\r\n\r\n      <!-- Opis -->\r\n      <details open>\r\n        <summary>Brief description of the research<\/summary>\r\n\r\n        <div class=\"content\">\r\n          <p>\r\n            Research includes:\r\n          <\/p>\r\n\r\n          <p>\r\n            <b>\u0430)<\/b> Determining structural changes during the binding of commercial drugs to certain blood plasma proteins, as well as examining the specificity of drug-protein interactions in simulated physiological conditions.\r\n          <\/p>\r\n\r\n          <p>\r\n            <b>\u0431)<\/b> Testing the interactions of newly synthesized compounds with human serum proteins and a DNA molecule (calf DNA). Binding constants, binding sites, thermodynamic parameters and the nature of the forces involved in binding are determined.\r\n          <\/p>\r\n          \r\n          <p> In this way, binding constants will be determined, as well as binding sites, thermodynamic parameters, and the nature of binding forces between the drug\/newly synthesized compounds and proteins.<\/p>\r\n        <\/div>\r\n\r\n      <\/details>\r\n\r\n      <!-- Reference -->\r\n      <details>\r\n        <summary>Selected references<\/summary>\r\n\r\n        <div class=\"content\">\r\n          <ol class=\"refs\">\r\n\r\n            <li>\r\n              Emina M. Mrkali\u0107, Ratomir M. Jeli\u0107, Olivera R. Klisuri\u0107, Zoran D. Matovi\u0107,\r\n              <i>Synthesis of novel palladium(II) complexes with oxalic acid diamide derivatives and their interaction with nucleosides and proteins<\/i>,\r\n              Dalton Transactions, 43 (2014) 15126\u201315137.\r\n              https:\/\/doi.org\/10.1039\/C3DT53384K.\r\n            <\/li>\r\n\r\n            <li>\r\n              Emina Mrkali\u0107, Ratomir Jeli\u0107, Stefan Stojanovi\u0107, Miroslav Sovrli\u0107,\r\n              <i>Interaction between olanzapine and human serum albumin and effect of metal ions, caffeine and flavonoids on the binding: A spectroscopic study<\/i>,\r\n              Spectrochimica Acta Part A: Molecular and Biomolecular Spectroscopy, 249 (2021) 119295.\r\n              https:\/\/doi.org\/10.1016\/j.saa.2020.119295.\r\n            <\/li>\r\n\r\n            <li>\r\n              Miroslav Sovrli\u0107, Emina Mrkali\u0107, Ratomir Jeli\u0107, Marina \u0106endi\u0107 Serafinovi\u0107, Stefan Stojanovi\u0107, Nevena Prodanovi\u0107, Jovica Tomovi\u0107,\r\n              <i>Effect of caffeine and flavonoids on the binding of tigecycline to human serum albumin: A spectroscopic study and molecular docking<\/i>,\r\n              Pharmaceuticals, 15(3) (2022) 266.\r\n              https:\/\/doi.org\/10.3390\/ph15030266.\r\n            <\/li>\r\n\r\n          <\/ol>\r\n        <\/div>\r\n\r\n      <\/details>\r\n\r\n    <\/div>\r\n  <\/div>\r\n\r\n<\/div>\r\n\t\t\t\t<\/div>\n\t\t\t\t\t<\/div>\n\t\t\t\t<\/div>\n\t\t\t\t<\/div>","protected":false},"excerpt":{"rendered":"<p>\u0434\u0440 \u0415\u043c\u0438\u043d\u0430 \u041c\u0440\u043a\u0430\u043b\u0438\u045b \u0412\u0438\u0448\u0438 \u043d\u0430\u0443\u0447\u043d\u0438 \u0441\u0430\u0440\u0430\u0434\u043d\u0438\u043a \u0411\u0438\u043e\u043e\u0440\u0433\u0430\u043d\u0441\u043a\u0430 \u0438 \u0431\u0438\u043e\u043d\u0435\u043e\u0440\u0433\u0430\u043d\u0441\u043a\u0430 \u0445\u0435\u043c\u0438\u0458\u0430 \u041e\u0431\u0440\u0430\u0437\u043e\u0432\u0430\u045a\u0435: \u0414\u043e\u043a\u0442\u043e\u0440 \u043d\u0430\u0443\u043a\u0430-\u0445\u0435\u043c\u0438\u0458\u0441\u043a\u0435 \u043d\u0430\u0443\u043a\u0435 \u0410\u0434\u0440\u0435\u0441\u0430: \u0418\u043d\u0441\u0442\u0438\u0442\u0443\u0442 \u0437\u0430 \u0438\u043d\u0444\u043e\u0440\u043c\u0430\u0446\u0438\u043e\u043d\u0435 \u0442\u0435\u0445\u043d\u043e\u043b\u043e\u0433\u0438\u0458\u0435 \u041a\u0440\u0430\u0433\u0443\u0458\u0435\u0432\u0430\u0446, \u0408\u043e\u0432\u0430\u043d\u0430 \u0426\u0432\u0438\u0458\u0438\u045b\u0430 \u0431\u0431, 34000 \u041a\u0440\u0430\u0433\u0443\u0458\u0435\u0432\u0430\u0446. \u0415-\u043f\u043e\u0448\u0442\u0430: emina.mrkalic@pmf.kg.ac.rs \u0418\u0411\u0418 (\u0418\u0434\u0435\u043d\u0442\u0438\u0444\u0438\u043a\u0430\u0446\u0438\u043e\u043d\u0438 \u0411\u0440\u043e\u0458 \u0418\u0441\u0442\u0440\u0430\u0436\u0438\u0432\u0430\u0447\u0430): AN032 \ud83d\udcc4 CV \u2013 \u0421\u0440\u043f\u0441\u043a\u0438 \ud83d\udcc4 CV \u2013 English \u041a\u0440\u0430\u0442\u0430\u043a \u043e\u043f\u0438\u0441 \u0438\u0441\u0442\u0440\u0430\u0436\u0438\u0432\u0430\u045a\u0430 \u0418\u0441\u0442\u0440\u0430\u0436\u0438\u0432\u0430\u045a\u0430 \u043e\u0431\u0443\u0445\u0432\u0430\u0442\u0430\u0458\u0443: \u0430) \u041e\u0434\u0440\u0435\u0452\u0438\u0432\u0430\u045a\u0435 \u0441\u0442\u0440\u0443\u043a\u0442\u0443\u0440\u043d\u0438\u0445 \u043f\u0440\u043e\u043c\u0435\u043d\u0430 \u043f\u0440\u0438\u043b\u0438\u043a\u043e\u043c \u0432\u0435\u0437\u0438\u0432\u0430\u045a\u0430 \u043a\u043e\u043c\u0435\u0440\u0446\u0438\u0458\u0430\u043b\u043d\u0438\u0445 \u043b\u0435\u043a\u043e\u0432\u0430 \u0437\u0430 \u043e\u0434\u0440\u0435\u0452\u0435\u043d\u0435&#8230;<\/p>","protected":false},"author":1,"featured_media":0,"parent":0,"menu_order":0,"comment_status":"closed","ping_status":"closed","template":"","meta":{"_eb_attr":"","footnotes":""},"class_list":["post-21099","page","type-page","status-publish","hentry"],"_links":{"self":[{"href":"https:\/\/iit.ac.rs\/en\/wp-json\/wp\/v2\/pages\/21099","targetHints":{"allow":["GET"]}}],"collection":[{"href":"https:\/\/iit.ac.rs\/en\/wp-json\/wp\/v2\/pages"}],"about":[{"href":"https:\/\/iit.ac.rs\/en\/wp-json\/wp\/v2\/types\/page"}],"author":[{"embeddable":true,"href":"https:\/\/iit.ac.rs\/en\/wp-json\/wp\/v2\/users\/1"}],"replies":[{"embeddable":true,"href":"https:\/\/iit.ac.rs\/en\/wp-json\/wp\/v2\/comments?post=21099"}],"version-history":[{"count":4,"href":"https:\/\/iit.ac.rs\/en\/wp-json\/wp\/v2\/pages\/21099\/revisions"}],"predecessor-version":[{"id":21105,"href":"https:\/\/iit.ac.rs\/en\/wp-json\/wp\/v2\/pages\/21099\/revisions\/21105"}],"wp:attachment":[{"href":"https:\/\/iit.ac.rs\/en\/wp-json\/wp\/v2\/media?parent=21099"}],"curies":[{"name":"wp","href":"https:\/\/api.w.org\/{rel}","templated":true}]}}