{"id":21113,"date":"2025-11-14T10:21:54","date_gmt":"2025-11-14T10:21:54","guid":{"rendered":"https:\/\/iit.ac.rs\/?page_id=21113"},"modified":"2026-03-04T09:30:38","modified_gmt":"2026-03-04T09:30:38","slug":"dr-dragan-cvetkovic","status":"publish","type":"page","link":"https:\/\/iit.ac.rs\/en\/dr-dragan-cvetkovic\/","title":{"rendered":"Dr Dragan Cvetkovi\u0107"},"content":{"rendered":"<div data-elementor-type=\"wp-page\" data-elementor-id=\"21113\" class=\"elementor elementor-21113\">\n\t\t\t\t<div class=\"elementor-element elementor-element-c2690fa e-flex e-con-boxed e-con e-parent\" data-id=\"c2690fa\" data-element_type=\"container\">\n\t\t\t\t\t<div class=\"e-con-inner\">\n\t\t\t\t<div class=\"elementor-element elementor-element-d7dc28e elementor-widget elementor-widget-html\" data-id=\"d7dc28e\" data-element_type=\"widget\" data-widget_type=\"html.default\">\n\t\t\t\t\t<div class=\"iit-rp\" style=\"--accent:#07294DE8;\">\r\n\r\n  <!-- FOTO -->\r\n  <div class=\"photo\">\r\n    <img decoding=\"async\" src=\"https:\/\/iit.ac.rs\/wp-content\/uploads\/2025\/11\/man-avatar.jpg\" alt=\"\u0434\u0440 \u0414\u0440\u0430\u0433\u0430\u043d \u0426\u0432\u0435\u0442\u043a\u043e\u0432\u0438\u045b\">\r\n  <\/div>\r\n\r\n  <!-- HEADER INFO -->\r\n  <div class=\"head\">\r\n    <h2>Dr Dragan Cvetkovi\u0107<\/h2>\r\n\r\n    <div class=\"badges\">\r\n      <span class=\"badge\">Senior research\nassociate<\/span>\r\n      <span class=\"badge\">Application of information technologies in engineering<\/span>\r\n    <\/div>\r\n\r\n    <div class=\"meta\">\r\n      <div><b>Education:<\/b> Doctor of Science - Mechanical Engineering<\/div>\r\n      <div><b>Address:<\/b> Institute of Information Technology Kragujevac, Jovana Cviji\u0107a bb, 34000 Kragujevac.<\/div>\r\n      <div><b>Email:<\/b> dragan_cw8202@yahoo.com<\/div>\r\n    <\/div>\r\n\r\n    <!-- LINKOVI -->\r\n    <div class=\"ext\">\r\n\r\n      <a href=\"https:\/\/enauka.gov.rs\/cris\/rp\/rp11821\" target=\"_blank\">\r\n        <img decoding=\"async\" src=\"https:\/\/iit.ac.rs\/wp-content\/uploads\/2025\/11\/enauka.jpg\" alt=\"eNauka\">\r\n      <\/a>\r\n\r\n      <a href=\"https:\/\/scidar.kg.ac.rs\/browse?type=author&authority=c9201aa0-bf3b-465e-b1b4-4755ec32d55b\" target=\"_blank\">\r\n        <img decoding=\"async\" src=\"https:\/\/iit.ac.rs\/wp-content\/uploads\/2025\/11\/koc.jpg\" alt=\"SCIDAR\">\r\n      <\/a>\r\n\r\n      <a href=\"https:\/\/orcid.org\/0000-0002-9476-2254\" target=\"_blank\">\r\n        <img decoding=\"async\" src=\"https:\/\/iit.ac.rs\/wp-content\/uploads\/2025\/11\/orcid.jpg\" alt=\"ORCID\">\r\n      <\/a>\r\n\r\n      <a href=\"https:\/\/www.researchgate.net\/profile\/Dragan-Cvetkovic-3\" target=\"_blank\">\r\n        <img decoding=\"async\" src=\"https:\/\/iit.ac.rs\/wp-content\/uploads\/2025\/11\/rg.jpg\" alt=\"ResearchGate\">\r\n      <\/a>\r\n\r\n      <a href=\"https:\/\/www.scopus.com\/authid\/detail.uri?authorId=551192360000\" target=\"_blank\">\r\n        <img decoding=\"async\" src=\"https:\/\/iit.ac.rs\/wp-content\/uploads\/2025\/11\/scopus.jpg\" alt=\"Scopus\">\r\n      <\/a>\r\n\r\n    <\/div>\r\n\r\n    <!-- DUGMAD -->\r\n    <div class=\"actions\">\r\n\r\n      <a class=\"btn\" href=\"https:\/\/iit.ac.rs\/wp-content\/uploads\/2025\/11\/Radna-biografija-Dragan-Cvetkovic.docx\" target=\"_blank\">\r\n        <span class=\"ico\">\ud83d\udcc4<\/span> CV - Serbian\r\n      <\/a>\r\n\r\n      <!-- ENGLISH CV \u2013 \u0414\u041e\u0414\u0410\u0408\u0415\u0428 \u041a\u0410\u0421\u041d\u0418\u0408\u0415 -->\r\n      <a class=\"btn\" href=\"#\" target=\"_blank\">\r\n        <span class=\"ico\">\ud83d\udcc4<\/span> CV \u2013 English\r\n      <\/a>\r\n\r\n    <\/div>\r\n\r\n  <\/div>\r\n\r\n  <!-- SECTIONS -->\r\n  <div class=\"card\">\r\n    <div class=\"accordion\">\r\n\r\n      <!-- Opis -->\r\n      <details open>\r\n        <summary>Brief description of the research<\/summary>\r\n\r\n        <div class=\"content\">\r\n          <p>\r\n            Dr. Dragan Cvetkovi\u0107 is engaged in theoretical and experimental testing of low-temperature\npanel systems for air conditioning, heating and cooling. He has also analyzed the impact of the COVID-19\npandemic on energy stability and energy consumption in the residential sector.\r\n          <\/p>\r\n          <p>\r\n            A special contribution was made in the field of development and application of a new concept of floor-ceiling heating,\nwhich has proven to be the most efficient panel system. Research also includes testing of passive\nsystems (Trombo wall, canopies, PV canopies), application of electric heating cables in panel\nsystems and analysis of heat source parameters.\r\n          <\/p>\r\n          <p>\r\n            Part of the work focuses on the optimization of passive cooling systems, including the optimization of the length of canopies\nto reduce energy consumption. The application of KGH systems in public buildings, with a focus on\nsports halls, as well as the influence of inlet temperatures and different types of heat generators connected\nto panel heating systems, was investigated.\r\n          <\/p>\r\n        <\/div>\r\n\r\n      <\/details>\r\n\r\n      <!-- Reference -->\r\n      <details>\r\n        <summary>Selected references<\/summary>\r\n\r\n        <div class=\"content\">\r\n          <ol class=\"refs\">\r\n\r\n            <li>\r\n              Dragan Cvetkovi\u0107, Aleksandar Ne\u0161ovi\u0107,  \r\n              <i>Impact of people\u2019s behavior on the energy sustainability of the residential sector in emergency situations caused by COVID-19<\/i>,  \r\n              Energy and Buildings, 230, 110532, 2021.  \r\n              DOI: 10.1016\/j.enbuild.2020.110532\r\n            <\/li>\r\n\r\n            <li>\r\n              Dragan Cvetkovi\u0107, Aleksandar Ne\u0161ovi\u0107,  \r\n              <i>The impact of heat source at radiant electric heating panel<\/i>,  \r\n              Energy and Buildings, 239, 110843, 2021.  \r\n              DOI: 10.1016\/j.enbuild.2021.110843\r\n            <\/li>\r\n\r\n            <li>\r\n              Dragan Cvetkovic, Milorad Bojic,  \r\n              <i>Optimization of thermal insulation of a house heated by using radiant panels<\/i>,  \r\n              Energy and Buildings, 85(1), 329\u2013336, 2014.  \r\n              DOI: 10.1016\/j.enbuild.2014.09.043\r\n            <\/li>\r\n\r\n            <li>\r\n              Milorad Bojic, Dragan Cvetkovic, Ljubi\u0161a Bojic,  \r\n              <i>Decreasing energy use and influence to environment by radiant panel heating using different energy sources<\/i>,  \r\n              Applied Energy, 138(1), 404\u2013413, 2015.  \r\n              DOI: 10.1016\/j.apenergy.2014.10.063\r\n            <\/li>\r\n\r\n            <li>\r\n              Milorad Bojic, Vesna Marjanovic, Mirko Blagojevic, Zorica Djordjevic,  \r\n              <i>Performances of Low Temperature Radiant Heating Systems<\/i>,  \r\n              Energy and Buildings, 61(1), 233\u2013238, 2013.  \r\n              DOI: 10.1016\/j.enbuild.2013.02.033\r\n            <\/li>\r\n\r\n          <\/ol>\r\n        <\/div>\r\n\r\n      <\/details>\r\n\r\n    <\/div>\r\n  <\/div>\r\n\r\n<\/div>\r\n\t\t\t\t<\/div>\n\t\t\t\t\t<\/div>\n\t\t\t\t<\/div>\n\t\t\t\t<\/div>","protected":false},"excerpt":{"rendered":"<p>\u0434\u0440 \u0414\u0440\u0430\u0433\u0430\u043d \u0426\u0432\u0435\u0442\u043a\u043e\u0432\u0438\u045b \u0412\u0438\u0448\u0438 \u043d\u0430\u0443\u0447\u043d\u0438 \u0441\u0430\u0440\u0430\u0434\u043d\u0438\u043a \u041f\u0440\u0438\u043c\u0435\u043d\u0430 \u0438\u043d\u0444\u043e\u0440\u043c\u0430\u0446\u0438\u043e\u043d\u0438\u0445 \u0442\u0435\u0445\u043d\u043e\u043b\u043e\u0433\u0438\u0458\u0430 \u0443 \u0438\u043d\u0436\u0435\u045a\u0435\u0440\u0441\u0442\u0432\u0443 \u041e\u0431\u0440\u0430\u0437\u043e\u0432\u0430\u045a\u0435: \u0414\u043e\u043a\u0442\u043e\u0440 \u043d\u0430\u0443\u043a\u0430 \u2013 \u043c\u0430\u0448\u0438\u043d\u0441\u043a\u043e \u0438\u043d\u0436\u0435\u045a\u0435\u0440\u0441\u0442\u0432\u043e \u0410\u0434\u0440\u0435\u0441\u0430: \u0418\u043d\u0441\u0442\u0438\u0442\u0443\u0442 \u0437\u0430 \u0438\u043d\u0444\u043e\u0440\u043c\u0430\u0446\u0438\u043e\u043d\u0435 \u0442\u0435\u0445\u043d\u043e\u043b\u043e\u0433\u0438\u0458\u0435 \u041a\u0440\u0430\u0433\u0443\u0458\u0435\u0432\u0430\u0446, \u0408\u043e\u0432\u0430\u043d\u0430 \u0426\u0432\u0438\u0458\u0438\u045b\u0430 \u0431\u0431, 34000 \u041a\u0440\u0430\u0433\u0443\u0458\u0435\u0432\u0430\u0446. \u0415-\u043f\u043e\u0448\u0442\u0430: dragan_cw8202@yahoo.com \ud83d\udcc4 CV \u2013 \u0421\u0440\u043f\u0441\u043a\u0438 \ud83d\udcc4 CV \u2013 English \u041a\u0440\u0430\u0442\u0430\u043a \u043e\u043f\u0438\u0441 \u0438\u0441\u0442\u0440\u0430\u0436\u0438\u0432\u0430\u045a\u0430 \u0414\u0440 \u0414\u0440\u0430\u0433\u0430\u043d \u0426\u0432\u0435\u0442\u043a\u043e\u0432\u0438\u045b \u0441\u0435 \u0431\u0430\u0432\u0438 \u0442\u0435\u043e\u0440\u0438\u0458\u0441\u043a\u0438\u043c \u0438 \u0435\u043a\u0441\u043f\u0435\u0440\u0438\u043c\u0435\u043d\u0442\u0430\u043b\u043d\u0438\u043c \u0438\u0441\u043f\u0438\u0442\u0438\u0432\u0430\u045a\u0435\u043c \u043d\u0438\u0441\u043a\u043e\u0442\u0435\u043c\u043f\u0435\u0440\u0430\u0442\u0443\u0440\u043d\u0438\u0445 \u043f\u0430\u043d\u0435\u043b\u043d\u0438\u0445 \u0441\u0438\u0441\u0442\u0435\u043c\u0430 \u043a\u043b\u0438\u043c\u0430\u0442\u0438\u0437\u0430\u0446\u0438\u0458\u0435, \u0433\u0440\u0435\u0458\u0430\u045a\u0430&#8230;<\/p>","protected":false},"author":1,"featured_media":0,"parent":0,"menu_order":0,"comment_status":"closed","ping_status":"closed","template":"","meta":{"_eb_attr":"","footnotes":""},"class_list":["post-21113","page","type-page","status-publish","hentry"],"_links":{"self":[{"href":"https:\/\/iit.ac.rs\/en\/wp-json\/wp\/v2\/pages\/21113","targetHints":{"allow":["GET"]}}],"collection":[{"href":"https:\/\/iit.ac.rs\/en\/wp-json\/wp\/v2\/pages"}],"about":[{"href":"https:\/\/iit.ac.rs\/en\/wp-json\/wp\/v2\/types\/page"}],"author":[{"embeddable":true,"href":"https:\/\/iit.ac.rs\/en\/wp-json\/wp\/v2\/users\/1"}],"replies":[{"embeddable":true,"href":"https:\/\/iit.ac.rs\/en\/wp-json\/wp\/v2\/comments?post=21113"}],"version-history":[{"count":4,"href":"https:\/\/iit.ac.rs\/en\/wp-json\/wp\/v2\/pages\/21113\/revisions"}],"predecessor-version":[{"id":21118,"href":"https:\/\/iit.ac.rs\/en\/wp-json\/wp\/v2\/pages\/21113\/revisions\/21118"}],"wp:attachment":[{"href":"https:\/\/iit.ac.rs\/en\/wp-json\/wp\/v2\/media?parent=21113"}],"curies":[{"name":"wp","href":"https:\/\/api.w.org\/{rel}","templated":true}]}}