{"id":21125,"date":"2025-11-17T08:54:31","date_gmt":"2025-11-17T08:54:31","guid":{"rendered":"https:\/\/iit.ac.rs\/?page_id=21125"},"modified":"2026-03-04T08:58:13","modified_gmt":"2026-03-04T08:58:13","slug":"dr-dusica-simi%d1%98onovic","status":"publish","type":"page","link":"https:\/\/iit.ac.rs\/en\/dr-dusica-simi%d1%98onovic\/","title":{"rendered":"Dr Du\u0161ica Simijonovi\u0107"},"content":{"rendered":"<div data-elementor-type=\"wp-page\" data-elementor-id=\"21125\" class=\"elementor elementor-21125\">\n\t\t\t\t<div class=\"elementor-element elementor-element-12163a4 e-flex e-con-boxed e-con e-parent\" data-id=\"12163a4\" data-element_type=\"container\">\n\t\t\t\t\t<div class=\"e-con-inner\">\n\t\t\t\t<div class=\"elementor-element elementor-element-1f92943 elementor-widget elementor-widget-html\" data-id=\"1f92943\" data-element_type=\"widget\" data-widget_type=\"html.default\">\n\t\t\t\t\t<div class=\"iit-rp\" style=\"--accent:#07294DE8;\">\r\n\r\n  <!-- FOTO -->\r\n  <div class=\"photo\">\r\n    <img decoding=\"async\" src=\"https:\/\/iit.ac.rs\/wp-content\/uploads\/2025\/11\/DusicaSimijonovic.jpg\" alt=\"\u0434\u0440 \u0414\u0443\u0448\u0438\u0446\u0430 \u0421\u0438\u043c\u0438\u0458\u043e\u043d\u043e\u0432\u0438\u045b\">\r\n  <\/div>\r\n\r\n  <!-- HEADER INFO -->\r\n  <div class=\"head\">\r\n    <h2>Dr Du\u0161ica Simijonovi\u0107<\/h2>\r\n\r\n    <div class=\"badges\">\r\n      <span class=\"badge\">Principal research\nfellow<\/span>\r\n      <span class=\"badge\">Bioorganic and bioinorganic chemistry<\/span>\r\n    <\/div>\r\n\r\n    <div class=\"meta\">\r\n      <div><b>Education:<\/b> Doctor of Science - Chemical Sciences<\/div>\r\n      <div><b>Address:<\/b> Institute of Information Technologies Kragujevac, Liceja Kne\u017eevine Srbije 1A, 34000 Kragujevac<\/div>\r\n      <div><b>Email:<\/b> dusicachem@kg.ac.rs, dusica.simijonovic@pmf.kg.ac.rs<\/div>\r\n    <\/div>\r\n\r\n    <!-- LINKOVI -->\r\n    <div class=\"ext\">\r\n\r\n      <a href=\"https:\/\/enauka.gov.rs\/cris\/rp\/rp09929\" target=\"_blank\">\r\n        <img decoding=\"async\" src=\"https:\/\/iit.ac.rs\/wp-content\/uploads\/2025\/11\/enauka.jpg\" alt=\"eNauka\">\r\n      <\/a>\r\n\r\n      <a href=\"https:\/\/scidar.kg.ac.rs\/browse?type=author&authority=0a8ef58d-3123-43c8-aeef-b2a2e111939b\" target=\"_blank\">\r\n        <img decoding=\"async\" src=\"https:\/\/iit.ac.rs\/wp-content\/uploads\/2025\/11\/koc.jpg\" alt=\"SCIDAR\">\r\n      <\/a>\r\n\r\n      <a href=\"https:\/\/orcid.org\/0000-0002-3799-653X\" target=\"_blank\">\r\n        <img decoding=\"async\" src=\"https:\/\/iit.ac.rs\/wp-content\/uploads\/2025\/11\/orcid.jpg\" alt=\"ORCID\">\r\n      <\/a>\r\n\r\n      <a href=\"https:\/\/www.researchgate.net\/profile\/Dusica-Simijonovic\" target=\"_blank\">\r\n        <img decoding=\"async\" src=\"https:\/\/iit.ac.rs\/wp-content\/uploads\/2025\/11\/rg.jpg\" alt=\"ResearchGate\">\r\n      <\/a>\r\n\r\n    <\/div>\r\n\r\n    <!-- DUGMAD -->\r\n    <div class=\"actions\">\r\n\r\n      <a class=\"btn\" href=\"https:\/\/iit.ac.rs\/wp-content\/uploads\/2025\/11\/Dusica-Simijonovic_Biografija.docx\" target=\"_blank\">\r\n        <span class=\"ico\">\ud83d\udcc4<\/span> CV - Serbian\r\n      <\/a>\r\n\r\n      <a class=\"btn\" href=\"https:\/\/iit.ac.rs\/wp-content\/uploads\/2025\/11\/Dusica-Simijonovic_Biography.docx\" target=\"_blank\">\r\n        <span class=\"ico\">\ud83d\udcc4<\/span> CV \u2013 English\r\n      <\/a>\r\n\r\n    <\/div>\r\n\r\n  <\/div>\r\n\r\n  <!-- SECTIONS -->\r\n  <div class=\"card\">\r\n    <div class=\"accordion\">\r\n\r\n      <!-- Opis -->\r\n      <details open>\r\n        <summary>Brief description of the research<\/summary>\r\n\r\n        <div class=\"content\">\r\n          <p>\r\n            The main part of the research includes the synthesis of potentially biologically active organic and organometallic compounds.\nThe synthesized compounds belong to the group of phenolic Schiff and Mannich bases, coumarin derivatives, as well as\nthe group of nitrogen heterocyclic molecules that contain a piperidine, pyrazolone, pyrazole\nor pyrazolo-phthalazine unit in their structure \u2013 and often a phenolic part.\r\n          <\/p>\r\n          <p>\r\n            The syntheses are realized using \"green organic synthesis tools\". Structural characterization is carried out using\nvarious experimental and theoretical techniques. A significant segment of research relates to the determination of\nthe antioxidant and anti-inflammatory activities of these compounds using various in vitro tests.\r\n          <\/p>\r\n        <\/div>\r\n\r\n      <\/details>\r\n\r\n      <!-- Reference -->\r\n      <details>\r\n        <summary>Selected references<\/summary>\r\n\r\n        <div class=\"content\">\r\n          <ol class=\"refs\">\r\n\r\n            <li>\r\n              Du\u0161ica M. Simijonovi\u0107, Dejan A. Milenkovi\u0107, Edina H. Avdovi\u0107, \u017diko B. Milanovi\u0107, Marko R. Antonijevi\u0107, Ana D. Ami\u0107, \r\n              Zana Doli\u0107anin, Zoran S. Markovi\u0107,  \r\n              <i>Coumarin N-Acylhydrazone Derivatives: Green Synthesis and Antioxidant Potential\u2014Experimental and Theoretical Study<\/i>,  \r\n              Antioxidants, 2023.  \r\n              DOI: 10.3390\/antiox12101858\r\n            <\/li>\r\n\r\n            <li>\r\n              Marko R. Antonijevi\u0107, Du\u0161ica M. Simijonovi\u0107, Edina H. Avdovi\u0107, Andrija \u0106iri\u0107, Zorica D. Petrovi\u0107, Jasmina Dimit\u0440\u0438\u045b Markovi\u0107, \r\n              Vi\u0161nja Stepani\u0107, Zoran S. Markovi\u0107,  \r\n              <i>Green One-Pot Synthesis of Coumarin-Hydroxybenzohydrazide Hybrids and Their Antioxidant Potency<\/i>,  \r\n              Antioxidants, 2021, 10, 1106.  \r\n              DOI: 10.3390\/antiox10071106\r\n            <\/li>\r\n\r\n            <li>\r\n              Du\u0161ica Simijonovi\u0107, Evangelia-Eirini Vlachou, Zorica D. Petrovi\u0107, Dimitra J. Hadjipavlou-Litina, Konstantinos E. Litinas,  \r\n              Nevena Stankovi\u0107, Nezrina Mihovi\u0107, Milan P. Mladenovi\u0107,  \r\n              <i>Dicoumarol derivatives: Green synthesis and molecular modelling studies of their anti-LOX activity<\/i>,  \r\n              Bioorganic Chemistry, 2018, 80, 741\u2013752.  \r\n              DOI: 10.1016\/j.bioorg.2018.07.021\r\n            <\/li>\r\n\r\n            <li>\r\n              Vesna M. Milovanovi\u0107, Zorica D. Petrovi\u0107, Sla\u0111ana Novakovi\u0107, Goran A. Bogdanovi\u0107, Vladimir P. Petrovi\u0107, Du\u0161ica Simijonovi\u0107,  \r\n              <i>Green synthesis of benzamide-dioxoisoindoline derivatives and assessment of their radical scavenging activity<\/i>,  \r\n              Tetrahedron, 2020, 76, 131456.  \r\n              DOI: 10.1016\/j.tet.2020.131456\r\n            <\/li>\r\n\r\n            <li>\r\n              Du\u0161ica Simijonovi\u0107, Zorica D. Petrovi\u0107, Vesna M. Milovanovi\u0107, Vladimir P. Petrovi\u0107, Goran A. Bogdanovi\u0107,  \r\n              <i>A new efficient domino approach for the synthesis of pyrazolyl-phthalazine-diones. Antiradical activity of novel phenolic products<\/i>,  \r\n              RSC Advances, 2018, 8, 16663\u201316673.  \r\n              DOI: 10.1039\/c8ra02702a\r\n            <\/li>\r\n\r\n          <\/ol>\r\n        <\/div>\r\n\r\n      <\/details>\r\n\r\n    <\/div>\r\n  <\/div>\r\n\r\n<\/div>\r\n\t\t\t\t<\/div>\n\t\t\t\t\t<\/div>\n\t\t\t\t<\/div>\n\t\t\t\t<\/div>","protected":false},"excerpt":{"rendered":"<p>\u0434\u0440 \u0414\u0443\u0448\u0438\u0446\u0430 \u0421\u0438\u043c\u0438\u0458\u043e\u043d\u043e\u0432\u0438\u045b \u041d\u0430\u0443\u0447\u043d\u0438 \u0441\u0430\u0432\u0435\u0442\u043d\u0438\u043a \u0411\u0438\u043e\u043e\u0440\u0433\u0430\u043d\u0441\u043a\u0430 \u0438 \u0431\u0438\u043e\u043d\u0435\u043e\u0440\u0433\u0430\u043d\u0441\u043a\u0430 \u0445\u0435\u043c\u0438\u0458\u0430 \u041e\u0431\u0440\u0430\u0437\u043e\u0432\u0430\u045a\u0435: \u0414\u043e\u043a\u0442\u043e\u0440 \u043d\u0430\u0443\u043a\u0430-\u0445\u0435\u043c\u0438\u0458\u0441\u043a\u0435 \u043d\u0430\u0443\u043a\u0435 \u0410\u0434\u0440\u0435\u0441\u0430: \u0418\u043d\u0441\u0442\u0438\u0442\u0443\u0442 \u0437\u0430 \u0438\u043d\u0444\u043e\u0440\u043c\u0430\u0446\u0438\u043e\u043d\u0435 \u0442\u0435\u0445\u043d\u043e\u043b\u043e\u0433\u0438\u0458\u0435 \u041a\u0440\u0430\u0433\u0443\u0458\u0435\u0432\u0430\u0446, \u041b\u0438\u0446\u0435\u0458\u0430 \u041a\u043d\u0435\u0436\u0435\u0432\u0438\u043d\u0435 \u0421\u0440\u0431\u0438\u0458\u0435 1\u0410, 34000 \u041a\u0440\u0430\u0433\u0443\u0458\u0435\u0432\u0430\u0446 \u0415-\u043f\u043e\u0448\u0442\u0430: dusicachem@kg.ac.rs, dusica.simijonovic@pmf.kg.ac.rs \ud83d\udcc4 CV \u2013 \u0421\u0440\u043f\u0441\u043a\u0438 \ud83d\udcc4 CV \u2013 English \u041a\u0440\u0430\u0442\u0430\u043a \u043e\u043f\u0438\u0441 \u0438\u0441\u0442\u0440\u0430\u0436\u0438\u0432\u0430\u045a\u0430 \u0413\u043b\u0430\u0432\u043d\u0438 \u0434\u0435\u043e \u0438\u0441\u0442\u0440\u0430\u0436\u0438\u0432\u0430\u045a\u0430 \u043e\u0431\u0443\u0445\u0432\u0430\u0442\u0430 \u0441\u0438\u043d\u0442\u0435\u0437\u0435 \u043f\u043e\u0442\u0435\u043d\u0446\u0438\u0458\u0430\u043b\u043d\u043e \u0431\u0438\u043e\u043b\u043e\u0448\u043a\u0438 \u0430\u043a\u0442\u0438\u0432\u043d\u0438\u0445 \u043e\u0440\u0433\u0430\u043d\u0441\u043a\u0438\u0445 \u0438 \u043c\u0435\u0442\u0430\u043b-\u043e\u0440\u0433\u0430\u043d\u0441\u043a\u0438\u0445 \u0458\u0435\u0434\u0438\u045a\u0435\u045a\u0430. \u0421\u0438\u043d\u0442\u0435\u0442\u0438\u0441\u0430\u043d\u0430 \u0458\u0435\u0434\u0438\u045a\u0435\u045a\u0430 \u043f\u0440\u0438\u043f\u0430\u0434\u0430\u0458\u0443 \u0433\u0440\u0443\u043f\u0438&#8230;<\/p>","protected":false},"author":1,"featured_media":0,"parent":0,"menu_order":0,"comment_status":"closed","ping_status":"closed","template":"","meta":{"_eb_attr":"","footnotes":""},"class_list":["post-21125","page","type-page","status-publish","hentry"],"_links":{"self":[{"href":"https:\/\/iit.ac.rs\/en\/wp-json\/wp\/v2\/pages\/21125","targetHints":{"allow":["GET"]}}],"collection":[{"href":"https:\/\/iit.ac.rs\/en\/wp-json\/wp\/v2\/pages"}],"about":[{"href":"https:\/\/iit.ac.rs\/en\/wp-json\/wp\/v2\/types\/page"}],"author":[{"embeddable":true,"href":"https:\/\/iit.ac.rs\/en\/wp-json\/wp\/v2\/users\/1"}],"replies":[{"embeddable":true,"href":"https:\/\/iit.ac.rs\/en\/wp-json\/wp\/v2\/comments?post=21125"}],"version-history":[{"count":7,"href":"https:\/\/iit.ac.rs\/en\/wp-json\/wp\/v2\/pages\/21125\/revisions"}],"predecessor-version":[{"id":21137,"href":"https:\/\/iit.ac.rs\/en\/wp-json\/wp\/v2\/pages\/21125\/revisions\/21137"}],"wp:attachment":[{"href":"https:\/\/iit.ac.rs\/en\/wp-json\/wp\/v2\/media?parent=21125"}],"curies":[{"name":"wp","href":"https:\/\/api.w.org\/{rel}","templated":true}]}}