{"id":21145,"date":"2025-11-17T09:03:10","date_gmt":"2025-11-17T09:03:10","guid":{"rendered":"https:\/\/iit.ac.rs\/?page_id=21145"},"modified":"2026-03-04T10:52:49","modified_gmt":"2026-03-04T10:52:49","slug":"dr-milica-nikolic","status":"publish","type":"page","link":"https:\/\/iit.ac.rs\/en\/dr-milica-nikolic\/","title":{"rendered":"Dr Milica Nikoli\u0107"},"content":{"rendered":"<div data-elementor-type=\"wp-page\" data-elementor-id=\"21145\" class=\"elementor elementor-21145\">\n\t\t\t\t<div class=\"elementor-element elementor-element-b892ab4 e-flex e-con-boxed e-con e-parent\" data-id=\"b892ab4\" data-element_type=\"container\">\n\t\t\t\t\t<div class=\"e-con-inner\">\n\t\t\t\t<div class=\"elementor-element elementor-element-1f78262 elementor-widget elementor-widget-html\" data-id=\"1f78262\" data-element_type=\"widget\" data-widget_type=\"html.default\">\n\t\t\t\t\t<div class=\"iit-rp\" style=\"--accent:#07294DE8;\">\r\n\r\n  <!-- FOTO -->\r\n  <div class=\"photo\">\r\n    <img decoding=\"async\" src=\"https:\/\/iit.ac.rs\/wp-content\/uploads\/2025\/11\/MilicaNikolic.jpg\" alt=\"\u0434\u0440 \u041c\u0438\u043b\u0438\u0446\u0430 \u041d\u0438\u043a\u043e\u043b\u0438\u045b\">\r\n  <\/div>\r\n\r\n  <!-- HEADER INFO -->\r\n  <div class=\"head\">\r\n    <h2>Dr Milica Nikoli\u0107<\/h2>\r\n\r\n    <div class=\"badges\">\r\n      <span class=\"badge\">Research associate<\/span>\r\n      <span class=\"badge\">Bioengineering<\/span>\r\n    <\/div>\r\n\r\n    <div class=\"meta\">\r\n      <div><b>Education:<\/b> Doctor of Science - Mechanical Engineering<\/div>\r\n      <div><b>Address:<\/b> Institute of Information Technologies Kragujevac, Liceja Kne\u017eevine Srbije 1A, 34000 Kragujevac.<\/div>\r\n      <div><b>Email:<\/b> obradovicm@kg.ac.rs<\/div>\r\n    <\/div>\r\n\r\n    <!-- LINKOVI -->\r\n    <div class=\"ext\">\r\n\r\n      <a href=\"https:\/\/enauka.gov.rs\/cris\/rp\/rp07725\" target=\"_blank\">\r\n        <img decoding=\"async\" src=\"https:\/\/iit.ac.rs\/wp-content\/uploads\/2025\/11\/enauka.jpg\" alt=\"eNauka\">\r\n      <\/a>\r\n\r\n      <a href=\"https:\/\/scidar.kg.ac.rs\/browse?type=author&authority=104e4f64-19ea-416e-8506-267d56682be4\" target=\"_blank\">\r\n        <img decoding=\"async\" src=\"https:\/\/iit.ac.rs\/wp-content\/uploads\/2025\/11\/koc.jpg\" alt=\"SCIDAR\">\r\n      <\/a>\r\n\r\n      <a href=\"https:\/\/orcid.org\/0000-0002-8537-7944\" target=\"_blank\">\r\n        <img decoding=\"async\" src=\"https:\/\/iit.ac.rs\/wp-content\/uploads\/2025\/11\/orcid.jpg\" alt=\"ORCID\">\r\n      <\/a>\r\n\r\n      <a href=\"https:\/\/www.researchgate.net\/profile\/Milica-Nikolic-10\" target=\"_blank\">\r\n        <img decoding=\"async\" src=\"https:\/\/iit.ac.rs\/wp-content\/uploads\/2025\/11\/rg.jpg\" alt=\"ResearchGate\">\r\n      <\/a>\r\n\r\n      <a href=\"https:\/\/www.scopus.com\/authid\/detail.uri?authorId=57214054080\" target=\"_blank\">\r\n        <img decoding=\"async\" src=\"https:\/\/iit.ac.rs\/wp-content\/uploads\/2025\/11\/scopus.jpg\" alt=\"Scopus\">\r\n      <\/a>\r\n\r\n      <a href=\"https:\/\/www.linkedin.com\/in\/milica-nikolic-a1081824\/\" target=\"_blank\">\r\n        <img decoding=\"async\" src=\"https:\/\/iit.ac.rs\/wp-content\/uploads\/2025\/11\/linkedin.jpg\" alt=\"LinkedIn\">\r\n      <\/a>\r\n\r\n    <\/div>\r\n\r\n    <!-- DUGMAD -->\r\n    <div class=\"actions\">\r\n\r\n      <a class=\"btn\" href=\"https:\/\/iit.ac.rs\/wp-content\/uploads\/2025\/11\/Radna-biografija-Milica-Nikolic-2023.docx\" target=\"_blank\">\r\n        <span class=\"ico\">\ud83d\udcc4<\/span> CV - Serbian\r\n      <\/a>\r\n\r\n      <a class=\"btn\" href=\"https:\/\/iit.ac.rs\/wp-content\/uploads\/2025\/11\/Biography-Milica-Nikolic.pdf\" target=\"_blank\">\r\n        <span class=\"ico\">\ud83d\udcc4<\/span> CV \u2013 English\r\n      <\/a>\r\n\r\n    <\/div>\r\n\r\n  <\/div>\r\n\r\n  <!-- SECTIONS -->\r\n  <div class=\"card\">\r\n    <div class=\"accordion\">\r\n\r\n      <!-- Opis -->\r\n      <details open>\r\n        <summary>Brief description of the research<\/summary>\r\n\r\n        <div class=\"content\">\r\n          <p>\r\n            The research focus is on the development of computer models applied in the field of bioengineering (development of mathematical models and their numerical solution). Models developed so far include a model of the heart (ablation), coronary and carotid arteries (plaque development), middle and inner ear (hearing and balance), biomaterial testing and the concept of organs on chips (lungs, liver), a model of fibrous heart microtissue, as well as a model of the kidney (polarization of renal epithelial cells).\r\n          <\/p>\r\n          <p>\r\n            Numerical methods can be continuous and discrete, while models are solved at different scales (micro, meso, macro) depending on the research needs. Recent research has focused on the field of regenerative medicine, where computer models can significantly advance the development of new regenerative strategies and accelerate the path to preclinical and clinical testing.\r\n          <\/p>\r\n        <\/div>\r\n\r\n      <\/details>\r\n\r\n      <!-- Reference -->\r\n      <details>\r\n        <summary>Selected references<\/summary>\r\n\r\n        <div class=\"content\">\r\n          <ol class=\"refs\">\r\n\r\n            <li>\r\n              Ignasi Jorba, Milica Nikolic, Carlijn VC Bouten, \r\n              <i>Mechanical Considerations of Myocardial Tissue and Cardiac Regeneration<\/i>, \r\n              Chapter 8, \u0443 \u043a\u045a\u0438\u0437\u0438 *Cardiac and Vascular Biology*, Springer (\u0443 \u0448\u0442\u0430\u043c\u043f\u0438).\r\n            <\/li>\r\n\r\n            <li>\r\n              Filipovic N., Nikolic M., Sustersic T., \r\n              <i>Simulation of organ-on-a-chip systems<\/i>, \r\n              Chapter 28 \u0443 \u043a\u045a\u0438\u0437\u0438 *Biomaterials for Organ and Tissue Regeneration*, 2020, pp. 753\u2013790.  \r\n              DOI: 10.1016\/B978-0-008-102906-0.00028-3\r\n            <\/li>\r\n\r\n            <li>\r\n              Nikolic M., Sustersic T., Filipovic N., \r\n              <i>In vitro models and on-chip systems: Biomaterial interaction studies with tissues generated using lung epithelial and liver metabolic cell lines<\/i>, \r\n              Frontiers in Bioengineering and Biotechnology, Vol. 6, 2018.  \r\n              DOI: 10.3389\/fbioe.2018.00120\r\n            <\/li>\r\n\r\n            <li>\r\n              \u0160u\u0161ter\u0161i\u010d T., Simsek G.M., Yapici G.G., Nikoli\u0107 M., Vulovi\u0107 R., Filipovic N., Engin Vrana N., \r\n              <i>An In-Silico Corrosion Model for Biomedical Applications\u2026<\/i>, \r\n              Frontiers in Bioengineering and Biotechnology, 2021.  \r\n              DOI: 10.3389\/fbioe.2021.718026\r\n            <\/li>\r\n\r\n            <li>\r\n              Vulovic R., Nikolic M., Filipovic N., \r\n              <i>Smart Platform for the Analysis of Cupula Deformation caused by Otoconia Presence within SCCs<\/i>, \r\n              Computer Methods in Biomechanics and Biomedical Engineering, Vol. 22(2), 2019.  \r\n              DOI: 10.1080\/10255842.2018.1539166\r\n            <\/li>\r\n\r\n          <\/ol>\r\n        <\/div>\r\n\r\n      <\/details>\r\n\r\n    <\/div>\r\n  <\/div>\r\n\r\n<\/div>\r\n\t\t\t\t<\/div>\n\t\t\t\t\t<\/div>\n\t\t\t\t<\/div>\n\t\t\t\t<\/div>","protected":false},"excerpt":{"rendered":"<p>\u0434\u0440 \u041c\u0438\u043b\u0438\u0446\u0430 \u041d\u0438\u043a\u043e\u043b\u0438\u045b \u041d\u0430\u0443\u0447\u043d\u0438 \u0441\u0430\u0440\u0430\u0434\u043d\u0438\u043a \u0411\u0438\u043e\u0438\u043d\u0436\u0435\u045a\u0435\u0440\u0438\u043d\u0433 \u041e\u0431\u0440\u0430\u0437\u043e\u0432\u0430\u045a\u0435: \u0414\u043e\u043a\u0442\u043e\u0440 \u043d\u0430\u0443\u043a\u0430 \u2013 \u043c\u0430\u0448\u0438\u043d\u0441\u043a\u043e \u0438\u043d\u0436\u0435\u045a\u0435\u0440\u0441\u0442\u0432\u043e \u0410\u0434\u0440\u0435\u0441\u0430: \u0418\u043d\u0441\u0442\u0438\u0442\u0443\u0442 \u0437\u0430 \u0438\u043d\u0444\u043e\u0440\u043c\u0430\u0446\u0438\u043e\u043d\u0435 \u0442\u0435\u0445\u043d\u043e\u043b\u043e\u0433\u0438\u0458\u0435 \u041a\u0440\u0430\u0433\u0443\u0458\u0435\u0432\u0430\u0446, \u041b\u0438\u0446\u0435\u0458\u0430 \u041a\u043d\u0435\u0436\u0435\u0432\u0438\u043d\u0435 \u0421\u0440\u0431\u0438\u0458\u0435 1\u0410, 34000 \u041a\u0440\u0430\u0433\u0443\u0458\u0435\u0432\u0430\u0446. \u0415-\u043f\u043e\u0448\u0442\u0430: obradovicm@kg.ac.rs \ud83d\udcc4 CV \u2013 \u0421\u0440\u043f\u0441\u043a\u0438 \ud83d\udcc4 CV \u2013 English \u041a\u0440\u0430\u0442\u0430\u043a \u043e\u043f\u0438\u0441 \u0438\u0441\u0442\u0440\u0430\u0436\u0438\u0432\u0430\u045a\u0430 \u0424\u043e\u043a\u0443\u0441 \u0438\u0441\u0442\u0440\u0430\u0436\u0438\u0432\u0430\u045a\u0430 \u0458\u0435 \u043d\u0430 \u0440\u0430\u0437\u0432\u043e\u0458\u0443 \u043a\u043e\u043c\u043f\u0458\u0443\u0442\u0435\u0440\u0441\u043a\u0438\u0445 \u043c\u043e\u0434\u0435\u043b\u0430 \u043f\u0440\u0438\u043c\u0435\u045a\u0435\u043d\u0438\u0445 \u0443 \u043e\u0431\u043b\u0430\u0441\u0442\u0438 \u0431\u0438\u043e\u0438\u043d\u0436\u0435\u045a\u0435\u0440\u0438\u043d\u0433\u0430 (\u0440\u0430\u0437\u0432\u043e\u0458 \u043c\u0430\u0442\u0435\u043c\u0430\u0442\u0438\u0447\u043a\u0438\u0445 \u043c\u043e\u0434\u0435\u043b\u0430 \u0438 \u045a\u0438\u0445\u043e\u0432\u043e \u043d\u0443\u043c\u0435\u0440\u0438\u0447\u043a\u043e \u0440\u0435\u0448\u0430\u0432\u0430\u045a\u0435).&#8230;<\/p>","protected":false},"author":1,"featured_media":0,"parent":0,"menu_order":0,"comment_status":"closed","ping_status":"closed","template":"","meta":{"_eb_attr":"","footnotes":""},"class_list":["post-21145","page","type-page","status-publish","hentry"],"_links":{"self":[{"href":"https:\/\/iit.ac.rs\/en\/wp-json\/wp\/v2\/pages\/21145","targetHints":{"allow":["GET"]}}],"collection":[{"href":"https:\/\/iit.ac.rs\/en\/wp-json\/wp\/v2\/pages"}],"about":[{"href":"https:\/\/iit.ac.rs\/en\/wp-json\/wp\/v2\/types\/page"}],"author":[{"embeddable":true,"href":"https:\/\/iit.ac.rs\/en\/wp-json\/wp\/v2\/users\/1"}],"replies":[{"embeddable":true,"href":"https:\/\/iit.ac.rs\/en\/wp-json\/wp\/v2\/comments?post=21145"}],"version-history":[{"count":4,"href":"https:\/\/iit.ac.rs\/en\/wp-json\/wp\/v2\/pages\/21145\/revisions"}],"predecessor-version":[{"id":21151,"href":"https:\/\/iit.ac.rs\/en\/wp-json\/wp\/v2\/pages\/21145\/revisions\/21151"}],"wp:attachment":[{"href":"https:\/\/iit.ac.rs\/en\/wp-json\/wp\/v2\/media?parent=21145"}],"curies":[{"name":"wp","href":"https:\/\/api.w.org\/{rel}","templated":true}]}}