{"id":21152,"date":"2025-11-17T09:05:25","date_gmt":"2025-11-17T09:05:25","guid":{"rendered":"https:\/\/iit.ac.rs\/?page_id=21152"},"modified":"2026-03-04T10:58:50","modified_gmt":"2026-03-04T10:58:50","slug":"dr-%d1%98elena-kosaric","status":"publish","type":"page","link":"https:\/\/iit.ac.rs\/en\/dr-%d1%98elena-kosaric\/","title":{"rendered":"Dr Jelena Ko\u0161ari\u0107"},"content":{"rendered":"<div data-elementor-type=\"wp-page\" data-elementor-id=\"21152\" class=\"elementor elementor-21152\">\n\t\t\t\t<div class=\"elementor-element elementor-element-16de65b e-flex e-con-boxed e-con e-parent\" data-id=\"16de65b\" data-element_type=\"container\">\n\t\t\t\t\t<div class=\"e-con-inner\">\n\t\t\t\t\t<\/div>\n\t\t\t\t<\/div>\n\t\t<div class=\"elementor-element elementor-element-abef6d5 e-flex e-con-boxed e-con e-parent\" data-id=\"abef6d5\" data-element_type=\"container\">\n\t\t\t\t\t<div class=\"e-con-inner\">\n\t\t\t\t<div class=\"elementor-element elementor-element-7db0d3d elementor-widget elementor-widget-html\" data-id=\"7db0d3d\" data-element_type=\"widget\" data-widget_type=\"html.default\">\n\t\t\t\t\t<div class=\"iit-rp\" style=\"--accent:#07294DE8;\">\r\n\r\n  <!-- FOTO -->\r\n  <div class=\"photo\">\r\n    <img decoding=\"async\" src=\"https:\/\/iit.ac.rs\/wp-content\/uploads\/2025\/11\/JelenaKosaric.jpg\" alt=\"\u0434\u0440 \u0408\u0435\u043b\u0435\u043d\u0430 \u041a\u043e\u0448\u0430\u0440\u0438\u045b\">\r\n  <\/div>\r\n\r\n  <!-- HEADER INFO -->\r\n  <div class=\"head\">\r\n    <h2>Dr Jelena Ko\u0161ari\u0107<\/h2>\r\n\r\n    <div class=\"badges\">\r\n      <span class=\"badge\">Research associate<\/span>\r\n      <span class=\"badge\">Bioinformatics and applied biology<\/span>\r\n    <\/div>\r\n\r\n    <div class=\"meta\">\r\n      <div><b>Education:<\/b> Doctor of Science - Biological Sciences \/ Specialist in Organic Chemistry<\/div>\r\n      <div><b>Address:<\/b> Institute of Information Technologies Kragujevac, Liceja Kne\u017eevine Srbije 1A, 34000 Kragujevac.<\/div>\r\n      <div><b>Email:<\/b> jelena.kosaric@uni.kg.ac.rs<\/div>\r\n    <\/div>\r\n\r\n    <!-- LINKOVI -->\r\n    <div class=\"ext\">\r\n\r\n      <a href=\"https:\/\/enauka.gov.rs\/cris\/rp\/rp32537\" target=\"_blank\">\r\n        <img decoding=\"async\" src=\"https:\/\/iit.ac.rs\/wp-content\/uploads\/2025\/11\/enauka.jpg\" alt=\"eNauka\">\r\n      <\/a>\r\n\r\n      <a href=\"https:\/\/scidar.kg.ac.rs\/browse?type=author&authority=c9743be2-fe52-4704-a7ca-cf654e62d846\" target=\"_blank\">\r\n        <img decoding=\"async\" src=\"https:\/\/iit.ac.rs\/wp-content\/uploads\/2025\/11\/koc.jpg\" alt=\"SCIDAR\">\r\n      <\/a>\r\n\r\n      <a href=\"https:\/\/orcid.org\/0000-0002-0529-4795\" target=\"_blank\">\r\n        <img decoding=\"async\" src=\"https:\/\/iit.ac.rs\/wp-content\/uploads\/2025\/11\/orcid.jpg\" alt=\"ORCID\">\r\n      <\/a>\r\n\r\n      <a href=\"https:\/\/www.researchgate.net\/profile\/Jelena-Kosaric?ev=hdr_xprf\" target=\"_blank\">\r\n        <img decoding=\"async\" src=\"https:\/\/iit.ac.rs\/wp-content\/uploads\/2025\/11\/rg.jpg\" alt=\"ResearchGate\">\r\n      <\/a>\r\n\r\n      <a href=\"https:\/\/www.linkedin.com\/in\/jelena-kosaric-587b721a1\" target=\"_blank\">\r\n        <img decoding=\"async\" src=\"https:\/\/iit.ac.rs\/wp-content\/uploads\/2025\/11\/linkedin.jpg\" alt=\"LinkedIn\">\r\n      <\/a>\r\n\r\n      <a href=\"https:\/\/www.scopus.com\/authid\/detail.uri?authorId=56119633900\" target=\"_blank\">\r\n        <img decoding=\"async\" src=\"https:\/\/iit.ac.rs\/wp-content\/uploads\/2025\/11\/scopus.jpg\" alt=\"Scopus\">\r\n      <\/a>\r\n\r\n    <\/div>\r\n\r\n    <!-- DUGMAD -->\r\n    <div class=\"actions\">\r\n\r\n      <a class=\"btn\" href=\"https:\/\/iit.ac.rs\/wp-content\/uploads\/2025\/11\/Radna-biografija-template-srpski-Jelena-Kosaric.docx\" target=\"_blank\">\r\n        <span class=\"ico\">\ud83d\udcc4<\/span> CV - Serbian\r\n      <\/a>\r\n\r\n      <a class=\"btn\" href=\"https:\/\/iit.ac.rs\/wp-content\/uploads\/2025\/11\/Biography-Template-Institut-engleski.docx\" target=\"_blank\">\r\n        <span class=\"ico\">\ud83d\udcc4<\/span> CV \u2013 English\r\n      <\/a>\r\n\r\n    <\/div>\r\n\r\n  <\/div>\r\n\r\n  <!-- SECTIONS -->\r\n  <div class=\"card\">\r\n    <div class=\"accordion\">\r\n\r\n      <!-- Opis -->\r\n      <details open>\r\n        <summary>Brief description of the research<\/summary>\r\n\r\n        <div class=\"content\">\r\n\r\n          <p>\r\n            Investigation of the molecular mechanisms of the influence of organoselen compounds (OSCs) on the redox status of immortalized HCT-116 colon carcinoma and MDA-MB-231 breast carcinoma cell lines.\r\n          <\/p>\r\n\r\n          <p>\r\n            Examination of the effects of OSJ on the migratory potential of HCT-116 and MDA-MB-231 cells using the Transwell migration assay.\r\n          <\/p>\r\n\r\n          <p>\r\n            Determination of the influence of OSJ on the expression of mRNA target genes for seleno-enzymes in HCT-116 cells by quantitative PCR.\r\n          <\/p>\r\n\r\n          <p>\r\n            Examination of the effects of OSJ on the activity of the transcription factors Nrf2, HIF and NF-\u03baB, as well as their interrelationships, using fluorescent methodology, transfection of the pTRAF vector and analysis on the Operetta system at single-cell resolution.\r\n          <\/p>\r\n\r\n        <\/div>\r\n\r\n      <\/details>\r\n\r\n      <!-- Reference -->\r\n      <details>\r\n        <summary>Selected references<\/summary>\r\n\r\n        <div class=\"content\">\r\n\r\n          <ol class=\"refs\">\r\n\r\n            <li>\r\n              \u017divanovi\u0107 MN, Ko\u0161ari\u0107 JV, \u0160mit BM, \u0160ekli\u0107 DS, Pavlovi\u0107 RZ, Markovi\u0107 SD.  \r\n              <i>Novel seleno-hydantoin palladium (II) complex \u2013 antimigratory, cytotoxic and prooxidative potential on human colon HCT-116 and breast MDA-MB-231 cancer cells<\/i>.  \r\n              General Physiology and Biophysics, 2017, 36(2): 187\u2013196.\r\n            <\/li>\r\n\r\n            <li>\r\n              \u010canovi\u0107 PP, Bogojevski JV, Ko\u0161ari\u0107 JV, Markovi\u0107 SD, \u017divanovi\u0107 MN.  \r\n              <i>Pt (IV), Pd (II), and Rh (III) complexes induced oxidative stress and cytotoxicity in the HCT-116 colon cancer cell line<\/i>.  \r\n              Turkish Journal of Biology, 2017, 41(1): 141\u2013147.\r\n            <\/li>\r\n\r\n            <li>\r\n              Ko\u0161ari\u0107 JV, Cvetkovi\u0107 DM, \u017divanovi\u0107 MN, \u0106ur\u010di\u0107 MG, \u0160ekli\u0107 DS, Bugar\u010di\u0107 ZM, Markovi\u0107 SD.  \r\n              <i>Antioxidative and antiproliferative evaluation of 2-(phenylselenomethyl)tetrahydrofuran and 2-(phenylselenomethyl)tetrahydropyran<\/i>.  \r\n              J BOUN, 2014, 19(1): 283\u2013290.\r\n            <\/li>\r\n\r\n            <li>\r\n              Petrovi\u0107 VP, Simijonovi\u0107 D, \u017divanovi\u0107 MN, Ko\u0161ari\u0107 JV, Petrovi\u0107 ZD, Markovi\u0107 S, Markovi\u0107 SD.  \r\n              <i>Vanillic Mannich bases: synthesis and screening of biological activity...<\/i>  \r\n              RSC Advances, 2014, 4(47): 24635\u201324644.\r\n            <\/li>\r\n\r\n            <li>\r\n              \u017divanovi\u0107 MN, Cvetkovi\u0107 DM, Ko\u0161ari\u0107 JV, \u0106ur\u010di\u0107 MG, \u0160ekli\u0107 DS, Bugar\u010di\u0107 ZM, Markovi\u0107 SD.  \r\n              <i>Antioxidative effects of novel selenium compounds<\/i>.  \r\n              FEBS Journal, 2012, 279(1): 197\u2013197.\r\n            <\/li>\r\n\r\n          <\/ol>\r\n\r\n        <\/div>\r\n\r\n      <\/details>\r\n\r\n    <\/div>\r\n  <\/div>\r\n\r\n<\/div>\r\n\t\t\t\t<\/div>\n\t\t\t\t\t<\/div>\n\t\t\t\t<\/div>\n\t\t\t\t<\/div>","protected":false},"excerpt":{"rendered":"<p>\u0434\u0440 \u0408\u0435\u043b\u0435\u043d\u0430 \u041a\u043e\u0448\u0430\u0440\u0438\u045b \u041d\u0430\u0443\u0447\u043d\u0438 \u0441\u0430\u0440\u0430\u0434\u043d\u0438\u043a \u0411\u0438\u043e\u0438\u043d\u0444\u043e\u0440\u043c\u0430\u0442\u0438\u043a\u0430 \u0438 \u043f\u0440\u0438\u043c\u0435\u045a\u0435\u043d\u0430 \u0431\u0438\u043e\u043b\u043e\u0433\u0438\u0458\u0430 \u041e\u0431\u0440\u0430\u0437\u043e\u0432\u0430\u045a\u0435: \u0414\u043e\u043a\u0442\u043e\u0440 \u043d\u0430\u0443\u043a\u0430 \u2013 \u0431\u0438\u043e\u043b\u043e\u0448\u043a\u0435 \u043d\u0430\u0443\u043a\u0435 \/ \u0421\u043f\u0435\u0446\u0438\u0458\u0430\u043b\u0438\u0441\u0442\u0430 \u043e\u0440\u0433\u0430\u043d\u0441\u043a\u0435 \u0445\u0435\u043c\u0438\u0458\u0435 \u0410\u0434\u0440\u0435\u0441\u0430: \u0418\u043d\u0441\u0442\u0438\u0442\u0443\u0442 \u0437\u0430 \u0438\u043d\u0444\u043e\u0440\u043c\u0430\u0446\u0438\u043e\u043d\u0435 \u0442\u0435\u0445\u043d\u043e\u043b\u043e\u0433\u0438\u0458\u0435 \u041a\u0440\u0430\u0433\u0443\u0458\u0435\u0432\u0430\u0446, \u041b\u0438\u0446\u0435\u0458\u0430 \u041a\u043d\u0435\u0436\u0435\u0432\u0438\u043d\u0435 \u0421\u0440\u0431\u0438\u0458\u0435 1\u0410, 34000 \u041a\u0440\u0430\u0433\u0443\u0458\u0435\u0432\u0430\u0446. \u0415-\u043f\u043e\u0448\u0442\u0430: jelena.kosaric@uni.kg.ac.rs \ud83d\udcc4 CV \u2013 \u0421\u0440\u043f\u0441\u043a\u0438 \ud83d\udcc4 CV \u2013 English \u041a\u0440\u0430\u0442\u0430\u043a \u043e\u043f\u0438\u0441 \u0438\u0441\u0442\u0440\u0430\u0436\u0438\u0432\u0430\u045a\u0430 \u0418\u0441\u043f\u0438\u0442\u0438\u0432\u0430\u045a\u0435 \u043c\u043e\u043b\u0435\u043a\u0443\u043b\u0430\u0440\u043d\u0438\u0445 \u043c\u0435\u0445\u0430\u043d\u0438\u0437\u0430\u043c\u0430 \u0443\u0442\u0438\u0446\u0430\u0458\u0430 \u043e\u0440\u0433\u0430\u043d\u043e\u0441\u0435\u043b\u0435\u043d\u0441\u043a\u0438\u0445 \u0458\u0435\u0434\u0438\u045a\u0435\u045a\u0430 (\u041e\u0421\u0408) \u043d\u0430 \u0440\u0435\u0434\u043e\u043a\u0441 \u0441\u0442\u0430\u0442\u0443\u0441 \u0438\u043c\u043e\u0440\u0442\u0430\u043b\u0438\u0437\u043e\u0432\u0430\u043d\u0438\u0445&#8230;<\/p>","protected":false},"author":1,"featured_media":0,"parent":0,"menu_order":0,"comment_status":"closed","ping_status":"closed","template":"","meta":{"_eb_attr":"","footnotes":""},"class_list":["post-21152","page","type-page","status-publish","hentry"],"_links":{"self":[{"href":"https:\/\/iit.ac.rs\/en\/wp-json\/wp\/v2\/pages\/21152","targetHints":{"allow":["GET"]}}],"collection":[{"href":"https:\/\/iit.ac.rs\/en\/wp-json\/wp\/v2\/pages"}],"about":[{"href":"https:\/\/iit.ac.rs\/en\/wp-json\/wp\/v2\/types\/page"}],"author":[{"embeddable":true,"href":"https:\/\/iit.ac.rs\/en\/wp-json\/wp\/v2\/users\/1"}],"replies":[{"embeddable":true,"href":"https:\/\/iit.ac.rs\/en\/wp-json\/wp\/v2\/comments?post=21152"}],"version-history":[{"count":4,"href":"https:\/\/iit.ac.rs\/en\/wp-json\/wp\/v2\/pages\/21152\/revisions"}],"predecessor-version":[{"id":21158,"href":"https:\/\/iit.ac.rs\/en\/wp-json\/wp\/v2\/pages\/21152\/revisions\/21158"}],"wp:attachment":[{"href":"https:\/\/iit.ac.rs\/en\/wp-json\/wp\/v2\/media?parent=21152"}],"curies":[{"name":"wp","href":"https:\/\/api.w.org\/{rel}","templated":true}]}}