{"id":21159,"date":"2025-11-17T09:06:18","date_gmt":"2025-11-17T09:06:18","guid":{"rendered":"https:\/\/iit.ac.rs\/?page_id=21159"},"modified":"2026-03-04T10:59:11","modified_gmt":"2026-03-04T10:59:11","slug":"dr-marko-antoni%d1%98evic","status":"publish","type":"page","link":"https:\/\/iit.ac.rs\/en\/dr-marko-antoni%d1%98evic\/","title":{"rendered":"Dr Marko Antonijevi\u0107"},"content":{"rendered":"<div data-elementor-type=\"wp-page\" data-elementor-id=\"21159\" class=\"elementor elementor-21159\">\n\t\t\t\t<div class=\"elementor-element elementor-element-18644c0 e-flex e-con-boxed e-con e-parent\" data-id=\"18644c0\" data-element_type=\"container\">\n\t\t\t\t\t<div class=\"e-con-inner\">\n\t\t\t\t<div class=\"elementor-element elementor-element-8199436 elementor-widget elementor-widget-html\" data-id=\"8199436\" data-element_type=\"widget\" data-widget_type=\"html.default\">\n\t\t\t\t\t<div class=\"iit-rp\" style=\"--accent:#07294DE8;\">\r\n\r\n  <!-- FOTO -->\r\n  <div class=\"photo\">\r\n    <img decoding=\"async\" src=\"https:\/\/iit.ac.rs\/wp-content\/uploads\/2025\/11\/MarkoAntonijevic.jpg\" alt=\"\u0434\u0440 \u041c\u0430\u0440\u043a\u043e \u0410\u043d\u0442\u043e\u043d\u0438\u0458\u0435\u0432\u0438\u045b\">\r\n  <\/div>\r\n\r\n  <!-- HEADER INFO -->\r\n  <div class=\"head\">\r\n    <h2>Dr Marko Antonijevi\u0107<\/h2>\r\n\r\n    <div class=\"badges\">\r\n      <span class=\"badge\">Research associate<\/span>\r\n      <span class=\"badge\">\u0425\u0435\u043c\u043e\u0438\u043d\u0444\u043e\u0440\u043c\u0430\u0442\u0438\u043a\u0430<\/span>\r\n    <\/div>\r\n\r\n    <div class=\"meta\">\r\n      <div><b>Education:<\/b> Doctor of Science - Chemical Sciences<\/div>\r\n      <div><b>Address:<\/b> Institute of Information Technologies Kragujevac, Liceja Kne\u017eevine Srbije 1A, 34000 Kragujevac.<\/div>\r\n      <div><b>Email:<\/b> mantonijevic@uni.kg.ac.rs<\/div>\r\n      <div><b>IBI (Researcher Identification Number):<\/b> BA535<\/div>\r\n    <\/div>\r\n\r\n    <!-- LINKOVI -->\r\n    <div class=\"ext\">\r\n\r\n      <a href=\"https:\/\/enauka.gov.rs\/cris\/rp\/rp00696\" target=\"_blank\">\r\n        <img decoding=\"async\" src=\"https:\/\/iit.ac.rs\/wp-content\/uploads\/2025\/11\/enauka.jpg\" alt=\"eNauka\">\r\n      <\/a>\r\n\r\n      <a href=\"https:\/\/scidar.kg.ac.rs\/bibliography?orcid=0000-0003-3810-1694\" target=\"_blank\">\r\n        <img decoding=\"async\" src=\"https:\/\/iit.ac.rs\/wp-content\/uploads\/2025\/11\/koc.jpg\" alt=\"SCIDAR\">\r\n      <\/a>\r\n\r\n      <a href=\"https:\/\/orcid.org\/0000-0003-3810-1694\" target=\"_blank\">\r\n        <img decoding=\"async\" src=\"https:\/\/iit.ac.rs\/wp-content\/uploads\/2025\/11\/orcid.jpg\" alt=\"ORCID\">\r\n      <\/a>\r\n\r\n      <a href=\"https:\/\/www.researchgate.net\/profile\/Marko-Antonijevic\" target=\"_blank\">\r\n        <img decoding=\"async\" src=\"https:\/\/iit.ac.rs\/wp-content\/uploads\/2025\/11\/rg.jpg\" alt=\"ResearchGate\">\r\n      <\/a>\r\n\r\n      <a href=\"https:\/\/www.linkedin.com\/in\/marko-antonijevic-4b98101a0\" target=\"_blank\">\r\n        <img decoding=\"async\" src=\"https:\/\/iit.ac.rs\/wp-content\/uploads\/2025\/11\/linkedin.jpg\" alt=\"LinkedIn\">\r\n      <\/a>\r\n\r\n      <a href=\"https:\/\/www.scopus.com\/authid\/detail.uri?authorId=57218476085\" target=\"_blank\">\r\n        <img decoding=\"async\" src=\"https:\/\/iit.ac.rs\/wp-content\/uploads\/2025\/11\/scopus.jpg\" alt=\"Scopus\">\r\n      <\/a>\r\n\r\n    <\/div>\r\n\r\n    <!-- DUGMAD -->\r\n    <div class=\"actions\">\r\n\r\n      <a class=\"btn\" href=\"https:\/\/iit.ac.rs\/wp-content\/uploads\/2025\/11\/\u0420\u0430\u0434\u043d\u0430-\u0431\u0438\u043e\u0433\u0440\u0430\u0444\u0438\u0458\u0430-\u041c\u0430\u0440\u043a\u043e-\u0410\u043d\u0442\u043e\u043d\u0438\u0458\u0435\u0432\u0438\u045b-2024.docx\" target=\"_blank\">\r\n        <span class=\"ico\">\ud83d\udcc4<\/span> CV - Serbian\r\n      <\/a>\r\n\r\n      <a class=\"btn\" href=\"https:\/\/iit.ac.rs\/wp-content\/uploads\/2025\/11\/Radna-biografija-Marko-Antonijevic-engleski-2024.docx\" target=\"_blank\">\r\n        <span class=\"ico\">\ud83d\udcc4<\/span> CV \u2013 English\r\n      <\/a>\r\n\r\n    <\/div>\r\n\r\n  <\/div>\r\n\r\n  <!-- SECTIONS -->\r\n  <div class=\"card\">\r\n    <div class=\"accordion\">\r\n\r\n      <!-- Opis -->\r\n      <details open>\r\n        <summary>Brief description of the research<\/summary>\r\n\r\n        <div class=\"content\">\r\n\r\n          <p>\r\n            Dr. Marko Antonijevi\u0107's research focuses on the application of artificial intelligence (AI) in chemistry, biochemistry, and chemoinformatics.\nCombining experimental and computational methods, his work explores how AI algorithms can advance the design and understanding of chemical compounds\nwith potential therapeutic and industrial applications.\r\n          <\/p>\r\n\r\n          <p>\r\n            Special emphasis is placed on machine learning for predicting physicochemical properties,\nbiological activities and toxicological profiles of molecules.\nResearch includes molecular modeling, docking and molecular dynamics simulations to understand the interactions of molecules and biological targets.\r\n          <\/p>\r\n\r\n          <p>\r\n            Additionally, AI is applied in the optimization of \"green chemistry\" processes, as well as in the development of biomaterials,\nincluding hydrogels for regenerative medicine.\nBy combining computational models and experimental methods, Dr. Antonijevic's work contributes to the advancement of scientific knowledge and the development of innovative solutions\nin healthcare, pharmacy, and sustainable industry.\r\n          <\/p>\r\n\r\n        <\/div>\r\n\r\n      <\/details>\r\n\r\n      <!-- Reference -->\r\n      <details>\r\n        <summary>Selected references<\/summary>\r\n\r\n        <div class=\"content\">\r\n\r\n          <ol class=\"refs\">\r\n\r\n            <li>\r\n              Marko Antonijevi\u0107, Du\u0161ica Simijonovi\u0107, Edina Avdovi\u0107, Andrija \u0106iri\u0107, Zorica Petrovi\u0107, Jasmina Dimitri\u0107-Markovi\u0107, Vi\u0161nja Stepani\u0107, Zoran Markovi\u0107,  \r\n              <i>Green One-Pot Synthesis of Coumarin-Hydroxybenzohydrazide Hybrids and Their Antioxidant Potency<\/i>,  \r\n              Antioxidants, 10, 1106, 2021. (M21a)\r\n            <\/li>\r\n\r\n            <li>\r\n              \u017diko Milanovi\u0107, Du\u0161an Dimi\u0107, Marko Antonijevi\u0107, Milan \u017di\u017ei\u0107, Dejan Milenkovi\u0107, Edina Avdovi\u0107, Zoran Markovi\u0107,  \r\n              <i>Influence of acid-base equilibria on the rate of the chemical reaction in the advanced oxidation processes...<\/i>  \r\n              Chemical Engineering Journal, 453, 139648, 2023. (M21a)\r\n            <\/li>\r\n\r\n            <li>\r\n              Ana Ami\u0107, Jasmina Dimitri\u0107-Markovi\u0107, Zoran Markovi\u0107, Dejan Milenkovi\u0107, \u017diko Milanovi\u0107, Marko Antonijevi\u0107,  \r\n              <i>Theoretical Study of Radical Inactivation, LOX Inhibition, and Iron Chelation...<\/i>  \r\n              Antioxidants, 10(8), 1303, 2021. (M21a)\r\n            <\/li>\r\n\r\n            <li>\r\n              Du\u0161ica Simijonovi\u0107, Dejan Milenkovi\u0107, Edina Avdovi\u0107, \u017diko Milanovi\u0107, Marko Antonijevi\u0107, Ana Ami\u0107, Zana Doli\u0107anin, Zoran Markovi\u0107,  \r\n              <i>Coumarin N-Acylhydrazone Derivatives: Green Synthesis and Antioxidant Potential<\/i>,  \r\n              Antioxidants, 12(10), 1858, 2023. (M21a)\r\n            <\/li>\r\n\r\n            <li>\r\n              Marko Antonijevi\u0107, Edina Avdovi\u0107, Du\u0161ica Simijonovi\u0107, \u017diko Milanovi\u0107, Milan \u017di\u017ei\u0107, Zoran Markovi\u0107,  \r\n              <i>Investigation of novel radical scavenging mechanisms in the alkaline environment...<\/i>  \r\n              Science of the Total Environment, 912, 169307, 2024. (M21a)\r\n            <\/li>\r\n\r\n          <\/ol>\r\n\r\n        <\/div>\r\n\r\n      <\/details>\r\n\r\n    <\/div>\r\n  <\/div>\r\n\r\n<\/div>\r\n\t\t\t\t<\/div>\n\t\t\t\t\t<\/div>\n\t\t\t\t<\/div>\n\t\t\t\t<\/div>","protected":false},"excerpt":{"rendered":"<p>\u0434\u0440 \u041c\u0430\u0440\u043a\u043e \u0410\u043d\u0442\u043e\u043d\u0438\u0458\u0435\u0432\u0438\u045b \u041d\u0430\u0443\u0447\u043d\u0438 \u0441\u0430\u0440\u0430\u0434\u043d\u0438\u043a \u0425\u0435\u043c\u043e\u0438\u043d\u0444\u043e\u0440\u043c\u0430\u0442\u0438\u043a\u0430 \u041e\u0431\u0440\u0430\u0437\u043e\u0432\u0430\u045a\u0435: \u0414\u043e\u043a\u0442\u043e\u0440 \u043d\u0430\u0443\u043a\u0430 \u2013 \u0445\u0435\u043c\u0438\u0458\u0441\u043a\u0435 \u043d\u0430\u0443\u043a\u0435 \u0410\u0434\u0440\u0435\u0441\u0430: \u0418\u043d\u0441\u0442\u0438\u0442\u0443\u0442 \u0437\u0430 \u0438\u043d\u0444\u043e\u0440\u043c\u0430\u0446\u0438\u043e\u043d\u0435 \u0442\u0435\u0445\u043d\u043e\u043b\u043e\u0433\u0438\u0458\u0435 \u041a\u0440\u0430\u0433\u0443\u0458\u0435\u0432\u0430\u0446, \u041b\u0438\u0446\u0435\u0458\u0430 \u041a\u043d\u0435\u0436\u0435\u0432\u0438\u043d\u0435 \u0421\u0440\u0431\u0438\u0458\u0435 1\u0410, 34000 \u041a\u0440\u0430\u0433\u0443\u0458\u0435\u0432\u0430\u0446. \u0415-\u043f\u043e\u0448\u0442\u0430: mantonijevic@uni.kg.ac.rs \u0418\u0411\u0418 (\u0418\u0434\u0435\u043d\u0442\u0438\u0444\u0438\u043a\u0430\u0446\u0438\u043e\u043d\u0438 \u0411\u0440\u043e\u0458 \u0418\u0441\u0442\u0440\u0430\u0436\u0438\u0432\u0430\u0447\u0430): BA535 \ud83d\udcc4 CV \u2013 \u0421\u0440\u043f\u0441\u043a\u0438 \ud83d\udcc4 CV \u2013 English \u041a\u0440\u0430\u0442\u0430\u043a \u043e\u043f\u0438\u0441 \u0438\u0441\u0442\u0440\u0430\u0436\u0438\u0432\u0430\u045a\u0430 \u0418\u0441\u0442\u0440\u0430\u0436\u0438\u0432\u0430\u045a\u0430 \u0434\u0440 \u041c\u0430\u0440\u043a\u0430 \u0410\u043d\u0442\u043e\u043d\u0438\u0458\u0435\u0432\u0438\u045b\u0430 \u0444\u043e\u043a\u0443\u0441\u0438\u0440\u0430\u0458\u0443 \u0441\u0435 \u043d\u0430 \u043f\u0440\u0438\u043c\u0435\u043d\u0443 \u0432\u0435\u0448\u0442\u0430\u0447\u043a\u0435 \u0438\u043d\u0442\u0435\u043b\u0438\u0433\u0435\u043d\u0446\u0438\u0458\u0435 (AI) \u0443 \u0445\u0435\u043c\u0438\u0458\u0438,&#8230;<\/p>","protected":false},"author":1,"featured_media":0,"parent":0,"menu_order":0,"comment_status":"closed","ping_status":"closed","template":"","meta":{"_eb_attr":"","footnotes":""},"class_list":["post-21159","page","type-page","status-publish","hentry"],"_links":{"self":[{"href":"https:\/\/iit.ac.rs\/en\/wp-json\/wp\/v2\/pages\/21159","targetHints":{"allow":["GET"]}}],"collection":[{"href":"https:\/\/iit.ac.rs\/en\/wp-json\/wp\/v2\/pages"}],"about":[{"href":"https:\/\/iit.ac.rs\/en\/wp-json\/wp\/v2\/types\/page"}],"author":[{"embeddable":true,"href":"https:\/\/iit.ac.rs\/en\/wp-json\/wp\/v2\/users\/1"}],"replies":[{"embeddable":true,"href":"https:\/\/iit.ac.rs\/en\/wp-json\/wp\/v2\/comments?post=21159"}],"version-history":[{"count":4,"href":"https:\/\/iit.ac.rs\/en\/wp-json\/wp\/v2\/pages\/21159\/revisions"}],"predecessor-version":[{"id":21165,"href":"https:\/\/iit.ac.rs\/en\/wp-json\/wp\/v2\/pages\/21159\/revisions\/21165"}],"wp:attachment":[{"href":"https:\/\/iit.ac.rs\/en\/wp-json\/wp\/v2\/media?parent=21159"}],"curies":[{"name":"wp","href":"https:\/\/api.w.org\/{rel}","templated":true}]}}