{"id":21173,"date":"2025-11-17T09:13:18","date_gmt":"2025-11-17T09:13:18","guid":{"rendered":"https:\/\/iit.ac.rs\/?page_id=21173"},"modified":"2026-03-18T11:40:15","modified_gmt":"2026-03-18T11:40:15","slug":"dr-dani%d1%98ela-sto%d1%98kovic","status":"publish","type":"page","link":"https:\/\/iit.ac.rs\/en\/dr-dani%d1%98ela-sto%d1%98kovic\/","title":{"rendered":"Dr Danijela Stojkovi\u0107"},"content":{"rendered":"<div data-elementor-type=\"wp-page\" data-elementor-id=\"21173\" class=\"elementor elementor-21173\">\n\t\t\t\t<div class=\"elementor-element elementor-element-aa64f00 e-flex e-con-boxed e-con e-parent\" data-id=\"aa64f00\" data-element_type=\"container\">\n\t\t\t\t\t<div class=\"e-con-inner\">\n\t\t\t\t<div class=\"elementor-element elementor-element-8c895b0 elementor-widget elementor-widget-html\" data-id=\"8c895b0\" data-element_type=\"widget\" data-widget_type=\"html.default\">\n\t\t\t\t\t<div class=\"iit-rp\" style=\"--accent:#07294DE8;\">\r\n\r\n  <!-- FOTO -->\r\n  <div class=\"photo\">\r\n    <img decoding=\"async\" src=\"https:\/\/iit.ac.rs\/wp-content\/uploads\/2025\/11\/DanijelaSTojkovic.jpg\" alt=\"\u0434\u0440 \u0414\u0430\u043d\u0438\u0458\u0435\u043b\u0430 \u0421\u0442\u043e\u0458\u043a\u043e\u0432\u0438\u045b\">\r\n  <\/div>\r\n\r\n  <!-- HEADER INFO -->\r\n  <div class=\"head\">\r\n    <h2>Dr Danijela Stojkovi\u0107<\/h2>\r\n\r\n    <div class=\"badges\">\r\n      <span class=\"badge\">Senior research\nassociate<\/span>\r\n      <span class=\"badge\">Bioorganic and bioinorganic chemistry<\/span>\r\n    <\/div>\r\n\r\n    <div class=\"meta\">\r\n      <div><b>Education:<\/b> Doctor of Science - Chemical Sciences<\/div>\r\n      <div><b>Address:<\/b> Institute of Information Technologies Kragujevac, Liceja Kne\u017eevine Srbije 1A, 34000 Kragujevac.<\/div>\r\n      <div><b>Email:<\/b> danijela.stojkovic@kg.ac.rs<\/div>\r\n      <div><b>IBI (Researcher Identification Number):<\/b> BB997<\/div>\r\n    <\/div>\r\n\r\n    <!-- LINKOVI -->\r\n    <div class=\"ext\">\r\n\r\n      <a href=\"https:\/\/enauka.gov.rs\/cris\/rp\/rp10810\" target=\"_blank\">\r\n        <img decoding=\"async\" src=\"https:\/\/iit.ac.rs\/wp-content\/uploads\/2025\/11\/enauka.jpg\" alt=\"eNauka\">\r\n      <\/a>\r\n\r\n      <a href=\"https:\/\/scidar.kg.ac.rs\/browse?type=author&authority=a005d66d-bf25-4855-af68-e97077c335d2\" target=\"_blank\">\r\n        <img decoding=\"async\" src=\"https:\/\/iit.ac.rs\/wp-content\/uploads\/2025\/11\/koc.jpg\" alt=\"SCIDAR\">\r\n      <\/a>\r\n\r\n      <a href=\"https:\/\/orcid.org\/0000-0002-8258-7479\" target=\"_blank\">\r\n        <img decoding=\"async\" src=\"https:\/\/iit.ac.rs\/wp-content\/uploads\/2025\/11\/orcid.jpg\" alt=\"ORCID\">\r\n      <\/a>\r\n\r\n      <a href=\"https:\/\/www.researchgate.net\/profile\/Danijela-Stojkovic-2\" target=\"_blank\">\r\n        <img decoding=\"async\" src=\"https:\/\/iit.ac.rs\/wp-content\/uploads\/2025\/11\/rg.jpg\" alt=\"ResearchGate\">\r\n      <\/a>\r\n\r\n      <a href=\"https:\/\/www.scopus.com\/authid\/detail.uri?authorId=56022060100\" target=\"_blank\">\r\n        <img decoding=\"async\" src=\"https:\/\/iit.ac.rs\/wp-content\/uploads\/2025\/11\/scopus.jpg\" alt=\"Scopus\">\r\n      <\/a>\r\n\r\n    <\/div>\r\n\r\n    <!-- DUGMAD -->\r\n    <div class=\"actions\">\r\n\r\n      <a class=\"btn\" href=\"https:\/\/iit.ac.rs\/wp-content\/uploads\/2025\/11\/\u0420\u0430\u0434\u043d\u0430-\u0431\u0438\u043e\u0433\u0440\u0430\u0444\u0438\u0458\u0430-\u0434\u0440-\u0414\u0430\u043d\u0438\u0458\u0435\u043b\u0430-\u0409.-\u0421\u0442\u043e\u0458\u043a\u043e\u0432\u0438\u045b-dopuna.docx\" target=\"_blank\">\r\n        <span class=\"ico\">\ud83d\udcc4<\/span> CV - Serbian\r\n      <\/a>\r\n\r\n      <a class=\"btn\" href=\"https:\/\/iit.ac.rs\/wp-content\/uploads\/2025\/11\/Biography-dr-Danijela-Stojkovic.docx\" target=\"_blank\">\r\n        <span class=\"ico\">\ud83d\udcc4<\/span> CV \u2013 English\r\n      <\/a>\r\n\r\n    <\/div>\r\n\r\n  <\/div>\r\n\r\n  <!-- SECTIONS -->\r\n  <div class=\"card\">\r\n    <div class=\"accordion\">\r\n\r\n      <!-- Opis -->\r\n      <details open>\r\n        <summary>Brief description of the research<\/summary>\r\n\r\n        <div class=\"content\">\r\n          <p>\r\n            Dr. Danijela Stojkovi\u0107 worked on the synthesis of propylenediamine derivatives of some amino acids, as well as the corresponding palladium(II)\ncomplexes with the aforementioned derivatives. The synthesized derivatives and complexes were characterized and their biological activity was examined, as well as the interactions of palladium(II) complexes with biologically significant molecules (human serum albumin \u2013 HSA and\ndeoxyribonucleic acid \u2013 DNA).\r\n          <\/p>\r\n          <p>\r\n            Due to the wide spectrum of biological activities that thiazole derivatives exhibit, Dr. Danijela Stojkovi\u0107 also studied the synthesis of complexes\nof palladium(II) and platinum(II) ions with some 2-aminothiazole derivatives. The mentioned complexes were characterized and their biological activity, as well as interactions with DNA and HSA molecules, were also examined.\r\n          <\/p>\r\n        <\/div>\r\n\r\n      <\/details>\r\n\r\n      <!-- Reference -->\r\n      <details>\r\n        <summary>Selected references<\/summary>\r\n\r\n        <div class=\"content\">\r\n          <ol class=\"refs\">\r\n\r\n            <li>\r\n              \u0110or\u0111e S. Petrovi\u0107, Sandra S. Jovi\u010di\u0107 Mili\u0107, Maja B. \u0110uki\u0107, Ivana D. Radojevi\u0107, Milena M. Juri\u0161evi\u0107, Nevena M. Gajovi\u0107,\r\n              An\u0111ela Petrovi\u0107, Neboj\u0161a N. Arsenijevi\u0107, Ivan P. Jovanovi\u0107, Edina Avdovi\u0107, Danijela Lj. Stojkovi\u0107, Verica V. Jevti\u0107, \r\n              <i>Synthesis, characterization, HSA binding, molecular docking, cytotoxicity study, and antimicrobial activity of new palladium(II) complexes with propylenediamine derivatives of phenylalanine<\/i>, \r\n              Journal of Inorganic Biochemistry 246 (2023) 112283; https:\/\/doi.org\/10.1016\/j.jinorgbio.2023.112283\r\n            <\/li>\r\n\r\n            <li>\r\n              Milica Paunovi\u0107, Milo\u0161 Mati\u0107, Ana D. Obradovi\u0107, Verica V. Jevti\u0107, Danijela Lj. Stojkovi\u0107, Branka I. Ognjanovi\u0107, \r\n              <i>Antiproliferative, antimigratory, and prooxidative potential of novel platinum(IV) complexes and resveratrol on breast cancer (MDA-MB-231) and choriocarcinoma (JEG-3) cell lines<\/i>, \r\n              Drug Development Research (2022); DOI: 10.1002\/ddr.21900\r\n            <\/li>\r\n\r\n            <li>\r\n              D. Simic, M. Zaric, I. Nikolic, R. Zivkovic Zaric, P. Canovic, A. Kocovic, I. Radojevic, I. Rakovic, S. Jovicic Milic, Dj. Petrovic,\r\n              D. Stojkovic, N. Vukovic, M. Ka\u00e1niov\u00e1, M. Vukic, V. Jevtic, \r\n              <i>Newly synthesized palladium(II) complexes with aminothiazole derivatives: In vitro study of antimicrobial activity and antitumor activity on human prostate cancer cell line<\/i>, \r\n              Dalton Transactions (2022), DOI: 10.1039\/D1DT03364F\r\n            <\/li>\r\n\r\n          <\/ol>\r\n        <\/div>\r\n\r\n      <\/details>\r\n\r\n    <\/div>\r\n  <\/div>\r\n\r\n<\/div>\r\n\t\t\t\t<\/div>\n\t\t\t\t\t<\/div>\n\t\t\t\t<\/div>\n\t\t\t\t<\/div>","protected":false},"excerpt":{"rendered":"<p>\u0434\u0440 \u0414\u0430\u043d\u0438\u0458\u0435\u043b\u0430 \u0421\u0442\u043e\u0458\u043a\u043e\u0432\u0438\u045b \u0412\u0438\u0448\u0438 \u043d\u0430\u0443\u0447\u043d\u0438 \u0441\u0430\u0440\u0430\u0434\u043d\u0438\u043a \u0411\u0438\u043e\u043e\u0440\u0433\u0430\u043d\u0441\u043a\u0430 \u0438 \u0431\u0438\u043e\u043d\u0435\u043e\u0440\u0433\u0430\u043d\u0441\u043a\u0430 \u0445\u0435\u043c\u0438\u0458\u0430 \u041e\u0431\u0440\u0430\u0437\u043e\u0432\u0430\u045a\u0435: \u0414\u043e\u043a\u0442\u043e\u0440 \u043d\u0430\u0443\u043a\u0430-\u0445\u0435\u043c\u0438\u0458\u0441\u043a\u0435 \u043d\u0430\u0443\u043a\u0435 \u0410\u0434\u0440\u0435\u0441\u0430: \u0418\u043d\u0441\u0442\u0438\u0442\u0443\u0442 \u0437\u0430 \u0438\u043d\u0444\u043e\u0440\u043c\u0430\u0446\u0438\u043e\u043d\u0435 \u0442\u0435\u0445\u043d\u043e\u043b\u043e\u0433\u0438\u0458\u0435 \u041a\u0440\u0430\u0433\u0443\u0458\u0435\u0432\u0430\u0446, \u041b\u0438\u0446\u0435\u0458\u0430 \u041a\u043d\u0435\u0436\u0435\u0432\u0438\u043d\u0435 \u0421\u0440\u0431\u0438\u0458\u0435 1\u0410, 34000 \u041a\u0440\u0430\u0433\u0443\u0458\u0435\u0432\u0430\u0446. \u0415-\u043f\u043e\u0448\u0442\u0430: danijela.stojkovic@kg.ac.rs \u0418\u0411\u0418 (\u0418\u0434\u0435\u043d\u0442\u0438\u0444\u0438\u043a\u0430\u0446\u0438\u043e\u043d\u0438 \u0411\u0440\u043e\u0458 \u0418\u0441\u0442\u0440\u0430\u0436\u0438\u0432\u0430\u0447\u0430): BB997 \ud83d\udcc4 CV \u2013 \u0421\u0440\u043f\u0441\u043a\u0438 \ud83d\udcc4 CV \u2013 English \u041a\u0440\u0430\u0442\u0430\u043a \u043e\u043f\u0438\u0441 \u0438\u0441\u0442\u0440\u0430\u0436\u0438\u0432\u0430\u045a\u0430 \u0414\u0440 \u0414\u0430\u043d\u0438\u0458\u0435\u043b\u0430 \u0421\u0442\u043e\u0458\u043a\u043e\u0432\u0438\u045b \u0440\u0430\u0434\u0438\u043b\u0430 \u0458\u0435 \u043d\u0430 \u0441\u0438\u043d\u0442\u0435\u0437\u0438 \u043f\u0440\u043e\u043f\u0438\u043b\u0435\u043d\u0434\u0438\u0430\u043c\u0438\u043d\u0441\u043a\u0438\u0445 \u0434\u0435\u0440\u0438\u0432\u0430\u0442\u0430 \u043d\u0435\u043a\u0438\u0445 \u0430\u043c\u0438\u043d\u043e\u043a\u0438\u0441\u0435\u043b\u0438\u043d\u0430,&#8230;<\/p>","protected":false},"author":1,"featured_media":0,"parent":0,"menu_order":0,"comment_status":"closed","ping_status":"closed","template":"","meta":{"_eb_attr":"","footnotes":""},"class_list":["post-21173","page","type-page","status-publish","hentry"],"_links":{"self":[{"href":"https:\/\/iit.ac.rs\/en\/wp-json\/wp\/v2\/pages\/21173","targetHints":{"allow":["GET"]}}],"collection":[{"href":"https:\/\/iit.ac.rs\/en\/wp-json\/wp\/v2\/pages"}],"about":[{"href":"https:\/\/iit.ac.rs\/en\/wp-json\/wp\/v2\/types\/page"}],"author":[{"embeddable":true,"href":"https:\/\/iit.ac.rs\/en\/wp-json\/wp\/v2\/users\/1"}],"replies":[{"embeddable":true,"href":"https:\/\/iit.ac.rs\/en\/wp-json\/wp\/v2\/comments?post=21173"}],"version-history":[{"count":7,"href":"https:\/\/iit.ac.rs\/en\/wp-json\/wp\/v2\/pages\/21173\/revisions"}],"predecessor-version":[{"id":22589,"href":"https:\/\/iit.ac.rs\/en\/wp-json\/wp\/v2\/pages\/21173\/revisions\/22589"}],"wp:attachment":[{"href":"https:\/\/iit.ac.rs\/en\/wp-json\/wp\/v2\/media?parent=21173"}],"curies":[{"name":"wp","href":"https:\/\/api.w.org\/{rel}","templated":true}]}}