{"id":21188,"date":"2025-11-17T09:19:12","date_gmt":"2025-11-17T09:19:12","guid":{"rendered":"https:\/\/iit.ac.rs\/?page_id=21188"},"modified":"2026-03-04T11:00:56","modified_gmt":"2026-03-04T11:00:56","slug":"dr-ziko-milanovic","status":"publish","type":"page","link":"https:\/\/iit.ac.rs\/en\/dr-ziko-milanovic\/","title":{"rendered":"Dr \u017diko Milanovi\u0107"},"content":{"rendered":"<div data-elementor-type=\"wp-page\" data-elementor-id=\"21188\" class=\"elementor elementor-21188\">\n\t\t\t\t<div class=\"elementor-element elementor-element-d03c2a9 e-flex e-con-boxed e-con e-parent\" data-id=\"d03c2a9\" data-element_type=\"container\">\n\t\t\t\t\t<div class=\"e-con-inner\">\n\t\t\t\t<div class=\"elementor-element elementor-element-f5a0550 elementor-widget elementor-widget-html\" data-id=\"f5a0550\" data-element_type=\"widget\" data-widget_type=\"html.default\">\n\t\t\t\t\t<div class=\"iit-rp\" style=\"--accent:#07294DE8;\">\r\n\r\n  <!-- FOTO -->\r\n  <div class=\"photo\">\r\n    <img decoding=\"async\" src=\"https:\/\/iit.ac.rs\/wp-content\/uploads\/2025\/11\/zikonew.jpg\" alt=\"\u0434\u0440 \u0416\u0438\u043a\u043e \u041c\u0438\u043b\u0430\u043d\u043e\u0432\u0438\u045b\">\r\n  <\/div>\r\n\r\n  <!-- HEADER INFO -->\r\n  <div class=\"head\">\r\n    <h2>Dr \u017diko Milanovi\u0107<\/h2>\r\n\r\n    <div class=\"badges\">\r\n      <span class=\"badge\">Research associate<\/span>\r\n      <span class=\"badge\">Chemoinformatics and molecular design<\/span>\r\n    <\/div>\r\n\r\n    <div class=\"meta\">\r\n      <div><b>Education:<\/b> Doctor of Science - Chemical Sciences<\/div>\r\n      <div><b>Address:<\/b> Institute of Information Technologies Kragujevac, Liceja Kne\u017eevine Srbije 1A, 34000 Kragujevac.<\/div>\r\n      <div><b>Email:<\/b> ziko.milanovic@uni.kg.ac.rs<\/div>\r\n      <div><b>IBI:<\/b> AQ309<\/div>\r\n    <\/div>\r\n\r\n    <!-- LINKOVI -->\r\n    <div class=\"ext\">\r\n\r\n      <a href=\"https:\/\/enauka.gov.rs\/cris\/rp\/rp06549\" target=\"_blank\">\r\n        <img decoding=\"async\" src=\"https:\/\/iit.ac.rs\/wp-content\/uploads\/2025\/11\/enauka.jpg\" alt=\"eNauka\">\r\n      <\/a>\r\n\r\n      <a href=\"https:\/\/scidar.kg.ac.rs\/browse?type=author&authority=90042f45-a1e6-4238-964f-9998dcfbef00\" target=\"_blank\">\r\n        <img decoding=\"async\" src=\"https:\/\/iit.ac.rs\/wp-content\/uploads\/2025\/11\/koc.jpg\" alt=\"SCIDAR\">\r\n      <\/a>\r\n\r\n      <a href=\"https:\/\/orcid.org\/0000-0003-1819-2808\" target=\"_blank\">\r\n        <img decoding=\"async\" src=\"https:\/\/iit.ac.rs\/wp-content\/uploads\/2025\/11\/orcid.jpg\" alt=\"ORCID\">\r\n      <\/a>\r\n\r\n      <a href=\"https:\/\/www.researchgate.net\/profile\/Ziko-Milanovic-2\" target=\"_blank\">\r\n        <img decoding=\"async\" src=\"https:\/\/iit.ac.rs\/wp-content\/uploads\/2025\/11\/rg.jpg\" alt=\"ResearchGate\">\r\n      <\/a>\r\n\r\n      <a href=\"https:\/\/www.linkedin.com\/in\/ziko-milanovic\/?originalSubdomain=rs\" target=\"_blank\">\r\n        <img decoding=\"async\" src=\"https:\/\/iit.ac.rs\/wp-content\/uploads\/2025\/11\/linkedin.jpg\" alt=\"LinkedIn\">\r\n      <\/a>\r\n\r\n      <a href=\"https:\/\/www.scopus.com\/authid\/detail.uri?authorId=57212374745\" target=\"_blank\">\r\n        <img decoding=\"async\" src=\"https:\/\/iit.ac.rs\/wp-content\/uploads\/2025\/11\/scopus.jpg\" alt=\"Scopus\">\r\n      <\/a>\r\n\r\n    <\/div>\r\n\r\n    <!-- DUGMAD -->\r\n    <div class=\"actions\">\r\n\r\n      <a class=\"btn\" href=\"https:\/\/iit.ac.rs\/wp-content\/uploads\/2025\/11\/Ziko_Milanovic_Biography_\u0421\u0440\u043f\u0441\u043a\u0438_02_04_2025.pdf\" target=\"_blank\">\r\n        <span class=\"ico\">\ud83d\udcc4<\/span> \u0411\u0438\u043e\u0433\u0440\u0430\u0444\u0438\u0458\u0430 \u2013 \u0421\u0440\u043f\u0441\u043a\u0438\r\n      <\/a>\r\n\r\n      <a class=\"btn\" href=\"https:\/\/iit.ac.rs\/wp-content\/uploads\/2025\/11\/Ziko_Milanovic_Biography_English__03_04_2025.pdf\" target=\"_blank\">\r\n        <span class=\"ico\">\ud83d\udcc4<\/span> \u0411\u0438\u043e\u0433\u0440\u0430\u0444\u0438\u0458\u0430 \u2013 English\r\n      <\/a>\r\n\r\n    <\/div>\r\n  <\/div>\r\n\r\n  <!-- SECTIONS -->\r\n  <div class=\"card\">\r\n    <div class=\"accordion\">\r\n\r\n      <!-- Opis -->\r\n      <details open>\r\n        <summary>Brief description of the research<\/summary>\r\n\r\n        <div class=\"content\">\r\n          <p>\r\n            Dr. \u017diko Milanovi\u0107's research is focused on examining and defining the mechanisms of antioxidant activity of various polyphenolic compounds using modern spectroscopic (EPR, DPPH, ABTS, FRAP, CUPRAC) and computational methods.\r\n          <\/p>\r\n          <p>\r\n            In addition, he is engaged in the analysis of structural properties of molecules (NBO, QTAIM) to determine reactivity and stability, as well as the application of molecular docking and molecular dynamics to assess inhibitory activity and rational drug design.\r\n          <\/p>\r\n          <p>\r\n            The use of computational tools allows predicting the binding modes of newly synthesized compounds to target proteins and defining their therapeutic potential.\r\n          <\/p>\r\n        <\/div>\r\n\r\n      <\/details>\r\n\r\n      <!-- Reference -->\r\n      <details>\r\n        <summary>Selected references<\/summary>\r\n\r\n        <div class=\"content\">\r\n          <ol class=\"refs\">\r\n\r\n            <li>\r\n              \u017diko Milanovi\u0107, Du\u0161an Dimi\u0107, Marko Antonijevi\u0107, Milan \u017di\u017ei\u0107, Dejan Milenkovi\u0107, Edina Avdovi\u0107, Zoran Markovi\u0107,  \r\n              <i>Influence of acid-base equilibria on the rate of the chemical reaction in the advanced oxidation processes: Coumarin derivatives and hydroxyl radical<\/i>,  \r\n              Chemical Engineering Journal, 453 (2023) 139648.  \r\n              DOI: 10.1016\/j.cej.2022.139648\r\n            <\/li>\r\n\r\n            <li>\r\n              \u017diko Milanovi\u0107, Du\u0161an Dimi\u0107, Milan \u017di\u017ei\u0107, Zoran Markovi\u0107, Edina Avdovi\u0107,  \r\n              <i>Mechanism of antiradical activity of newly synthesized 4,7-dihydroxycoumarin derivatives \u2013 experimental and kinetic DFT study<\/i>,  \r\n              International Journal of Molecular Sciences, 22 (24), 2021.  \r\n              DOI: 10.3390\/ijms222413273\r\n            <\/li>\r\n\r\n            <li>\r\n              \u017diko Milanovi\u0107, Marko Antonijevi\u0107, Ana Ami\u0107, Edina Avdovi\u0107, Du\u0161an Dimi\u0107, Dejan Milenkovi\u0107, Zoran Markovi\u0107,  \r\n              <i>Inhibitory activity of quercetin, its metabolite, and antiviral drugs toward SARS-CoV-2 essential enzymes<\/i>,  \r\n              RSC Advances, 11 (2021), 2838\u20132847.  \r\n              DOI: 10.1039\/d0ra09632f\r\n            <\/li>\r\n\r\n            <li>\r\n              \u017diko Milanovi\u0107, Jelena To\u0161ovi\u0107, Svetlana Markovi\u0107, Zoran Markovi\u0107,  \r\n              <i>Comparison of scavenging capacities of phloroglucinol and 2,4,6-trihydroxypyridine toward HO\u02d9 radical<\/i>,  \r\n              RSC Advances, 10 (2020), 43262\u201343272.  \r\n              DOI: 10.1039\/d0ra08377a\r\n            <\/li>\r\n\r\n            <li>\r\n              \u017diko Milanovi\u0107,  \r\n              <i>Structural properties of newly 4,7-dihydroxycoumarin derivatives as potential coagulation factor inhibitors<\/i>,  \r\n              Journal of Molecular Structure, 1298 (2024), 137049.  \r\n              DOI: 10.1016\/j.molstruc.2023.137049\r\n            <\/li>\r\n\r\n          <\/ol>\r\n        <\/div>\r\n\r\n      <\/details>\r\n\r\n    <\/div>\r\n  <\/div>\r\n\r\n<\/div>\r\n\t\t\t\t<\/div>\n\t\t\t\t\t<\/div>\n\t\t\t\t<\/div>\n\t\t\t\t<\/div>","protected":false},"excerpt":{"rendered":"<p>\u0434\u0440 \u0416\u0438\u043a\u043e \u041c\u0438\u043b\u0430\u043d\u043e\u0432\u0438\u045b \u041d\u0430\u0443\u0447\u043d\u0438 \u0441\u0430\u0440\u0430\u0434\u043d\u0438\u043a \u0425\u0435\u043c\u043e\u0438\u043d\u0444\u043e\u0440\u043c\u0430\u0442\u0438\u043a\u0430 \u0438 \u043c\u043e\u043b\u0435\u043a\u0443\u043b\u0441\u043a\u0438 \u0434\u0438\u0437\u0430\u0458\u043d \u041e\u0431\u0440\u0430\u0437\u043e\u0432\u0430\u045a\u0435: \u0414\u043e\u043a\u0442\u043e\u0440 \u043d\u0430\u0443\u043a\u0430 \u2013 \u0445\u0435\u043c\u0438\u0458\u0441\u043a\u0435 \u043d\u0430\u0443\u043a\u0435 \u0410\u0434\u0440\u0435\u0441\u0430: \u0418\u043d\u0441\u0442\u0438\u0442\u0443\u0442 \u0437\u0430 \u0438\u043d\u0444\u043e\u0440\u043c\u0430\u0446\u0438\u043e\u043d\u0435 \u0442\u0435\u0445\u043d\u043e\u043b\u043e\u0433\u0438\u0458\u0435 \u041a\u0440\u0430\u0433\u0443\u0458\u0435\u0432\u0430\u0446, \u041b\u0438\u0446\u0435\u0458\u0430 \u041a\u043d\u0435\u0436\u0435\u0432\u0438\u043d\u0435 \u0421\u0440\u0431\u0438\u0458\u0435 1\u0410, 34000 \u041a\u0440\u0430\u0433\u0443\u0458\u0435\u0432\u0430\u0446. \u0415-\u043f\u043e\u0448\u0442\u0430: ziko.milanovic@uni.kg.ac.rs \u0418\u0411\u0418: AQ309 \ud83d\udcc4 \u0411\u0438\u043e\u0433\u0440\u0430\u0444\u0438\u0458\u0430 \u2013 \u0421\u0440\u043f\u0441\u043a\u0438 \ud83d\udcc4 \u0411\u0438\u043e\u0433\u0440\u0430\u0444\u0438\u0458\u0430 \u2013 English \u041a\u0440\u0430\u0442\u0430\u043a \u043e\u043f\u0438\u0441 \u0438\u0441\u0442\u0440\u0430\u0436\u0438\u0432\u0430\u045a\u0430 \u0418\u0441\u0442\u0440\u0430\u0436\u0438\u0432\u0430\u045a\u0430 \u0434\u0440 \u0416\u0438\u043a\u0430 \u041c\u0438\u043b\u0430\u043d\u043e\u0432\u0438\u045b\u0430 \u0443\u0441\u043c\u0435\u0440\u0435\u043d\u0430 \u0441\u0443 \u043d\u0430 \u0438\u0441\u043f\u0438\u0442\u0438\u0432\u0430\u045a\u0435 \u0438 \u0434\u0435\u0444\u0438\u043d\u0438\u0441\u0430\u045a\u0435 \u043c\u0435\u0445\u0430\u043d\u0438\u0437\u0430\u043c\u0430 \u0430\u043d\u0442\u0438\u043e\u043a\u0441\u0438\u0434\u0430\u0442\u0438\u0432\u043d\u0435 \u0430\u043a\u0442\u0438\u0432\u043d\u043e\u0441\u0442\u0438&#8230;<\/p>","protected":false},"author":1,"featured_media":0,"parent":0,"menu_order":0,"comment_status":"closed","ping_status":"closed","template":"","meta":{"_eb_attr":"","footnotes":""},"class_list":["post-21188","page","type-page","status-publish","hentry"],"_links":{"self":[{"href":"https:\/\/iit.ac.rs\/en\/wp-json\/wp\/v2\/pages\/21188","targetHints":{"allow":["GET"]}}],"collection":[{"href":"https:\/\/iit.ac.rs\/en\/wp-json\/wp\/v2\/pages"}],"about":[{"href":"https:\/\/iit.ac.rs\/en\/wp-json\/wp\/v2\/types\/page"}],"author":[{"embeddable":true,"href":"https:\/\/iit.ac.rs\/en\/wp-json\/wp\/v2\/users\/1"}],"replies":[{"embeddable":true,"href":"https:\/\/iit.ac.rs\/en\/wp-json\/wp\/v2\/comments?post=21188"}],"version-history":[{"count":4,"href":"https:\/\/iit.ac.rs\/en\/wp-json\/wp\/v2\/pages\/21188\/revisions"}],"predecessor-version":[{"id":21194,"href":"https:\/\/iit.ac.rs\/en\/wp-json\/wp\/v2\/pages\/21188\/revisions\/21194"}],"wp:attachment":[{"href":"https:\/\/iit.ac.rs\/en\/wp-json\/wp\/v2\/media?parent=21188"}],"curies":[{"name":"wp","href":"https:\/\/api.w.org\/{rel}","templated":true}]}}