{"id":21195,"date":"2025-11-17T09:21:10","date_gmt":"2025-11-17T09:21:10","guid":{"rendered":"https:\/\/iit.ac.rs\/?page_id=21195"},"modified":"2026-03-04T11:01:21","modified_gmt":"2026-03-04T11:01:21","slug":"dr-sandra-%d1%98ovicic-milic","status":"publish","type":"page","link":"https:\/\/iit.ac.rs\/en\/dr-sandra-%d1%98ovicic-milic\/","title":{"rendered":"Dr Sandra Jovi\u010di\u0107 Mili\u0107"},"content":{"rendered":"<div data-elementor-type=\"wp-page\" data-elementor-id=\"21195\" class=\"elementor elementor-21195\">\n\t\t\t\t<div class=\"elementor-element elementor-element-246f90b e-flex e-con-boxed e-con e-parent\" data-id=\"246f90b\" data-element_type=\"container\">\n\t\t\t\t\t<div class=\"e-con-inner\">\n\t\t\t\t<div class=\"elementor-element elementor-element-d23f0de elementor-widget elementor-widget-html\" data-id=\"d23f0de\" data-element_type=\"widget\" data-widget_type=\"html.default\">\n\t\t\t\t\t<div class=\"iit-rp\" style=\"--accent:#07294DE8;\">\r\n\r\n  <!-- FOTO -->\r\n  <div class=\"photo\">\r\n    <img decoding=\"async\" src=\"https:\/\/iit.ac.rs\/wp-content\/uploads\/2025\/11\/SandraJovicic.jpg\" alt=\"\u0434\u0440 \u0421\u0430\u043d\u0434\u0440\u0430 \u0408\u043e\u0432\u0438\u0447\u0438\u045b \u041c\u0438\u043b\u0438\u045b\">\r\n  <\/div>\r\n\r\n  <!-- HEADER INFO -->\r\n  <div class=\"head\">\r\n    <h2>Dr Sandra Jovi\u010di\u0107 Mili\u0107<\/h2>\r\n\r\n    <div class=\"badges\">\r\n      <span class=\"badge\">Research associate<\/span>\r\n      <span class=\"badge\">Bioorganic and bioinorganic chemistry<\/span>\r\n    <\/div>\r\n\r\n    <div class=\"meta\">\r\n      <div><b>Education:<\/b> Doctor of Science - Chemical Sciences<\/div>\r\n      <div><b>Address:<\/b> Institute of Information Technologies Kragujevac, Liceja Kne\u017eevine Srbije 1A, 34000 Kragujevac.<\/div>\r\n      <div><b>Email:<\/b> sandra.jovicic@pmf.kg.ac.rs<\/div>\r\n      <div><b>IBI:<\/b> AF476<\/div>\r\n    <\/div>\r\n\r\n    <!-- LINKOVI -->\r\n    <div class=\"ext\">\r\n\r\n      <a href=\"https:\/\/enauka.gov.rs\/cris\/rp\/rp04649\" target=\"_blank\">\r\n        <img decoding=\"async\" src=\"https:\/\/iit.ac.rs\/wp-content\/uploads\/2025\/11\/enauka.jpg\" alt=\"eNauka\">\r\n      <\/a>\r\n\r\n      <a href=\"https:\/\/scidar.kg.ac.rs\/simple-search?query=Sandra+Jovi%C4%8Di%C4%87+Mili%C4%87\" target=\"_blank\">\r\n        <img decoding=\"async\" src=\"https:\/\/iit.ac.rs\/wp-content\/uploads\/2025\/11\/koc.jpg\" alt=\"SCIDAR\">\r\n      <\/a>\r\n\r\n      <a href=\"https:\/\/orcid.org\/0000-0001-9313-6983\" target=\"_blank\">\r\n        <img decoding=\"async\" src=\"https:\/\/iit.ac.rs\/wp-content\/uploads\/2025\/11\/orcid.jpg\" alt=\"ORCID\">\r\n      <\/a>\r\n\r\n      <a href=\"https:\/\/www.researchgate.net\/profile\/Sandra-Jovicic-Milic\" target=\"_blank\">\r\n        <img decoding=\"async\" src=\"https:\/\/iit.ac.rs\/wp-content\/uploads\/2025\/11\/rg.jpg\" alt=\"ResearchGate\">\r\n      <\/a>\r\n\r\n      <a href=\"https:\/\/www.scopus.com\/authid\/detail.uri?authorId=57216770550\" target=\"_blank\">\r\n        <img decoding=\"async\" src=\"https:\/\/iit.ac.rs\/wp-content\/uploads\/2025\/11\/scopus.jpg\" alt=\"Scopus\">\r\n      <\/a>\r\n\r\n    <\/div>\r\n\r\n    <!-- DUGMAD -->\r\n    <div class=\"actions\">\r\n\r\n      <a class=\"btn\" href=\"https:\/\/iit.ac.rs\/wp-content\/uploads\/2025\/11\/Radna-biografija-Sandra-Jovicic-Milic-1.doc\" target=\"_blank\">\r\n        <span class=\"ico\">\ud83d\udcc4<\/span> CV - Serbian\r\n      <\/a>\r\n\r\n      <a class=\"btn\" href=\"https:\/\/iit.ac.rs\/wp-content\/uploads\/2025\/11\/Biography-Sandra-Jovicic-Milic.doc\" target=\"_blank\">\r\n        <span class=\"ico\">\ud83d\udcc4<\/span> CV \u2013 English\r\n      <\/a>\r\n\r\n    <\/div>\r\n\r\n  <\/div>\r\n\r\n  <!-- SECTIONS -->\r\n  <div class=\"card\">\r\n    <div class=\"accordion\">\r\n\r\n      <!-- Opis -->\r\n      <details open>\r\n        <summary>Brief description of the research<\/summary>\r\n\r\n        <div class=\"content\">\r\n          <p>\r\n            Dr. Sandra Jovicic Milic is involved in the synthesis of new ethylenediamine and propylenediamine derivatives of amino acids and their palladium(II) complexes, as well as complexes of palladium(II) ions with 2-aminothiazole derivatives.\r\n          <\/p>\r\n          <p>\r\n            All newly synthesized compounds were characterized by structural instrumental and computational methods, after which their biological activity was tested \u2014 in vitro antimicrobial and anticancer activity.\r\n          <\/p>\r\n          <p>\r\n            A special part of the research relates to the interactions of palladium(II) complexes with DNA and bovine serum albumin (BSA).\r\n          <\/p>\r\n        <\/div>\r\n\r\n      <\/details>\r\n\r\n      <!-- Reference -->\r\n      <details>\r\n        <summary>Selected references<\/summary>\r\n\r\n        <div class=\"content\">\r\n          <ol class=\"refs\">\r\n\r\n            <li>\r\n              S. S. Jovi\u010di\u0107 Mili\u0107 et al.,  \r\n              <i>Synthesis, characterization and antimicrobial activity of palladium(II) complexes with O,O\u2019-dialkyl esters\u2026<\/i>,  \r\n              Inorganica Chimica Acta 510 (2020) 119743.  \r\n              DOI: 10.1016\/j.ica.2020.119743 (M22)\r\n            <\/li>\r\n\r\n            <li>\r\n              \u0110. S. Petrovi\u0107, S. S. Jovi\u010di\u0107 Mili\u0107 et al.,  \r\n              <i>Synthesis, characterization, HSA\/DNA binding, cytotoxicity study and antimicrobial activity\u2026<\/i>,  \r\n              Inorganica Chimica Acta 528 (2021) 120601.  \r\n              DOI: 10.1016\/j.ica.2021.120601 (M22)\r\n            <\/li>\r\n\r\n            <li>\r\n              S. S. Jovi\u010di\u0107 Mili\u0107 et al.,  \r\n              <i>Synthesis, characterization, DNA interactions and biological activity of new palladium(II) complexes\u2026<\/i>,  \r\n              Journal of Inorganic Biochemistry 233 (2022) 111587.  \r\n              DOI: 10.1016\/j.jinorgbio.2022.111857 (M21)\r\n            <\/li>\r\n\r\n            <li>\r\n              D. Simi\u0107, S. Jovi\u010di\u0107 Mili\u0107 et al.,  \r\n              <i>Newly synthesized palladium(II) complexes with aminothiazole derivatives\u2026<\/i>,  \r\n              Dalton Transactions (2022) 1191\u20131205.  \r\n              DOI: 10.1039\/d1dt03364f (M21)\r\n            <\/li>\r\n\r\n            <li>\r\n              \u0110. S. Petrovi\u0107, S. S. Jovi\u010di\u0107 \u041c\u0438\u043b\u0438\u045b et al.,  \r\n              <i>Palladium(II) complexes with propylenediamine derivatives of phenylalanine\u2026<\/i>,  \r\n              Journal of Inorganic Biochemistry (2023) 112283.  \r\n              DOI: 10.1016\/j.jinorgbio.2023.112283 (M21)\r\n            <\/li>\r\n\r\n          <\/ol>\r\n        <\/div>\r\n\r\n      <\/details>\r\n\r\n    <\/div>\r\n  <\/div>\r\n\r\n<\/div>\r\n\t\t\t\t<\/div>\n\t\t\t\t\t<\/div>\n\t\t\t\t<\/div>\n\t\t\t\t<\/div>","protected":false},"excerpt":{"rendered":"<p>\u0434\u0440 \u0421\u0430\u043d\u0434\u0440\u0430 \u0408\u043e\u0432\u0438\u0447\u0438\u045b \u041c\u0438\u043b\u0438\u045b \u041d\u0430\u0443\u0447\u043d\u0438 \u0441\u0430\u0440\u0430\u0434\u043d\u0438\u043a \u0411\u0438\u043e\u043e\u0440\u0433\u0430\u043d\u0441\u043a\u0430 \u0438 \u0431\u0438\u043e\u043d\u0435\u043e\u0440\u0433\u0430\u043d\u0441\u043a\u0430 \u0445\u0435\u043c\u0438\u0458\u0430 \u041e\u0431\u0440\u0430\u0437\u043e\u0432\u0430\u045a\u0435: \u0414\u043e\u043a\u0442\u043e\u0440 \u043d\u0430\u0443\u043a\u0430 \u2013 \u0445\u0435\u043c\u0438\u0458\u0441\u043a\u0435 \u043d\u0430\u0443\u043a\u0435 \u0410\u0434\u0440\u0435\u0441\u0430: \u0418\u043d\u0441\u0442\u0438\u0442\u0443\u0442 \u0437\u0430 \u0438\u043d\u0444\u043e\u0440\u043c\u0430\u0446\u0438\u043e\u043d\u0435 \u0442\u0435\u0445\u043d\u043e\u043b\u043e\u0433\u0438\u0458\u0435 \u041a\u0440\u0430\u0433\u0443\u0458\u0435\u0432\u0430\u0446, \u041b\u0438\u0446\u0435\u0458\u0430 \u041a\u043d\u0435\u0436\u0435\u0432\u0438\u043d\u0435 \u0421\u0440\u0431\u0438\u0458\u0435 1\u0410, 34000 \u041a\u0440\u0430\u0433\u0443\u0458\u0435\u0432\u0430\u0446. \u0415-\u043f\u043e\u0448\u0442\u0430: sandra.jovicic@pmf.kg.ac.rs \u0418\u0411\u0418: AF476 \ud83d\udcc4 CV \u2013 \u0421\u0440\u043f\u0441\u043a\u0438 \ud83d\udcc4 CV \u2013 English \u041a\u0440\u0430\u0442\u0430\u043a \u043e\u043f\u0438\u0441 \u0438\u0441\u0442\u0440\u0430\u0436\u0438\u0432\u0430\u045a\u0430 \u0414\u0440 \u0421\u0430\u043d\u0434\u0440\u0430 \u0408\u043e\u0432\u0438\u0447\u0438\u045b \u041c\u0438\u043b\u0438\u045b \u0431\u0430\u0432\u0438 \u0441\u0435 \u0441\u0438\u043d\u0442\u0435\u0437\u043e\u043c \u043d\u043e\u0432\u0438\u0445 \u0435\u0442\u0438\u043b\u0435\u043d\u0434\u0438\u0430\u043c\u0438\u043d\u0441\u043a\u0438\u0445 \u0438 \u043f\u0440\u043e\u043f\u0438\u043b\u0435\u043d\u0434\u0438\u0430\u043c\u0438\u043d\u0441\u043a\u0438\u0445 \u0434\u0435\u0440\u0438\u0432\u0430\u0442\u0430&#8230;<\/p>","protected":false},"author":1,"featured_media":0,"parent":0,"menu_order":0,"comment_status":"closed","ping_status":"closed","template":"","meta":{"_eb_attr":"","footnotes":""},"class_list":["post-21195","page","type-page","status-publish","hentry"],"_links":{"self":[{"href":"https:\/\/iit.ac.rs\/en\/wp-json\/wp\/v2\/pages\/21195","targetHints":{"allow":["GET"]}}],"collection":[{"href":"https:\/\/iit.ac.rs\/en\/wp-json\/wp\/v2\/pages"}],"about":[{"href":"https:\/\/iit.ac.rs\/en\/wp-json\/wp\/v2\/types\/page"}],"author":[{"embeddable":true,"href":"https:\/\/iit.ac.rs\/en\/wp-json\/wp\/v2\/users\/1"}],"replies":[{"embeddable":true,"href":"https:\/\/iit.ac.rs\/en\/wp-json\/wp\/v2\/comments?post=21195"}],"version-history":[{"count":4,"href":"https:\/\/iit.ac.rs\/en\/wp-json\/wp\/v2\/pages\/21195\/revisions"}],"predecessor-version":[{"id":21201,"href":"https:\/\/iit.ac.rs\/en\/wp-json\/wp\/v2\/pages\/21195\/revisions\/21201"}],"wp:attachment":[{"href":"https:\/\/iit.ac.rs\/en\/wp-json\/wp\/v2\/media?parent=21195"}],"curies":[{"name":"wp","href":"https:\/\/api.w.org\/{rel}","templated":true}]}}