{"id":21202,"date":"2025-11-17T09:22:47","date_gmt":"2025-11-17T09:22:47","guid":{"rendered":"https:\/\/iit.ac.rs\/?page_id=21202"},"modified":"2026-03-04T11:01:42","modified_gmt":"2026-03-04T11:01:42","slug":"dr-radun-vulovic","status":"publish","type":"page","link":"https:\/\/iit.ac.rs\/en\/dr-radun-vulovic\/","title":{"rendered":"Dr Radun Vulovi\u0107"},"content":{"rendered":"<div data-elementor-type=\"wp-page\" data-elementor-id=\"21202\" class=\"elementor elementor-21202\">\n\t\t\t\t<div class=\"elementor-element elementor-element-c523173 e-flex e-con-boxed e-con e-parent\" data-id=\"c523173\" data-element_type=\"container\">\n\t\t\t\t\t<div class=\"e-con-inner\">\n\t\t\t\t<div class=\"elementor-element elementor-element-cb4312a elementor-widget elementor-widget-html\" data-id=\"cb4312a\" data-element_type=\"widget\" data-widget_type=\"html.default\">\n\t\t\t\t\t<div class=\"iit-rp\" style=\"--accent:#07294DE8;\">\r\n\r\n  <!-- FOTO -->\r\n  <div class=\"photo\">\r\n    <img decoding=\"async\" src=\"https:\/\/iit.ac.rs\/wp-content\/uploads\/2025\/11\/RadunVulovic.jpg\" alt=\"\u0434\u0440 \u0420\u0430\u0434\u0443\u043d \u0412\u0443\u043b\u043e\u0432\u0438\u045b\">\r\n  <\/div>\r\n\r\n  <!-- HEADER INFO -->\r\n  <div class=\"head\">\r\n    <h2>Dr Radun Vulovi\u0107<\/h2>\r\n\r\n    <div class=\"badges\">\r\n      <span class=\"badge\">Research associate<\/span>\r\n      <span class=\"badge\">Bioengineering<\/span>\r\n    <\/div>\r\n\r\n    <div class=\"meta\">\r\n      <div><b>Education:<\/b> Doctor of Science - Mechanical Engineering<\/div>\r\n      <div><b>Address:<\/b> Institute of Information Technologies Kragujevac, Liceja Kne\u017eevine Srbije 1A, 34000 Kragujevac.<\/div>\r\n      <div><b>Email:<\/b> radun@kg.ac.rs<\/div>\r\n    <\/div>\r\n\r\n    <!-- LINKOVI -->\r\n    <div class=\"ext\">\r\n\r\n      <a href=\"https:\/\/enauka.gov.rs\/cris\/rp\/rp02127\" target=\"_blank\">\r\n        <img decoding=\"async\" src=\"https:\/\/iit.ac.rs\/wp-content\/uploads\/2025\/11\/enauka.jpg\" alt=\"eNauka\">\r\n      <\/a>\r\n\r\n      <a href=\"https:\/\/scidar.kg.ac.rs\/browse?type=author&authority=1d68be56-1039-48a5-bafe-451d245104eb\" target=\"_blank\">\r\n        <img decoding=\"async\" src=\"https:\/\/iit.ac.rs\/wp-content\/uploads\/2025\/11\/koc.jpg\" alt=\"SCIDAR\">\r\n      <\/a>\r\n\r\n      <a href=\"https:\/\/orcid.org\/0000-0002-5545-9965\" target=\"_blank\">\r\n        <img decoding=\"async\" src=\"https:\/\/iit.ac.rs\/wp-content\/uploads\/2025\/11\/orcid.jpg\" alt=\"ORCID\">\r\n      <\/a>\r\n\r\n      <a href=\"https:\/\/www.scopus.com\/authid\/detail.uri?authorId=18435284200\" target=\"_blank\">\r\n        <img decoding=\"async\" src=\"https:\/\/iit.ac.rs\/wp-content\/uploads\/2025\/11\/scopus.jpg\" alt=\"Scopus\">\r\n      <\/a>\r\n\r\n    <\/div>\r\n\r\n    <!-- DUGMAD -->\r\n    <div class=\"actions\">\r\n\r\n      <a class=\"btn\" href=\"https:\/\/iit.ac.rs\/wp-content\/uploads\/2025\/11\/Radna-biografija-Radun-Vulovic-2023.docx\" target=\"_blank\">\r\n        <span class=\"ico\">\ud83d\udcc4<\/span> CV - Serbian\r\n      <\/a>\r\n\r\n      <a class=\"btn\" href=\"https:\/\/iit.ac.rs\/wp-content\/uploads\/2025\/11\/Biography-Radun-Vulovic.pdf\" target=\"_blank\">\r\n        <span class=\"ico\">\ud83d\udcc4<\/span> CV \u2013 English\r\n      <\/a>\r\n\r\n    <\/div>\r\n\r\n  <\/div>\r\n\r\n  <!-- SECTIONS -->\r\n  <div class=\"card\">\r\n    <div class=\"accordion\">\r\n\r\n      <!-- Opis -->\r\n      <details open>\r\n        <summary>Brief description of the research<\/summary>\r\n\r\n        <div class=\"content\">\r\n          <p>\r\n            Radun Vulovi\u0107 is employed as a research associate at the Institute of Information Technology. He has significant knowledge and experience in the application of algorithms, design patterns, as well as software development and testing for various software environments, such as workstations, networks and mobile devices. He mostly programs in Java, JavaScript and Python.\r\n          <\/p>\r\n          <p>\r\n            For more than ten years, he has been engaged in research in the field of biomechanics, including biomechanics in sports, gait analysis, diagnostics in patients with balance problems, and corrosion of biomaterials. In parallel, he is actively involved in software development in the areas of data analysis, digital image and video processing, development of platforms for the integration of software solutions, computational mechanics, and computer simulations.\r\n          <\/p>\r\n          <p>\r\n            As a researcher, he participated in several domestic and international projects and published eight papers in international journals recognized in the scientific community.\r\n          <\/p>\r\n        <\/div>\r\n\r\n      <\/details>\r\n\r\n      <!-- Reference -->\r\n      <details>\r\n        <summary>Selected references<\/summary>\r\n\r\n        <div class=\"content\">\r\n          <ol class=\"refs\">\r\n\r\n            <li>\r\n              Tijana \u0160u\u0161ter\u0161i\u010d, G. M. Simsek, G. G. Yapici, Milica Nikoli\u0107, <b>Radun Vulovi\u0107<\/b>, Nenad Filipovic, Nihal Engin Vrana,  \r\n              <i>An In-Silico Corrosion Model for Biomedical Applications for Coupling With In-Vitro Biocompatibility Tests for Estimation of Long-Term Effects<\/i>,  \r\n              Frontiers in Bioengineering and Biotechnology, 9 (2021) 718026.  \r\n              DOI: 10.3389\/fbioe.2021.718026 (\u041c21)\r\n            <\/li>\r\n\r\n            <li>\r\n              <b>R. Vulovi\u0107<\/b>, M. Nikoli\u0107, N. Filipovi\u0107,  \r\n              <i>Smart Platform for the Analysis of Cupula Deformation caused by Otoconia Presence within SCCs<\/i>,  \r\n              Computer Methods in Biomechanics and Biomedical Engineering, 22 (2) (2019) 130\u2013138.  \r\n              DOI: 10.1080\/10255842.2018.1539166 (\u041c22)\r\n            <\/li>\r\n\r\n            <li>\r\n              V. Mrdakovi\u0107, N. Pa\u017ein, <b>R. Vulovi\u0107<\/b>, N. Filipovi\u0107, D. Ili\u0107,  \r\n              <i>Neuromechanical control in submaximal drop jumps: The effects of volitional effort demands and drop height magnitude on soleus muscle activation<\/i>,  \r\n              Acta of Bioengineering and Biomechanics, 20 (4) (2018) 101\u2013111.  \r\n              DOI: 10.5277\/ABB-01210-2018-02 (\u041c23)\r\n            <\/li>\r\n\r\n          <\/ol>\r\n        <\/div>\r\n\r\n      <\/details>\r\n\r\n    <\/div>\r\n  <\/div>\r\n\r\n<\/div>\r\n\t\t\t\t<\/div>\n\t\t\t\t\t<\/div>\n\t\t\t\t<\/div>\n\t\t\t\t<\/div>","protected":false},"excerpt":{"rendered":"<p>\u0434\u0440 \u0420\u0430\u0434\u0443\u043d \u0412\u0443\u043b\u043e\u0432\u0438\u045b \u041d\u0430\u0443\u0447\u043d\u0438 \u0441\u0430\u0440\u0430\u0434\u043d\u0438\u043a \u0411\u0438\u043e\u0438\u043d\u0436\u0435\u045a\u0435\u0440\u0438\u043d\u0433 \u041e\u0431\u0440\u0430\u0437\u043e\u0432\u0430\u045a\u0435: \u0414\u043e\u043a\u0442\u043e\u0440 \u043d\u0430\u0443\u043a\u0430 \u2013 \u043c\u0430\u0448\u0438\u043d\u0441\u043a\u043e \u0438\u043d\u0436\u0435\u045a\u0435\u0440\u0441\u0442\u0432\u043e \u0410\u0434\u0440\u0435\u0441\u0430: \u0418\u043d\u0441\u0442\u0438\u0442\u0443\u0442 \u0437\u0430 \u0438\u043d\u0444\u043e\u0440\u043c\u0430\u0446\u0438\u043e\u043d\u0435 \u0442\u0435\u0445\u043d\u043e\u043b\u043e\u0433\u0438\u0458\u0435 \u041a\u0440\u0430\u0433\u0443\u0458\u0435\u0432\u0430\u0446, \u041b\u0438\u0446\u0435\u0458\u0430 \u041a\u043d\u0435\u0436\u0435\u0432\u0438\u043d\u0435 \u0421\u0440\u0431\u0438\u0458\u0435 1\u0410, 34000 \u041a\u0440\u0430\u0433\u0443\u0458\u0435\u0432\u0430\u0446. \u0415-\u043f\u043e\u0448\u0442\u0430: radun@kg.ac.rs \ud83d\udcc4 CV \u2013 \u0421\u0440\u043f\u0441\u043a\u0438 \ud83d\udcc4 CV \u2013 English \u041a\u0440\u0430\u0442\u0430\u043a \u043e\u043f\u0438\u0441 \u0438\u0441\u0442\u0440\u0430\u0436\u0438\u0432\u0430\u045a\u0430 \u0420\u0430\u0434\u0443\u043d \u0412\u0443\u043b\u043e\u0432\u0438\u045b \u0458\u0435 \u0437\u0430\u043f\u043e\u0441\u043b\u0435\u043d \u043a\u0430\u043e \u043d\u0430\u0443\u0447\u043d\u0438 \u0441\u0430\u0440\u0430\u0434\u043d\u0438\u043a \u0443 \u0418\u043d\u0441\u0442\u0438\u0442\u0443\u0442\u0443 \u0437\u0430 \u0438\u043d\u0444\u043e\u0440\u043c\u0430\u0446\u0438\u043e\u043d\u0435 \u0442\u0435\u0445\u043d\u043e\u043b\u043e\u0433\u0438\u0458\u0435. \u041f\u043e\u0441\u0435\u0434\u0443\u0458\u0435 \u0437\u043d\u0430\u0447\u0430\u0458\u043d\u043e \u0437\u043d\u0430\u045a\u0435 \u0438 \u0438\u0441\u043a\u0443\u0441\u0442\u0432\u043e \u0443&#8230;<\/p>","protected":false},"author":1,"featured_media":0,"parent":0,"menu_order":0,"comment_status":"closed","ping_status":"closed","template":"","meta":{"_eb_attr":"","footnotes":""},"class_list":["post-21202","page","type-page","status-publish","hentry"],"_links":{"self":[{"href":"https:\/\/iit.ac.rs\/en\/wp-json\/wp\/v2\/pages\/21202","targetHints":{"allow":["GET"]}}],"collection":[{"href":"https:\/\/iit.ac.rs\/en\/wp-json\/wp\/v2\/pages"}],"about":[{"href":"https:\/\/iit.ac.rs\/en\/wp-json\/wp\/v2\/types\/page"}],"author":[{"embeddable":true,"href":"https:\/\/iit.ac.rs\/en\/wp-json\/wp\/v2\/users\/1"}],"replies":[{"embeddable":true,"href":"https:\/\/iit.ac.rs\/en\/wp-json\/wp\/v2\/comments?post=21202"}],"version-history":[{"count":4,"href":"https:\/\/iit.ac.rs\/en\/wp-json\/wp\/v2\/pages\/21202\/revisions"}],"predecessor-version":[{"id":21209,"href":"https:\/\/iit.ac.rs\/en\/wp-json\/wp\/v2\/pages\/21202\/revisions\/21209"}],"wp:attachment":[{"href":"https:\/\/iit.ac.rs\/en\/wp-json\/wp\/v2\/media?parent=21202"}],"curies":[{"name":"wp","href":"https:\/\/api.w.org\/{rel}","templated":true}]}}