{"id":21216,"date":"2025-11-18T08:07:56","date_gmt":"2025-11-18T08:07:56","guid":{"rendered":"https:\/\/iit.ac.rs\/?page_id=21216"},"modified":"2026-03-04T11:02:06","modified_gmt":"2026-03-04T11:02:06","slug":"dr-marko-topalovic","status":"publish","type":"page","link":"https:\/\/iit.ac.rs\/en\/dr-marko-topalovic\/","title":{"rendered":"Dr Marko Topalovi\u0107"},"content":{"rendered":"\t\t<div data-elementor-type=\"wp-page\" data-elementor-id=\"21216\" class=\"elementor elementor-21216\">\n\t\t\t\t<div class=\"elementor-element elementor-element-30f7e01 e-flex e-con-boxed e-con e-parent\" data-id=\"30f7e01\" data-element_type=\"container\">\n\t\t\t\t\t<div class=\"e-con-inner\">\n\t\t\t\t<div class=\"elementor-element elementor-element-4b50b35 elementor-widget elementor-widget-html\" data-id=\"4b50b35\" data-element_type=\"widget\" data-widget_type=\"html.default\">\n\t\t\t\t\t<div class=\"iit-rp\" style=\"--accent:#07294DE8;\">\r\n\r\n  <!-- FOTO -->\r\n  <div class=\"photo\">\r\n    <img decoding=\"async\" src=\"https:\/\/iit.ac.rs\/wp-content\/uploads\/2025\/11\/MarkoTopalovic.jpg\" alt=\"\u0434\u0440 \u041c\u0430\u0440\u043a\u043e \u0422\u043e\u043f\u0430\u043b\u043e\u0432\u0438\u045b\">\r\n  <\/div>\r\n\r\n  <!-- HEADER INFO -->\r\n  <div class=\"head\">\r\n    <h2>\u0434\u0440 \u041c\u0430\u0440\u043a\u043e \u0422\u043e\u043f\u0430\u043b\u043e\u0432\u0438\u045b<\/h2>\r\n\r\n    <div class=\"badges\">\r\n      <span class=\"badge\">\u041d\u0430\u0443\u0447\u043d\u0438 \u0441\u0430\u0440\u0430\u0434\u043d\u0438\u043a<\/span>\r\n      <span class=\"badge\">\u041f\u0440\u0438\u043c\u0435\u043d\u0430 \u0438\u043d\u0444\u043e\u0440\u043c\u0430\u0446\u0438\u043e\u043d\u0438\u0445 \u0442\u0435\u0445\u043d\u043e\u043b\u043e\u0433\u0438\u0458\u0430 \u0443 \u0438\u043d\u0436\u0435\u045a\u0435\u0440\u0441\u0442\u0432\u0443<\/span>\r\n    <\/div>\r\n\r\n    <div class=\"meta\">\r\n      <div><b>\u041e\u0431\u0440\u0430\u0437\u043e\u0432\u0430\u045a\u0435:<\/b> \u0414\u043e\u043a\u0442\u043e\u0440 \u043d\u0430\u0443\u043a\u0430 \u2013 \u043c\u0430\u0448\u0438\u043d\u0441\u043a\u043e \u0438\u043d\u0436\u0435\u045a\u0435\u0440\u0441\u0442\u0432\u043e<\/div>\r\n      <div><b>\u0410\u0434\u0440\u0435\u0441\u0430:<\/b> \u0418\u043d\u0441\u0442\u0438\u0442\u0443\u0442 \u0437\u0430 \u0438\u043d\u0444\u043e\u0440\u043c\u0430\u0446\u0438\u043e\u043d\u0435 \u0442\u0435\u0445\u043d\u043e\u043b\u043e\u0433\u0438\u0458\u0435 \u041a\u0440\u0430\u0433\u0443\u0458\u0435\u0432\u0430\u0446, \u041b\u0438\u0446\u0435\u0458\u0430 \u041a\u043d\u0435\u0436\u0435\u0432\u0438\u043d\u0435 \u0421\u0440\u0431\u0438\u0458\u0435 1\u0410, 34000 \u041a\u0440\u0430\u0433\u0443\u0458\u0435\u0432\u0430\u0446.<\/div>\r\n      <div><b>\u0415-\u043f\u043e\u0448\u0442\u0430:<\/b> topalovic@kg.ac.rs<\/div>\r\n    <\/div>\r\n\r\n    <!-- LINKOVI -->\r\n    <div class=\"ext\">\r\n\r\n      <a href=\"https:\/\/enauka.gov.rs\/cris\/rp\/rp11249\" target=\"_blank\">\r\n        <img decoding=\"async\" src=\"https:\/\/iit.ac.rs\/wp-content\/uploads\/2025\/11\/enauka.jpg\" alt=\"eNauka\">\r\n      <\/a>\r\n\r\n      <a href=\"https:\/\/scidar.kg.ac.rs\/browse?type=author&authority=b4ca48c9-71be-4e69-842d-3e7a1150f039\" target=\"_blank\">\r\n        <img decoding=\"async\" src=\"https:\/\/iit.ac.rs\/wp-content\/uploads\/2025\/11\/koc.jpg\" alt=\"SCIDAR\">\r\n      <\/a>\r\n\r\n      <a href=\"https:\/\/orcid.org\/0000-0001-6101-755X\" target=\"_blank\">\r\n        <img decoding=\"async\" src=\"https:\/\/iit.ac.rs\/wp-content\/uploads\/2025\/11\/orcid.jpg\" alt=\"ORCID\">\r\n      <\/a>\r\n\r\n      <a href=\"https:\/\/www.researchgate.net\/profile\/Marko-Topalovic\" target=\"_blank\">\r\n        <img decoding=\"async\" src=\"https:\/\/iit.ac.rs\/wp-content\/uploads\/2025\/11\/rg.jpg\" alt=\"ResearchGate\">\r\n      <\/a>\r\n\r\n    <\/div>\r\n\r\n    <!-- DUGMAD -->\r\n    <div class=\"actions\">\r\n\r\n      <a class=\"btn\" href=\"https:\/\/iit.ac.rs\/wp-content\/uploads\/2025\/11\/Radna-biografija-Marko-Topalovic-2023.docx\" target=\"_blank\">\r\n        <span class=\"ico\">\ud83d\udcc4<\/span> CV \u2013 \u0421\u0440\u043f\u0441\u043a\u0438\r\n      <\/a>\r\n\r\n      <a class=\"btn\" href=\"https:\/\/iit.ac.rs\/wp-content\/uploads\/2025\/11\/Biography-Marko-Topalovic.pdf\" target=\"_blank\">\r\n        <span class=\"ico\">\ud83d\udcc4<\/span> CV \u2013 English\r\n      <\/a>\r\n\r\n    <\/div>\r\n\r\n  <\/div>\r\n\r\n  <!-- SECTIONS -->\r\n  <div class=\"card\">\r\n    <div class=\"accordion\">\r\n\r\n      <!-- Opis -->\r\n      <details open>\r\n        <summary>\u041a\u0440\u0430\u0442\u0430\u043a \u043e\u043f\u0438\u0441 \u0438\u0441\u0442\u0440\u0430\u0436\u0438\u0432\u0430\u045a\u0430<\/summary>\r\n\r\n        <div class=\"content\">\r\n          <p>\r\n            \u041d\u0430\u0443\u0447\u043d\u0438 \u0440\u0430\u0434 \u0434\u0440 \u041c\u0430\u0440\u043a\u0430 \u0422\u043e\u043f\u0430\u043b\u043e\u0432\u0438\u045b\u0430 \u043e\u0431\u0443\u0445\u0432\u0430\u0442\u0430 \u0440\u0430\u0437\u0432\u043e\u0458 \u0438 \u0443\u043d\u0430\u043f\u0440\u0435\u0452\u0435\u045a\u0435 \u043d\u0443\u043c\u0435\u0440\u0438\u0447\u043a\u0438\u0445 \u043c\u0435\u0442\u043e\u0434\u0430 \u0438 \u0441\u043e\u0444\u0442\u0432\u0435\u0440\u0441\u043a\u0438\u0445 \u0430\u043b\u0430\u0442\u0430 \u0443 \u043e\u043a\u0432\u0438\u0440\u0443 \u043c\u0435\u0442\u043e\u0434\u0435 \u043a\u043e\u043d\u0430\u0447\u043d\u0438\u0445 \u0435\u043b\u0435\u043c\u0435\u043d\u0430\u0442\u0430 (\u041c\u041a\u0415) \u0438 SPH (Smoothed Particle Hydrodynamics) \u043f\u0440\u0438\u0441\u0442\u0443\u043f\u0430.\r\n          <\/p>\r\n\r\n          <p>\r\n            \u0423 \u043e\u043a\u0432\u0438\u0440\u0443 PAK-S \u043f\u0440\u043e\u0433\u0440\u0430\u043c\u0430 \u0440\u0430\u0434\u0438\u043e \u0458\u0435 \u043d\u0430 \u043c\u043e\u0434\u0438\u0444\u0438\u043a\u0430\u0446\u0438\u0458\u0438 \u0441\u0442\u0440\u0443\u043a\u0442\u0443\u0440\u0435 \u043a\u043e\u0434\u0430 \u043f\u0440\u0438\u043c\u0435\u043d\u043e\u043c \u0434\u0438\u043d\u0430\u043c\u0438\u0447\u043a\u0435 \u0430\u043b\u043e\u043a\u0430\u0446\u0438\u0458\u0435 \u043c\u0435\u043c\u043e\u0440\u0438\u0458\u0435, \u043a\u0430\u043e \u0438 \u043d\u0430 \u0438\u043c\u043f\u043b\u0435\u043c\u0435\u043d\u0442\u0430\u0446\u0438\u0458\u0438 \u043c\u0435\u0442\u043e\u0434\u0435 \u0437\u0430 \u043f\u0430\u043a\u043e\u0432\u0430\u045a\u0435 \u043c\u0430\u0442\u0440\u0438\u0446\u0435 \u043a\u0440\u0443\u0442\u043e\u0441\u0442\u0438 \u043a\u043e\u0440\u0438\u0448\u045b\u0435\u045a\u0435\u043c red\u2013black \u0434\u0440\u0432\u0435\u0442\u0430. \u0420\u0430\u0437\u0432\u0438\u0458\u0430\u043e \u0458\u0435 \u0438 \u043f\u0430\u0440\u0430\u043b\u0435\u043b\u0438\u0437\u0430\u0446\u0438\u0458\u0443 PAK-S \u0441\u043e\u0444\u0442\u0432\u0435\u0440\u0430 \u0443\u043f\u043e\u0442\u0440\u0435\u0431\u043e\u043c MUMPS \u0441\u043e\u043b\u0432\u0435\u0440\u0430 \u0438 MPI \u043f\u0440\u043e\u0442\u043e\u043a\u043e\u043b\u0430 \u0437\u0430 \u0440\u0430\u0434 \u043d\u0430 \u043c\u0443\u043b\u0442\u0438\u043f\u0440\u043e\u0446\u0435\u0441\u043e\u0440\u0441\u043a\u0438\u043c \u0430\u0440\u0445\u0438\u0442\u0435\u043a\u0442\u0443\u0440\u0430\u043c\u0430.\r\n          <\/p>\r\n\r\n          <p>\r\n            \u0417\u043d\u0430\u0447\u0430\u0458\u0430\u043d \u0434\u0435\u043e \u0440\u0430\u0434\u0430 \u043e\u0434\u043d\u043e\u0441\u0438 \u0441\u0435 \u043d\u0430 \u0440\u0430\u0437\u0432\u043e\u0458 \u0438 \u0430\u0434\u0430\u043f\u0442\u0430\u0446\u0438\u0458\u0443 SPH \u0441\u043e\u0444\u0442\u0432\u0435\u0440\u0430 \u0437\u0430 \u043f\u043e\u0442\u0440\u0435\u0431\u0435 \u0431\u0438\u043e\u0438\u043d\u0436\u0435\u045a\u0435\u0440\u0438\u043d\u0433\u0430. \u0420\u0430\u0437\u0432\u0438\u043e \u0458\u0435 \u201e\u0430\u043b\u0433\u043e\u0440\u0438\u0442\u0430\u043c \u0436\u0438\u0432\u043e\u0442\u043d\u043e\u0433 \u0446\u0438\u043a\u043b\u0443\u0441\u0430\u201c \u043a\u043e\u0458\u0438 \u043e\u043c\u043e\u0433\u0443\u045b\u0430\u0432\u0430 \u0433\u0435\u043d\u0435\u0440\u0438\u0441\u0430\u045a\u0435 \u0438 \u0431\u0440\u0438\u0441\u0430\u045a\u0435 SPH \u0447\u0435\u0441\u0442\u0438\u0446\u0430, \u0448\u0442\u043e \u0458\u0435 \u043e\u043c\u043e\u0433\u0443\u045b\u0438\u043b\u043e \u0440\u0435\u0430\u043b\u0438\u0441\u0442\u0438\u0447\u043d\u043e \u043c\u043e\u0434\u0435\u043b\u0438\u0440\u0430\u045a\u0435 \u0441\u0442\u0440\u0443\u0458\u0430\u045a\u0430 \u043a\u0440\u0432\u0438 \u043a\u0440\u043e\u0437 \u0430\u0440\u0442\u0435\u0440\u0438\u0458\u0435.\r\n          <\/p>\r\n        <\/div>\r\n\r\n      <\/details>\r\n\r\n      <!-- Reference -->\r\n      <details>\r\n        <summary>\u0418\u0437\u0430\u0431\u0440\u0430\u043d\u0435 \u0440\u0435\u0444\u0435\u0440\u0435\u043d\u0446\u0435<\/summary>\r\n\r\n        <div class=\"content\">\r\n          <ol class=\"refs\">\r\n\r\n            <li>\r\n              \u0422. Djuki\u0107, <b>\u041c. Topalovi\u0107<\/b>, N. Filipovi\u0107,  \r\n              <i>Numerical simulation of isolation of cancer cells in \u0430 microfluidic chip<\/i>,  \r\n              Journal of Micromechanics and Microengineering, 25 (2015) 084012.  \r\n              DOI: 10.1088\/0960-1317\/25\/8\/084012. [M21]\r\n            <\/li>\r\n\r\n            <li>\r\n              A. Nikolic, <b>\u041c. Topalovi\u0107<\/b>, V. Simi\u0107, N. Filipovi\u0107,  \r\n              <i>Turbulent finite element model applied for blood flow calculation in arterial bifurcation<\/i>,  \r\n              Computer Methods and Programs in Biomedicine, 209 (2021) 106328.  \r\n              DOI: 10.1016\/j.cmpb.2021.106328. [M21]\r\n            <\/li>\r\n\r\n            <li>\r\n              <b>\u041c. Topalovi\u0107<\/b>, A. Nikolic, V. Milovanovi\u0107, S. Vulovi\u0107, M. Ivanovic,  \r\n              <i>Smoothed particle hydrodynamics for blood flow analysis: development of particle lifecycle algorithm<\/i>,  \r\n              Computational Particle Mechanics, (2022).  \r\n              DOI: 10.1007\/s40571-021-00454-6. [M21]\r\n            <\/li>\r\n\r\n            <li>\r\n              V. Milovanovi\u0107, D. Arsi\u0107, M. Milutinovi\u0107, M. \u017divkovi\u0107, <b>M. Topalovi\u0107<\/b>,  \r\n              <i>A Comparison Study of Fatigue Behavior of S355J2+N, S690QL and X37CrMoV5-1 Steel<\/i>,  \r\n              Metals, 12 (7) (2022) 1199.  \r\n              DOI: 10.3390\/met12071199. [M21]\r\n            <\/li>\r\n\r\n            <li>\r\n              T. Djukic, <b>M. Topalovi\u0107<\/b>, N. Filipovi\u0107,  \r\n              <i>Validation of lattice Boltzmann based software for blood flow simulations in complex patient-specific arteries against traditional CFD methods<\/i>,  \r\n              Mathematics and Computers in Simulation, 203 (2023) 957\u2013976.  \r\n              DOI: 10.1016\/j.matcom.2022.07.027. [M21]\r\n            <\/li>\r\n\r\n          <\/ol>\r\n        <\/div>\r\n\r\n      <\/details>\r\n\r\n    <\/div>\r\n  <\/div>\r\n\r\n<\/div>\r\n\t\t\t\t<\/div>\n\t\t\t\t\t<\/div>\n\t\t\t\t<\/div>\n\t\t\t\t<\/div>\n\t\t","protected":false},"excerpt":{"rendered":"<p>\u0434\u0440 \u041c\u0430\u0440\u043a\u043e \u0422\u043e\u043f\u0430\u043b\u043e\u0432\u0438\u045b \u041d\u0430\u0443\u0447\u043d\u0438 \u0441\u0430\u0440\u0430\u0434\u043d\u0438\u043a \u041f\u0440\u0438\u043c\u0435\u043d\u0430 \u0438\u043d\u0444\u043e\u0440\u043c\u0430\u0446\u0438\u043e\u043d\u0438\u0445 \u0442\u0435\u0445\u043d\u043e\u043b\u043e\u0433\u0438\u0458\u0430 \u0443 \u0438\u043d\u0436\u0435\u045a\u0435\u0440\u0441\u0442\u0432\u0443 \u041e\u0431\u0440\u0430\u0437\u043e\u0432\u0430\u045a\u0435: \u0414\u043e\u043a\u0442\u043e\u0440 \u043d\u0430\u0443\u043a\u0430 \u2013 \u043c\u0430\u0448\u0438\u043d\u0441\u043a\u043e \u0438\u043d\u0436\u0435\u045a\u0435\u0440\u0441\u0442\u0432\u043e \u0410\u0434\u0440\u0435\u0441\u0430: \u0418\u043d\u0441\u0442\u0438\u0442\u0443\u0442 \u0437\u0430 \u0438\u043d\u0444\u043e\u0440\u043c\u0430\u0446\u0438\u043e\u043d\u0435 \u0442\u0435\u0445\u043d\u043e\u043b\u043e\u0433\u0438\u0458\u0435 \u041a\u0440\u0430\u0433\u0443\u0458\u0435\u0432\u0430\u0446, \u041b\u0438\u0446\u0435\u0458\u0430 \u041a\u043d\u0435\u0436\u0435\u0432\u0438\u043d\u0435 \u0421\u0440\u0431\u0438\u0458\u0435 1\u0410, 34000 \u041a\u0440\u0430\u0433\u0443\u0458\u0435\u0432\u0430\u0446. \u0415-\u043f\u043e\u0448\u0442\u0430: topalovic@kg.ac.rs \ud83d\udcc4 CV \u2013 \u0421\u0440\u043f\u0441\u043a\u0438 \ud83d\udcc4 CV \u2013 English \u041a\u0440\u0430\u0442\u0430\u043a \u043e\u043f\u0438\u0441 \u0438\u0441\u0442\u0440\u0430\u0436\u0438\u0432\u0430\u045a\u0430 \u041d\u0430\u0443\u0447\u043d\u0438 \u0440\u0430\u0434 \u0434\u0440 \u041c\u0430\u0440\u043a\u0430 \u0422\u043e\u043f\u0430\u043b\u043e\u0432\u0438\u045b\u0430 \u043e\u0431\u0443\u0445\u0432\u0430\u0442\u0430 \u0440\u0430\u0437\u0432\u043e\u0458 \u0438 \u0443\u043d\u0430\u043f\u0440\u0435\u0452\u0435\u045a\u0435 \u043d\u0443\u043c\u0435\u0440\u0438\u0447\u043a\u0438\u0445 \u043c\u0435\u0442\u043e\u0434\u0430 \u0438 \u0441\u043e\u0444\u0442\u0432\u0435\u0440\u0441\u043a\u0438\u0445 \u0430\u043b\u0430\u0442\u0430&#8230;<\/p>","protected":false},"author":1,"featured_media":0,"parent":0,"menu_order":0,"comment_status":"closed","ping_status":"closed","template":"","meta":{"_eb_attr":"","footnotes":""},"class_list":["post-21216","page","type-page","status-publish","hentry"],"_links":{"self":[{"href":"https:\/\/iit.ac.rs\/en\/wp-json\/wp\/v2\/pages\/21216","targetHints":{"allow":["GET"]}}],"collection":[{"href":"https:\/\/iit.ac.rs\/en\/wp-json\/wp\/v2\/pages"}],"about":[{"href":"https:\/\/iit.ac.rs\/en\/wp-json\/wp\/v2\/types\/page"}],"author":[{"embeddable":true,"href":"https:\/\/iit.ac.rs\/en\/wp-json\/wp\/v2\/users\/1"}],"replies":[{"embeddable":true,"href":"https:\/\/iit.ac.rs\/en\/wp-json\/wp\/v2\/comments?post=21216"}],"version-history":[{"count":4,"href":"https:\/\/iit.ac.rs\/en\/wp-json\/wp\/v2\/pages\/21216\/revisions"}],"predecessor-version":[{"id":21222,"href":"https:\/\/iit.ac.rs\/en\/wp-json\/wp\/v2\/pages\/21216\/revisions\/21222"}],"wp:attachment":[{"href":"https:\/\/iit.ac.rs\/en\/wp-json\/wp\/v2\/media?parent=21216"}],"curies":[{"name":"wp","href":"https:\/\/api.w.org\/{rel}","templated":true}]}}