{"id":21227,"date":"2025-11-18T08:11:07","date_gmt":"2025-11-18T08:11:07","guid":{"rendered":"https:\/\/iit.ac.rs\/?page_id=21227"},"modified":"2026-03-04T11:02:45","modified_gmt":"2026-03-04T11:02:45","slug":"dr-%d1%98ovana-delic","status":"publish","type":"page","link":"https:\/\/iit.ac.rs\/en\/dr-%d1%98ovana-delic\/","title":{"rendered":"Dr Jovana Deli\u0107"},"content":{"rendered":"<div data-elementor-type=\"wp-page\" data-elementor-id=\"21227\" class=\"elementor elementor-21227\">\n\t\t\t\t<div class=\"elementor-element elementor-element-bb4ca1a e-flex e-con-boxed e-con e-parent\" data-id=\"bb4ca1a\" data-element_type=\"container\">\n\t\t\t\t\t<div class=\"e-con-inner\">\n\t\t\t\t<div class=\"elementor-element elementor-element-b6da211 elementor-widget elementor-widget-html\" data-id=\"b6da211\" data-element_type=\"widget\" data-widget_type=\"html.default\">\n\t\t\t\t\t<div class=\"iit-rp\" style=\"--accent:#07294DE8;\">\r\n\r\n  <!-- FOTO -->\r\n  <div class=\"photo\">\r\n    <img decoding=\"async\" src=\"https:\/\/iit.ac.rs\/wp-content\/uploads\/2025\/10\/Avatar.jpg\" alt=\"\u0434\u0440 \u0408\u043e\u0432\u0430\u043d\u0430 \u0414\u0435\u043b\u0438\u045b\">\r\n  <\/div>\r\n\r\n  <!-- HEADER INFO -->\r\n  <div class=\"head\">\r\n    <h2>Dr Jovana Deli\u0107<\/h2>\r\n\r\n    <div class=\"badges\">\r\n      <span class=\"badge\">Research associate<\/span>\r\n      <span class=\"badge\">Technological engineering<\/span>\r\n    <\/div>\r\n\r\n    <div class=\"meta\">\r\n      <div><b>Education:<\/b> Doctor of Science - Technological Engineering<\/div>\r\n      <div><b>Address:<\/b> Institute of Information Technologies Kragujevac, Liceja Kne\u017eevine Srbije 1A, 34000 Kragujevac.<\/div>\r\n      <div><b>Email:<\/b> jovana.delic@uni.kg.ac.rs<\/div>\r\n      <div><b>IBI (Researcher Identification Number):<\/b> \u2014<\/div>\r\n    <\/div>\r\n\r\n    <!-- LINKOVI -->\r\n    <div class=\"ext\">\r\n\r\n      <a href=\"https:\/\/enauka.gov.rs\/cris\/rp\/rp02703\" target=\"_blank\">\r\n        <img decoding=\"async\" src=\"https:\/\/iit.ac.rs\/wp-content\/uploads\/2025\/11\/enauka.jpg\" alt=\"eNauka\">\r\n      <\/a>\r\n\r\n      <a href=\"https:\/\/orcid.org\/my-orcid?orcid=0000-0002-8764-4110\" target=\"_blank\">\r\n        <img decoding=\"async\" src=\"https:\/\/iit.ac.rs\/wp-content\/uploads\/2025\/11\/orcid.jpg\" alt=\"ORCID\">\r\n      <\/a>\r\n\r\n      <a href=\"https:\/\/www.linkedin.com\/in\/jovana-delic-9a7889120\/\" target=\"_blank\">\r\n        <img decoding=\"async\" src=\"https:\/\/iit.ac.rs\/wp-content\/uploads\/2025\/11\/linkedin.jpg\" alt=\"LinkedIn\">\r\n      <\/a>\r\n\r\n      <a href=\"https:\/\/www.scopus.com\/authid\/detail.uri?authorId=57211621233\" target=\"_blank\">\r\n        <img decoding=\"async\" src=\"https:\/\/iit.ac.rs\/wp-content\/uploads\/2025\/11\/scopus.jpg\" alt=\"Scopus\">\r\n      <\/a>\r\n\r\n    <\/div>\r\n\r\n    <!-- DUGMAD -->\r\n    <div class=\"actions\">\r\n\r\n      <a class=\"btn\" href=\"https:\/\/iit.ac.rs\/wp-content\/uploads\/2025\/11\/Radna-biografija-Jovana-Delic.docx\" target=\"_blank\">\r\n        <span class=\"ico\">\ud83d\udcc4<\/span> CV - Serbian\r\n      <\/a>\r\n\r\n      <a class=\"btn\" href=\"https:\/\/iit.ac.rs\/wp-content\/uploads\/2025\/11\/Biography-Jovana-Delic.docx\" target=\"_blank\">\r\n        <span class=\"ico\">\ud83d\udcc4<\/span> CV \u2013 English\r\n      <\/a>\r\n\r\n    <\/div>\r\n\r\n  <\/div>\r\n\r\n  <!-- SECTIONS -->\r\n  <div class=\"card\">\r\n    <div class=\"accordion\">\r\n\r\n      <!-- Opis -->\r\n      <details open>\r\n        <summary>Brief description of the research<\/summary>\r\n\r\n        <div class=\"content\">\r\n          <p>\r\n            Dr. Jovana Deli\u0107's research includes the development of innovative food products, food safety testing, improvement of production processes, and identification of alternative raw materials.\r\n          <\/p>\r\n\r\n          <p>The research work is divided into three main areas:<\/p>\r\n\r\n          <ul>\r\n            <li>Creation and characterization of functional snack products and optimization of production technology<\/li>\r\n            <li>Quality and safety of meat products and semi-finished products<\/li>\r\n            <li>Traditional products and products with a geographical indication<\/li>\r\n          <\/ul>\r\n\r\n        <\/div>\r\n\r\n      <\/details>\r\n\r\n      <!-- Reference -->\r\n      <details>\r\n        <summary>Selected references<\/summary>\r\n\r\n        <div class=\"content\">\r\n          <ol class=\"refs\">\r\n\r\n            <li>\r\n              J. Deli\u0107, P. Ikoni\u0107, M. Jokanovi\u0107, T. Peuli\u0107, B. Ikoni\u0107, V. Banjac, V. Stojkov, S. Vidosavljevi\u0107, M. Hadna\u0111ev,  \r\n              <i>Sustainable snack products...<\/i>,  \r\n              Innovative Food Science & Emerging Technologies, 87 (2023) 103419.\r\n            <\/li>\r\n\r\n            <li>\r\n              P. Ikoni\u0107, M. Jokanovi\u0107, N. \u0106u\u0107evi\u0107, T. Peuli\u0107, L. \u0160ari\u0107, Z. Tomi\u010di\u0107, S. \u0160kaljac, J. Deli\u0107, B. Laki\u0107evi\u0107, I. Toma\u0161evi\u0107,  \r\n              <i>Effect of different ripening conditions on amino acids and biogenic amines...<\/i>,  \r\n              Journal of Food Composition and Analysis, 115 (2023) 105009.\r\n            <\/li>\r\n\r\n            <li>\r\n              T. Peuli\u0107, P. Ikoni\u0107, J. Deli\u0107, B. Kalenjuk Pivarski, N. Maravi\u0107, A. Mari\u0107, A. Novakovi\u0107,  \r\n              <i>Consumer attitudes and preferences toward traditional meat products...<\/i>,  \r\n              Meat Technology, 64 (2023) 480\u2013484.\r\n            <\/li>\r\n\r\n            <li>\r\n              J. Deli\u0107, P. Ikoni\u0107, R. \u010colovi\u0107, T. Peuli\u0107, M. Jokanovi\u0107, V. Banjac, S. Rakita,  \r\n              <i>Mechanically deboned poultry meat and brewer\u2019s by-product...<\/i>,  \r\n              Emirates Journal of Food and Agriculture, 32(6) (2020) 453\u2013460.\r\n            <\/li>\r\n\r\n          <\/ol>\r\n        <\/div>\r\n\r\n      <\/details>\r\n\r\n    <\/div>\r\n  <\/div>\r\n\r\n<\/div>\r\n\t\t\t\t<\/div>\n\t\t\t\t\t<\/div>\n\t\t\t\t<\/div>\n\t\t\t\t<\/div>","protected":false},"excerpt":{"rendered":"<p>\u0434\u0440 \u0408\u043e\u0432\u0430\u043d\u0430 \u0414\u0435\u043b\u0438\u045b \u041d\u0430\u0443\u0447\u043d\u0438 \u0441\u0430\u0440\u0430\u0434\u043d\u0438\u043a \u0422\u0435\u0445\u043d\u043e\u043b\u043e\u0448\u043a\u043e \u0438\u043d\u0436\u0435\u045a\u0435\u0440\u0441\u0442\u0432\u043e \u041e\u0431\u0440\u0430\u0437\u043e\u0432\u0430\u045a\u0435: \u0414\u043e\u043a\u0442\u043e\u0440 \u043d\u0430\u0443\u043a\u0430 \u2013 \u0442\u0435\u0445\u043d\u043e\u043b\u043e\u0448\u043a\u043e \u0438\u043d\u0436\u0435\u045a\u0435\u0440\u0441\u0442\u0432\u043e \u0410\u0434\u0440\u0435\u0441\u0430: \u0418\u043d\u0441\u0442\u0438\u0442\u0443\u0442 \u0437\u0430 \u0438\u043d\u0444\u043e\u0440\u043c\u0430\u0446\u0438\u043e\u043d\u0435 \u0442\u0435\u0445\u043d\u043e\u043b\u043e\u0433\u0438\u0458\u0435 \u041a\u0440\u0430\u0433\u0443\u0458\u0435\u0432\u0430\u0446, \u041b\u0438\u0446\u0435\u0458\u0430 \u041a\u043d\u0435\u0436\u0435\u0432\u0438\u043d\u0435 \u0421\u0440\u0431\u0438\u0458\u0435 1\u0410, 34000 \u041a\u0440\u0430\u0433\u0443\u0458\u0435\u0432\u0430\u0446. \u0415-\u043f\u043e\u0448\u0442\u0430: jovana.delic@uni.kg.ac.rs \u0418\u0411\u0418 (\u0418\u0434\u0435\u043d\u0442\u0438\u0444\u0438\u043a\u0430\u0446\u0438\u043e\u043d\u0438 \u0411\u0440\u043e\u0458 \u0418\u0441\u0442\u0440\u0430\u0436\u0438\u0432\u0430\u0447\u0430): \u2014 \ud83d\udcc4 CV \u2013 \u0421\u0440\u043f\u0441\u043a\u0438 \ud83d\udcc4 CV \u2013 English \u041a\u0440\u0430\u0442\u0430\u043a \u043e\u043f\u0438\u0441 \u0438\u0441\u0442\u0440\u0430\u0436\u0438\u0432\u0430\u045a\u0430 \u0418\u0441\u0442\u0440\u0430\u0436\u0438\u0432\u0430\u045a\u0430 \u0434\u0440 \u0408\u043e\u0432\u0430\u043d\u0435 \u0414\u0435\u043b\u0438\u045b \u043e\u0431\u0443\u0445\u0432\u0430\u0442\u0430\u0458\u0443 \u0440\u0430\u0437\u0432\u043e\u0458 \u0438\u043d\u043e\u0432\u0430\u0442\u0438\u0432\u043d\u0438\u0445 \u043f\u0440\u0435\u0445\u0440\u0430\u043c\u0431\u0435\u043d\u0438\u0445 \u043f\u0440\u043e\u0438\u0437\u0432\u043e\u0434\u0430, \u0438\u0441\u043f\u0438\u0442\u0438\u0432\u0430\u045a\u0435 \u0431\u0435\u0437\u0431\u0435\u0434\u043d\u043e\u0441\u0442\u0438 \u0445\u0440\u0430\u043d\u0435,&#8230;<\/p>","protected":false},"author":1,"featured_media":0,"parent":0,"menu_order":0,"comment_status":"closed","ping_status":"closed","template":"","meta":{"_eb_attr":"","footnotes":""},"class_list":["post-21227","page","type-page","status-publish","hentry"],"_links":{"self":[{"href":"https:\/\/iit.ac.rs\/en\/wp-json\/wp\/v2\/pages\/21227","targetHints":{"allow":["GET"]}}],"collection":[{"href":"https:\/\/iit.ac.rs\/en\/wp-json\/wp\/v2\/pages"}],"about":[{"href":"https:\/\/iit.ac.rs\/en\/wp-json\/wp\/v2\/types\/page"}],"author":[{"embeddable":true,"href":"https:\/\/iit.ac.rs\/en\/wp-json\/wp\/v2\/users\/1"}],"replies":[{"embeddable":true,"href":"https:\/\/iit.ac.rs\/en\/wp-json\/wp\/v2\/comments?post=21227"}],"version-history":[{"count":4,"href":"https:\/\/iit.ac.rs\/en\/wp-json\/wp\/v2\/pages\/21227\/revisions"}],"predecessor-version":[{"id":21238,"href":"https:\/\/iit.ac.rs\/en\/wp-json\/wp\/v2\/pages\/21227\/revisions\/21238"}],"wp:attachment":[{"href":"https:\/\/iit.ac.rs\/en\/wp-json\/wp\/v2\/media?parent=21227"}],"curies":[{"name":"wp","href":"https:\/\/api.w.org\/{rel}","templated":true}]}}