{"id":21251,"date":"2025-11-18T08:31:03","date_gmt":"2025-11-18T08:31:03","guid":{"rendered":"https:\/\/iit.ac.rs\/?page_id=21251"},"modified":"2026-03-04T11:04:10","modified_gmt":"2026-03-04T11:04:10","slug":"dr-aleksandar-radakovic","status":"publish","type":"page","link":"https:\/\/iit.ac.rs\/en\/dr-aleksandar-radakovic\/","title":{"rendered":"Dr Aleksandar Radakovi\u0107"},"content":{"rendered":"<div data-elementor-type=\"wp-page\" data-elementor-id=\"21251\" class=\"elementor elementor-21251\">\n\t\t\t\t<div class=\"elementor-element elementor-element-663d3f6 e-flex e-con-boxed e-con e-parent\" data-id=\"663d3f6\" data-element_type=\"container\">\n\t\t\t\t\t<div class=\"e-con-inner\">\n\t\t\t\t<div class=\"elementor-element elementor-element-07abb9e elementor-widget elementor-widget-html\" data-id=\"07abb9e\" data-element_type=\"widget\" data-widget_type=\"html.default\">\n\t\t\t\t\t<div class=\"iit-rp\" style=\"--accent:#07294DE8;\">\r\n\r\n  <!-- FOTO -->\r\n  <div class=\"photo\">\r\n    <img decoding=\"async\" src=\"https:\/\/iit.ac.rs\/wp-content\/uploads\/2025\/11\/Aleksandar-Radakovic.jpg\" alt=\"\u0434\u0440 \u0410\u043b\u0435\u043a\u0441\u0430\u043d\u0434\u0430\u0440 \u0420\u0430\u0434\u0430\u043a\u043e\u0432\u0438\u045b\">\r\n  <\/div>\r\n\r\n  <!-- HEADER INFO -->\r\n  <div class=\"head\">\r\n    <h2>Dr Aleksandar Radakovi\u0107<\/h2>\r\n\r\n    <div class=\"badges\">\r\n      <span class=\"badge\">Research associate<\/span>\r\n      <span class=\"badge\">Doctor of Science<\/span>\r\n      <span class=\"badge\">Application of information technologies in engineering<\/span>\r\n    <\/div>\r\n\r\n    <div class=\"meta\">\r\n      <div><b>Address:<\/b> Institute of Information Technologies Kragujevac, Liceja Kne\u017eevine Srbije 1A, 34000 Kragujevac.<\/div>\r\n      <div><b>Email:<\/b> aradakovic@uni.kg.ac.rs<\/div>\r\n    <\/div>\r\n\r\n    <!-- LINKOVI \u2013 PRAZNI ZA SADA -->\r\n    <div class=\"ext\">\r\n\r\n      <a href=\"#\" target=\"_blank\">\r\n        <img decoding=\"async\" src=\"https:\/\/iit.ac.rs\/wp-content\/uploads\/2025\/11\/enauka.jpg\" alt=\"eNauka\">\r\n      <\/a>\r\n\r\n      <a href=\"#\" target=\"_blank\">\r\n        <img decoding=\"async\" src=\"https:\/\/iit.ac.rs\/wp-content\/uploads\/2025\/11\/orcid.jpg\" alt=\"ORCID\">\r\n      <\/a>\r\n\r\n      <a href=\"#\" target=\"_blank\">\r\n        <img decoding=\"async\" src=\"https:\/\/iit.ac.rs\/wp-content\/uploads\/2025\/11\/rg.jpg\" alt=\"ResearchGate\">\r\n      <\/a>\r\n\r\n      <a href=\"#\" target=\"_blank\">\r\n        <img decoding=\"async\" src=\"https:\/\/iit.ac.rs\/wp-content\/uploads\/2025\/11\/koc.jpg\" alt=\"SCIDAR\">\r\n      <\/a>\r\n\r\n      <a href=\"#\" target=\"_blank\">\r\n        <img decoding=\"async\" src=\"https:\/\/iit.ac.rs\/wp-content\/uploads\/2025\/11\/scopus.jpg\" alt=\"Scopus\">\r\n      <\/a>\r\n\r\n      <a href=\"#\" target=\"_blank\">\r\n        <img decoding=\"async\" src=\"https:\/\/iit.ac.rs\/wp-content\/uploads\/2025\/11\/linkedin.jpg\" alt=\"LinkedIn\">\r\n      <\/a>\r\n\r\n    <\/div>\r\n\r\n    <!-- DUGMAD CV -->\r\n    <div class=\"actions\">\r\n\r\n      <a class=\"btn\" href=\"https:\/\/iit.ac.rs\/wp-content\/uploads\/2025\/11\/\u0411\u0438\u043e\u0433\u0440\u0430\u0444\u0438\u0458\u0430-\u0441\u0430-\u0431\u0438\u0431\u043b\u0438\u043e\u0433\u0440\u0430\u0444\u0438\u0458\u043e\u043c_2025_Sajt.docx\" target=\"_blank\">\r\n        <span class=\"ico\">\ud83d\udcc4<\/span> CV - Serbian\r\n      <\/a>\r\n\r\n      <a class=\"btn\" href=\"https:\/\/iit.ac.rs\/wp-content\/uploads\/2025\/11\/\u0411\u0438\u043e\u0433\u0440\u0430\u0444\u0438\u0458\u0430-\u0441\u0430-\u0431\u0438\u0431\u043b\u0438\u043e\u0433\u0440\u0430\u0444\u0438\u0458\u043e\u043c_2025_SajtEngleski.docx\" target=\"_blank\">\r\n        <span class=\"ico\">\ud83d\udcc4<\/span> CV \u2013 English\r\n      <\/a>\r\n\r\n    <\/div>\r\n\r\n  <\/div>\r\n\r\n  <!-- SECTIONS -->\r\n  <div class=\"card\">\r\n    <div class=\"accordion\">\r\n\r\n\r\n      <!-- Opis -->\r\n      <details open>\r\n        <summary>Brief description of the research<\/summary>\r\n\r\n        <div class=\"content\">\r\n          <p>\r\n            Dr. Aleksandar Radakovi\u0107 is a licensed engineer for energy efficiency of buildings (381 \u2013\nresponsible engineer). His scientific interests include the analysis of thermodynamic systems,\nthe interaction of energy processes, modeling, numerical methods and the application of information\ntechnologies in engineering.\r\n          <\/p>\r\n        <\/div>\r\n\r\n      <\/details>\r\n\r\n\r\n      <!-- Reference -->\r\n      <details>\r\n        <summary>Selected references<\/summary>\r\n\r\n        <div class=\"content\">\r\n          <ol class=\"refs\">\r\n\r\n            <li>\r\n              Knezevic Petar M, Radakovic Aleksandar B, Velimirovic Nikola, Cukanovic Dragan V, Perovic Zoran B, Radulovic Rada M, Bogdanovic Gordana,  \r\n              <i>A Preisach Model Defining Correlation Between Monotonic and Cyclic Response of Structural Mild Steel<\/i>,  \r\n              Mathematics, 12(21), 2024.  \r\n              DOI: 10.3390\/math12213330\r\n            <\/li>\r\n\r\n            <li>\r\n              Aleksandar Radakovi\u0107, Gordana Bogdanovi\u0107, Dragan Milosavljevi\u0107, Ljiljana Veljovi\u0107, \u010cukanovi\u0107 Dragan,  \r\n              <i>Using high-order shear deformation theory in the analysis of Lamb\u2019s waves...<\/i>,  \r\n              Acta Mechanica, 228, 187\u2013200 (2017).  \r\n              DOI: 10.1007\/s00707-016-1707-1\r\n            <\/li>\r\n\r\n            <li>\r\n              Dragan \u010cukanovi\u0107, Aleksandar Radakovi\u0107, Gordana Bogdanovi\u0107, Milivoje Milanovi\u0107, Halit Red\u017eovi\u0107, Danilo Dragovi\u0107,  \r\n              <i>New Shape Function for the Bending Analysis of Functionally Graded Plate<\/i>,  \r\n              Materials, 11(12), 2381 (2018).\r\n            <\/li>\r\n\r\n            <li>\r\n              Aleksandar Radakovi\u0107, Dragan \u010cukanovi\u0107, Gordana Bogdanovi\u0107, Milan Blagojevi\u0107, Bla\u017ea Stojanovi\u0107, Danilo Dragovi\u0107, Nazim Mani\u0107,  \r\n              <i>Thermal Buckling and Free Vibration Analysis of Functionally Graded Plate...<\/i>,  \r\n              Applied Sciences, 10(12), 4190 (2020).\r\n            <\/li>\r\n\r\n            <li>\r\n              Milosavljevic Dragan, Radakovic Aleksandar, Cukanovic Dragan,  \r\n              <i>Approximate Lamb waves in a composite plate reinforced by two families of fibres<\/i>,  \r\n              Mathematics and Mechanics of Solids, 28(1), 346\u2013360 (2022).  \r\n              DOI: 10.1177\/10812865221104426\r\n            <\/li>\r\n\r\n          <\/ol>\r\n        <\/div>\r\n\r\n      <\/details>\r\n\r\n    <\/div>\r\n  <\/div>\r\n\r\n<\/div>\r\n\t\t\t\t<\/div>\n\t\t\t\t\t<\/div>\n\t\t\t\t<\/div>\n\t\t\t\t<\/div>","protected":false},"excerpt":{"rendered":"<p>\u0434\u0440 \u0410\u043b\u0435\u043a\u0441\u0430\u043d\u0434\u0430\u0440 \u0420\u0430\u0434\u0430\u043a\u043e\u0432\u0438\u045b \u041d\u0430\u0443\u0447\u043d\u0438 \u0441\u0430\u0440\u0430\u0434\u043d\u0438\u043a \u0414\u043e\u043a\u0442\u043e\u0440 \u043d\u0430\u0443\u043a\u0430 \u041f\u0440\u0438\u043c\u0435\u043d\u0430 \u0438\u043d\u0444\u043e\u0440\u043c\u0430\u0446\u0438\u043e\u043d\u0438\u0445 \u0442\u0435\u0445\u043d\u043e\u043b\u043e\u0433\u0438\u0458\u0430 \u0443 \u0438\u043d\u0436\u0435\u045a\u0435\u0440\u0441\u0442\u0432\u0443 \u0410\u0434\u0440\u0435\u0441\u0430: \u0418\u043d\u0441\u0442\u0438\u0442\u0443\u0442 \u0437\u0430 \u0438\u043d\u0444\u043e\u0440\u043c\u0430\u0446\u0438\u043e\u043d\u0435 \u0442\u0435\u0445\u043d\u043e\u043b\u043e\u0433\u0438\u0458\u0435 \u041a\u0440\u0430\u0433\u0443\u0458\u0435\u0432\u0430\u0446, \u041b\u0438\u0446\u0435\u0458\u0430 \u041a\u043d\u0435\u0436\u0435\u0432\u0438\u043d\u0435 \u0421\u0440\u0431\u0438\u0458\u0435 1\u0410, 34000 \u041a\u0440\u0430\u0433\u0443\u0458\u0435\u0432\u0430\u0446. \u0415-\u043f\u043e\u0448\u0442\u0430: aradakovic@uni.kg.ac.rs \ud83d\udcc4 CV \u2013 \u0421\u0440\u043f\u0441\u043a\u0438 \ud83d\udcc4 CV \u2013 English \u041a\u0440\u0430\u0442\u0430\u043a \u043e\u043f\u0438\u0441 \u0438\u0441\u0442\u0440\u0430\u0436\u0438\u0432\u0430\u045a\u0430 \u0414\u0440 \u0410\u043b\u0435\u043a\u0441\u0430\u043d\u0434\u0430\u0440 \u0420\u0430\u0434\u0430\u043a\u043e\u0432\u0438\u045b \u0458\u0435 \u043b\u0438\u0446\u0435\u043d\u0446\u0438\u0440\u0430\u043d\u0438 \u0438\u043d\u0436\u0435\u045a\u0435\u0440 \u0437\u0430 \u0435\u043d\u0435\u0440\u0433\u0435\u0442\u0441\u043a\u0443 \u0435\u0444\u0438\u043a\u0430\u0441\u043d\u043e\u0441\u0442 \u0437\u0433\u0440\u0430\u0434\u0430 (381 \u2013 \u043e\u0434\u0433\u043e\u0432\u043e\u0440\u043d\u0438 \u0438\u043d\u0436\u0435\u045a\u0435\u0440). \u041d\u0430\u0443\u0447\u043d\u0438 \u0438\u043d\u0442\u0435\u0440\u0435\u0441 \u043e\u0431\u0443\u0445\u0432\u0430\u0442\u0430 \u0430\u043d\u0430\u043b\u0438\u0437\u0443&#8230;<\/p>","protected":false},"author":1,"featured_media":0,"parent":0,"menu_order":0,"comment_status":"closed","ping_status":"closed","template":"","meta":{"_eb_attr":"","footnotes":""},"class_list":["post-21251","page","type-page","status-publish","hentry"],"_links":{"self":[{"href":"https:\/\/iit.ac.rs\/en\/wp-json\/wp\/v2\/pages\/21251","targetHints":{"allow":["GET"]}}],"collection":[{"href":"https:\/\/iit.ac.rs\/en\/wp-json\/wp\/v2\/pages"}],"about":[{"href":"https:\/\/iit.ac.rs\/en\/wp-json\/wp\/v2\/types\/page"}],"author":[{"embeddable":true,"href":"https:\/\/iit.ac.rs\/en\/wp-json\/wp\/v2\/users\/1"}],"replies":[{"embeddable":true,"href":"https:\/\/iit.ac.rs\/en\/wp-json\/wp\/v2\/comments?post=21251"}],"version-history":[{"count":4,"href":"https:\/\/iit.ac.rs\/en\/wp-json\/wp\/v2\/pages\/21251\/revisions"}],"predecessor-version":[{"id":21258,"href":"https:\/\/iit.ac.rs\/en\/wp-json\/wp\/v2\/pages\/21251\/revisions\/21258"}],"wp:attachment":[{"href":"https:\/\/iit.ac.rs\/en\/wp-json\/wp\/v2\/media?parent=21251"}],"curies":[{"name":"wp","href":"https:\/\/api.w.org\/{rel}","templated":true}]}}