{"id":21255,"date":"2025-11-18T08:39:04","date_gmt":"2025-11-18T08:39:04","guid":{"rendered":"https:\/\/iit.ac.rs\/?page_id=21255"},"modified":"2026-03-04T11:03:50","modified_gmt":"2026-03-04T11:03:50","slug":"dr-nikola-prodanovic","status":"publish","type":"page","link":"https:\/\/iit.ac.rs\/en\/dr-nikola-prodanovic\/","title":{"rendered":"Dr Nikola Prodanovi\u0107"},"content":{"rendered":"<div data-elementor-type=\"wp-page\" data-elementor-id=\"21255\" class=\"elementor elementor-21255\">\n\t\t\t\t<div class=\"elementor-element elementor-element-4fba269 e-flex e-con-boxed e-con e-parent\" data-id=\"4fba269\" data-element_type=\"container\">\n\t\t\t\t\t<div class=\"e-con-inner\">\n\t\t\t\t<div class=\"elementor-element elementor-element-6a8895f elementor-widget elementor-widget-html\" data-id=\"6a8895f\" data-element_type=\"widget\" data-widget_type=\"html.default\">\n\t\t\t\t\t<div class=\"iit-rp\" style=\"--accent:#07294DE8;\">\r\n\r\n  <!-- FOTO -->\r\n  <div class=\"photo\">\r\n    <img decoding=\"async\" src=\"https:\/\/iit.ac.rs\/wp-content\/uploads\/2025\/11\/man-avatar.jpg\" alt=\"\u0434\u0440 \u041d\u0438\u043a\u043e\u043b\u0430 \u041f\u0440\u043e\u0434\u0430\u043d\u043e\u0432\u0438\u045b\">\r\n  <\/div>\r\n\r\n  <!-- HEADER INFO -->\r\n  <div class=\"head\">\r\n    <h2>Dr Nikola Prodanovi\u0107<\/h2>\r\n\r\n    <div class=\"badges\">\r\n      <span class=\"badge\">Research associate<\/span>\r\n      <span class=\"badge\">Doctor of Science<\/span>\r\n      <span class=\"badge\">Scientific Research Center for Chemoinformatics and Computational Physics<\/span>\r\n    <\/div>\r\n\r\n    <div class=\"meta\">\r\n      <div><b>Address:<\/b> Institute of Information Technologies Kragujevac, Liceja Kne\u017eevine Srbije 1A, 34000 Kragujevac.<\/div>\r\n      <div><b>Email:<\/b> nikola.prodanovic@uni.kg.ac.rs<\/div>\r\n    <\/div>\r\n\r\n    <!-- \u041b\u0418\u041d\u041a\u041e\u0412\u0418 -->\r\n    <div class=\"ext\">\r\n\r\n      <a href=\"https:\/\/enauka.gov.rs\/cris\/rp\/rp22302\" target=\"_blank\">\r\n        <img decoding=\"async\" src=\"https:\/\/iit.ac.rs\/wp-content\/uploads\/2025\/11\/enauka.jpg\" alt=\"eNauka\">\r\n      <\/a>\r\n\r\n      <a href=\"https:\/\/orcid.org\/0000-0001-8698-9830\" target=\"_blank\">\r\n        <img decoding=\"async\" src=\"https:\/\/iit.ac.rs\/wp-content\/uploads\/2025\/11\/orcid.jpg\" alt=\"ORCID\">\r\n      <\/a>\r\n\r\n      <a href=\"https:\/\/scholar.google.com\/citations?user=vOB-nvcAAAAJ&hl=sr\" target=\"_blank\">\r\n        <img decoding=\"async\" src=\"https:\/\/iit.ac.rs\/wp-content\/uploads\/2025\/11\/rg.jpg\" alt=\"Google Scholar\">\r\n      <\/a>\r\n\r\n    <\/div>\r\n\r\n    <!-- CV \u0434\u0443\u0433\u043c\u0430\u0434 -->\r\n    <div class=\"actions\">\r\n\r\n      <a class=\"btn\" href=\"https:\/\/iit.ac.rs\/wp-content\/uploads\/2025\/11\/Radna-biografija-Nikola-Prodanovic.docx\" target=\"_blank\">\r\n        <span class=\"ico\">\ud83d\udcc4<\/span> CV - Serbian\r\n      <\/a>\r\n\r\n      <a class=\"btn\" href=\"https:\/\/iit.ac.rs\/wp-content\/uploads\/2025\/11\/Biography-Nikola-Prodanovic.docx\" target=\"_blank\">\r\n        <span class=\"ico\">\ud83d\udcc4<\/span> CV \u2013 English\r\n      <\/a>\r\n\r\n    <\/div>\r\n\r\n  <\/div>\r\n\r\n  <!-- \u0421\u0410\u0414\u0420\u0416\u0410\u0408 -->\r\n  <div class=\"card\">\r\n    <div class=\"accordion\">\r\n\r\n      <!-- opis -->\r\n      <details open>\r\n        <summary>Brief description of the research<\/summary>\r\n\r\n        <div class=\"content\">\r\n          <p>\r\n            The main area of \u200b\u200bresearch of Dr. Nikola Prodanovi\u0107 includes the development of transformer\nneural networks and their application in automatic text processing.\nResearch includes deep learning, natural language analysis, as well as in silico\nmaterial design with the application of modern computational methods.\r\n          <\/p>\r\n        <\/div>\r\n\r\n      <\/details>\r\n\r\n      <!-- reference -->\r\n      <details>\r\n        <summary>Selected references<\/summary>\r\n\r\n        <div class=\"content\">\r\n          <ol class=\"refs\">\r\n\r\n            <li>\r\n              Milo\u0161 Ko\u0161prdi\u0107, Nikola Prodanovi\u0107, Adela Ljaji\u0107, Bojana Ba\u0161aragin, Nikola Milo\u0161evi\u0107,  \r\n              <i>From Zero to Hero: Harnessing Transformers for Biomedical Named Entity Recognition in Zero- and Few-shot Contexts<\/i>,  \r\n              arXiv:2305.04928, 2023.  \r\n              <a href=\"https:\/\/arxiv.org\/abs\/2305.04928\" target=\"_blank\">\u041b\u0438\u043d\u043a<\/a>\r\n            <\/li>\r\n\r\n            <li>\r\n              Adela Ljaji\u0107, Nikola Prodanovi\u0107, Darija Medvecki, Bojana Ba\u0161aragin, Jelena Mitrovi\u0107,  \r\n              <i>Uncovering the Reasons Behind COVID-19 Vaccine Hesitancy in Serbia: Sentiment-Based Topic Modeling<\/i>,  \r\n              Journal of Medical Internet Research, 2022.\r\n            <\/li>\r\n\r\n            <li>\r\n              Prodanovi\u0107, Nikola, Vukmirovi\u0107, Nenad, Ikoni\u0107, Zoran, Harrison, Paul, Indjin, Dragan,  \r\n              <i>Importance of Polaronic Effects for Charge Transport in CdSe Quantum Dot Solids<\/i>,  \r\n              The Journal of Physical Chemistry Letters, 2014.\r\n            <\/li>\r\n\r\n          <\/ol>\r\n        <\/div>\r\n\r\n      <\/details>\r\n\r\n    <\/div>\r\n  <\/div>\r\n\r\n<\/div>\r\n\t\t\t\t<\/div>\n\t\t\t\t\t<\/div>\n\t\t\t\t<\/div>\n\t\t\t\t<\/div>","protected":false},"excerpt":{"rendered":"<p>\u0434\u0440 \u041d\u0438\u043a\u043e\u043b\u0430 \u041f\u0440\u043e\u0434\u0430\u043d\u043e\u0432\u0438\u045b \u041d\u0430\u0443\u0447\u043d\u0438 \u0441\u0430\u0440\u0430\u0434\u043d\u0438\u043a \u0414\u043e\u043a\u0442\u043e\u0440 \u043d\u0430\u0443\u043a\u0430 \u041d\u0430\u0443\u0447\u043d\u043e\u0438\u0441\u0442\u0440\u0430\u0436\u0438\u0432\u0430\u0447\u043a\u0438 \u0446\u0435\u043d\u0442\u0430\u0440 \u0437\u0430 \u0445\u0435\u043c\u043e\u0438\u043d\u0444\u043e\u0440\u043c\u0430\u0442\u0438\u043a\u0443 \u0438 \u043a\u043e\u043c\u043f\u0458\u0443\u0442\u0435\u0440\u0441\u043a\u0443 \u0444\u0438\u0437\u0438\u043a\u0443 \u0410\u0434\u0440\u0435\u0441\u0430: \u0418\u043d\u0441\u0442\u0438\u0442\u0443\u0442 \u0437\u0430 \u0438\u043d\u0444\u043e\u0440\u043c\u0430\u0446\u0438\u043e\u043d\u0435 \u0442\u0435\u0445\u043d\u043e\u043b\u043e\u0433\u0438\u0458\u0435 \u041a\u0440\u0430\u0433\u0443\u0458\u0435\u0432\u0430\u0446, \u041b\u0438\u0446\u0435\u0458\u0430 \u041a\u043d\u0435\u0436\u0435\u0432\u0438\u043d\u0435 \u0421\u0440\u0431\u0438\u0458\u0435 1\u0410, 34000 \u041a\u0440\u0430\u0433\u0443\u0458\u0435\u0432\u0430\u0446. \u0415-\u043f\u043e\u0448\u0442\u0430: nikola.prodanovic@uni.kg.ac.rs \ud83d\udcc4 CV \u2013 \u0421\u0440\u043f\u0441\u043a\u0438 \ud83d\udcc4 CV \u2013 English \u041a\u0440\u0430\u0442\u0430\u043a \u043e\u043f\u0438\u0441 \u0438\u0441\u0442\u0440\u0430\u0436\u0438\u0432\u0430\u045a\u0430 \u0413\u043b\u0430\u0432\u043d\u0430 \u043e\u0431\u043b\u0430\u0441\u0442 \u0438\u0441\u0442\u0440\u0430\u0436\u0438\u0432\u0430\u045a\u0430 \u0434\u0440 \u041d\u0438\u043a\u043e\u043b\u0435 \u041f\u0440\u043e\u0434\u0430\u043d\u043e\u0432\u0438\u045b\u0430 \u043e\u0431\u0443\u0445\u0432\u0430\u0442\u0430 \u0440\u0430\u0437\u0432\u043e\u0458 \u0442\u0440\u0430\u043d\u0441\u0444\u043e\u0440\u043c\u0435\u0440 \u043d\u0435\u0443\u0440\u0430\u043b\u043d\u0438\u0445 \u043c\u0440\u0435\u0436\u0430 \u0438 \u045a\u0438\u0445\u043e\u0432\u0443 \u043f\u0440\u0438\u043c\u0435\u043d\u0443 \u0443 \u0430\u0443\u0442\u043e\u043c\u0430\u0442\u0441\u043a\u043e\u043c&#8230;<\/p>","protected":false},"author":1,"featured_media":0,"parent":0,"menu_order":0,"comment_status":"closed","ping_status":"closed","template":"","meta":{"_eb_attr":"","footnotes":""},"class_list":["post-21255","page","type-page","status-publish","hentry"],"_links":{"self":[{"href":"https:\/\/iit.ac.rs\/en\/wp-json\/wp\/v2\/pages\/21255","targetHints":{"allow":["GET"]}}],"collection":[{"href":"https:\/\/iit.ac.rs\/en\/wp-json\/wp\/v2\/pages"}],"about":[{"href":"https:\/\/iit.ac.rs\/en\/wp-json\/wp\/v2\/types\/page"}],"author":[{"embeddable":true,"href":"https:\/\/iit.ac.rs\/en\/wp-json\/wp\/v2\/users\/1"}],"replies":[{"embeddable":true,"href":"https:\/\/iit.ac.rs\/en\/wp-json\/wp\/v2\/comments?post=21255"}],"version-history":[{"count":4,"href":"https:\/\/iit.ac.rs\/en\/wp-json\/wp\/v2\/pages\/21255\/revisions"}],"predecessor-version":[{"id":21264,"href":"https:\/\/iit.ac.rs\/en\/wp-json\/wp\/v2\/pages\/21255\/revisions\/21264"}],"wp:attachment":[{"href":"https:\/\/iit.ac.rs\/en\/wp-json\/wp\/v2\/media?parent=21255"}],"curies":[{"name":"wp","href":"https:\/\/api.w.org\/{rel}","templated":true}]}}