{"id":21265,"date":"2025-11-18T08:42:07","date_gmt":"2025-11-18T08:42:07","guid":{"rendered":"https:\/\/iit.ac.rs\/?page_id=21265"},"modified":"2026-03-04T11:04:28","modified_gmt":"2026-03-04T11:04:28","slug":"dr-petar-stanic","status":"publish","type":"page","link":"https:\/\/iit.ac.rs\/en\/dr-petar-stanic\/","title":{"rendered":"Dr Petar Stani\u0107\u200b"},"content":{"rendered":"<div data-elementor-type=\"wp-page\" data-elementor-id=\"21265\" class=\"elementor elementor-21265\">\n\t\t\t\t<div class=\"elementor-element elementor-element-82287bb e-flex e-con-boxed e-con e-parent\" data-id=\"82287bb\" data-element_type=\"container\">\n\t\t\t\t\t<div class=\"e-con-inner\">\n\t\t\t\t<div class=\"elementor-element elementor-element-62dfddc elementor-widget elementor-widget-html\" data-id=\"62dfddc\" data-element_type=\"widget\" data-widget_type=\"html.default\">\n\t\t\t\t\t<div class=\"iit-rp\" style=\"--accent:#07294DE8;\">\r\n\r\n  <!-- FOTO -->\r\n  <div class=\"photo\">\r\n    <img decoding=\"async\" src=\"https:\/\/iit.ac.rs\/wp-content\/uploads\/2025\/11\/PetarStanic.jpg\" alt=\"\u041f\u0435\u0442\u0430\u0440 \u0421\u0442\u0430\u043d\u0438\u045b\">\r\n  <\/div>\r\n\r\n  <!-- HEADER INFO -->\r\n  <div class=\"head\">\r\n    <h2>Dr Petar Stani\u0107\u200b<\/h2>\r\n\r\n    <div class=\"badges\">\r\n      <span class=\"badge\">Research assistant<\/span>\r\n      <span class=\"badge\">Master of Science in Chemistry - Research and Development<\/span>\r\n      <span class=\"badge\">Bioorganic and bioinorganic chemistry<\/span>\r\n    <\/div>\r\n\r\n    <div class=\"meta\">\r\n      <div><b>Address:<\/b> Institute of Information Technologies Kragujevac, Liceja Kne\u017eevine Srbije 1A, 34000 Kragujevac.<\/div>\r\n      <div><b>Email:<\/b> petar.stanic@uni.kg.ac.rs<\/div>\r\n      <div><b>IBI:<\/b> AD038<\/div>\r\n    <\/div>\r\n\r\n    <!-- \u041b\u0418\u041d\u041a\u041e\u0412\u0418 -->\r\n    <div class=\"ext\">\r\n\r\n      <a href=\"https:\/\/enauka.gov.rs\/cris\/rp\/rp10276\" target=\"_blank\">\r\n        <img decoding=\"async\" src=\"https:\/\/iit.ac.rs\/wp-content\/uploads\/2025\/11\/enauka.jpg\" alt=\"eNauka\">\r\n      <\/a>\r\n\r\n      <a href=\"https:\/\/scidar.kg.ac.rs\/browse?type=author&authority=9b89a50c-d51c-4eef-b28e-9dd60271cab5\" target=\"_blank\">\r\n        <img decoding=\"async\" src=\"https:\/\/iit.ac.rs\/wp-content\/uploads\/2025\/11\/koc.jpg\" alt=\"SCIDAR\">\r\n      <\/a>\r\n\r\n      <a href=\"https:\/\/orcid.org\/0000-0002-3655-6452\" target=\"_blank\">\r\n        <img decoding=\"async\" src=\"https:\/\/iit.ac.rs\/wp-content\/uploads\/2025\/11\/orcid.jpg\" alt=\"ORCID\">\r\n      <\/a>\r\n\r\n      <a href=\"https:\/\/www.researchgate.net\/profile\/Petar-Stanic\" target=\"_blank\">\r\n        <img decoding=\"async\" src=\"https:\/\/iit.ac.rs\/wp-content\/uploads\/2025\/11\/rg.jpg\" alt=\"ResearchGate\">\r\n      <\/a>\r\n\r\n      <a href=\"https:\/\/www.scopus.com\/authid\/detail.uri?authorId=57221256715\" target=\"_blank\">\r\n        <img decoding=\"async\" src=\"https:\/\/iit.ac.rs\/wp-content\/uploads\/2025\/11\/scopus.jpg\" alt=\"Scopus\">\r\n      <\/a>\r\n\r\n    <\/div>\r\n\r\n    <!-- CV \u0434\u0443\u0433\u043c\u0430\u0434 -->\r\n    <div class=\"actions\">\r\n\r\n      <a class=\"btn\" href=\"https:\/\/iit.ac.rs\/wp-content\/uploads\/2025\/11\/\u0420\u0430\u0434\u043d\u0430-\u0431\u0438\u043e\u0433\u0440\u0430\u0444\u0438\u0458\u0430-Petar-Stanic.docx\" target=\"_blank\">\r\n        <span class=\"ico\">\ud83d\udcc4<\/span> CV - Serbian\r\n      <\/a>\r\n\r\n      <a class=\"btn\" href=\"https:\/\/iit.ac.rs\/wp-content\/uploads\/2025\/11\/Petar-Stanic-Biography.docx\" target=\"_blank\">\r\n        <span class=\"ico\">\ud83d\udcc4<\/span> CV \u2013 English\r\n      <\/a>\r\n\r\n    <\/div>\r\n\r\n  <\/div>\r\n\r\n  <!-- \u0421\u0410\u0414\u0420\u0416\u0410\u0408 -->\r\n  <div class=\"card\">\r\n    <div class=\"accordion\">\r\n\r\n      <!-- opis -->\r\n      <details open>\r\n        <summary>Brief description of the research<\/summary>\r\n\r\n        <div class=\"content\">\r\n          <p>\r\n            Petar Stani\u0107's research is focused on the synthesis of new derivatives of\n2-thiohydantoin and their complexes with biologically relevant metals,\nas well as on the investigation of their antimicrobial, antitumor and antimelanogenic activities.\r\n          <\/p>\r\n        <\/div>\r\n\r\n      <\/details>\r\n\r\n      <!-- reference -->\r\n      <details>\r\n        <summary>Selected references<\/summary>\r\n\r\n        <div class=\"content\">\r\n          <ol class=\"refs\">\r\n\r\n            <li>\r\n              Stani\u0107, D. A\u0161anin, T. Soldatovi\u0107, M. \u017divkovi\u0107,  \r\n              <i>Kinetic investigation of reactions of a 3-arylidene-2-thiohydantoin derivative with palladium(II) salts<\/i>,  \r\n              Journal of the Serbian Chemical Society, 2023.  \r\n              <a href=\"https:\/\/doi.org\/10.2298\/JSC230626052S\" target=\"_blank\">\u041b\u0438\u043d\u043a<\/a>\r\n            <\/li>\r\n\r\n            <li>\r\n              Stani\u0107, N. Vuki\u0107evi\u0107, V. Cvetkovi\u0107, M. Pavlovi\u0107, S. Dimitrijevi\u0107, B. \u0160mit, M. \u017divkovi\u0107,  \r\n              <i>Anticorrosion activity of 2-thiohydantoin-Shiff base derivatives\u2026<\/i>,  \r\n              Journal of the Serbian Chemical Society 87 (2022) 1409\u20131423.  \r\n              <a href=\"https:\/\/doi.org\/10.2298\/JSC220412071S\" target=\"_blank\">\u041b\u0438\u043d\u043a<\/a>\r\n            <\/li>\r\n\r\n            <li>\r\n              Virijevi\u0107, P. Stani\u0107, J. Mu\u0161kinja, J. Katani\u0107-Stankovi\u0107, N. Sre\u0107kovi\u0107, M. \u017divanovi\u0107, B. \u0160\u043c\u0438\u0442,  \r\n              <i>Synthesis and Biological Activity of Novel Zingerone-Thiohydantoin Hybrids<\/i>,  \r\n              Journal of the Serbian Chemical Society 87 (2022) 1349\u20131358.  \r\n              <a href=\"https:\/\/doi.org\/10.2298\/JSC220404047V\" target=\"_blank\">\u041b\u0438\u043d\u043a<\/a>\r\n            <\/li>\r\n\r\n            <li>\r\n              B. Stani\u0107, M. V. Rodi\u0107, T. V. Soldatovi\u0107, A. B. Pavi\u0107, N. S. Radakovi\u0107, B. M. \u0160mit, M. D. \u017divkovi\u0107,  \r\n              <i>Reaction of a 3-arylilidene-2-thiohydantoin derivative\u2026<\/i>,  \r\n              Journal of the Serbian Chemical Society 85 (2020) 1591\u20131603.  \r\n              <a href=\"https:\/\/doi.org\/10.2298\/JSC200917060S\" target=\"_blank\">\u041b\u0438\u043d\u043a<\/a>\r\n            <\/li>\r\n\r\n            <li>\r\n              B. Stani\u0107, B. \u0160\u043c\u0438\u0442, D. Milenkovi\u0107,  \r\n              <i>Kinetics and mechanism of amino acid derived 2-thiohydantoin formation reactions<\/i>,  \r\n              Reaction Chemistry and Engineering 8 (2023) 699\u2013706.  \r\n              <a href=\"https:\/\/doi.org\/10.1039\/D2RE00423B\" target=\"_blank\">\u041b\u0438\u043d\u043a<\/a>\r\n            <\/li>\r\n\r\n          <\/ol>\r\n        <\/div>\r\n\r\n      <\/details>\r\n\r\n    <\/div>\r\n  <\/div>\r\n\r\n<\/div>\r\n\t\t\t\t<\/div>\n\t\t\t\t\t<\/div>\n\t\t\t\t<\/div>\n\t\t\t\t<\/div>","protected":false},"excerpt":{"rendered":"<p>\u041f\u0435\u0442\u0430\u0440 \u0421\u0442\u0430\u043d\u0438\u045b \u0418\u0441\u0442\u0440\u0430\u0436\u0438\u0432\u0430\u0447 \u0441\u0430\u0440\u0430\u0434\u043d\u0438\u043a \u041c\u0430\u0441\u0442\u0435\u0440 \u0445\u0435\u043c\u0438\u0447\u0430\u0440 \u2013 \u0438\u0441\u0442\u0440\u0430\u0436\u0438\u0432\u0430\u045a\u0435 \u0438 \u0440\u0430\u0437\u0432\u043e\u0458 \u0411\u0438\u043e\u043e\u0440\u0433\u0430\u043d\u0441\u043a\u0430 \u0438 \u0431\u0438\u043e\u043d\u0435\u043e\u0440\u0433\u0430\u043d\u0441\u043a\u0430 \u0445\u0435\u043c\u0438\u0458\u0430 \u0410\u0434\u0440\u0435\u0441\u0430: \u0418\u043d\u0441\u0442\u0438\u0442\u0443\u0442 \u0437\u0430 \u0438\u043d\u0444\u043e\u0440\u043c\u0430\u0446\u0438\u043e\u043d\u0435 \u0442\u0435\u0445\u043d\u043e\u043b\u043e\u0433\u0438\u0458\u0435 \u041a\u0440\u0430\u0433\u0443\u0458\u0435\u0432\u0430\u0446, \u041b\u0438\u0446\u0435\u0458\u0430 \u041a\u043d\u0435\u0436\u0435\u0432\u0438\u043d\u0435 \u0421\u0440\u0431\u0438\u0458\u0435 1\u0410, 34000 \u041a\u0440\u0430\u0433\u0443\u0458\u0435\u0432\u0430\u0446. \u0415-\u043f\u043e\u0448\u0442\u0430: petar.stanic@uni.kg.ac.rs \u0418\u0411\u0418: AD038 \ud83d\udcc4 CV \u2013 \u0421\u0440\u043f\u0441\u043a\u0438 \ud83d\udcc4 CV \u2013 English \u041a\u0440\u0430\u0442\u0430\u043a \u043e\u043f\u0438\u0441 \u0438\u0441\u0442\u0440\u0430\u0436\u0438\u0432\u0430\u045a\u0430 \u0418\u0441\u0442\u0440\u0430\u0436\u0438\u0432\u0430\u045a\u0430 \u041f\u0435\u0442\u0440\u0430 \u0421\u0442\u0430\u043d\u0438\u045b\u0430 \u0444\u043e\u043a\u0443\u0441\u0438\u0440\u0430\u043d\u0430 \u0441\u0443 \u043d\u0430 \u0441\u0438\u043d\u0442\u0435\u0437\u0443 \u043d\u043e\u0432\u0438\u0445 \u0434\u0435\u0440\u0438\u0432\u0430\u0442\u0430 2-\u0442\u0438\u043e\u0445\u0438\u0434\u0430\u043d\u0442\u043e\u0438\u043d\u0430 \u0438 \u045a\u0438\u0445\u043e\u0432\u0438\u0445 \u043a\u043e\u043c\u043f\u043b\u0435\u043a\u0441\u0430 \u0441\u0430&#8230;<\/p>","protected":false},"author":1,"featured_media":0,"parent":0,"menu_order":0,"comment_status":"closed","ping_status":"closed","template":"","meta":{"_eb_attr":"","footnotes":""},"class_list":["post-21265","page","type-page","status-publish","hentry"],"_links":{"self":[{"href":"https:\/\/iit.ac.rs\/en\/wp-json\/wp\/v2\/pages\/21265","targetHints":{"allow":["GET"]}}],"collection":[{"href":"https:\/\/iit.ac.rs\/en\/wp-json\/wp\/v2\/pages"}],"about":[{"href":"https:\/\/iit.ac.rs\/en\/wp-json\/wp\/v2\/types\/page"}],"author":[{"embeddable":true,"href":"https:\/\/iit.ac.rs\/en\/wp-json\/wp\/v2\/users\/1"}],"replies":[{"embeddable":true,"href":"https:\/\/iit.ac.rs\/en\/wp-json\/wp\/v2\/comments?post=21265"}],"version-history":[{"count":4,"href":"https:\/\/iit.ac.rs\/en\/wp-json\/wp\/v2\/pages\/21265\/revisions"}],"predecessor-version":[{"id":21272,"href":"https:\/\/iit.ac.rs\/en\/wp-json\/wp\/v2\/pages\/21265\/revisions\/21272"}],"wp:attachment":[{"href":"https:\/\/iit.ac.rs\/en\/wp-json\/wp\/v2\/media?parent=21265"}],"curies":[{"name":"wp","href":"https:\/\/api.w.org\/{rel}","templated":true}]}}