{"id":21269,"date":"2025-11-18T08:46:48","date_gmt":"2025-11-18T08:46:48","guid":{"rendered":"https:\/\/iit.ac.rs\/?page_id=21269"},"modified":"2026-03-04T11:04:44","modified_gmt":"2026-03-04T11:04:44","slug":"dr-nevena-veselinovic","status":"publish","type":"page","link":"https:\/\/iit.ac.rs\/en\/dr-nevena-veselinovic\/","title":{"rendered":"Dr Nevena Veselinovi\u0107"},"content":{"rendered":"<div data-elementor-type=\"wp-page\" data-elementor-id=\"21269\" class=\"elementor elementor-21269\">\n\t\t\t\t<div class=\"elementor-element elementor-element-30afcde e-flex e-con-boxed e-con e-parent\" data-id=\"30afcde\" data-element_type=\"container\">\n\t\t\t\t\t<div class=\"e-con-inner\">\n\t\t\t\t<div class=\"elementor-element elementor-element-7cbe263 elementor-widget elementor-widget-html\" data-id=\"7cbe263\" data-element_type=\"widget\" data-widget_type=\"html.default\">\n\t\t\t\t\t<div class=\"iit-rp\" style=\"--accent:#07294DE8;\">\r\n\r\n  <!-- FOTO -->\r\n  <div class=\"photo\">\r\n    <img decoding=\"async\" src=\"https:\/\/iit.ac.rs\/wp-content\/uploads\/2025\/11\/NevenaVeselinovic.jpg\" alt=\"\u041d\u0435\u0432\u0435\u043d\u0430 \u0412\u0435\u0441\u0435\u043b\u0438\u043d\u043e\u0432\u0438\u045b\">\r\n  <\/div>\r\n\r\n  <!-- HEADER INFO -->\r\n  <div class=\"head\">\r\n    <h2>Dr Nevena Veselinovi\u0107<\/h2>\r\n\r\n    <div class=\"badges\">\r\n      <span class=\"badge\">Research associate<\/span>\r\n      <span class=\"badge\">Doctor of Economic Sciences<\/span>\r\n      <span class=\"badge\">Application of information technologies in engineering<\/span>\r\n    <\/div>\r\n\r\n    <div class=\"meta\">\r\n      <div><b>Address:<\/b> Institute of Information Technologies Kragujevac, Liceja Kne\u017eevine Srbije 1A, 34000 Kragujevac.<\/div>\r\n      <div><b>Email:<\/b> nveselinovic@uni.kg.ac.rs<\/div>\r\n      <div><b>IBI:<\/b> \u2014<\/div>\r\n    <\/div>\r\n\r\n    <!-- \u041b\u0418\u041d\u041a\u041e\u0412\u0418 -->\r\n    <div class=\"ext\">\r\n\r\n      <a href=\"https:\/\/enauka.gov.rs\/cris\/rp\/rp01732\" target=\"_blank\">\r\n        <img decoding=\"async\" src=\"https:\/\/iit.ac.rs\/wp-content\/uploads\/2025\/11\/enauka.jpg\" alt=\"eNauka\">\r\n      <\/a>\r\n\r\n      <a href=\"https:\/\/scidar.kg.ac.rs\/browse?type=author&authority=1b78cf63-edd4-42d4-9eb0-9d6ba80ce236\" target=\"_blank\">\r\n        <img decoding=\"async\" src=\"https:\/\/iit.ac.rs\/wp-content\/uploads\/2025\/11\/koc.jpg\" alt=\"SCIDAR\">\r\n      <\/a>\r\n\r\n      <a href=\"https:\/\/orcid.org\/0000-0001-8283-265X\" target=\"_blank\">\r\n        <img decoding=\"async\" src=\"https:\/\/iit.ac.rs\/wp-content\/uploads\/2025\/11\/orcid.jpg\" alt=\"ORCID\">\r\n      <\/a>\r\n\r\n      <a href=\"https:\/\/www.researchgate.net\/profile\/Nevena-Veselinovic-2\" target=\"_blank\">\r\n        <img decoding=\"async\" src=\"https:\/\/iit.ac.rs\/wp-content\/uploads\/2025\/11\/rg.jpg\" alt=\"ResearchGate\">\r\n      <\/a>\r\n\r\n      <a href=\"https:\/\/www.scopus.com\/authid\/detail.uri?authorId=57221332777\" target=\"_blank\">\r\n        <img decoding=\"async\" src=\"https:\/\/iit.ac.rs\/wp-content\/uploads\/2025\/11\/scopus.jpg\" alt=\"Scopus\">\r\n      <\/a>\r\n\r\n      <a href=\"https:\/\/www.linkedin.com\/in\/nevena-veselinovic-60ab4b2a6\/?originalSubdomain=rs\" target=\"_blank\">\r\n        <img decoding=\"async\" src=\"https:\/\/iit.ac.rs\/wp-content\/uploads\/2025\/11\/linkedin.jpg\" alt=\"LinkedIn\">\r\n      <\/a>\r\n\r\n    <\/div>\r\n\r\n    <!-- CV \u0434\u0443\u0433\u043c\u0430\u0434 -->\r\n    <div class=\"actions\">\r\n\r\n      <a class=\"btn\" href=\"https:\/\/iit.ac.rs\/wp-content\/uploads\/2025\/11\/Radna-biografija-Nevena-Veselinovic-2023.docx\" target=\"_blank\">\r\n        <span class=\"ico\">\ud83d\udcc4<\/span> CV - Serbian\r\n      <\/a>\r\n\r\n      <a class=\"btn\" href=\"https:\/\/iit.ac.rs\/wp-content\/uploads\/2025\/11\/Biography-Nevena-Veselinovic.pdf\" target=\"_blank\">\r\n        <span class=\"ico\">\ud83d\udcc4<\/span> CV \u2013 English\r\n      <\/a>\r\n\r\n    <\/div>\r\n\r\n  <\/div>\r\n\r\n  <!-- \u0421\u0410\u0414\u0420\u0416\u0410\u0408 -->\r\n  <div class=\"card\">\r\n    <div class=\"accordion\">\r\n\r\n      <!-- Opis -->\r\n      <details open>\r\n        <summary>Brief description of the research<\/summary>\r\n\r\n        <div class=\"content\">\r\n          <p>\r\n            Theoretical-empirical evaluation of the impact of financial development on key macroeconomic indicators and foreign direct investment;\nanalysis of the effects of technological readiness and innovation on the logistics performance index.\r\n          <\/p>\r\n        <\/div>\r\n\r\n      <\/details>\r\n\r\n      <!-- Reference -->\r\n      <details>\r\n        <summary>Selected references<\/summary>\r\n\r\n        <div class=\"content\">\r\n          <ol class=\"refs\">\r\n\r\n            <li>\r\n              Radonji\u0107, Lj., & Veselinovi\u0107, N. (2020).  \r\n              <i>Patterns of Interrelationships between Inflation, R&amp;D, Innovation, and Economic Growth<\/i>,  \r\n              Croatian Economic Survey 22(2), 5\u201339.  \r\n              doi:10.15179\/ces.22.2.1\r\n            <\/li>\r\n\r\n            <li>\r\n              Veselinovi\u0107, N., Despotovi\u0107, D., & Stevanovi\u0107, M. (2022).  \r\n              <i>The nexus between economic growth, banking sector depth, and foreign direct investment\u2026<\/i>,  \r\n              Teme, 46 (3), 771\u2013787.  \r\n              doi: 10.22190\/TEME211012041V\r\n            <\/li>\r\n\r\n            <li>\r\n              Savi\u0107, J., & Veselinovi\u0107, N. (2019).  \r\n              <i>Measuring clients attitudes about banking services quality using the servqual model<\/i>,  \r\n              Economic Themes, 57 (2), 201\u2013217.  \r\n              doi: 10.2478\/ethemes-2019-0012\r\n            <\/li>\r\n\r\n            <li>\r\n              Veselinovi\u0107, N., Mi\u0161i\u0107, I., & Veselinovi\u0107, P. (2019).  \r\n              <i>The impact of economic reforms on poverty in the Republic of Serbia<\/i>,  \r\n              Economic Themes, 57 (3), 287\u2013305.  \r\n              doi: 10.2478\/ethemes-2019-0017\r\n            <\/li>\r\n\r\n            <li>\r\n              Veselinovi\u0107, N. (2020).  \r\n              <i>Monetary policy and unemployment in the Republic of Serbia<\/i>,  \r\n              Industrija, 48(2), 73\u201388.  \r\n              doi:10.5937\/industrija48-25210\r\n            <\/li>\r\n\r\n            <li>\r\n              Veselinovi\u0107, N., & Despotovi\u0107, D. (2022).  \r\n              <i>Financial development, foreign direct investment and economic growth: panel causality approach<\/i>,  \r\n              Industrija, 49(3\u20134), 47\u201361.  \r\n              doi: 10.5937\/industrija49-35397\r\n            <\/li>\r\n\r\n          <\/ol>\r\n        <\/div>\r\n\r\n      <\/details>\r\n\r\n    <\/div>\r\n  <\/div>\r\n\r\n<\/div>\r\n\t\t\t\t<\/div>\n\t\t\t\t\t<\/div>\n\t\t\t\t<\/div>\n\t\t\t\t<\/div>","protected":false},"excerpt":{"rendered":"<p>\u041d\u0435\u0432\u0435\u043d\u0430 \u0412\u0435\u0441\u0435\u043b\u0438\u043d\u043e\u0432\u0438\u045b \u041d\u0430\u0443\u0447\u043d\u0438 \u0441\u0430\u0440\u0430\u0434\u043d\u0438\u043a \u0414\u043e\u043a\u0442\u043e\u0440 \u0435\u043a\u043e\u043d\u043e\u043c\u0441\u043a\u0438\u0445 \u043d\u0430\u0443\u043a\u0430 \u041f\u0440\u0438\u043c\u0435\u043d\u0430 \u0438\u043d\u0444\u043e\u0440\u043c\u0430\u0446\u0438\u043e\u043d\u0438\u0445 \u0442\u0435\u0445\u043d\u043e\u043b\u043e\u0433\u0438\u0458\u0430 \u0443 \u0438\u043d\u0436\u0435\u045a\u0435\u0440\u0441\u0442\u0432\u0443 \u0410\u0434\u0440\u0435\u0441\u0430: \u0418\u043d\u0441\u0442\u0438\u0442\u0443\u0442 \u0437\u0430 \u0438\u043d\u0444\u043e\u0440\u043c\u0430\u0446\u0438\u043e\u043d\u0435 \u0442\u0435\u0445\u043d\u043e\u043b\u043e\u0433\u0438\u0458\u0435 \u041a\u0440\u0430\u0433\u0443\u0458\u0435\u0432\u0430\u0446, \u041b\u0438\u0446\u0435\u0458\u0430 \u041a\u043d\u0435\u0436\u0435\u0432\u0438\u043d\u0435 \u0421\u0440\u0431\u0438\u0458\u0435 1\u0410, 34000 \u041a\u0440\u0430\u0433\u0443\u0458\u0435\u0432\u0430\u0446. \u0415-\u043f\u043e\u0448\u0442\u0430: nveselinovic@uni.kg.ac.rs \u0418\u0411\u0418: \u2014 \ud83d\udcc4 CV \u2013 \u0421\u0440\u043f\u0441\u043a\u0438 \ud83d\udcc4 CV \u2013 English \u041a\u0440\u0430\u0442\u0430\u043a \u043e\u043f\u0438\u0441 \u0438\u0441\u0442\u0440\u0430\u0436\u0438\u0432\u0430\u045a\u0430 \u0422\u0435\u043e\u0440\u0438\u0458\u0441\u043a\u043e-\u0435\u043c\u043f\u0438\u0440\u0438\u0458\u0441\u043a\u0430 \u0435\u0432\u0430\u043b\u0443\u0430\u0446\u0438\u0458\u0430 \u0443\u0442\u0438\u0446\u0430\u0458\u0430 \u0444\u0438\u043d\u0430\u043d\u0441\u0438\u0458\u0441\u043a\u043e\u0433 \u0440\u0430\u0437\u0432\u043e\u0458\u0430 \u043d\u0430 \u043a\u0459\u0443\u0447\u043d\u0435 \u043c\u0430\u043a\u0440\u043e\u0435\u043a\u043e\u043d\u043e\u043c\u0441\u043a\u0435 \u043f\u043e\u043a\u0430\u0437\u0430\u0442\u0435\u0459\u0435 \u0438 \u0441\u0442\u0440\u0430\u043d\u0435 \u0434\u0438\u0440\u0435\u043a\u0442\u043d\u0435 \u0438\u043d\u0432\u0435\u0441\u0442\u0438\u0446\u0438\u0458\u0435; \u0430\u043d\u0430\u043b\u0438\u0437\u0430 \u0435\u0444\u0435\u043a\u0430\u0442\u0430 \u0442\u0435\u0445\u043d\u043e\u043b\u043e\u0448\u043a\u0435&#8230;<\/p>","protected":false},"author":1,"featured_media":0,"parent":0,"menu_order":0,"comment_status":"closed","ping_status":"closed","template":"","meta":{"_eb_attr":"","footnotes":""},"class_list":["post-21269","page","type-page","status-publish","hentry"],"_links":{"self":[{"href":"https:\/\/iit.ac.rs\/en\/wp-json\/wp\/v2\/pages\/21269","targetHints":{"allow":["GET"]}}],"collection":[{"href":"https:\/\/iit.ac.rs\/en\/wp-json\/wp\/v2\/pages"}],"about":[{"href":"https:\/\/iit.ac.rs\/en\/wp-json\/wp\/v2\/types\/page"}],"author":[{"embeddable":true,"href":"https:\/\/iit.ac.rs\/en\/wp-json\/wp\/v2\/users\/1"}],"replies":[{"embeddable":true,"href":"https:\/\/iit.ac.rs\/en\/wp-json\/wp\/v2\/comments?post=21269"}],"version-history":[{"count":4,"href":"https:\/\/iit.ac.rs\/en\/wp-json\/wp\/v2\/pages\/21269\/revisions"}],"predecessor-version":[{"id":21278,"href":"https:\/\/iit.ac.rs\/en\/wp-json\/wp\/v2\/pages\/21269\/revisions\/21278"}],"wp:attachment":[{"href":"https:\/\/iit.ac.rs\/en\/wp-json\/wp\/v2\/media?parent=21269"}],"curies":[{"name":"wp","href":"https:\/\/api.w.org\/{rel}","templated":true}]}}