{"id":21279,"date":"2025-11-18T08:47:56","date_gmt":"2025-11-18T08:47:56","guid":{"rendered":"https:\/\/iit.ac.rs\/?page_id=21279"},"modified":"2026-03-04T11:05:03","modified_gmt":"2026-03-04T11:05:03","slug":"dr-milos-%d1%98ovicic","status":"publish","type":"page","link":"https:\/\/iit.ac.rs\/en\/dr-milos-%d1%98ovicic\/","title":{"rendered":"Dr Milo\u0161 Jovi\u010di\u0107"},"content":{"rendered":"<div data-elementor-type=\"wp-page\" data-elementor-id=\"21279\" class=\"elementor elementor-21279\">\n\t\t\t\t<div class=\"elementor-element elementor-element-939b5b9 e-flex e-con-boxed e-con e-parent\" data-id=\"939b5b9\" data-element_type=\"container\">\n\t\t\t\t\t<div class=\"e-con-inner\">\n\t\t\t\t<div class=\"elementor-element elementor-element-af0b82b elementor-widget elementor-widget-html\" data-id=\"af0b82b\" data-element_type=\"widget\" data-widget_type=\"html.default\">\n\t\t\t\t\t<div class=\"iit-rp\" style=\"--accent:#07294DE8;\">\r\n\r\n  <!-- FOTO -->\r\n  <div class=\"photo\">\r\n    <img decoding=\"async\" src=\"https:\/\/iit.ac.rs\/wp-content\/uploads\/2025\/11\/MilosJovicic.jpg\" alt=\"\u041c\u0438\u043b\u043e\u0448 \u0408\u043e\u0432\u0438\u0447\u0438\u045b\">\r\n  <\/div>\r\n\r\n  <!-- HEADER INFO -->\r\n  <div class=\"head\">\r\n    <h2>Dr Milo\u0161 Jovi\u010di\u0107<\/h2>\r\n\r\n    <div class=\"badges\">\r\n      <span class=\"badge\">Research associate<\/span>\r\n      <span class=\"badge\">Doctor of Science \u2013 Industrial Engineering<\/span>\r\n      <span class=\"badge\">NIC for the application of IT in engineering<\/span>\r\n    <\/div>\r\n\r\n    <div class=\"meta\">\r\n      <div><b>Address:<\/b> Institute of Information Technologies Kragujevac, Liceja Kne\u017eevine Srbije 1A, 34000 Kragujevac.<\/div>\r\n      <div><b>Email:<\/b> milos.jovicic@uni.kg.ac.rs<\/div>\r\n      <div><b>IBI:<\/b> \u2014<\/div>\r\n    <\/div>\r\n\r\n    <!-- LINKOVI -->\r\n    <div class=\"ext\">\r\n\r\n      <!-- \u0414\u041e\u0414\u0410\u0408\u0415\u0428 \u041d\u0410\u041a\u041d\u0410\u0414\u041d\u041e -->\r\n      <a href=\"#\" target=\"_blank\">\r\n        <img decoding=\"async\" src=\"https:\/\/iit.ac.rs\/wp-content\/uploads\/2025\/11\/enauka.jpg\" alt=\"eNauka\">\r\n      <\/a>\r\n\r\n      <a href=\"#\" target=\"_blank\">\r\n        <img decoding=\"async\" src=\"https:\/\/iit.ac.rs\/wp-content\/uploads\/2025\/11\/koc.jpg\" alt=\"SCIDAR\">\r\n      <\/a>\r\n\r\n      <a href=\"https:\/\/orcid.org\/0009-0006-2984-7047\" target=\"_blank\">\r\n        <img decoding=\"async\" src=\"https:\/\/iit.ac.rs\/wp-content\/uploads\/2025\/11\/orcid.jpg\" alt=\"ORCID\">\r\n      <\/a>\r\n\r\n      <a href=\"#\" target=\"_blank\">\r\n        <img decoding=\"async\" src=\"https:\/\/iit.ac.rs\/wp-content\/uploads\/2025\/11\/rg.jpg\" alt=\"ResearchGate\">\r\n      <\/a>\r\n\r\n      <a href=\"#\" target=\"_blank\">\r\n        <img decoding=\"async\" src=\"https:\/\/iit.ac.rs\/wp-content\/uploads\/2025\/11\/scopus.jpg\" alt=\"Scopus\">\r\n      <\/a>\r\n\r\n    <\/div>\r\n\r\n    <!-- DUGMAD -->\r\n    <div class=\"actions\">\r\n\r\n      <a class=\"btn\" href=\"https:\/\/iit.ac.rs\/wp-content\/uploads\/2025\/11\/Radna-biografija-template.docx\" target=\"_blank\">\r\n        <span class=\"ico\">\ud83d\udcc4<\/span> CV - Serbian\r\n      <\/a>\r\n\r\n      <a class=\"btn\" href=\"https:\/\/iit.ac.rs\/wp-content\/uploads\/2025\/11\/Biography-Template.docx\" target=\"_blank\">\r\n        <span class=\"ico\">\ud83d\udcc4<\/span> CV \u2013 English\r\n      <\/a>\r\n\r\n    <\/div>\r\n\r\n  <\/div>\r\n\r\n  <!-- SECTIONS -->\r\n  <div class=\"card\">\r\n    <div class=\"accordion\">\r\n\r\n      <!-- Opis -->\r\n      <details open>\r\n        <summary>Brief description of the research<\/summary>\r\n\r\n        <div class=\"content\">\r\n          <p>\r\n            Dr. Milo\u0161 Jovicic conducts research in the field of applied graph technologies and artificial intelligence.\nHis work combines LP graphs with graph neural networks, graph transformers, and large language models\nto create context-aware AI agents capable of reasoning over complex and heterogeneous data streams in real time.\r\n          <\/p>\r\n          <p>\r\n            Research is specifically focused on the development of ontology-driven algorithms for industrial application and drug development processes in the pharmaceutical industry.\r\n          <\/p>\r\n        <\/div>\r\n\r\n      <\/details>\r\n\r\n      <!-- Reference -->\r\n      <details>\r\n        <summary>Selected references<\/summary>\r\n\r\n        <div class=\"content\">\r\n          <ol class=\"refs\">\r\n\r\n            <li>\r\n              Fedorova, A., Jovi\u0161i\u0107, N., Vallverd\u00f9, J., Battistoni, S., Jovi\u010di\u0107, M., Medojevi\u0107, M., et al. (2024).  \r\n              <i>Advancing Neural Networks: Innovations and Impacts on Energy Consumption<\/i>.  \r\n              Advanced Electronic Materials, 10(12), 2400258.\r\n            <\/li>\r\n\r\n            <li>\r\n              Bajic, B., Suzic, N., Moraca, S., Stefanovi\u0107, M., Jovicic, M., & Rikalovic, A. (2023).  \r\n              <i>Edge computing data optimization for smart quality management: Industry 5.0 perspective<\/i>.  \r\n              Sustainability, 15(7), 6032.\r\n            <\/li>\r\n\r\n            <li>\r\n              Jovi\u010di\u0107, M., Bo\u0161kovi\u0107, G. B., Jovi\u010di\u0107, N., Savkovi\u0107, M., Ma\u010du\u017ei\u0107, I., Stefanovi\u0107, M., & Klochkov, Y. (2022).  \r\n              <i>Assessment of the fragility of the municipal waste sector in Serbia using system dynamics modelling<\/i>.  \r\n              Sustainability, 14(2), 862.\r\n            <\/li>\r\n\r\n          <\/ol>\r\n        <\/div>\r\n\r\n      <\/details>\r\n\r\n    <\/div>\r\n  <\/div>\r\n\r\n<\/div>\r\n\t\t\t\t<\/div>\n\t\t\t\t\t<\/div>\n\t\t\t\t<\/div>\n\t\t\t\t<\/div>","protected":false},"excerpt":{"rendered":"<p>\u041c\u0438\u043b\u043e\u0448 \u0408\u043e\u0432\u0438\u0447\u0438\u045b \u041d\u0430\u0443\u0447\u043d\u0438 \u0441\u0430\u0440\u0430\u0434\u043d\u0438\u043a \u0414\u043e\u043a\u0442\u043e\u0440 \u043d\u0430\u0443\u043a\u0430 \u2013 \u0418\u043d\u0434\u0443\u0441\u0442\u0440\u0438\u0458\u0441\u043a\u043e \u0438\u043d\u0436\u0435\u045a\u0435\u0440\u0441\u0442\u0432\u043e \u041d\u0418\u0426 \u0437\u0430 \u043f\u0440\u0438\u043c\u0435\u043d\u0443 \u0418\u0422 \u0443 \u0438\u043d\u0436\u0435\u045a\u0435\u0440\u0441\u0442\u0432\u0443 \u0410\u0434\u0440\u0435\u0441\u0430: \u0418\u043d\u0441\u0442\u0438\u0442\u0443\u0442 \u0437\u0430 \u0438\u043d\u0444\u043e\u0440\u043c\u0430\u0446\u0438\u043e\u043d\u0435 \u0442\u0435\u0445\u043d\u043e\u043b\u043e\u0433\u0438\u0458\u0435 \u041a\u0440\u0430\u0433\u0443\u0458\u0435\u0432\u0430\u0446, \u041b\u0438\u0446\u0435\u0458\u0430 \u041a\u043d\u0435\u0436\u0435\u0432\u0438\u043d\u0435 \u0421\u0440\u0431\u0438\u0458\u0435 1\u0410, 34000 \u041a\u0440\u0430\u0433\u0443\u0458\u0435\u0432\u0430\u0446. \u0415-\u043f\u043e\u0448\u0442\u0430: milos.jovicic@uni.kg.ac.rs \u0418\u0411\u0418: \u2014 \ud83d\udcc4 CV \u2013 \u0421\u0440\u043f\u0441\u043a\u0438 \ud83d\udcc4 CV \u2013 English \u041a\u0440\u0430\u0442\u0430\u043a \u043e\u043f\u0438\u0441 \u0438\u0441\u0442\u0440\u0430\u0436\u0438\u0432\u0430\u045a\u0430 \u0414\u0440 \u041c\u0438\u043b\u043e\u0448 \u0408\u043e\u0432\u0438\u0447\u0438\u045b \u0441\u043f\u0440\u043e\u0432\u043e\u0434\u0438 \u0438\u0441\u0442\u0440\u0430\u0436\u0438\u0432\u0430\u045a\u0430 \u0443 \u043e\u0431\u043b\u0430\u0441\u0442\u0438 \u043f\u0440\u0438\u043c\u0435\u045a\u0435\u043d\u0438\u0445 \u0433\u0440\u0430\u0444 \u0442\u0435\u0445\u043d\u043e\u043b\u043e\u0433\u0438\u0458\u0430 \u0438 \u0432\u0435\u0448\u0442\u0430\u0447\u043a\u0435 \u0438\u043d\u0442\u0435\u043b\u0438\u0433\u0435\u043d\u0446\u0438\u0458\u0435.&#8230;<\/p>","protected":false},"author":1,"featured_media":0,"parent":0,"menu_order":0,"comment_status":"closed","ping_status":"closed","template":"","meta":{"_eb_attr":"","footnotes":""},"class_list":["post-21279","page","type-page","status-publish","hentry"],"_links":{"self":[{"href":"https:\/\/iit.ac.rs\/en\/wp-json\/wp\/v2\/pages\/21279","targetHints":{"allow":["GET"]}}],"collection":[{"href":"https:\/\/iit.ac.rs\/en\/wp-json\/wp\/v2\/pages"}],"about":[{"href":"https:\/\/iit.ac.rs\/en\/wp-json\/wp\/v2\/types\/page"}],"author":[{"embeddable":true,"href":"https:\/\/iit.ac.rs\/en\/wp-json\/wp\/v2\/users\/1"}],"replies":[{"embeddable":true,"href":"https:\/\/iit.ac.rs\/en\/wp-json\/wp\/v2\/comments?post=21279"}],"version-history":[{"count":4,"href":"https:\/\/iit.ac.rs\/en\/wp-json\/wp\/v2\/pages\/21279\/revisions"}],"predecessor-version":[{"id":21285,"href":"https:\/\/iit.ac.rs\/en\/wp-json\/wp\/v2\/pages\/21279\/revisions\/21285"}],"wp:attachment":[{"href":"https:\/\/iit.ac.rs\/en\/wp-json\/wp\/v2\/media?parent=21279"}],"curies":[{"name":"wp","href":"https:\/\/api.w.org\/{rel}","templated":true}]}}