{"id":21293,"date":"2025-11-18T08:53:27","date_gmt":"2025-11-18T08:53:27","guid":{"rendered":"https:\/\/iit.ac.rs\/?page_id=21293"},"modified":"2026-03-04T11:07:53","modified_gmt":"2026-03-04T11:07:53","slug":"katarina-viri%d1%98evic","status":"publish","type":"page","link":"https:\/\/iit.ac.rs\/en\/katarina-viri%d1%98evic\/","title":{"rendered":"Katarina Virijevi\u0107"},"content":{"rendered":"<div data-elementor-type=\"wp-page\" data-elementor-id=\"21293\" class=\"elementor elementor-21293\">\n\t\t\t\t<div class=\"elementor-element elementor-element-4ce834d e-flex e-con-boxed e-con e-parent\" data-id=\"4ce834d\" data-element_type=\"container\">\n\t\t\t\t\t<div class=\"e-con-inner\">\n\t\t\t\t<div class=\"elementor-element elementor-element-9c77f49 elementor-widget elementor-widget-html\" data-id=\"9c77f49\" data-element_type=\"widget\" data-widget_type=\"html.default\">\n\t\t\t\t\t<div class=\"iit-rp\" style=\"--accent:#07294DE8;\">\r\n\r\n  <!-- FOTO -->\r\n  <div class=\"photo\">\r\n    <img decoding=\"async\" src=\"https:\/\/iit.ac.rs\/wp-content\/uploads\/2025\/11\/KatarinaVirijevic.jpg\" alt=\"\u041a\u0430\u0442\u0430\u0440\u0438\u043d\u0430 \u0412\u0438\u0440\u0438\u0458\u0435\u0432\u0438\u045b\">\r\n  <\/div>\r\n\r\n  <!-- HEADER INFO -->\r\n  <div class=\"head\">\r\n    <h2>Katarina Virijevi\u0107<\/h2>\r\n\r\n    <div class=\"badges\">\r\n      <span class=\"badge\">Research assistant<\/span>\r\n      <span class=\"badge\">Master of Science in Chemistry - Environmental Protection \/ Master of Science in Biomedical Engineeringv<\/span>\r\n      <span class=\"badge\">Bioinformatics and applied biology<\/span>\r\n    <\/div>\r\n\r\n    <div class=\"meta\">\r\n      <div><b>Address:<\/b> Institute of Information Technologies Kragujevac, Liceja Kne\u017eevine Srbije 1A, 34000 Kragujevac.<\/div>\r\n      <div><b>Email:<\/b> katarina.virijevic@uni.kg.ac.rs<\/div>\r\n      <div><b>IBI:<\/b> BB382<\/div>\r\n    <\/div>\r\n\r\n    <!-- LINKOVI -->\r\n    <div class=\"ext\">\r\n\r\n      <a href=\"https:\/\/enauka.gov.rs\/cris\/rp\/rp01800\" target=\"_blank\">\r\n        <img decoding=\"async\" src=\"https:\/\/iit.ac.rs\/wp-content\/uploads\/2025\/11\/enauka.jpg\" alt=\"eNauka\">\r\n      <\/a>\r\n\r\n      <a href=\"https:\/\/scidar.kg.ac.rs\/browse?type=author&authority=631de5e7-2b6d-4b02-bf07-ed19cd1344ad\" target=\"_blank\">\r\n        <img decoding=\"async\" src=\"https:\/\/iit.ac.rs\/wp-content\/uploads\/2025\/11\/koc.jpg\" alt=\"SCIDAR\">\r\n      <\/a>\r\n\r\n      <a href=\"https:\/\/orcid.org\/0000-0003-2703-8829\" target=\"_blank\">\r\n        <img decoding=\"async\" src=\"https:\/\/iit.ac.rs\/wp-content\/uploads\/2025\/11\/orcid.jpg\" alt=\"ORCID\">\r\n      <\/a>\r\n\r\n      <a href=\"https:\/\/www.researchgate.net\/profile\/Katarina-Virijevic\" target=\"_blank\">\r\n        <img decoding=\"async\" src=\"https:\/\/iit.ac.rs\/wp-content\/uploads\/2025\/11\/rg.jpg\" alt=\"ResearchGate\">\r\n      <\/a>\r\n\r\n      <a href=\"https:\/\/www.linkedin.com\/in\/katarina-virijevic-a8959922b\/\" target=\"_blank\">\r\n        <img decoding=\"async\" src=\"https:\/\/iit.ac.rs\/wp-content\/uploads\/2025\/11\/linkedin.jpg\" alt=\"LinkedIn\">\r\n      <\/a>\r\n\r\n      <a href=\"https:\/\/www.scopus.com\/authid\/detail.uri?authorId=57224350688\" target=\"_blank\">\r\n        <img decoding=\"async\" src=\"https:\/\/iit.ac.rs\/wp-content\/uploads\/2025\/11\/scopus.jpg\" alt=\"Scopus\">\r\n      <\/a>\r\n\r\n    <\/div>\r\n\r\n    <!-- DUGMAD -->\r\n    <div class=\"actions\">\r\n\r\n      <!-- \u041e\u0412\u0414\u0415 \u0421\u0418 \u041e\u0421\u0422\u0410\u0412\u0418\u041e \u041f\u0420\u0410\u0417\u0410\u041d \u041f\u0420\u041e\u0421\u0422\u041e\u0420 \u0417\u0410 \u0421\u0420\u041f\u0421\u041a\u0418 CV -->\r\n      <a class=\"btn\" href=\"#\" target=\"_blank\">\r\n        <span class=\"ico\">\ud83d\udcc4<\/span> CV - Serbian\r\n      <\/a>\r\n\r\n      <a class=\"btn\" href=\"https:\/\/iit.ac.rs\/wp-content\/uploads\/2025\/11\/KV-Biography-english.pdf\" target=\"_blank\">\r\n        <span class=\"ico\">\ud83d\udcc4<\/span> CV \u2013 English\r\n      <\/a>\r\n\r\n    <\/div>\r\n\r\n  <\/div>\r\n\r\n  <!-- SECTIONS -->\r\n  <div class=\"card\">\r\n    <div class=\"accordion\">\r\n\r\n      <!-- Opis -->\r\n      <details open>\r\n        <summary>Brief description of the research<\/summary>\r\n\r\n        <div class=\"content\">\r\n\r\n          <p>\r\n            Katarina Virijevi\u0107's research focuses on the synthesis and characterization of biologically active derivatives of\n2-thiohydantoin, as well as on the investigation of their various biological activities.\r\n          <\/p>\r\n\r\n          <p>\r\n            The experimental part includes the synthesis and analysis of several series of molecular hybrids of 2-thiohydantoin, including\nspectral and crystallographic data, as well as biological, theoretical and spectroscopic investigations.\r\n          <\/p>\r\n\r\n          <p>\r\n            The interaction of newly synthesized compounds with DNA, BSA and HSA proteins is also investigated.\nBinding to DNA is analyzed by UV-Vis and fluorescence spectroscopy, based on which\nbinding constants and mechanisms are determined.\r\n          <\/p>\r\n\r\n        <\/div>\r\n\r\n      <\/details>\r\n\r\n      <!-- Reference -->\r\n      <details>\r\n        <summary>Selected references<\/summary>\r\n\r\n        <div class=\"content\">\r\n          <ol class=\"refs\">\r\n\r\n            <li>\r\n              Virijevi\u0107 K. D., Stani\u0107 P., Mu\u0161kinja J. M., Katani\u0107 Stankovi\u0107 J., ...  \r\n              <i>Synthesis and biological activity of novel zingerone-thiohydantoin hybrids<\/i>,  \r\n              Journal of the Serbian Chemical Society (2022).  \r\n              DOI: 10.2298\/JSC220404047V\r\n            <\/li>\r\n\r\n            <li>\r\n              Petrovi\u0107 A. Z., \u0106o\u0107i\u0107 D. C., Bockfeld D., \u017divanovi\u0107 M.,  \r\n              <b>Virijevi\u0107 K.<\/b>, et al.,  \r\n              <i>Biological activity of Os(II) complexes in the presence of ionic liquids<\/i>,  \r\n              Inorganic Chemistry Frontiers 8 (2021) 2749\u20132770.  \r\n              DOI: 1039\/D0QI01540G\r\n            <\/li>\r\n\r\n            <li>\r\n              \u0160ekli\u0107 D. \u0160., Jovanovi\u0107 M. M., Virijevi\u0107 K. D., ...  \r\n              <i>Pseudevernia furfuracea inhibits migration and invasion...<\/i>,  \r\n              Journal of Ethnopharmacology 284 (2022) 114758.  \r\n              DOI: 10.1016\/j.jep.2021.114758\r\n            <\/li>\r\n\r\n          <\/ol>\r\n        <\/div>\r\n\r\n      <\/details>\r\n\r\n    <\/div>\r\n  <\/div>\r\n\r\n<\/div>\r\n\t\t\t\t<\/div>\n\t\t\t\t\t<\/div>\n\t\t\t\t<\/div>\n\t\t\t\t<\/div>","protected":false},"excerpt":{"rendered":"<p>\u041a\u0430\u0442\u0430\u0440\u0438\u043d\u0430 \u0412\u0438\u0440\u0438\u0458\u0435\u0432\u0438\u045b \u0418\u0441\u0442\u0440\u0430\u0436\u0438\u0432\u0430\u0447 \u0441\u0430\u0440\u0430\u0434\u043d\u0438\u043a \u041c\u0430\u0441\u0442\u0435\u0440 \u0445\u0435\u043c\u0438\u0447\u0430\u0440 \u2013 \u0437\u0430\u0448\u0442\u0438\u0442\u0430 \u0436\u0438\u0432\u043e\u0442\u043d\u0435 \u0441\u0440\u0435\u0434\u0438\u043d\u0435 \/ \u041c\u0430\u0441\u0442\u0435\u0440 \u0438\u043d\u0436. \u0431\u0438\u043e\u043c\u0435\u0434. \u0438\u043d\u0436\u0435\u045a\u0435\u0440\u0441\u0442\u0432\u0430 \u0411\u0438\u043e\u0438\u043d\u0444\u043e\u0440\u043c\u0430\u0442\u0438\u043a\u0430 \u0438 \u043f\u0440\u0438\u043c\u0435\u045a\u0435\u043d\u0430 \u0431\u0438\u043e\u043b\u043e\u0433\u0438\u0458\u0430 \u0410\u0434\u0440\u0435\u0441\u0430: \u0418\u043d\u0441\u0442\u0438\u0442\u0443\u0442 \u0437\u0430 \u0438\u043d\u0444\u043e\u0440\u043c\u0430\u0446\u0438\u043e\u043d\u0435 \u0442\u0435\u0445\u043d\u043e\u043b\u043e\u0433\u0438\u0458\u0435 \u041a\u0440\u0430\u0433\u0443\u0458\u0435\u0432\u0430\u0446, \u041b\u0438\u0446\u0435\u0458\u0430 \u041a\u043d\u0435\u0436\u0435\u0432\u0438\u043d\u0435 \u0421\u0440\u0431\u0438\u0458\u0435 1\u0410, 34000 \u041a\u0440\u0430\u0433\u0443\u0458\u0435\u0432\u0430\u0446. \u0415-\u043f\u043e\u0448\u0442\u0430: katarina.virijevic@uni.kg.ac.rs \u0418\u0411\u0418: BB382 \ud83d\udcc4 CV \u2013 \u0421\u0440\u043f\u0441\u043a\u0438 \ud83d\udcc4 CV \u2013 English \u041a\u0440\u0430\u0442\u0430\u043a \u043e\u043f\u0438\u0441 \u0438\u0441\u0442\u0440\u0430\u0436\u0438\u0432\u0430\u045a\u0430 \u0418\u0441\u0442\u0440\u0430\u0436\u0438\u0432\u0430\u045a\u0430 \u041a\u0430\u0442\u0430\u0440\u0438\u043d\u0435 \u0412\u0438\u0440\u0438\u0458\u0435\u0432\u0438\u045b \u0444\u043e\u043a\u0443\u0441\u0438\u0440\u0430\u043d\u0430 \u0441\u0443 \u043d\u0430 \u0441\u0438\u043d\u0442\u0435\u0437\u0443 \u0438 \u043a\u0430\u0440\u0430\u043a\u0442\u0435\u0440\u0438\u0437\u0430\u0446\u0438\u0458\u0443&#8230;<\/p>","protected":false},"author":1,"featured_media":0,"parent":0,"menu_order":0,"comment_status":"closed","ping_status":"closed","template":"","meta":{"_eb_attr":"","footnotes":""},"class_list":["post-21293","page","type-page","status-publish","hentry"],"_links":{"self":[{"href":"https:\/\/iit.ac.rs\/en\/wp-json\/wp\/v2\/pages\/21293","targetHints":{"allow":["GET"]}}],"collection":[{"href":"https:\/\/iit.ac.rs\/en\/wp-json\/wp\/v2\/pages"}],"about":[{"href":"https:\/\/iit.ac.rs\/en\/wp-json\/wp\/v2\/types\/page"}],"author":[{"embeddable":true,"href":"https:\/\/iit.ac.rs\/en\/wp-json\/wp\/v2\/users\/1"}],"replies":[{"embeddable":true,"href":"https:\/\/iit.ac.rs\/en\/wp-json\/wp\/v2\/comments?post=21293"}],"version-history":[{"count":4,"href":"https:\/\/iit.ac.rs\/en\/wp-json\/wp\/v2\/pages\/21293\/revisions"}],"predecessor-version":[{"id":21298,"href":"https:\/\/iit.ac.rs\/en\/wp-json\/wp\/v2\/pages\/21293\/revisions\/21298"}],"wp:attachment":[{"href":"https:\/\/iit.ac.rs\/en\/wp-json\/wp\/v2\/media?parent=21293"}],"curies":[{"name":"wp","href":"https:\/\/api.w.org\/{rel}","templated":true}]}}