{"id":21299,"date":"2025-11-18T08:59:30","date_gmt":"2025-11-18T08:59:30","guid":{"rendered":"https:\/\/iit.ac.rs\/?page_id=21299"},"modified":"2026-03-04T11:08:13","modified_gmt":"2026-03-04T11:08:13","slug":"ana-miric","status":"publish","type":"page","link":"https:\/\/iit.ac.rs\/en\/ana-miric\/","title":{"rendered":"Ana Miri\u0107"},"content":{"rendered":"<div data-elementor-type=\"wp-page\" data-elementor-id=\"21299\" class=\"elementor elementor-21299\">\n\t\t\t\t<div class=\"elementor-element elementor-element-53c492d e-flex e-con-boxed e-con e-parent\" data-id=\"53c492d\" data-element_type=\"container\">\n\t\t\t\t\t<div class=\"e-con-inner\">\n\t\t\t\t<div class=\"elementor-element elementor-element-1805145 elementor-widget elementor-widget-html\" data-id=\"1805145\" data-element_type=\"widget\" data-widget_type=\"html.default\">\n\t\t\t\t\t<div class=\"iit-rp\" style=\"--accent:#07294DE8;\">\r\n\r\n  <!-- FOTO -->\r\n  <div class=\"photo\">\r\n    <img decoding=\"async\" src=\"https:\/\/iit.ac.rs\/wp-content\/uploads\/2025\/11\/AnaMiric.jpg\" alt=\"\u0410\u043d\u0430 \u041c\u0438\u0440\u0438\u045b\">\r\n  <\/div>\r\n\r\n  <!-- HEADER INFO -->\r\n  <div class=\"head\">\r\n    <h2>Ana Miri\u0107<\/h2>\r\n\r\n    <div class=\"badges\">\r\n      <span class=\"badge\">Research assistant<\/span>\r\n      <span class=\"badge\">Master of Pharmacy \/ Specialist in Pharmacotherapy \/ Master of Biomedical Engineering<\/span>\r\n      <span class=\"badge\">Bioengineering<\/span>\r\n    <\/div>\r\n\r\n    <div class=\"meta\">\r\n      <div><b>Address:<\/b> Institute of Information Technologies Kragujevac, Liceja Kne\u017eevine Srbije 1A, 34000 Kragujevac.<\/div>\r\n      <div><b>Email:<\/b> ana.miric@uni.kg.ac.rs<\/div>\r\n    <\/div>\r\n\r\n    <!-- LINKOVI -->\r\n    <div class=\"ext\">\r\n\r\n      <a href=\"https:\/\/enauka.gov.rs\/cris\/rp\/rp31815\/dspaceitems.html\" target=\"_blank\">\r\n        <img decoding=\"async\" src=\"https:\/\/iit.ac.rs\/wp-content\/uploads\/2025\/11\/enauka.jpg\" alt=\"eNauka\">\r\n      <\/a>\r\n\r\n      <a href=\"https:\/\/scidar.kg.ac.rs\/bibliography?orcid=0000-000-2-4373-2864\" target=\"_blank\">\r\n        <img decoding=\"async\" src=\"https:\/\/iit.ac.rs\/wp-content\/uploads\/2025\/11\/koc.jpg\" alt=\"SCIDAR\">\r\n      <\/a>\r\n\r\n      <a href=\"https:\/\/orcid.org\/0000-0002-4373-2864\" target=\"_blank\">\r\n        <img decoding=\"async\" src=\"https:\/\/iit.ac.rs\/wp-content\/uploads\/2025\/11\/orcid.jpg\" alt=\"ORCID\">\r\n      <\/a>\r\n\r\n      <a href=\"https:\/\/www.researchgate.net\/profile\/Ana-Miric-2?ev=hdr_xprf\" target=\"_blank\">\r\n        <img decoding=\"async\" src=\"https:\/\/iit.ac.rs\/wp-content\/uploads\/2025\/11\/rg.jpg\" alt=\"ResearchGate\">\r\n      <\/a>\r\n\r\n      <a href=\"https:\/\/www.scopus.com\/authid\/detail.uri?authorId=57195991324\" target=\"_blank\">\r\n        <img decoding=\"async\" src=\"https:\/\/iit.ac.rs\/wp-content\/uploads\/2025\/11\/scopus.jpg\" alt=\"Scopus\">\r\n      <\/a>\r\n\r\n    <\/div>\r\n\r\n    <!-- DUGMAD -->\r\n    <div class=\"actions\">\r\n\r\n      <a class=\"btn\" href=\"https:\/\/iit.ac.rs\/wp-content\/uploads\/2025\/11\/Radna-biografija-Ana-Miric-1.docx\" target=\"_blank\">\r\n        <span class=\"ico\">\ud83d\udcc4<\/span> CV - Serbian\r\n      <\/a>\r\n\r\n      <a class=\"btn\" href=\"https:\/\/iit.ac.rs\/wp-content\/uploads\/2025\/11\/Biography-Ana-Miric-1.docx\" target=\"_blank\">\r\n        <span class=\"ico\">\ud83d\udcc4<\/span> CV \u2013 English\r\n      <\/a>\r\n\r\n    <\/div>\r\n\r\n  <\/div>\r\n\r\n  <!-- SECTIONS -->\r\n  <div class=\"card\">\r\n    <div class=\"accordion\">\r\n\r\n      <!-- Opis -->\r\n      <details open>\r\n        <summary>Brief description of the research<\/summary>\r\n\r\n        <div class=\"content\">\r\n\r\n          <p>\r\n            Ana Miri\u0107's research includes examining the association between genetic markers and genotypic traits\nusing single nucleotide polymorphism (SNP) analysis.\r\n          <\/p>\r\n\r\n          <p>\r\n            Further research focus is on studying molecular mechanisms in cancer cells within microfluidic\nsystems that mimic the tumor microenvironment. These systems are used to create 3D tumors on a chip in\nin vitro conditions, allowing for more detailed analysis of cell behavior.\r\n          <\/p>\r\n\r\n          <p>\r\n            An integral part of the research is the isolation of primary cell cultures directly from tissue, their cultivation,\nas well as characterization and assessment of behavior in in vitro conditions using immunofluorescence, gene and protein expression analysis and other modern methods.\r\n          <\/p>\r\n\r\n          <p>\r\n            Other research includes investigating the cytotoxic, pro-apoptotic, and redox effects of various\nsynthetic and natural substances, as well as developing innovative techniques for delivering therapeutics to specific\ntarget sites in the body. A particular focus is on 3D printed pharmaceutical forms and scaffolds for controlled\ndrug release and personalized therapy.\r\n          <\/p>\r\n\r\n        <\/div>\r\n\r\n      <\/details>\r\n\r\n      <!-- Reference -->\r\n      <details>\r\n        <summary>Selected references<\/summary>\r\n\r\n        <div class=\"content\">\r\n          <ol class=\"refs\">\r\n\r\n            <li>\r\n              Miri\u0107 A., Milivojevi\u0107 N.,  \r\n              <i>Intelligent Drug Delivery Systems<\/i>,  \r\n              \u0443: Filipovic N. (\u0443\u0440.) <i>Applied Artificial Intelligence: Medicine, Biology, Chemistry, Financial, Games, Engineering<\/i>,  \r\n              Lecture Notes in Networks and Systems, vol. 659, Springer, 2023.  \r\n              https:\/\/doi.org\/10.1007\/978-3-031-29717-5_21\r\n            <\/li>\r\n\r\n            <li>\r\n              \u017divanovi\u0107 M., Gazdi\u0107 Jankovi\u0107 M., Ramovi\u0107 Hamzagi\u0107 A., Virijevi\u0107 K., Milivojevi\u0107 N., Peci\u0107 K., \u0160ekli\u0107 D., \r\n              Jovanovi\u0107 M., Kastratovi\u0107 N., <b>Miri\u0107 A.<\/b>, et al.,  \r\n              <i>Combined Biological and Numerical Modeling Approach for Better Understanding of the Cancer Viability and Apoptosis<\/i>,  \r\n              Pharmaceutics, 2023, 15, 1628. https:\/\/doi.org\/10.3390\/pharmaceutics15061628\r\n            <\/li>\r\n\r\n            <li>\r\n              Brankovi\u0107 J., Mateji\u0107 V., Simijonovi\u0107 D., Vuki\u0107 M. D., Ka\u010d\u00e1niova M., \u017divanovi\u0107 M., \r\n              <b>Miri\u0107 A.<\/b>, Ko\u0161ari\u0107 J., Brankovi\u0107 M., Petrovi\u0107 V. P.,  \r\n              <i>Novel N-pyrocatechoyl and N-pyrogalloyl hydrazone antioxidants endowed with cytotoxic and antibacterial activity<\/i>,  \r\n              Arch. Pharm., 2024, e2300725. https:\/\/doi.org\/10.1002\/ardp.202300725\r\n            <\/li>\r\n\r\n            <li>\r\n              Papic M., Zivanovic S., Vucicevic T., Vuletic M., Papic M. V., Milivojevi\u0107 N., \r\n              <b>Miri\u0107 A.<\/b>, et al.,  \r\n              <i>Effects of direct pulp capping with recombinant human erythropoietin and\/or mineral trioxide aggregate on inflamed rat dental pulp<\/i>,  \r\n              Mol Cell Biochem, 2023. doi: 10.1007\/s11010-023-04868-z\r\n            <\/li>\r\n\r\n            <li>\r\n              Peri\u0107 A., <b>Miri\u0107 A.<\/b>, Ko\u0161ari\u0107 J., Milivojevi\u0107 N., \u017divanovi\u0107 M., \u0106i\u0107ari\u0107 N., Arsenijevi\u0107 P.,  \r\n              <i>Expression of proapoptotic-antiapoptotic genes in malignant, borderline and benign ovarian tumors<\/i>,  \r\n              Kragujevac Journal of Science, 2023, 45, 121\u2013128. doi: 10.5937\/KgJSci2345121P\r\n            <\/li>\r\n\r\n          <\/ol>\r\n        <\/div>\r\n\r\n      <\/details>\r\n\r\n    <\/div>\r\n  <\/div>\r\n\r\n<\/div>\r\n\t\t\t\t<\/div>\n\t\t\t\t\t<\/div>\n\t\t\t\t<\/div>\n\t\t\t\t<\/div>","protected":false},"excerpt":{"rendered":"<p>\u0410\u043d\u0430 \u041c\u0438\u0440\u0438\u045b \u0418\u0441\u0442\u0440\u0430\u0436\u0438\u0432\u0430\u0447 \u0441\u0430\u0440\u0430\u0434\u043d\u0438\u043a \u041c\u0430\u0433\u0438\u0441\u0442\u0430\u0440 \u0444\u0430\u0440\u043c\u0430\u0446\u0438\u0458\u0435 \/ \u0421\u043f\u0435\u0446\u0438\u0458\u0430\u043b\u0438\u0441\u0442\u0430 \u0444\u0430\u0440\u043c\u0430\u043a\u043e\u0442\u0435\u0440\u0430\u043f\u0438\u0458\u0435 \/ \u041c\u0430\u0441\u0442\u0435\u0440 \u0438\u043d\u0436. \u0431\u0438\u043e\u043c\u0435\u0434. \u0438\u043d\u0436\u0435\u045a\u0435\u0440\u0441\u0442\u0432\u0430 \u0411\u0438\u043e\u0438\u043d\u0436\u0435\u045a\u0435\u0440\u0438\u043d\u0433 \u0410\u0434\u0440\u0435\u0441\u0430: \u0418\u043d\u0441\u0442\u0438\u0442\u0443\u0442 \u0437\u0430 \u0438\u043d\u0444\u043e\u0440\u043c\u0430\u0446\u0438\u043e\u043d\u0435 \u0442\u0435\u0445\u043d\u043e\u043b\u043e\u0433\u0438\u0458\u0435 \u041a\u0440\u0430\u0433\u0443\u0458\u0435\u0432\u0430\u0446, \u041b\u0438\u0446\u0435\u0458\u0430 \u041a\u043d\u0435\u0436\u0435\u0432\u0438\u043d\u0435 \u0421\u0440\u0431\u0438\u0458\u0435 1\u0410, 34000 \u041a\u0440\u0430\u0433\u0443\u0458\u0435\u0432\u0430\u0446. \u0415-\u043f\u043e\u0448\u0442\u0430: ana.miric@uni.kg.ac.rs \ud83d\udcc4 CV \u2013 \u0421\u0440\u043f\u0441\u043a\u0438 \ud83d\udcc4 CV \u2013 English \u041a\u0440\u0430\u0442\u0430\u043a \u043e\u043f\u0438\u0441 \u0438\u0441\u0442\u0440\u0430\u0436\u0438\u0432\u0430\u045a\u0430 \u0418\u0441\u0442\u0440\u0430\u0436\u0438\u0432\u0430\u045a\u0430 \u0410\u043d\u0435 \u041c\u0438\u0440\u0438\u045b \u043e\u0431\u0443\u0445\u0432\u0430\u0442\u0430\u0458\u0443 \u0438\u0441\u043f\u0438\u0442\u0438\u0432\u0430\u045a\u0435 \u043f\u043e\u0432\u0435\u0437\u0430\u043d\u043e\u0441\u0442\u0438 \u0433\u0435\u043d\u0441\u043a\u0438\u0445 \u043c\u0430\u0440\u043a\u0435\u0440\u0430 \u0438 \u0433\u0435\u043d\u043e\u0442\u0438\u043f\u0441\u043a\u0438\u0445 \u043e\u0441\u043e\u0431\u0438\u043d\u0430 \u043f\u0440\u0438\u043c\u0435\u043d\u043e\u043c \u0430\u043d\u0430\u043b\u0438\u0437\u0435 \u043f\u043e\u043b\u0438\u043c\u043e\u0440\u0444\u0438\u0437\u0430\u043c\u0430 \u043f\u043e\u0458\u0435\u0434\u0438\u043d\u0430\u0447\u043d\u0438\u0445&#8230;<\/p>","protected":false},"author":1,"featured_media":0,"parent":0,"menu_order":0,"comment_status":"closed","ping_status":"closed","template":"","meta":{"_eb_attr":"","footnotes":""},"class_list":["post-21299","page","type-page","status-publish","hentry"],"_links":{"self":[{"href":"https:\/\/iit.ac.rs\/en\/wp-json\/wp\/v2\/pages\/21299","targetHints":{"allow":["GET"]}}],"collection":[{"href":"https:\/\/iit.ac.rs\/en\/wp-json\/wp\/v2\/pages"}],"about":[{"href":"https:\/\/iit.ac.rs\/en\/wp-json\/wp\/v2\/types\/page"}],"author":[{"embeddable":true,"href":"https:\/\/iit.ac.rs\/en\/wp-json\/wp\/v2\/users\/1"}],"replies":[{"embeddable":true,"href":"https:\/\/iit.ac.rs\/en\/wp-json\/wp\/v2\/comments?post=21299"}],"version-history":[{"count":4,"href":"https:\/\/iit.ac.rs\/en\/wp-json\/wp\/v2\/pages\/21299\/revisions"}],"predecessor-version":[{"id":21306,"href":"https:\/\/iit.ac.rs\/en\/wp-json\/wp\/v2\/pages\/21299\/revisions\/21306"}],"wp:attachment":[{"href":"https:\/\/iit.ac.rs\/en\/wp-json\/wp\/v2\/media?parent=21299"}],"curies":[{"name":"wp","href":"https:\/\/api.w.org\/{rel}","templated":true}]}}