{"id":21307,"date":"2025-11-18T09:03:07","date_gmt":"2025-11-18T09:03:07","guid":{"rendered":"https:\/\/iit.ac.rs\/?page_id=21307"},"modified":"2026-03-04T11:08:34","modified_gmt":"2026-03-04T11:08:34","slug":"emili%d1%98a-milovic","status":"publish","type":"page","link":"https:\/\/iit.ac.rs\/en\/emili%d1%98a-milovic\/","title":{"rendered":"Emilija Milovi\u0107"},"content":{"rendered":"<div data-elementor-type=\"wp-page\" data-elementor-id=\"21307\" class=\"elementor elementor-21307\">\n\t\t\t\t<div class=\"elementor-element elementor-element-613596f e-flex e-con-boxed e-con e-parent\" data-id=\"613596f\" data-element_type=\"container\">\n\t\t\t\t\t<div class=\"e-con-inner\">\n\t\t\t\t<div class=\"elementor-element elementor-element-0d0c0f9 elementor-widget elementor-widget-html\" data-id=\"0d0c0f9\" data-element_type=\"widget\" data-widget_type=\"html.default\">\n\t\t\t\t\t<div class=\"iit-rp\" style=\"--accent:#07294DE8;\">\r\n\r\n  <!-- FOTO -->\r\n  <div class=\"photo\">\r\n    <img decoding=\"async\" src=\"https:\/\/iit.ac.rs\/wp-content\/uploads\/2025\/11\/EmilijaMilovic.jpg\" alt=\"\u0415\u043c\u0438\u043b\u0438\u0458\u0430 \u041c\u0438\u043b\u043e\u0432\u0438\u045b\">\r\n  <\/div>\r\n\r\n  <!-- HEADER INFO -->\r\n  <div class=\"head\">\r\n    <h2>Emilija Milovi\u0107<\/h2>\r\n\r\n    <div class=\"badges\">\r\n      <span class=\"badge\">Research assistant<\/span>\r\n      <span class=\"badge\">Master chemist<\/span>\r\n      <span class=\"badge\">Bioorganic and bioinorganic chemistry<\/span>\r\n    <\/div>\r\n\r\n    <div class=\"meta\">\r\n      <div><b>Address:<\/b> Institute of Information Technology Kragujevac, Jovana Cviji\u0107a bb, 34000 Kragujevac.<\/div>\r\n      <div><b>Email:<\/b> emilija.milovic@pmf.kg.ac.rs<\/div>\r\n      <div><b>IBI:<\/b> AE102<\/div>\r\n    <\/div>\r\n\r\n    <!-- LINKOVI -->\r\n    <div class=\"ext\">\r\n\r\n      <a href=\"https:\/\/enauka.gov.rs\/cris\/rp\/rp06830\" target=\"_blank\">\r\n        <img decoding=\"async\" src=\"https:\/\/iit.ac.rs\/wp-content\/uploads\/2025\/11\/enauka.jpg\" alt=\"eNauka\">\r\n      <\/a>\r\n\r\n      <a href=\"https:\/\/scidar.kg.ac.rs\/simple-search?query=Emilija+Milovi\u0107\" target=\"_blank\">\r\n        <img decoding=\"async\" src=\"https:\/\/iit.ac.rs\/wp-content\/uploads\/2025\/11\/koc.jpg\" alt=\"SCIDAR\">\r\n      <\/a>\r\n\r\n      <a href=\"https:\/\/orcid.org\/0000-0002-4242-1562\" target=\"_blank\">\r\n        <img decoding=\"async\" src=\"https:\/\/iit.ac.rs\/wp-content\/uploads\/2025\/11\/orcid.jpg\" alt=\"ORCID\">\r\n      <\/a>\r\n\r\n      <a href=\"https:\/\/www.researchgate.net\/profile\/Emilija-Milovic?ev=hdr_xprf\" target=\"_blank\">\r\n        <img decoding=\"async\" src=\"https:\/\/iit.ac.rs\/wp-content\/uploads\/2025\/11\/rg.jpg\" alt=\"ResearchGate\">\r\n      <\/a>\r\n\r\n      <a href=\"https:\/\/www.linkedin.com\/in\/emilija-milovi%C4%87-40163a127\/\" target=\"_blank\">\r\n        <img decoding=\"async\" src=\"https:\/\/iit.ac.rs\/wp-content\/uploads\/2025\/11\/linkedin.jpg\" alt=\"LinkedIn\">\r\n      <\/a>\r\n\r\n      <a href=\"https:\/\/www.scopus.com\/authid\/detail.uri?authorId=57218543599\" target=\"_blank\">\r\n        <img decoding=\"async\" src=\"https:\/\/iit.ac.rs\/wp-content\/uploads\/2025\/11\/scopus.jpg\" alt=\"Scopus\">\r\n      <\/a>\r\n\r\n    <\/div>\r\n\r\n    <!-- DUGMAD -->\r\n    <div class=\"actions\">\r\n\r\n      <a class=\"btn\" href=\"https:\/\/iit.ac.rs\/wp-content\/uploads\/2025\/11\/\u0420\u0430\u0434\u043da-\u0431\u0438\u043e\u0433\u0440\u0430\u0444\u0438\u0458a-\u0415\u043c\u0438\u043b\u0438\u0458\u0430Milovic.docx\" target=\"_blank\">\r\n        <span class=\"ico\">\ud83d\udcc4<\/span> CV - Serbian\r\n      <\/a>\r\n\r\n      <a class=\"btn\" href=\"#\" target=\"_blank\">\r\n        <span class=\"ico\">\ud83d\udcc4<\/span> CV \u2013 English \r\n      <\/a>\r\n\r\n    <\/div>\r\n\r\n  <\/div>\r\n\r\n  <!-- SECTIONS -->\r\n  <div class=\"card\">\r\n    <div class=\"accordion\">\r\n\r\n      <!-- Opis -->\r\n      <details open>\r\n        <summary>Brief description of the research<\/summary>\r\n\r\n        <div class=\"content\">\r\n\r\n          <p>\r\n            Emilija Milovi\u0107 is engaged in the synthesis, characterization and investigation of the biological activities of\nselected aza-heterocyclic compounds. The focus is on the synthesis of tetrahydropyrimidines,\ntheir effects on cancer cell lines in vitro, as well as the investigation of\nmechanisms of action, pharmacokinetics and toxicity.\r\n          <\/p>\r\n\r\n          <p>\r\n            The research also includes examining the interactions of synthesized compounds with biomacromolecules\nsuch as DNA and serum albumin. In addition to anticancer activity, antimicrobial activity on various strains of bacteria and fungi is also analyzed.\r\n          <\/p>\r\n\r\n          <p>\r\n            In the synthesis process, special attention is paid to the application of the principles of green chemistry,\nsustainable methods and the elimination of the use of harmful solvents and catalysts.\nThe synthesis of new polymers based on tetrahydropyrimidine and the testing of\ntheir characteristics and potential applications are currently underway.\r\n          <\/p>\r\n\r\n        <\/div>\r\n\r\n      <\/details>\r\n\r\n      <!-- Reference -->\r\n      <details>\r\n        <summary>Selected references<\/summary>\r\n\r\n        <div class=\"content\">\r\n          <ol class=\"refs\">\r\n\r\n            <li>\r\n              \u0415. Milovi\u0107, N. Z. Jankovi\u0107, M. B. Vrane\u0161, S. Stefanovi\u0107, J. Petronijevi\u0107, N. Joksimovi\u0107, J. M. Mu\u0161kinja, Z. R. Ratkovi\u0107,  \r\n              <i>Green one-pot synthesis of pyrido-dipyrimidine DNA-base hybrids in water<\/i>,  \r\n              Chem. Lett. 19, 729\u2013736 (2021).  \r\n              DOI: 10.1007\/s10311-020-01076-9.\r\n            <\/li>\r\n\r\n            <li>\r\n              Emilija Milovi\u0107, N. Jankovi\u0107, G. A. Bogdanovi\u0107, J. Petronijevi\u0107, N. Joks\u0438\u043c\u043e\u0432\u0438\u045b,  \r\n              <i>On water synthesis of the novel 2-oxo-1,2,3,4-tetrahydropyrimidines<\/i>,  \r\n              Tetrahedron, 78, 131790 (2021). DOI: 10.1016\/j.tet.2020.131790.\r\n            <\/li>\r\n\r\n            <li>\r\n              \u0415. Milovi\u0107, N. Jankovi\u0107, J. Petronijevi\u0107, N. Joks\u0438\u043c\u043e\u0432\u0438\u045b, M. Kosani\u0107, T. Stanojkovi\u0107, I. Mati\u0107, N. Grozdani\u0107, O. Klisuri\u0107, S. Stefanovi\u0107,  \r\n              <i>Synthesis, Characterization, and Biological Evaluation of Tetrahydropyrimidines: Dual-Activity and Mechanism of Action<\/i>,  \r\n              Pharmaceutics 14, 2254 (2022). DOI: 10.3390\/pharmaceutics14102254.\r\n            <\/li>\r\n\r\n            <li>\r\n              Emilija Milovi\u0107, J. Petronijevi\u0107, N. Joks\u0438\u043c\u043e\u0432\u0438\u045b, M. Beljka\u0161, D. Ru\u017ei\u0107, K. Nikoli\u0107, M. Vrane\u0161, A. Tot, M. \u0110or\u0111i\u0107-Crnogorac,  \r\n              T. Stanojkovi\u0107, N. Jankovi\u0107,  \r\n              <i>Anticancer evaluation of the selected tetrahydropyrimidines: 3D-QSAR, cytotoxic activities, mechanism of action, DNA, and BSA interactions<\/i>,  \r\n              J. Mol. Struct. 1257 (2022). DOI: 10.1016\/j.molstruc.2022.132621.\r\n            <\/li>\r\n\r\n          <\/ol>\r\n        <\/div>\r\n\r\n      <\/details>\r\n\r\n    <\/div>\r\n  <\/div>\r\n\r\n<\/div>\r\n\t\t\t\t<\/div>\n\t\t\t\t\t<\/div>\n\t\t\t\t<\/div>\n\t\t\t\t<\/div>","protected":false},"excerpt":{"rendered":"<p>\u0415\u043c\u0438\u043b\u0438\u0458\u0430 \u041c\u0438\u043b\u043e\u0432\u0438\u045b \u0418\u0441\u0442\u0440\u0430\u0436\u0438\u0432\u0430\u0447 \u0441\u0430\u0440\u0430\u0434\u043d\u0438\u043a \u041c\u0430\u0441\u0442\u0435\u0440 \u0445\u0435\u043c\u0438\u0447\u0430\u0440 \u0411\u0438\u043e\u043e\u0440\u0433\u0430\u043d\u0441\u043a\u0430 \u0438 \u0431\u0438\u043e\u043d\u0435\u043e\u0440\u0433\u0430\u043d\u0441\u043a\u0430 \u0445\u0435\u043c\u0438\u0458\u0430 \u0410\u0434\u0440\u0435\u0441\u0430: \u0418\u043d\u0441\u0442\u0438\u0442\u0443\u0442 \u0437\u0430 \u0438\u043d\u0444\u043e\u0440\u043c\u0430\u0446\u0438\u043e\u043d\u0435 \u0442\u0435\u0445\u043d\u043e\u043b\u043e\u0433\u0438\u0458\u0435 \u041a\u0440\u0430\u0433\u0443\u0458\u0435\u0432\u0430\u0446, \u0408\u043e\u0432\u0430\u043d\u0430 \u0426\u0432\u0438\u0458\u0438\u045b\u0430 \u0431\u0431, 34000 \u041a\u0440\u0430\u0433\u0443\u0458\u0435\u0432\u0430\u0446. \u0415-\u043f\u043e\u0448\u0442\u0430: emilija.milovic@pmf.kg.ac.rs \u0418\u0411\u0418: AE102 \ud83d\udcc4 CV \u2013 \u0421\u0440\u043f\u0441\u043a\u0438 \ud83d\udcc4 CV \u2013 English \u041a\u0440\u0430\u0442\u0430\u043a \u043e\u043f\u0438\u0441 \u0438\u0441\u0442\u0440\u0430\u0436\u0438\u0432\u0430\u045a\u0430 \u0415\u043c\u0438\u043b\u0438\u0458\u0430 \u041c\u0438\u043b\u043e\u0432\u0438\u045b \u0441\u0435 \u0431\u0430\u0432\u0438 \u0441\u0438\u043d\u0442\u0435\u0437\u043e\u043c, \u043a\u0430\u0440\u0430\u043a\u0442\u0435\u0440\u0438\u0437\u0430\u0446\u0438\u0458\u043e\u043c \u0438 \u0438\u0441\u043f\u0438\u0442\u0438\u0432\u0430\u045a\u0435\u043c \u0431\u0438\u043e\u043b\u043e\u0448\u043a\u0438\u0445 \u0430\u043a\u0442\u0438\u0432\u043d\u043e\u0441\u0442\u0438 \u043e\u0434\u0430\u0431\u0440\u0430\u043d\u0438\u0445 \u0430\u0437\u0430-\u0445\u0435\u0442\u0435\u0440\u043e\u0446\u0438\u043a\u043b\u0438\u0447\u043d\u0438\u0445 \u0458\u0435\u0434\u0438\u045a\u0435\u045a\u0430. \u0424\u043e\u043a\u0443\u0441 \u0458\u0435 \u043d\u0430 \u0441\u0438\u043d\u0442\u0435\u0437\u0438 \u0442\u0435\u0442\u0440\u0430\u0445\u0438\u0434\u0440\u043e\u043f\u0438\u0440\u0438\u043c\u0438\u0434\u0438\u043d\u0430, \u045a\u0438\u0445\u043e\u0432\u043e\u043c&#8230;<\/p>","protected":false},"author":1,"featured_media":0,"parent":0,"menu_order":0,"comment_status":"closed","ping_status":"closed","template":"","meta":{"_eb_attr":"","footnotes":""},"class_list":["post-21307","page","type-page","status-publish","hentry"],"_links":{"self":[{"href":"https:\/\/iit.ac.rs\/en\/wp-json\/wp\/v2\/pages\/21307","targetHints":{"allow":["GET"]}}],"collection":[{"href":"https:\/\/iit.ac.rs\/en\/wp-json\/wp\/v2\/pages"}],"about":[{"href":"https:\/\/iit.ac.rs\/en\/wp-json\/wp\/v2\/types\/page"}],"author":[{"embeddable":true,"href":"https:\/\/iit.ac.rs\/en\/wp-json\/wp\/v2\/users\/1"}],"replies":[{"embeddable":true,"href":"https:\/\/iit.ac.rs\/en\/wp-json\/wp\/v2\/comments?post=21307"}],"version-history":[{"count":4,"href":"https:\/\/iit.ac.rs\/en\/wp-json\/wp\/v2\/pages\/21307\/revisions"}],"predecessor-version":[{"id":21312,"href":"https:\/\/iit.ac.rs\/en\/wp-json\/wp\/v2\/pages\/21307\/revisions\/21312"}],"wp:attachment":[{"href":"https:\/\/iit.ac.rs\/en\/wp-json\/wp\/v2\/media?parent=21307"}],"curies":[{"name":"wp","href":"https:\/\/api.w.org\/{rel}","templated":true}]}}