{"id":21313,"date":"2025-11-18T09:05:34","date_gmt":"2025-11-18T09:05:34","guid":{"rendered":"https:\/\/iit.ac.rs\/?page_id=21313"},"modified":"2026-03-04T11:07:14","modified_gmt":"2026-03-04T11:07:14","slug":"jelena-pavic","status":"publish","type":"page","link":"https:\/\/iit.ac.rs\/en\/jelena-pavic\/","title":{"rendered":"Dr Jelena Pavi\u0107"},"content":{"rendered":"<div data-elementor-type=\"wp-page\" data-elementor-id=\"21313\" class=\"elementor elementor-21313\">\n\t\t\t\t<div class=\"elementor-element elementor-element-1602607 e-flex e-con-boxed e-con e-parent\" data-id=\"1602607\" data-element_type=\"container\">\n\t\t\t\t\t<div class=\"e-con-inner\">\n\t\t\t\t<div class=\"elementor-element elementor-element-552d462 elementor-widget elementor-widget-html\" data-id=\"552d462\" data-element_type=\"widget\" data-widget_type=\"html.default\">\n\t\t\t\t\t<div class=\"iit-rp\" style=\"--accent:#07294DE8;\">\r\n\r\n  <!-- PHOTO -->\r\n  <div class=\"photo\">\r\n    <img decoding=\"async\" src=\"https:\/\/iit.ac.rs\/wp-content\/uploads\/2025\/11\/JelenaPavic.jpg\" alt=\"\u0408\u0435\u043b\u0435\u043d\u0430 \u041f\u0430\u0432\u0438\u045b\">\r\n  <\/div>\r\n\r\n  <!-- HEADER -->\r\n  <div class=\"head\">\r\n    <h2>\u0434\u0440 \u0408\u0435\u043b\u0435\u043d\u0430 \u041f\u0430\u0432\u0438\u045b<\/h2>\r\n\r\n    <div class=\"badges\">\r\n      <span class=\"badge\">Research associate<\/span>\r\n      <span class=\"badge\">Master biologist<\/span>\r\n      <span class=\"badge\">Bioinformatics and applied biology<\/span>\r\n    <\/div>\r\n\r\n    <div class=\"meta\">\r\n      <div><b>Address:<\/b> Institute of Information Technologies Kragujevac, Liceja Kne\u017eevine Srbije 1A, 34000 Kragujevac.<\/div>\r\n      <div><b>Email:<\/b> jelena.pavic@uni.kg.ac.rs<\/div>\r\n      <div><b>IBI:<\/b> AM818<\/div>\r\n    <\/div>\r\n\r\n    <!-- EXTERNAL LINKS -->\r\n    <div class=\"ext\">\r\n\r\n      <a href=\"https:\/\/enauka.gov.rs\/cris\/rp\/rp07977\" target=\"_blank\">\r\n        <img decoding=\"async\" src=\"https:\/\/iit.ac.rs\/wp-content\/uploads\/2025\/11\/enauka.jpg\" alt=\"eNauka\">\r\n      <\/a>\r\n\r\n      <a href=\"https:\/\/scidar.kg.ac.rs\/simple-search?location=%2F&query=jelena+pavic&rpp=10&sort_by=score&order=desc&filter_field_1=author&filter_type_1=authority&filter_value_1=49fa766e-b469-44a6-be05-a16247089f20\" target=\"_blank\">\r\n        <img decoding=\"async\" src=\"https:\/\/iit.ac.rs\/wp-content\/uploads\/2025\/11\/koc.jpg\" alt=\"SCIDAR\">\r\n      <\/a>\r\n\r\n      <a href=\"https:\/\/orcid.org\/0000-0002-5875-6906\" target=\"_blank\">\r\n        <img decoding=\"async\" src=\"https:\/\/iit.ac.rs\/wp-content\/uploads\/2025\/11\/orcid.jpg\" alt=\"ORCID\">\r\n      <\/a>\r\n\r\n      <a href=\"https:\/\/www.researchgate.net\/profile\/Jelena-Pavic?ev=hdr_xprf\" target=\"_blank\">\r\n        <img decoding=\"async\" src=\"https:\/\/iit.ac.rs\/wp-content\/uploads\/2025\/11\/rg.jpg\" alt=\"ResearchGate\">\r\n      <\/a>\r\n\r\n    <\/div>\r\n\r\n    <!-- DUGMAD -->\r\n    <div class=\"actions\">\r\n\r\n      <a class=\"btn\" href=\"https:\/\/iit.ac.rs\/wp-content\/uploads\/2025\/11\/Radna-biografija-Jelena-Pavic.docx\" target=\"_blank\">\r\n        <span class=\"ico\">\ud83d\udcc4<\/span> CV - Serbian\r\n      <\/a>\r\n\r\n      <a class=\"btn\" href=\"https:\/\/iit.ac.rs\/wp-content\/uploads\/2025\/11\/Biography-Pavic.docx\" target=\"_blank\">\r\n        <span class=\"ico\">\ud83d\udcc4<\/span> CV \u2013 English\r\n      <\/a>\r\n\r\n    <\/div>\r\n\r\n  <\/div>\r\n\r\n  <!-- CONTENT CARDS -->\r\n  <div class=\"card\">\r\n    <div class=\"accordion\">\r\n\r\n      <!-- DESCRIPTION -->\r\n      <details open>\r\n        <summary>Brief description of the research<\/summary>\r\n        <div class=\"content\">\r\n\r\n          <p>\r\n            The researcher is engaged in experimental work in the Laboratory of Bioinformatics and Applied Biology,\nwith a focus on cellular and molecular biology of cancer. Activities include preclinical\ntesting of bioactive substances of biological and synthetic origin.\r\n          <\/p>\r\n\r\n          <p>\r\n            She is trained to work in vitro on human and animal cell lines, using\nmethods of cell biology, molecular biology, genomics and proteomics.\r\n          <\/p>\r\n\r\n          <p>\r\n            Additionally, it analyzes blood samples from patients with cardiovascular diseases in order to isolate genetic material, monitor gene expression, and identify polymorphisms.\r\n          <\/p>\r\n          \r\n        <\/div>\r\n      <\/details>\r\n\r\n      <!-- REFERENCES -->\r\n      <details>\r\n        <summary>Selected references<\/summary>\r\n        <div class=\"content\">\r\n          <ol class=\"refs\">\r\n\r\n            <li>\r\n              N. Arsenijevic, D. Selakovic, J. S. Katanic Stankovic, V. Mihailovic, S. Mitrovic, J. Milenkovic, \r\n              P. Milanovic, M. Vasovic, S. D. Markovic, M. Zivanovic, J. Grujic, N. Jovicic, G. Rosic,  \r\n              <i>The Beneficial Role of Filipendula ulmaria Extract...<\/i>,  \r\n              Oxid. Med. Cell. Longev., 2021.  \r\n              DOI: 10.1155\/2021\/6670135\r\n            <\/li>\r\n\r\n            <li>\r\n              \u0160\u0435\u043a\u043b\u0438\u045b D. S., Jovanovi\u0107 M. M., Virijevi\u0107 K. D., Gruji\u0107 J. N., \u017divanovi\u0107 M. N., Markovi\u0107 S. D.,  \r\n              <i>Pseudevernia furfuracea inhibits migration and invasion of colorectal carcinoma cell lines<\/i>,  \r\n              Journal of Ethnopharmacology, 2021, 284:114758.\r\n            <\/li>\r\n\r\n          <\/ol>\r\n        <\/div>\r\n      <\/details>\r\n\r\n    <\/div>\r\n  <\/div>\r\n\r\n<\/div>\r\n\t\t\t\t<\/div>\n\t\t\t\t\t<\/div>\n\t\t\t\t<\/div>\n\t\t\t\t<\/div>","protected":false},"excerpt":{"rendered":"<p>\u0434\u0440 \u0408\u0435\u043b\u0435\u043d\u0430 \u041f\u0430\u0432\u0438\u045b \u041d\u0430\u0443\u0447\u043d\u0438 \u0441\u0430\u0440\u0430\u0434\u043d\u0438\u043a \u041c\u0430\u0441\u0442\u0435\u0440 \u0431\u0438\u043e\u043b\u043e\u0433 \u0411\u0438\u043e\u0438\u043d\u0444\u043e\u0440\u043c\u0430\u0442\u0438\u043a\u0430 \u0438 \u043f\u0440\u0438\u043c\u0435\u045a\u0435\u043d\u0430 \u0431\u0438\u043e\u043b\u043e\u0433\u0438\u0458\u0430 \u0410\u0434\u0440\u0435\u0441\u0430: \u0418\u043d\u0441\u0442\u0438\u0442\u0443\u0442 \u0437\u0430 \u0438\u043d\u0444\u043e\u0440\u043c\u0430\u0446\u0438\u043e\u043d\u0435 \u0442\u0435\u0445\u043d\u043e\u043b\u043e\u0433\u0438\u0458\u0435 \u041a\u0440\u0430\u0433\u0443\u0458\u0435\u0432\u0430\u0446, \u041b\u0438\u0446\u0435\u0458\u0430 \u041a\u043d\u0435\u0436\u0435\u0432\u0438\u043d\u0435 \u0421\u0440\u0431\u0438\u0458\u0435 1\u0410, 34000 \u041a\u0440\u0430\u0433\u0443\u0458\u0435\u0432\u0430\u0446. \u0415-\u043f\u043e\u0448\u0442\u0430: jelena.pavic@uni.kg.ac.rs \u0418\u0411\u0418: AM818 \ud83d\udcc4 CV \u2013 \u0421\u0440\u043f\u0441\u043a\u0438 \ud83d\udcc4 CV \u2013 English \u041a\u0440\u0430\u0442\u0430\u043a \u043e\u043f\u0438\u0441 \u0438\u0441\u0442\u0440\u0430\u0436\u0438\u0432\u0430\u045a\u0430 \u0418\u0441\u0442\u0440\u0430\u0436\u0438\u0432\u0430\u0447 \u0441\u0435 \u0431\u0430\u0432\u0438 \u0435\u043a\u0441\u043f\u0435\u0440\u0438\u043c\u0435\u043d\u0442\u0430\u043b\u043d\u0438\u043c \u0440\u0430\u0434\u043e\u043c \u0443 \u041b\u0430\u0431\u043e\u0440\u0430\u0442\u043e\u0440\u0438\u0458\u0438 \u0437\u0430 \u0431\u0438\u043e\u0438\u043d\u0444\u043e\u0440\u043c\u0430\u0442\u0438\u043a\u0443 \u0438 \u043f\u0440\u0438\u043c\u0435\u045a\u0435\u043d\u0443 \u0431\u0438\u043e\u043b\u043e\u0433\u0438\u0458\u0443, \u0441\u0430 \u0444\u043e\u043a\u0443\u0441\u043e\u043c \u043d\u0430 \u045b\u0435\u043b\u0438\u0458\u0441\u043a\u043e\u0458 \u0438&#8230;<\/p>","protected":false},"author":1,"featured_media":0,"parent":0,"menu_order":0,"comment_status":"closed","ping_status":"closed","template":"","meta":{"_eb_attr":"","footnotes":""},"class_list":["post-21313","page","type-page","status-publish","hentry"],"_links":{"self":[{"href":"https:\/\/iit.ac.rs\/en\/wp-json\/wp\/v2\/pages\/21313","targetHints":{"allow":["GET"]}}],"collection":[{"href":"https:\/\/iit.ac.rs\/en\/wp-json\/wp\/v2\/pages"}],"about":[{"href":"https:\/\/iit.ac.rs\/en\/wp-json\/wp\/v2\/types\/page"}],"author":[{"embeddable":true,"href":"https:\/\/iit.ac.rs\/en\/wp-json\/wp\/v2\/users\/1"}],"replies":[{"embeddable":true,"href":"https:\/\/iit.ac.rs\/en\/wp-json\/wp\/v2\/comments?post=21313"}],"version-history":[{"count":14,"href":"https:\/\/iit.ac.rs\/en\/wp-json\/wp\/v2\/pages\/21313\/revisions"}],"predecessor-version":[{"id":22436,"href":"https:\/\/iit.ac.rs\/en\/wp-json\/wp\/v2\/pages\/21313\/revisions\/22436"}],"wp:attachment":[{"href":"https:\/\/iit.ac.rs\/en\/wp-json\/wp\/v2\/media?parent=21313"}],"curies":[{"name":"wp","href":"https:\/\/api.w.org\/{rel}","templated":true}]}}