{"id":21317,"date":"2025-11-18T09:06:52","date_gmt":"2025-11-18T09:06:52","guid":{"rendered":"https:\/\/iit.ac.rs\/?page_id=21317"},"modified":"2026-03-04T11:09:59","modified_gmt":"2026-03-04T11:09:59","slug":"milos-pesic","status":"publish","type":"page","link":"https:\/\/iit.ac.rs\/en\/milos-pesic\/","title":{"rendered":"Milo\u0161 Pe\u0161i\u0107"},"content":{"rendered":"<div data-elementor-type=\"wp-page\" data-elementor-id=\"21317\" class=\"elementor elementor-21317\">\n\t\t\t\t<div class=\"elementor-element elementor-element-34d2452 e-flex e-con-boxed e-con e-parent\" data-id=\"34d2452\" data-element_type=\"container\">\n\t\t\t\t\t<div class=\"e-con-inner\">\n\t\t\t\t<div class=\"elementor-element elementor-element-4be4035 elementor-widget elementor-widget-html\" data-id=\"4be4035\" data-element_type=\"widget\" data-widget_type=\"html.default\">\n\t\t\t\t\t<div class=\"iit-rp\" style=\"--accent:#07294DE8;\">\r\n\r\n  <!-- PHOTO -->\r\n  <div class=\"photo\">\r\n    <img decoding=\"async\" src=\"https:\/\/iit.ac.rs\/wp-content\/uploads\/2025\/11\/mp.jpg\" alt=\"\u041c\u0438\u043b\u043e\u0448 \u041f\u0435\u0448\u0438\u045b\">\r\n  <\/div>\r\n\r\n  <!-- HEADER -->\r\n  <div class=\"head\">\r\n    <h2>Milo\u0161 Pe\u0161i\u0107<\/h2>\r\n\r\n    <div class=\"badges\">\r\n      <span class=\"badge\">Junior research\nassistant<\/span>\r\n      <span class=\"badge\">Master of Mechanical Engineering<\/span>\r\n      <span class=\"badge\">Application of information technologies in engineering<\/span>\r\n    <\/div>\r\n\r\n    <div class=\"meta\">\r\n      <div><b>Address:<\/b> Institute of Information Technologies Kragujevac, Liceja Kne\u017eevine Srbije 1A, 34000 Kragujevac.<\/div>\r\n      <div><b>Email:<\/b> milospesic@uni.kg.ac.rs<\/div>\r\n    <\/div>\r\n\r\n    <!-- EXTERNAL LINKS -->\r\n    <div class=\"ext\">\r\n\r\n      <a href=\"https:\/\/enauka.gov.rs\/cris\/rp\/rp23048\" target=\"_blank\">\r\n        <img decoding=\"async\" src=\"https:\/\/iit.ac.rs\/wp-content\/uploads\/2025\/11\/enauka.jpg\" alt=\"eNauka\">\r\n      <\/a>\r\n\r\n      <a href=\"https:\/\/scidar.kg.ac.rs\/simple-search?query=Milos+Pesic\" target=\"_blank\">\r\n        <img decoding=\"async\" src=\"https:\/\/iit.ac.rs\/wp-content\/uploads\/2025\/11\/koc.jpg\" alt=\"SCIDAR\">\r\n      <\/a>\r\n\r\n      <a href=\"https:\/\/orcid.org\/0000-0002-3405-5216\" target=\"_blank\">\r\n        <img decoding=\"async\" src=\"https:\/\/iit.ac.rs\/wp-content\/uploads\/2025\/11\/orcid.jpg\" alt=\"ORCID\">\r\n      <\/a>\r\n\r\n      <a href=\"https:\/\/www.researchgate.net\/profile\/Milos-Pesic-4?ev=hdr_xprf\" target=\"_blank\">\r\n        <img decoding=\"async\" src=\"https:\/\/iit.ac.rs\/wp-content\/uploads\/2025\/11\/rg.jpg\" alt=\"ResearchGate\">\r\n      <\/a>\r\n\r\n    <\/div>\r\n\r\n    <!-- CV DUGMAD -->\r\n    <div class=\"actions\">\r\n\r\n      <a class=\"btn\" href=\"https:\/\/iit.ac.rs\/wp-content\/uploads\/2025\/11\/Radna-biografija-Milos-Pesic-2023.docx\" target=\"_blank\">\r\n        <span class=\"ico\">\ud83d\udcc4<\/span> CV - Serbian\r\n      <\/a>\r\n\r\n      <a class=\"btn\" href=\"https:\/\/iit.ac.rs\/wp-content\/uploads\/2025\/11\/Biography-Milos-Pesic.pdf\" target=\"_blank\">\r\n        <span class=\"ico\">\ud83d\udcc4<\/span> CV \u2013 English\r\n      <\/a>\r\n\r\n    <\/div>\r\n\r\n  <\/div>\r\n\r\n  <!-- CONTENT -->\r\n  <div class=\"card\">\r\n    <div class=\"accordion\">\r\n\r\n      <!-- OPIS -->\r\n      <details open>\r\n        <summary>Brief description of the research<\/summary>\r\n        <div class=\"content\">\r\n\r\n          <p>\r\n            Milo\u0161 Pe\u0161i\u0107's research is focused on the development of devices and methodologies for experimental\ntesting of materials at different deformation rates, with a special emphasis on the behavior of\nmaterials at high deformation rates.\r\n          <\/p>\r\n\r\n          <p>\r\n            It deals with experimental testing of the influence of differently formed stress waves on the deformation of materials, as well as numerical and experimental testing of the effect of the shock wave of an explosion.\r\n          <\/p>\r\n\r\n          <p>\r\n            The area of \u200b\u200binterest includes both numerical and experimental testing of projectile penetration through a\nbarrier, as well as experimental determination of the critical ballistic velocity of the projectile.\r\n          <\/p>\r\n\r\n        <\/div>\r\n      <\/details>\r\n\r\n      <!-- \u0420\u0415\u0424\u0415\u0420\u0415\u041d\u0426\u0415 -->\r\n      <details>\r\n        <summary>Selected references<\/summary>\r\n        <div class=\"content\">\r\n          <ol class=\"refs\">\r\n\r\n            <li>\r\n              Milo\u0161 S. Pe\u0161i\u0107, Aleksandra B. \u017divkovi\u0107, Aleksa D. Ani\u010di\u0107, Lazar J. Blagojevi\u0107, \r\n              Petko M. Bonchev, Predrag R. Pantovi\u0107, \r\n              <i>Numerical analysis of a frontal impact of a 12.7 mm projectile on an armor plate<\/i>, \r\n              Vojnotehni\u010dki glasnik, Vol. 70, Issue 4, 2022, pp. 897\u2013923.  \r\n              DOI: 10.5937\/vojtehg70-38412. (M51)\r\n            <\/li>\r\n\r\n            <li>\r\n              Milo\u0161 Pe\u0161i\u0107, Nikola Jovi\u0107, Vladimir Milovanovi\u0107, Danilo Savi\u0107, Aleksa Ani\u010di\u0107, Miroslav \u017divkovi\u0107, \r\n              Slobodan Savi\u0107, \r\n              <i>FEM analysis of anti-mining protection of armored vehicles<\/i>, \r\n              Applied Engineering Letters, Vol. 7, No. 3\/4, 2022, pp. 89\u201399.  \r\n              DOI: 10.18485\/aeletters.2022.7.3.1. (M51)\r\n            <\/li>\r\n\r\n            <li>\r\n              Milo\u0161 Pe\u0161i\u0107, Nikola Jovi\u0107, Vladimir Milovanovi\u0107, Mladen Panti\u0107, Miroslav \u017divkovi\u0107, \r\n              <i>FE mesh density influence on blast loading analysis<\/i>, \r\n              9th International Congress Motor Vehicles &amp; Motors, Kragujevac, 2022, \r\n              ISBN 978-86-6335-096-0. (M33)\r\n            <\/li>\r\n\r\n            <li>\r\n              Milo\u0161 Pe\u0161i\u0107, Marko Miljakovi\u0107, Vladimir Ko\u010dovi\u0107, \u017divana Jovanovi\u0107 Pe\u0161i\u0107, Nikola Jovi\u0107, \r\n              Jasmina Miljojkovi\u0107, Aleksandar Bodi\u0107, \r\n              <i>Optimization and efficiency analysis of muzzle brake for sniper rifle<\/i>, \r\n              6th International Scientific Conference COMETa 2022, East Sarajevo, 2022, \r\n              pp. 518\u2013526, ISBN 978-99976-947-6-8. (M33)\r\n            <\/li>\r\n\r\n          <\/ol>\r\n        <\/div>\r\n      <\/details>\r\n\r\n    <\/div>\r\n  <\/div>\r\n\r\n<\/div>\r\n\t\t\t\t<\/div>\n\t\t\t\t\t<\/div>\n\t\t\t\t<\/div>\n\t\t\t\t<\/div>","protected":false},"excerpt":{"rendered":"<p>\u041c\u0438\u043b\u043e\u0448 \u041f\u0435\u0448\u0438\u045b \u0418\u0441\u0442\u0440\u0430\u0436\u0438\u0432\u0430\u0447 \u043f\u0440\u0438\u043f\u0440\u0430\u0432\u043d\u0438\u043a \u041c\u0430\u0441\u0442\u0435\u0440 \u0438\u043d\u0436\u0435\u045a\u0435\u0440 \u043c\u0430\u0448\u0438\u043d\u0441\u0442\u0432\u0430 \u041f\u0440\u0438\u043c\u0435\u043d\u0430 \u0438\u043d\u0444\u043e\u0440\u043c\u0430\u0446\u0438\u043e\u043d\u0438\u0445 \u0442\u0435\u0445\u043d\u043e\u043b\u043e\u0433\u0438\u0458\u0430 \u0443 \u0438\u043d\u0436\u0435\u045a\u0435\u0440\u0441\u0442\u0432\u0443 \u0410\u0434\u0440\u0435\u0441\u0430: \u0418\u043d\u0441\u0442\u0438\u0442\u0443\u0442 \u0437\u0430 \u0438\u043d\u0444\u043e\u0440\u043c\u0430\u0446\u0438\u043e\u043d\u0435 \u0442\u0435\u0445\u043d\u043e\u043b\u043e\u0433\u0438\u0458\u0435 \u041a\u0440\u0430\u0433\u0443\u0458\u0435\u0432\u0430\u0446, \u041b\u0438\u0446\u0435\u0458\u0430 \u041a\u043d\u0435\u0436\u0435\u0432\u0438\u043d\u0435 \u0421\u0440\u0431\u0438\u0458\u0435 1\u0410, 34000 \u041a\u0440\u0430\u0433\u0443\u0458\u0435\u0432\u0430\u0446. \u0415-\u043f\u043e\u0448\u0442\u0430: milospesic@uni.kg.ac.rs \ud83d\udcc4 CV \u2013 \u0421\u0440\u043f\u0441\u043a\u0438 \ud83d\udcc4 CV \u2013 English \u041a\u0440\u0430\u0442\u0430\u043a \u043e\u043f\u0438\u0441 \u0438\u0441\u0442\u0440\u0430\u0436\u0438\u0432\u0430\u045a\u0430 \u0418\u0441\u0442\u0440\u0430\u0436\u0438\u0432\u0430\u045a\u0430 \u041c\u0438\u043b\u043e\u0448\u0430 \u041f\u0435\u0448\u0438\u045b\u0430 \u0443\u0441\u043c\u0435\u0440\u0435\u043d\u0430 \u0441\u0443 \u043d\u0430 \u0440\u0430\u0437\u0432\u043e\u0458 \u0443\u0440\u0435\u0452\u0430\u0458\u0430 \u0438 \u043c\u0435\u0442\u043e\u0434\u043e\u043b\u043e\u0433\u0438\u0458\u0430 \u0437\u0430 \u0435\u043a\u0441\u043f\u0435\u0440\u0438\u043c\u0435\u043d\u0442\u0430\u043b\u043d\u043e \u0438\u0441\u043f\u0438\u0442\u0438\u0432\u0430\u045a\u0435 \u043c\u0430\u0442\u0435\u0440\u0438\u0458\u0430\u043b\u0430 \u043f\u0440\u0438 \u0440\u0430\u0437\u043b\u0438\u0447\u0438\u0442\u0438\u043c \u0431\u0440\u0437\u0438\u043d\u0430\u043c\u0430 \u0434\u0435\u0444\u043e\u0440\u043c\u0430\u0446\u0438\u0458\u0435,&#8230;<\/p>","protected":false},"author":1,"featured_media":0,"parent":0,"menu_order":0,"comment_status":"closed","ping_status":"closed","template":"","meta":{"_eb_attr":"","footnotes":""},"class_list":["post-21317","page","type-page","status-publish","hentry"],"_links":{"self":[{"href":"https:\/\/iit.ac.rs\/en\/wp-json\/wp\/v2\/pages\/21317","targetHints":{"allow":["GET"]}}],"collection":[{"href":"https:\/\/iit.ac.rs\/en\/wp-json\/wp\/v2\/pages"}],"about":[{"href":"https:\/\/iit.ac.rs\/en\/wp-json\/wp\/v2\/types\/page"}],"author":[{"embeddable":true,"href":"https:\/\/iit.ac.rs\/en\/wp-json\/wp\/v2\/users\/1"}],"replies":[{"embeddable":true,"href":"https:\/\/iit.ac.rs\/en\/wp-json\/wp\/v2\/comments?post=21317"}],"version-history":[{"count":4,"href":"https:\/\/iit.ac.rs\/en\/wp-json\/wp\/v2\/pages\/21317\/revisions"}],"predecessor-version":[{"id":21342,"href":"https:\/\/iit.ac.rs\/en\/wp-json\/wp\/v2\/pages\/21317\/revisions\/21342"}],"wp:attachment":[{"href":"https:\/\/iit.ac.rs\/en\/wp-json\/wp\/v2\/media?parent=21317"}],"curies":[{"name":"wp","href":"https:\/\/api.w.org\/{rel}","templated":true}]}}