{"id":21330,"date":"2025-11-18T09:09:59","date_gmt":"2025-11-18T09:09:59","guid":{"rendered":"https:\/\/iit.ac.rs\/?page_id=21330"},"modified":"2026-03-04T13:35:07","modified_gmt":"2026-03-04T13:35:07","slug":"de%d1%98an-arseni%d1%98evic","status":"publish","type":"page","link":"https:\/\/iit.ac.rs\/en\/de%d1%98an-arseni%d1%98evic\/","title":{"rendered":"Dejan Arsenijevi\u0107"},"content":{"rendered":"<div data-elementor-type=\"wp-page\" data-elementor-id=\"21330\" class=\"elementor elementor-21330\">\n\t\t\t\t<div class=\"elementor-element elementor-element-0acf126 e-flex e-con-boxed e-con e-parent\" data-id=\"0acf126\" data-element_type=\"container\">\n\t\t\t\t\t<div class=\"e-con-inner\">\n\t\t\t\t<div class=\"elementor-element elementor-element-27a77ab elementor-widget elementor-widget-html\" data-id=\"27a77ab\" data-element_type=\"widget\" data-widget_type=\"html.default\">\n\t\t\t\t\t<div class=\"iit-rp\" style=\"--accent:#07294DE8;\">\r\n\r\n  <!-- PHOTO -->\r\n  <div class=\"photo\">\r\n    <img decoding=\"async\" src=\"https:\/\/iit.ac.rs\/wp-content\/uploads\/2025\/11\/Deki300.jpg\" alt=\"\u0414\u0435\u0458\u0430\u043d \u0410\u0440\u0441\u0435\u043d\u0438\u0458\u0435\u0432\u0438\u045b\">\r\n  <\/div>\r\n\r\n  <!-- HEADER -->\r\n  <div class=\"head\">\r\n    <h2>Dejan Arsenijevi\u0107<\/h2>\r\n\r\n    <div class=\"badges\">\r\n      <span class=\"badge\">Research assistant<\/span>\r\n      <span class=\"badge\">Master of Science in Biology \u2013 Molecular Biology<\/span>\r\n      <span class=\"badge\">Bioinformatics and applied biology<\/span>\r\n    <\/div>\r\n\r\n    <div class=\"meta\">\r\n      <div><b>Address:<\/b> Institute of Information Technologies Kragujevac, Liceja Kne\u017eevine Srbije 1A, 34000 Kragujevac.<\/div>\r\n      <div><b>Email:<\/b> dejan.arsenijevic@uni.kg.ac.rs<\/div>\r\n    <\/div>\r\n\r\n    <!-- EXTERNAL LINKS -->\r\n    <div class=\"ext\">\r\n\r\n      <a href=\"https:\/\/enauka.gov.rs\/cris\/rp\/rp33871\" target=\"_blank\">\r\n        <img decoding=\"async\" src=\"https:\/\/iit.ac.rs\/wp-content\/uploads\/2025\/11\/enauka.jpg\" alt=\"eNauka\">\r\n      <\/a>\r\n\r\n      <a href=\"https:\/\/scidar.kg.ac.rs\/bibliography?orcid=0000-0003-3070-1177\" target=\"_blank\">\r\n        <img decoding=\"async\" src=\"https:\/\/iit.ac.rs\/wp-content\/uploads\/2025\/11\/koc.jpg\" alt=\"SCIDAR\">\r\n      <\/a>\r\n\r\n      <a href=\"https:\/\/orcid.org\/0000-0003-3070-1177\" target=\"_blank\">\r\n        <img decoding=\"async\" src=\"https:\/\/iit.ac.rs\/wp-content\/uploads\/2025\/11\/orcid.jpg\" alt=\"ORCID\">\r\n      <\/a>\r\n\r\n      <a href=\"https:\/\/www.researchgate.net\/profile\/Dejan-Arsenijevic-2?ev=hdr_xprf\" target=\"_blank\">\r\n        <img decoding=\"async\" src=\"https:\/\/iit.ac.rs\/wp-content\/uploads\/2025\/11\/rg.jpg\" alt=\"ResearchGate\">\r\n      <\/a>\r\n\r\n      <a href=\"https:\/\/www.linkedin.com\/in\/dejan-arsenijevi%C4%87-8810a025a\/\" target=\"_blank\">\r\n        <img decoding=\"async\" src=\"https:\/\/iit.ac.rs\/wp-content\/uploads\/2025\/11\/linkedin.jpg\" alt=\"LinkedIn\">\r\n      <\/a>\r\n\r\n      <a href=\"https:\/\/www.scopus.com\/authid\/detail.uri?authorId=58791334300\" target=\"_blank\">\r\n        <img decoding=\"async\" src=\"https:\/\/iit.ac.rs\/wp-content\/uploads\/2025\/11\/scopus.jpg\" alt=\"Scopus\">\r\n      <\/a>\r\n\r\n    <\/div>\r\n\r\n    <!-- CV LINKS -->\r\n    <div class=\"actions\">\r\n\r\n      <a class=\"btn\" href=\"https:\/\/iit.ac.rs\/wp-content\/uploads\/2025\/11\/Radna-biografija-Dejan-Arsenijevic.docx\" target=\"_blank\">\r\n        <span class=\"ico\">\ud83d\udcc4<\/span> CV - Serbian\r\n      <\/a>\r\n\r\n      <a class=\"btn\" href=\"https:\/\/iit.ac.rs\/wp-content\/uploads\/2025\/11\/Biography-Dejan-Arsenijevic.docx\" target=\"_blank\">\r\n        <span class=\"ico\">\ud83d\udcc4<\/span> CV \u2013 English\r\n      <\/a>\r\n\r\n    <\/div>\r\n\r\n  <\/div>\r\n\r\n  <!-- CONTENT -->\r\n  <div class=\"card\">\r\n    <div class=\"accordion\">\r\n\r\n      <!-- OPIS -->\r\n      <details open>\r\n        <summary>Brief description of the research<\/summary>\r\n        <div class=\"content\">\r\n\r\n          <p>\r\n            Dejan Arsenijevic's research focuses on co-cultures, probiotics, and the anticancer effects of probiotic strains,\nwith a special emphasis on epithelial-mesenchymal transition (EMT) mechanisms and combination therapy. \r\n          <\/p>\r\n\r\n          <p>\r\n            In the coming period, the development of more complex 3D model systems, such as spheroids,\nas well as work on immortalized colorectal cancer cell lines is planned.\r\n          <\/p>\r\n\r\n          <p>\r\n            The researcher plans to specialize in bioinformatics tools and acquire the basics of programming in Python,\nwith the aim of integrating experimental and computational approaches.\r\n          <\/p>\r\n\r\n        <\/div>\r\n      <\/details>\r\n\r\n      <!-- REFERENCES -->\r\n      <details>\r\n        <summary>Selected references<\/summary>\r\n        <div class=\"content\">\r\n          <ol class=\"refs\">\r\n\r\n            <li>\r\n              Arsenijevi\u0107 D, Blagojevi\u0107 S, Planojevi\u0107 N, Nikezi\u0107 A, Vidanovi\u0107 D, Milosavljevi\u0107 N, Markovi\u0107 S.  \r\n              <i>DNA-based molecular identification of Urnula mediterranea...<\/i>  \r\n              Kragujevac Journal of Science, 2021; 43: 53\u201362.  \r\n              DOI: 10.5937\/KgJSci2143053A. (M24)\r\n            <\/li>\r\n\r\n            <li>\r\n              Arsenijevi\u0107 D, Jovanovi\u0107 M, Peci\u0107 K, Grujovi\u0107 M, Markovi\u0107 K, \u0160ekli\u0107 D.  \r\n              <i>Effects of Laetiporus sulphureus on Viability of HeLa Cells in Co-Culture System...<\/i>  \r\n              Biology and Life Sciences Forum, 2022; 18(1):69.  \r\n              DOI: 10.3390\/Foods2022-13028. (M33)\r\n            <\/li>\r\n\r\n            <li>\r\n              Peci\u0107 K, Jovanovi\u0107 M, Arsenijevi\u0107 D, ...  \r\n              <i>Laetiporus sulphureus affects migration and superoxide anion radical levels...<\/i>  \r\n              Biology and Life Sciences Forum, 2022; 18(1):6.  \r\n              DOI: 10.3390\/Foods2022-12933. (M33)\r\n            <\/li>\r\n\r\n            <li>\r\n              Arsenijevi\u0107 D, Jovanovi\u0107 M, Peci\u0107 K, Mladenovi\u0107 K, \u0160\u0435\u043a\u043b\u0438\u045b D.  \r\n              <i>Bifidobacterium animalis and Laetiporus sulphureus Extract Induce Strong Increase in GSH Levels...<\/i>  \r\n              Biol. Life Sci. Forum 2023, 29, 3.  \r\n              DOI: 10.3390\/IECN2023-16259. (M33)\r\n            <\/li>\r\n\r\n            <li>\r\n              Arsenijevi\u0107 D, Jovanovi\u0107 M, Peci\u0107 K, \u0160\u0435\u043a\u043b\u0438\u045b D.  \r\n              <i>Laetiporus sulphureus mushroom enhances cytotoxic effect of B. animalis lactis...<\/i>  \r\n              4th International Electronic Conference on Applied Sciences, 2023.  \r\n              DOI: 10.3390\/ASEC2023-16608. (M33)\r\n            <\/li>\r\n\r\n          <\/ol>\r\n        <\/div>\r\n      <\/details>\r\n\r\n    <\/div>\r\n  <\/div>\r\n\r\n<\/div>\r\n\t\t\t\t<\/div>\n\t\t\t\t\t<\/div>\n\t\t\t\t<\/div>\n\t\t\t\t<\/div>","protected":false},"excerpt":{"rendered":"<p>\u0414\u0435\u0458\u0430\u043d \u0410\u0440\u0441\u0435\u043d\u0438\u0458\u0435\u0432\u0438\u045b \u0418\u0441\u0442\u0440\u0430\u0436\u0438\u0432\u0430\u0447 \u0441\u0430\u0440\u0430\u0434\u043d\u0438\u043a \u041c\u0430\u0441\u0442\u0435\u0440 \u0431\u0438\u043e\u043b\u043e\u0433 \u2013 \u041c\u043e\u043b\u0435\u043a\u0443\u043b\u0430\u0440\u043d\u0430 \u0431\u0438\u043e\u043b\u043e\u0433\u0438\u0458\u0430 \u0411\u0438\u043e\u0438\u043d\u0444\u043e\u0440\u043c\u0430\u0442\u0438\u043a\u0430 \u0438 \u043f\u0440\u0438\u043c\u0435\u045a\u0435\u043d\u0430 \u0431\u0438\u043e\u043b\u043e\u0433\u0438\u0458\u0430 \u0410\u0434\u0440\u0435\u0441\u0430: \u0418\u043d\u0441\u0442\u0438\u0442\u0443\u0442 \u0437\u0430 \u0438\u043d\u0444\u043e\u0440\u043c\u0430\u0446\u0438\u043e\u043d\u0435 \u0442\u0435\u0445\u043d\u043e\u043b\u043e\u0433\u0438\u0458\u0435 \u041a\u0440\u0430\u0433\u0443\u0458\u0435\u0432\u0430\u0446, \u041b\u0438\u0446\u0435\u0458\u0430 \u041a\u043d\u0435\u0436\u0435\u0432\u0438\u043d\u0435 \u0421\u0440\u0431\u0438\u0458\u0435 1\u0410, 34000 \u041a\u0440\u0430\u0433\u0443\u0458\u0435\u0432\u0430\u0446. \u0415-\u043f\u043e\u0448\u0442\u0430: dejan.arsenijevic@uni.kg.ac.rs \ud83d\udcc4 CV \u2013 \u0421\u0440\u043f\u0441\u043a\u0438 \ud83d\udcc4 CV \u2013 English \u041a\u0440\u0430\u0442\u0430\u043a \u043e\u043f\u0438\u0441 \u0438\u0441\u0442\u0440\u0430\u0436\u0438\u0432\u0430\u045a\u0430 \u0418\u0441\u0442\u0440\u0430\u0436\u0438\u0432\u0430\u045a\u0430 \u0414\u0435\u0458\u0430\u043d\u0430 \u0410\u0440\u0441\u0435\u043d\u0438\u0458\u0435\u0432\u0438\u045b\u0430 \u0443\u0441\u043c\u0435\u0440\u0435\u043d\u0430 \u0441\u0443 \u043d\u0430 \u043a\u043e-\u043a\u0443\u043b\u0442\u0443\u0440\u0435, \u043f\u0440\u043e\u0431\u0438\u043e\u0442\u0438\u043a\u0435 \u0438 \u0430\u043d\u0442\u0438\u043a\u0430\u043d\u0446\u0435\u0440\u0441\u043a\u0435 \u0435\u0444\u0435\u043a\u0442\u0435 \u043f\u0440\u043e\u0431\u0438\u043e\u0442\u0438\u0447\u043a\u0438\u0445 \u0441\u043e\u0458\u0435\u0432\u0430, \u0441\u0430 \u043f\u043e\u0441\u0435\u0431\u043d\u0438\u043c \u0430\u043a\u0446\u0435\u043d\u0442\u043e\u043c \u043d\u0430&#8230;<\/p>","protected":false},"author":1,"featured_media":0,"parent":0,"menu_order":0,"comment_status":"closed","ping_status":"closed","template":"","meta":{"_eb_attr":"","footnotes":""},"class_list":["post-21330","page","type-page","status-publish","hentry"],"_links":{"self":[{"href":"https:\/\/iit.ac.rs\/en\/wp-json\/wp\/v2\/pages\/21330","targetHints":{"allow":["GET"]}}],"collection":[{"href":"https:\/\/iit.ac.rs\/en\/wp-json\/wp\/v2\/pages"}],"about":[{"href":"https:\/\/iit.ac.rs\/en\/wp-json\/wp\/v2\/types\/page"}],"author":[{"embeddable":true,"href":"https:\/\/iit.ac.rs\/en\/wp-json\/wp\/v2\/users\/1"}],"replies":[{"embeddable":true,"href":"https:\/\/iit.ac.rs\/en\/wp-json\/wp\/v2\/comments?post=21330"}],"version-history":[{"count":4,"href":"https:\/\/iit.ac.rs\/en\/wp-json\/wp\/v2\/pages\/21330\/revisions"}],"predecessor-version":[{"id":21358,"href":"https:\/\/iit.ac.rs\/en\/wp-json\/wp\/v2\/pages\/21330\/revisions\/21358"}],"wp:attachment":[{"href":"https:\/\/iit.ac.rs\/en\/wp-json\/wp\/v2\/media?parent=21330"}],"curies":[{"name":"wp","href":"https:\/\/api.w.org\/{rel}","templated":true}]}}