{"id":21332,"date":"2025-11-18T09:10:09","date_gmt":"2025-11-18T09:10:09","guid":{"rendered":"https:\/\/iit.ac.rs\/?page_id=21332"},"modified":"2026-03-04T13:35:29","modified_gmt":"2026-03-04T13:35:29","slug":"strahinja-milenkovic","status":"publish","type":"page","link":"https:\/\/iit.ac.rs\/en\/strahinja-milenkovic\/","title":{"rendered":"Strahinja Milenkovi\u0107"},"content":{"rendered":"<div data-elementor-type=\"wp-page\" data-elementor-id=\"21332\" class=\"elementor elementor-21332\">\n\t\t\t\t<div class=\"elementor-element elementor-element-9beb085 e-flex e-con-boxed e-con e-parent\" data-id=\"9beb085\" data-element_type=\"container\">\n\t\t\t\t\t<div class=\"e-con-inner\">\n\t\t\t\t<div class=\"elementor-element elementor-element-69bea67 elementor-widget elementor-widget-html\" data-id=\"69bea67\" data-element_type=\"widget\" data-widget_type=\"html.default\">\n\t\t\t\t\t<div class=\"iit-rp\" style=\"--accent:#07294DE8;\">\r\n\r\n  <!-- PHOTO -->\r\n  <div class=\"photo\">\r\n    <img decoding=\"async\" src=\"https:\/\/iit.ac.rs\/wp-content\/uploads\/2025\/11\/sm.jpg\" alt=\"\u0421\u0442\u0440\u0430\u0445\u0438\u045a\u0430 \u041c\u0438\u043b\u0435\u043d\u043a\u043e\u0432\u0438\u045b\">\r\n  <\/div>\r\n\r\n  <!-- HEADER -->\r\n  <div class=\"head\">\r\n    <h2>Strahinja Milenkovi\u0107<\/h2>\r\n\r\n    <div class=\"badges\">\r\n      <span class=\"badge\">Research assistant<\/span>\r\n      <span class=\"badge\">Master of Mechanical Engineering<\/span>\r\n    <\/div>\r\n\r\n    <div class=\"meta\">\r\n      <div><b>Address:<\/b> Institute of Information Technologies Kragujevac, Liceja Kne\u017eevine Srbije 1A, 34000 Kragujevac.<\/div>\r\n      <div><b>Email:<\/b> strahinja.milenkovic@kg.ac.rs; strahinja.milenkovic@fink.rs<\/div>\r\n    <\/div>\r\n\r\n    <!-- EXTERNAL LINKS -->\r\n    <div class=\"ext\">\r\n\r\n      <a href=\"https:\/\/enauka.gov.rs\/cris\/rp\/rp06581\" target=\"_blank\">\r\n        <img decoding=\"async\" src=\"https:\/\/iit.ac.rs\/wp-content\/uploads\/2025\/11\/enauka.jpg\" alt=\"eNauka\">\r\n      <\/a>\r\n\r\n      <a href=\"https:\/\/scidar.kg.ac.rs\/browse?type=author&authority=1bfe6ddc-2c01-4429-b2f6-0030ac594076\" target=\"_blank\">\r\n        <img decoding=\"async\" src=\"https:\/\/iit.ac.rs\/wp-content\/uploads\/2025\/11\/koc.jpg\" alt=\"SCIDAR\">\r\n      <\/a>\r\n\r\n      <a href=\"https:\/\/orcid.org\/0000-0002-5822-4846\" target=\"_blank\">\r\n        <img decoding=\"async\" src=\"https:\/\/iit.ac.rs\/wp-content\/uploads\/2025\/11\/orcid.jpg\" alt=\"ORCID\">\r\n      <\/a>\r\n\r\n      <a href=\"https:\/\/www.researchgate.net\/profile\/Strahinja-Milenkovic-2?ev=hdr_xprf\" target=\"_blank\">\r\n        <img decoding=\"async\" src=\"https:\/\/iit.ac.rs\/wp-content\/uploads\/2025\/11\/rg.jpg\" alt=\"ResearchGate\">\r\n      <\/a>\r\n\r\n      <a href=\"https:\/\/www.linkedin.com\/in\/strmilenkovic\/\" target=\"_blank\">\r\n        <img decoding=\"async\" src=\"https:\/\/iit.ac.rs\/wp-content\/uploads\/2025\/11\/linkedin.jpg\" alt=\"LinkedIn\">\r\n      <\/a>\r\n\r\n      <a href=\"https:\/\/www.scopus.com\/authid\/detail.uri?authorId=57223197036\" target=\"_blank\">\r\n        <img decoding=\"async\" src=\"https:\/\/iit.ac.rs\/wp-content\/uploads\/2025\/11\/scopus.jpg\" alt=\"Scopus\">\r\n      <\/a>\r\n\r\n    <\/div>\r\n\r\n    <!-- CV LINKS -->\r\n    <div class=\"actions\">\r\n\r\n      <a class=\"btn\" href=\"https:\/\/iit.ac.rs\/wp-content\/uploads\/2025\/11\/Radna-biografija-Strahinja-Milenkovic.docx\" target=\"_blank\">\r\n        <span class=\"ico\">\ud83d\udcc4<\/span> CV - Serbian\r\n      <\/a>\r\n\r\n      <a class=\"btn\" href=\"https:\/\/iit.ac.rs\/wp-content\/uploads\/2025\/11\/Biography-Strahinja-Milenkovic-2.docx\" target=\"_blank\">\r\n        <span class=\"ico\">\ud83d\udcc4<\/span> CV \u2013 English\r\n      <\/a>\r\n\r\n    <\/div>\r\n\r\n  <\/div>\r\n\r\n  <!-- CONTENT -->\r\n  <div class=\"card\">\r\n    <div class=\"accordion\">\r\n\r\n      <!-- OPIS -->\r\n      <details open>\r\n        <summary>Brief description of the research<\/summary>\r\n        <div class=\"content\">\r\n\r\n          <p>\r\n            Strahinja Milenkovi\u0107's research focuses on the development of new smart materials, methods for their production\nand the analysis of their applications in biomedicine and beyond.\r\n          <\/p>\r\n\r\n          <p>\r\n            The focus of the work is particularly on piezoelectric materials, which, in addition to their application in sensor technology,\ndue to their biocompatibility are increasingly being used in biomedical engineering,\nespecially in the field of biosensors.\r\n          <\/p>\r\n\r\n          <p>\r\n            The research also includes the application of numerical and optimization methods in the design of these materials,\nwith the aim of improving their functional properties and reliability in real-world conditions.\r\n          <\/p>\r\n\r\n        <\/div>\r\n      <\/details>\r\n\r\n      <!-- REFERENCES -->\r\n      <details>\r\n        <summary>Selected references<\/summary>\r\n        <div class=\"content\">\r\n          <ol class=\"refs\">\r\n\r\n            <li>\r\n              Milenkovi\u0107 S, Slavkovi\u0107 V, Fragassa C, Grujovi\u0107 N, Pali\u0107 N, \u017divi\u0107 F.  \r\n              <i>Effect of the Raster Orientation on Strength of the Continuous Fiber Reinforced PVDF\/PLA Composites, Fabricated by Hand-Layup and Fused Deposition Modeling.<\/i>  \r\n              Composite Structures, Vol. 270, 114063, 2021.  \r\n              ISSN 0263-8223. DOI: 10.1016\/j.compstruct.2021.114063.\r\n            <\/li>\r\n\r\n            <li>\r\n              Slavkovi\u0107 V, Pali\u0107 N, Milenkovi\u0107 S, \u017divi\u0107 F, Grujovi\u0107 N.  \r\n              <i>Thermo-Mechanical Characterization of 4D-Printed Biodegradable Shape-Memory Scaffolds Using Four-Axis 3D-Printing System.<\/i>  \r\n              Materials, Vol. 16, No. 14, 5186, 2023.  \r\n              ISSN 1996-1944. DOI: 10.3390\/ma16145186.\r\n            <\/li>\r\n\r\n            <li>\r\n              Slavkovi\u0107 V, Han\u017eeli\u010d B, Plesec V, Milenkovi\u0107 S, Harih G.  \r\n              <i>Thermo-Mechanical Behavior and Strain Rate Sensitivity of 3D-Printed Polylactic Acid (PLA) below Glass Transition Temperature (Tg).<\/i>  \r\n              Polymers, Vol. 16, No. 11, 1526, 2024.  \r\n              ISSN 2073-4360. DOI: 10.3390\/polym16111526.\r\n            <\/li>\r\n\r\n          <\/ol>\r\n        <\/div>\r\n      <\/details>\r\n\r\n    <\/div>\r\n  <\/div>\r\n\r\n<\/div>\r\n\t\t\t\t<\/div>\n\t\t\t\t\t<\/div>\n\t\t\t\t<\/div>\n\t\t\t\t<\/div>","protected":false},"excerpt":{"rendered":"<p>\u0421\u0442\u0440\u0430\u0445\u0438\u045a\u0430 \u041c\u0438\u043b\u0435\u043d\u043a\u043e\u0432\u0438\u045b \u0418\u0441\u0442\u0440\u0430\u0436\u0438\u0432\u0430\u0447 \u2013 \u0441\u0430\u0440\u0430\u0434\u043d\u0438\u043a \u041c\u0430\u0441\u0442\u0435\u0440 \u0438\u043d\u0436\u0435\u045a\u0435\u0440 \u043c\u0430\u0448\u0438\u043d\u0441\u0442\u0432\u0430 \u0410\u0434\u0440\u0435\u0441\u0430: \u0418\u043d\u0441\u0442\u0438\u0442\u0443\u0442 \u0437\u0430 \u0438\u043d\u0444\u043e\u0440\u043c\u0430\u0446\u0438\u043e\u043d\u0435 \u0442\u0435\u0445\u043d\u043e\u043b\u043e\u0433\u0438\u0458\u0435 \u041a\u0440\u0430\u0433\u0443\u0458\u0435\u0432\u0430\u0446, \u041b\u0438\u0446\u0435\u0458\u0430 \u041a\u043d\u0435\u0436\u0435\u0432\u0438\u043d\u0435 \u0421\u0440\u0431\u0438\u0458\u0435 1\u0410, 34000 \u041a\u0440\u0430\u0433\u0443\u0458\u0435\u0432\u0430\u0446. \u0415-\u043f\u043e\u0448\u0442\u0430: strahinja.milenkovic@kg.ac.rs; strahinja.milenkovic@fink.rs \ud83d\udcc4 CV \u2013 \u0421\u0440\u043f\u0441\u043a\u0438 \ud83d\udcc4 CV \u2013 English \u041a\u0440\u0430\u0442\u0430\u043a \u043e\u043f\u0438\u0441 \u0438\u0441\u0442\u0440\u0430\u0436\u0438\u0432\u0430\u045a\u0430 \u0418\u0441\u0442\u0440\u0430\u0436\u0438\u0432\u0430\u045a\u0430 \u0421\u0442\u0440\u0430\u0445\u0438\u045a\u0435 \u041c\u0438\u043b\u0435\u043d\u043a\u043e\u0432\u0438\u045b\u0430 \u0444\u043e\u043a\u0443\u0441\u0438\u0440\u0430\u043d\u0430 \u0441\u0443 \u043d\u0430 \u0440\u0430\u0437\u0432\u043e\u0458 \u043d\u043e\u0432\u0438\u0445 \u043f\u0430\u043c\u0435\u0442\u043d\u0438\u0445 \u043c\u0430\u0442\u0435\u0440\u0438\u0458\u0430\u043b\u0430, \u043c\u0435\u0442\u043e\u0434\u0435 \u0437\u0430 \u045a\u0438\u0445\u043e\u0432\u043e \u0434\u043e\u0431\u0438\u0458\u0430\u045a\u0435 \u0438 \u0430\u043d\u0430\u043b\u0438\u0437\u0443 \u045a\u0438\u0445\u043e\u0432\u0435 \u043f\u0440\u0438\u043c\u0435\u043d\u0435 \u0443 \u0431\u0438\u043e\u043c\u0435\u0434\u0438\u0446\u0438\u043d\u0438 \u0438&#8230;<\/p>","protected":false},"author":1,"featured_media":0,"parent":0,"menu_order":0,"comment_status":"closed","ping_status":"closed","template":"","meta":{"_eb_attr":"","footnotes":""},"class_list":["post-21332","page","type-page","status-publish","hentry"],"_links":{"self":[{"href":"https:\/\/iit.ac.rs\/en\/wp-json\/wp\/v2\/pages\/21332","targetHints":{"allow":["GET"]}}],"collection":[{"href":"https:\/\/iit.ac.rs\/en\/wp-json\/wp\/v2\/pages"}],"about":[{"href":"https:\/\/iit.ac.rs\/en\/wp-json\/wp\/v2\/types\/page"}],"author":[{"embeddable":true,"href":"https:\/\/iit.ac.rs\/en\/wp-json\/wp\/v2\/users\/1"}],"replies":[{"embeddable":true,"href":"https:\/\/iit.ac.rs\/en\/wp-json\/wp\/v2\/comments?post=21332"}],"version-history":[{"count":4,"href":"https:\/\/iit.ac.rs\/en\/wp-json\/wp\/v2\/pages\/21332\/revisions"}],"predecessor-version":[{"id":21363,"href":"https:\/\/iit.ac.rs\/en\/wp-json\/wp\/v2\/pages\/21332\/revisions\/21363"}],"wp:attachment":[{"href":"https:\/\/iit.ac.rs\/en\/wp-json\/wp\/v2\/media?parent=21332"}],"curies":[{"name":"wp","href":"https:\/\/api.w.org\/{rel}","templated":true}]}}