{"id":21336,"date":"2025-11-18T09:11:07","date_gmt":"2025-11-18T09:11:07","guid":{"rendered":"https:\/\/iit.ac.rs\/?page_id=21336"},"modified":"2026-03-04T13:36:11","modified_gmt":"2026-03-04T13:36:11","slug":"tamara-mladenovic","status":"publish","type":"page","link":"https:\/\/iit.ac.rs\/en\/tamara-mladenovic\/","title":{"rendered":"Tamara Mladenovi\u0107"},"content":{"rendered":"\t\t<div data-elementor-type=\"wp-page\" data-elementor-id=\"21336\" class=\"elementor elementor-21336\">\n\t\t\t\t<div class=\"elementor-element elementor-element-663b5a8 e-flex e-con-boxed e-con e-parent\" data-id=\"663b5a8\" data-element_type=\"container\">\n\t\t\t\t\t<div class=\"e-con-inner\">\n\t\t\t\t<div class=\"elementor-element elementor-element-3206720 elementor-widget elementor-widget-html\" data-id=\"3206720\" data-element_type=\"widget\" data-widget_type=\"html.default\">\n\t\t\t\t\t<div class=\"iit-rp\" style=\"--accent:#07294DE8;\">\r\n\r\n  <!-- PHOTO -->\r\n  <div class=\"photo\">\r\n    <img decoding=\"async\" src=\"https:\/\/iit.ac.rs\/wp-content\/uploads\/2025\/11\/TamaraMladenovic.jpg\" alt=\"\u0422\u0430\u043c\u0430\u0440\u0430 \u041c\u043b\u0430\u0434\u0435\u043d\u043e\u0432\u0438\u045b\">\r\n  <\/div>\r\n\r\n  <!-- HEADER -->\r\n  <div class=\"head\">\r\n    <h2>\u0422\u0430\u043c\u0430\u0440\u0430 \u041c\u043b\u0430\u0434\u0435\u043d\u043e\u0432\u0438\u045b<\/h2>\r\n\r\n    <div class=\"badges\">\r\n      <span class=\"badge\">\u0418\u0441\u0442\u0440\u0430\u0436\u0438\u0432\u0430\u0447 \u0441\u0430\u0440\u0430\u0434\u043d\u0438\u043a<\/span>\r\n      <span class=\"badge\">\u041c\u0430\u0441\u0442\u0435\u0440 \u0431\u0438\u043e\u043b\u043e\u0433<\/span>\r\n    <\/div>\r\n\r\n    <div class=\"meta\">\r\n      <div><b>\u0410\u0434\u0440\u0435\u0441\u0430:<\/b> \u0418\u043d\u0441\u0442\u0438\u0442\u0443\u0442 \u0437\u0430 \u0438\u043d\u0444\u043e\u0440\u043c\u0430\u0446\u0438\u043e\u043d\u0435 \u0442\u0435\u0445\u043d\u043e\u043b\u043e\u0433\u0438\u0458\u0435 \u041a\u0440\u0430\u0433\u0443\u0458\u0435\u0432\u0430\u0446, \u041b\u0438\u0446\u0435\u0458\u0430 \u041a\u043d\u0435\u0436\u0435\u0432\u0438\u043d\u0435 \u0421\u0440\u0431\u0438\u0458\u0435 1\u0410, 34000 \u041a\u0440\u0430\u0433\u0443\u0458\u0435\u0432\u0430\u0446.<\/div>\r\n      <div><b>\u0415-\u043f\u043e\u0448\u0442\u0430:<\/b> tamara.mladenovic@uni.kg.ac.rs<\/div>\r\n    <\/div>\r\n\r\n    <!-- EXTERNAL LINKS -->\r\n    <div class=\"ext\">\r\n\r\n      <a href=\"https:\/\/enauka.gov.rs\/cris\/rp\/rp33436\" target=\"_blank\">\r\n        <img decoding=\"async\" src=\"https:\/\/iit.ac.rs\/wp-content\/uploads\/2025\/11\/enauka.jpg\" alt=\"eNauka\">\r\n      <\/a>\r\n\r\n      <a href=\"https:\/\/scidar.kg.ac.rs\/browse?type=author&authority=ef69d036-a466-4777-97fc-8d7102a131b6\" target=\"_blank\">\r\n        <img decoding=\"async\" src=\"https:\/\/iit.ac.rs\/wp-content\/uploads\/2025\/11\/koc.jpg\" alt=\"SCIDAR\">\r\n      <\/a>\r\n\r\n      <a href=\"https:\/\/orcid.org\/0009-0006-7052-1268\" target=\"_blank\">\r\n        <img decoding=\"async\" src=\"https:\/\/iit.ac.rs\/wp-content\/uploads\/2025\/11\/orcid.jpg\" alt=\"ORCID\">\r\n      <\/a>\r\n\r\n      <a href=\"https:\/\/www.researchgate.net\/profile\/Tamara-Mladenovic-3?ev=hdr_xprf\" target=\"_blank\">\r\n        <img decoding=\"async\" src=\"https:\/\/iit.ac.rs\/wp-content\/uploads\/2025\/11\/rg.jpg\" alt=\"ResearchGate\">\r\n      <\/a>\r\n\r\n    <\/div>\r\n\r\n    <!-- CV LINKS -->\r\n    <div class=\"actions\">\r\n\r\n      <a class=\"btn\" href=\"https:\/\/iit.ac.rs\/wp-content\/uploads\/2025\/11\/Radna-biografija-TAMARA-MLADENOVIC.docx\" target=\"_blank\">\r\n        <span class=\"ico\">\ud83d\udcc4<\/span> CV \u2013 \u0421\u0440\u043f\u0441\u043a\u0438\r\n      <\/a>\r\n\r\n      <a class=\"btn\" href=\"https:\/\/iit.ac.rs\/wp-content\/uploads\/2025\/11\/Biography-TAMARA-MLADENOVIC.docx\" target=\"_blank\">\r\n        <span class=\"ico\">\ud83d\udcc4<\/span> CV \u2013 English\r\n      <\/a>\r\n\r\n    <\/div>\r\n\r\n  <\/div>\r\n\r\n  <!-- CONTENT -->\r\n  <div class=\"card\">\r\n    <div class=\"accordion\">\r\n\r\n      <!-- OPIS -->\r\n      <details open>\r\n        <summary>\u041a\u0440\u0430\u0442\u0430\u043a \u043e\u043f\u0438\u0441 \u0438\u0441\u0442\u0440\u0430\u0436\u0438\u0432\u0430\u045a\u0430<\/summary>\r\n        <div class=\"content\">\r\n\r\n          <p>\r\n            \u0418\u0441\u0442\u0440\u0430\u0436\u0438\u0432\u0430\u0447 \u0441\u0435 \u0431\u0430\u0432\u0438 \u0438\u0441\u043f\u0438\u0442\u0438\u0432\u0430\u045a\u0435\u043c \u0440\u0430\u0437\u043b\u0438\u0447\u0438\u0442\u0438\u0445 \u0431\u0438\u043e\u043b\u043e\u0448\u043a\u0438\u0445 \u0430\u043a\u0442\u0438\u0432\u043d\u043e\u0441\u0442\u0438 \u043d\u043e\u0432\u043e\u0441\u0438\u043d\u0442\u0435\u0442\u0438\u0441\u0430\u043d\u0438\u0445 \r\n            \u0444\u0435\u043d\u043e\u043b\u043d\u0438\u0445 \u0438 \u043d\u0435\u0444\u0435\u043d\u043e\u043b\u043d\u0438\u0445 \u043f\u0438\u0440\u0430\u0437\u043e\u043b-\u0445\u0440\u043e\u043c\u0435\u043d\u043e[2,3-d]\u043f\u0438\u0440\u0438\u043c\u0438\u0434\u0438\u043d\u0441\u043a\u0438\u0445 \u0434\u0435\u0440\u0438\u0432\u0430\u0442\u0430.\r\n          <\/p>\r\n\r\n          <p>\r\n            \u0414\u043e \u0441\u0430\u0434\u0430 \u0441\u0443 \u043f\u0440\u0438\u043c\u0435\u045a\u0435\u043d\u0435 \u0440\u0430\u0437\u043b\u0438\u0447\u0438\u0442\u0435 <i>in vitro<\/i> \u043c\u0435\u0442\u043e\u0434\u0435 \u0437\u0430 \u043f\u0440\u043e\u0446\u0435\u043d\u0443 \u0430\u043d\u0442\u0438\u043e\u043a\u0441\u0438\u0434\u0430\u0442\u0438\u0432\u043d\u0435 \r\n            \u0430\u043a\u0442\u0438\u0432\u043d\u043e\u0441\u0442\u0438 \u043e\u0432\u0438\u0445 \u0458\u0435\u0434\u0438\u045a\u0435\u045a\u0430. \u0418\u043d\u0442\u0435\u0440\u0430\u043a\u0446\u0438\u0458\u0435 \u043d\u043e\u0432\u043e\u0441\u0438\u043d\u0442\u0435\u0442\u0438\u0441\u0430\u043d\u0438\u0445 \u0458\u0435\u0434\u0438\u045a\u0435\u045a\u0430 \u0441\u0430 \u0414\u041d\u041a \u0438 \u0433\u043e\u0432\u0435\u0452\u0438\u043c \r\n            \u0441\u0435\u0440\u0443\u043c\u0441\u043a\u0438\u043c \u0430\u043b\u0431\u0443\u043c\u0438\u043d\u043e\u043c (BSA) \u0438\u0441\u043f\u0438\u0442\u0438\u0432\u0430\u043d\u0435 \u0441\u0443 UV-Vis \u0441\u043f\u0435\u043a\u0442\u0440\u043e\u0444\u043e\u0442\u043e\u043c\u0435\u0442\u0440\u0438\u0458\u0441\u043a\u0438\u043c \u0438 \r\n            \u0441\u043f\u0435\u043a\u0442\u0440\u043e\u0444\u043b\u0443\u043e\u0440\u0438\u043c\u0435\u0442\u0440\u0438\u0458\u0441\u043a\u0438\u043c \u0442\u0435\u0445\u043d\u0438\u043a\u0430\u043c\u0430, \u043d\u0430 \u043e\u0441\u043d\u043e\u0432\u0443 \u0447\u0435\u0433\u0430 \u0441\u0443 \u043e\u0434\u0440\u0435\u0452\u0435\u043d\u0435 \u043a\u043e\u043d\u0441\u0442\u0430\u043d\u0442\u0435 \u0432\u0435\u0437\u0438\u0432\u0430\u045a\u0430 \r\n            \u0438 \u043c\u0435\u0445\u0430\u043d\u0438\u0437\u0430\u043c \u0438\u043d\u0442\u0435\u0440\u0430\u043a\u0446\u0438\u0458\u0435 \u0441\u0430 \u0414\u041d\u041a.\r\n          <\/p>\r\n\r\n          <p>\r\n            \u0421\u043f\u0440\u043e\u0432\u0435\u0434\u0435\u043d\u0438 \u0441\u0443 \u0438 <i>in vitro<\/i> \u0442\u0435\u0441\u0442\u043e\u0432\u0438 \u0430\u043d\u0442\u0438\u0433\u0435\u043d\u043e\u0442\u043e\u043a\u0441\u0438\u0447\u043d\u043e\u0441\u0442\u0438 \u0440\u0430\u0434\u0438 \u043f\u0440\u043e\u0446\u0435\u043d\u0435 \r\n            \u0430\u043d\u0442\u0438\u043e\u043a\u0441\u0438\u0434\u0430\u0442\u0438\u0432\u043d\u0435 \u0430\u043a\u0442\u0438\u0432\u043d\u043e\u0441\u0442\u0438 \u0438 \u0441\u0442\u0435\u043f\u0435\u043d\u0430 \u0437\u0430\u0448\u0442\u0438\u0442\u0435 \u0414\u041d\u041a \u043d\u0430\u043a\u043e\u043d \u043e\u0448\u0442\u0435\u045b\u0435\u045a\u0430 \u0438\u0437\u0430\u0437\u0432\u0430\u043d\u0438\u0445 \r\n            \u0445\u0438\u0434\u0440\u043e\u043a\u0441\u0438\u043b \u0438 \u043f\u0435\u0440\u043e\u043a\u0441\u0438\u043b \u0440\u0430\u0434\u0438\u043a\u0430\u043b\u0438\u043c\u0430.\r\n          <\/p>\r\n\r\n          <p>\r\n            \u0423 \u043d\u0430\u0440\u0435\u0434\u043d\u043e\u043c \u043f\u0435\u0440\u0438\u043e\u0434\u0443 \u043f\u043b\u0430\u043d\u0438\u0440\u0430\u043d\u0438 \u0441\u0443 \u0438 <i>in vivo<\/i> \u0435\u043a\u0441\u043f\u0435\u0440\u0438\u043c\u0435\u043d\u0442\u0438, \u043a\u0430\u043a\u043e \u0431\u0438 \u0441\u0435 \u0434\u043e\u0431\u0438\u043b\u0438 \r\n            \u043f\u0440\u0435\u0446\u0438\u0437\u043d\u0438\u0458\u0438 \u0438 \u0440\u0435\u0430\u043b\u0438\u0441\u0442\u0438\u0447\u043d\u0438\u0458\u0438 \u043f\u043e\u0434\u0430\u0446\u0438 \u043e \u0433\u0435\u043d\u043e\u0442\u043e\u043a\u0441\u0438\u0447\u043d\u043e\u0458 \u0438 \u0430\u043d\u0442\u0438\u0433\u0435\u043d\u043e\u0442\u043e\u043a\u0441\u0438\u0447\u043d\u043e\u0458 \u0430\u043a\u0442\u0438\u0432\u043d\u043e\u0441\u0442\u0438 \r\n            \u0438 \u043f\u0440\u043e\u0446\u0435\u043d\u0438\u043b\u0430 \u043f\u043e\u0442\u0435\u043d\u0446\u0438\u0458\u0430\u043b\u043d\u0430 \u043f\u0440\u0438\u043c\u0435\u043d\u0430 \u043d\u043e\u0432\u043e\u0441\u0438\u043d\u0442\u0435\u0442\u0438\u0441\u0430\u043d\u0438\u0445 \u0458\u0435\u0434\u0438\u045a\u0435\u045a\u0430.\r\n          <\/p>\r\n\r\n        <\/div>\r\n      <\/details>\r\n\r\n      <!-- REFERENCES -->\r\n      <details>\r\n        <summary>\u0418\u0437\u0430\u0431\u0440\u0430\u043d\u0435 \u0440\u0435\u0444\u0435\u0440\u0435\u043d\u0446\u0435<\/summary>\r\n        <div class=\"content\">\r\n          <ol class=\"refs\">\r\n\r\n            <li>\r\n              Mati\u0107 S.Lj., Mladenovi\u0107 T.M., Mladenovi\u0107 M.P., Toma\u0161evi\u0107 N.M., Capobianco R., Ragno A., Sapienza F.U., Astolfi R., Ragno R.  \r\n              <i>Oxidative DNA damage preventive activity of essential oils of three Pinus species: P. mugo, P. sibirica, and P. silvestre.<\/i>  \r\n              2nd International Conference of Chemo and Bioinformatics, \u041a\u0440\u0430\u0433\u0443\u0458\u0435\u0432\u0430\u0446, 2023.  \r\n              doi:10.46793\/ICCBI21.427M\r\n            <\/li>\r\n\r\n            <li>\r\n              Mladenovi\u0107 M.P., Toma\u0161evi\u0107 N.M., Mati\u0107 S.Lj., Mladenovi\u0107 T.M., Ragno R.  \r\n              <i>Computer-aided design of new drugs against breast cancer.<\/i>  \r\n              2nd International Conference of Chemo and Bioinformatics, \u041a\u0440\u0430\u0433\u0443\u0458\u0435\u0432\u0430\u0446, 2023.  \r\n              doi:10.46793\/ICCBI21.427M\r\n            <\/li>\r\n\r\n            <li>\r\n              Mladenovic T., \u017divanovi\u0107 M., Benolic L., Pavi\u0107 J., Filipovi\u0107 N.  \r\n              <i>Genetic programming approach in better understanding of the relationship between the number of viable cells and concentration of O<sub>2<\/sub><sup>-<\/sup>, NO<sub>2<\/sub><sup>-<\/sup> and GSH produced in cancer cells treated with Pd(II) complexes.<\/i>  \r\n              2nd Serbian International Conference on Applied Artificial Intelligence (SICAAI), \u041a\u0440\u0430\u0433\u0443\u0458\u0435\u0432\u0430\u0446, 2023.\r\n            <\/li>\r\n\r\n          <\/ol>\r\n        <\/div>\r\n      <\/details>\r\n\r\n    <\/div>\r\n  <\/div>\r\n\r\n<\/div>\r\n\t\t\t\t<\/div>\n\t\t\t\t\t<\/div>\n\t\t\t\t<\/div>\n\t\t\t\t<\/div>\n\t\t","protected":false},"excerpt":{"rendered":"<p>\u0422\u0430\u043c\u0430\u0440\u0430 \u041c\u043b\u0430\u0434\u0435\u043d\u043e\u0432\u0438\u045b \u0418\u0441\u0442\u0440\u0430\u0436\u0438\u0432\u0430\u0447 \u0441\u0430\u0440\u0430\u0434\u043d\u0438\u043a \u041c\u0430\u0441\u0442\u0435\u0440 \u0431\u0438\u043e\u043b\u043e\u0433 \u0410\u0434\u0440\u0435\u0441\u0430: \u0418\u043d\u0441\u0442\u0438\u0442\u0443\u0442 \u0437\u0430 \u0438\u043d\u0444\u043e\u0440\u043c\u0430\u0446\u0438\u043e\u043d\u0435 \u0442\u0435\u0445\u043d\u043e\u043b\u043e\u0433\u0438\u0458\u0435 \u041a\u0440\u0430\u0433\u0443\u0458\u0435\u0432\u0430\u0446, \u041b\u0438\u0446\u0435\u0458\u0430 \u041a\u043d\u0435\u0436\u0435\u0432\u0438\u043d\u0435 \u0421\u0440\u0431\u0438\u0458\u0435 1\u0410, 34000 \u041a\u0440\u0430\u0433\u0443\u0458\u0435\u0432\u0430\u0446. \u0415-\u043f\u043e\u0448\u0442\u0430: tamara.mladenovic@uni.kg.ac.rs \ud83d\udcc4 CV \u2013 \u0421\u0440\u043f\u0441\u043a\u0438 \ud83d\udcc4 CV \u2013 English \u041a\u0440\u0430\u0442\u0430\u043a \u043e\u043f\u0438\u0441 \u0438\u0441\u0442\u0440\u0430\u0436\u0438\u0432\u0430\u045a\u0430 \u0418\u0441\u0442\u0440\u0430\u0436\u0438\u0432\u0430\u0447 \u0441\u0435 \u0431\u0430\u0432\u0438 \u0438\u0441\u043f\u0438\u0442\u0438\u0432\u0430\u045a\u0435\u043c \u0440\u0430\u0437\u043b\u0438\u0447\u0438\u0442\u0438\u0445 \u0431\u0438\u043e\u043b\u043e\u0448\u043a\u0438\u0445 \u0430\u043a\u0442\u0438\u0432\u043d\u043e\u0441\u0442\u0438 \u043d\u043e\u0432\u043e\u0441\u0438\u043d\u0442\u0435\u0442\u0438\u0441\u0430\u043d\u0438\u0445 \u0444\u0435\u043d\u043e\u043b\u043d\u0438\u0445 \u0438 \u043d\u0435\u0444\u0435\u043d\u043e\u043b\u043d\u0438\u0445 \u043f\u0438\u0440\u0430\u0437\u043e\u043b-\u0445\u0440\u043e\u043c\u0435\u043d\u043e[2,3-d]\u043f\u0438\u0440\u0438\u043c\u0438\u0434\u0438\u043d\u0441\u043a\u0438\u0445 \u0434\u0435\u0440\u0438\u0432\u0430\u0442\u0430. \u0414\u043e \u0441\u0430\u0434\u0430 \u0441\u0443 \u043f\u0440\u0438\u043c\u0435\u045a\u0435\u043d\u0435 \u0440\u0430\u0437\u043b\u0438\u0447\u0438\u0442\u0435 in vitro \u043c\u0435\u0442\u043e\u0434\u0435 \u0437\u0430 \u043f\u0440\u043e\u0446\u0435\u043d\u0443 \u0430\u043d\u0442\u0438\u043e\u043a\u0441\u0438\u0434\u0430\u0442\u0438\u0432\u043d\u0435&#8230;<\/p>\n","protected":false},"author":1,"featured_media":0,"parent":0,"menu_order":0,"comment_status":"closed","ping_status":"closed","template":"","meta":{"_eb_attr":"","footnotes":""},"class_list":["post-21336","page","type-page","status-publish","hentry"],"_links":{"self":[{"href":"https:\/\/iit.ac.rs\/en\/wp-json\/wp\/v2\/pages\/21336","targetHints":{"allow":["GET"]}}],"collection":[{"href":"https:\/\/iit.ac.rs\/en\/wp-json\/wp\/v2\/pages"}],"about":[{"href":"https:\/\/iit.ac.rs\/en\/wp-json\/wp\/v2\/types\/page"}],"author":[{"embeddable":true,"href":"https:\/\/iit.ac.rs\/en\/wp-json\/wp\/v2\/users\/1"}],"replies":[{"embeddable":true,"href":"https:\/\/iit.ac.rs\/en\/wp-json\/wp\/v2\/comments?post=21336"}],"version-history":[{"count":4,"href":"https:\/\/iit.ac.rs\/en\/wp-json\/wp\/v2\/pages\/21336\/revisions"}],"predecessor-version":[{"id":21373,"href":"https:\/\/iit.ac.rs\/en\/wp-json\/wp\/v2\/pages\/21336\/revisions\/21373"}],"wp:attachment":[{"href":"https:\/\/iit.ac.rs\/en\/wp-json\/wp\/v2\/media?parent=21336"}],"curies":[{"name":"wp","href":"https:\/\/api.w.org\/{rel}","templated":true}]}}