{"id":21406,"date":"2025-11-18T10:42:48","date_gmt":"2025-11-18T10:42:48","guid":{"rendered":"https:\/\/iit.ac.rs\/?page_id=21406"},"modified":"2026-03-04T13:36:47","modified_gmt":"2026-03-04T13:36:47","slug":"lazar-dasic","status":"publish","type":"page","link":"https:\/\/iit.ac.rs\/en\/lazar-dasic\/","title":{"rendered":"Lazar Da\u0161i\u0107"},"content":{"rendered":"<div data-elementor-type=\"wp-page\" data-elementor-id=\"21406\" class=\"elementor elementor-21406\">\n\t\t\t\t<div class=\"elementor-element elementor-element-884918c e-flex e-con-boxed e-con e-parent\" data-id=\"884918c\" data-element_type=\"container\">\n\t\t\t\t\t<div class=\"e-con-inner\">\n\t\t\t\t<div class=\"elementor-element elementor-element-a3b293b elementor-widget elementor-widget-html\" data-id=\"a3b293b\" data-element_type=\"widget\" data-widget_type=\"html.default\">\n\t\t\t\t\t<div class=\"iit-rp\" style=\"--accent:#07294DE8;\">\r\n\r\n  <!-- PHOTO -->\r\n  <div class=\"photo\">\r\n    <img decoding=\"async\" src=\"https:\/\/iit.ac.rs\/wp-content\/uploads\/2025\/11\/LazarDasic.jpg\" alt=\"\u041b\u0430\u0437\u0430\u0440 \u0414\u0430\u0448\u0438\u045b\">\r\n  <\/div>\r\n\r\n  <!-- HEADER -->\r\n  <div class=\"head\">\r\n    <h2>Lazar Da\u0161i\u0107<\/h2>\r\n\r\n    <div class=\"badges\">\r\n      <span class=\"badge\">Junior research\nassistant<\/span>\r\n      <span class=\"badge\">Master of Electrical and Computer Engineering<\/span>\r\n    <\/div>\r\n\r\n    <div class=\"meta\">\r\n      <div><b>Laboratory:<\/b> Bioengineering<\/div>\r\n      <div><b>Address:<\/b> Institute of Information Technologies Kragujevac, Liceja Kne\u017eevine Srbije 1A, 34000 Kragujevac.<\/div>\r\n      <div><b>Email:<\/b> lazar.dasic@kg.ac.rs<\/div>\r\n    <\/div>\r\n\r\n    <!-- EXTERNAL LINKS -->\r\n    <div class=\"ext\">\r\n\r\n      <a href=\"https:\/\/enauka.gov.rs\/cris\/rp\/rp32535\" target=\"_blank\">\r\n        <img decoding=\"async\" src=\"https:\/\/iit.ac.rs\/wp-content\/uploads\/2025\/11\/enauka.jpg\" alt=\"eNauka\">\r\n      <\/a>\r\n\r\n      <a href=\"https:\/\/scidar.kg.ac.rs\/browse?type=author&authority=b509bf86-2906-4171-9dc1-f0d060e0cd3d\" target=\"_blank\">\r\n        <img decoding=\"async\" src=\"https:\/\/iit.ac.rs\/wp-content\/uploads\/2025\/11\/koc.jpg\" alt=\"SCIDAR\">\r\n      <\/a>\r\n\r\n      <a href=\"https:\/\/orcid.org\/0000-0002-8055-100X\" target=\"_blank\">\r\n        <img decoding=\"async\" src=\"https:\/\/iit.ac.rs\/wp-content\/uploads\/2025\/11\/orcid.jpg\" alt=\"ORCID\">\r\n      <\/a>\r\n\r\n      <a href=\"https:\/\/www.linkedin.com\/in\/lazar-da\u0161i\u0107-449414240\" target=\"_blank\">\r\n        <img decoding=\"async\" src=\"https:\/\/iit.ac.rs\/wp-content\/uploads\/2025\/11\/linkedin.jpg\" alt=\"LinkedIn\">\r\n      <\/a>\r\n\r\n    <\/div>\r\n\r\n    <!-- CV LINKS -->\r\n    <div class=\"actions\">\r\n      <a class=\"btn\" href=\"https:\/\/iit.ac.rs\/wp-content\/uploads\/2025\/11\/Radna-biografija-Lazar-Dasic-2023.docx\" target=\"_blank\">\r\n        <span class=\"ico\">\ud83d\udcc4<\/span> CV - Serbian\r\n      <\/a>\r\n\r\n      <a class=\"btn\" href=\"https:\/\/iit.ac.rs\/wp-content\/uploads\/2025\/11\/Biography-Lazar-Dasic.pdf\" target=\"_blank\">\r\n        <span class=\"ico\">\ud83d\udcc4<\/span> CV \u2013 English\r\n      <\/a>\r\n    <\/div>\r\n\r\n  <\/div>\r\n\r\n  <!-- CONTENT -->\r\n  <div class=\"card\">\r\n    <div class=\"accordion\">\r\n\r\n      <!-- OPIS -->\r\n      <details open>\r\n        <summary>Brief description of the research<\/summary>\r\n        <div class=\"content\">\r\n\r\n          <p>\r\n            The main focus of Lazar Da\u0161i\u0107's research is the application of artificial intelligence and deep learning methods to biomedical data, primarily medical images.\r\n          <\/p>\r\n\r\n          <p>\r\n            Research includes solving the problem of classification and segmentation of medical images, as well as the application of computer vision in the development of intraoperative tools to support surgeons during liver tumor removal operations.\r\n          <\/p>\r\n\r\n        <\/div>\r\n      <\/details>\r\n\r\n      <!-- REFERENCES -->\r\n      <details>\r\n        <summary>Selected references<\/summary>\r\n        <div class=\"content\">\r\n          <ul>\r\n\r\n            <li>\r\n              Da\u0161i\u0107 L., Radovanovi\u0107 N., \u0160u\u0161ter\u0161i\u010d T., Blagojevi\u0107 A., Benoli\u0107 L. and Filipovi\u0107 N. (2022).\r\n              <i>Patch-based Convolutional Neural Network for Atherosclerotic Carotid Plaque Semantic Segmentation<\/i>,\r\n              IPSI Transactions on Internet Research, Vol.18(1), 58\u201363.\r\n            <\/li>\r\n\r\n            <li>\r\n              Da\u0161i\u0107 L. and Filipovi\u0107 N. (2022).\r\n              <i>Liver Tracking for Intraoperative Augmented Reality Navigation System<\/i>,\r\n              First Serbian International Conference on Applied Artificial Intelligence, \u041a\u0440\u0430\u0433\u0443\u0458\u0435\u0432\u0430\u0446.\r\n            <\/li>\r\n\r\n            <li>\r\n              Da\u0161i\u0107 L., Blagojevi\u0107 A., \u0160u\u0161ter\u0161i\u010d T. and Filipovi\u0107 N. (2022).\r\n              <i>Comparative Analysis of Patch-based and Full Image Methodology of Carotid Artery Plaque Semantic Segmentation in Ultrasound Images<\/i>,\r\n              IEEE-EMBS BHI Conference, \u0408\u043e\u0430\u043d\u0438\u043d\u0430, \u0413\u0440\u0447\u043a\u0430.\r\n            <\/li>\r\n\r\n          <\/ul>\r\n        <\/div>\r\n      <\/details>\r\n\r\n    <\/div>\r\n  <\/div>\r\n\r\n<\/div>\r\n\t\t\t\t<\/div>\n\t\t\t\t\t<\/div>\n\t\t\t\t<\/div>\n\t\t\t\t<\/div>","protected":false},"excerpt":{"rendered":"<p>\u041b\u0430\u0437\u0430\u0440 \u0414\u0430\u0448\u0438\u045b \u0418\u0441\u0442\u0440\u0430\u0436\u0438\u0432\u0430\u0447 \u043f\u0440\u0438\u043f\u0440\u0430\u0432\u043d\u0438\u043a \u041c\u0430\u0441\u0442\u0435\u0440 \u0435\u043b\u0435\u043a\u0442\u0440\u043e\u0442\u0435\u0445\u043d\u0438\u043a\u0435 \u0438 \u0440\u0430\u0447\u0443\u043d\u0430\u0440\u0441\u0442\u0432\u0430 \u041b\u0430\u0431\u043e\u0440\u0430\u0442\u043e\u0440\u0438\u0458\u0430: \u0411\u0438\u043e\u0438\u043d\u0436\u0435\u045a\u0435\u0440\u0438\u043d\u0433 \u0410\u0434\u0440\u0435\u0441\u0430: \u0418\u043d\u0441\u0442\u0438\u0442\u0443\u0442 \u0437\u0430 \u0438\u043d\u0444\u043e\u0440\u043c\u0430\u0446\u0438\u043e\u043d\u0435 \u0442\u0435\u0445\u043d\u043e\u043b\u043e\u0433\u0438\u0458\u0435 \u041a\u0440\u0430\u0433\u0443\u0458\u0435\u0432\u0430\u0446, \u041b\u0438\u0446\u0435\u0458\u0430 \u041a\u043d\u0435\u0436\u0435\u0432\u0438\u043d\u0435 \u0421\u0440\u0431\u0438\u0458\u0435 1\u0410, 34000 \u041a\u0440\u0430\u0433\u0443\u0458\u0435\u0432\u0430\u0446. \u0415-\u043f\u043e\u0448\u0442\u0430: lazar.dasic@kg.ac.rs \ud83d\udcc4 CV \u2013 \u0421\u0440\u043f\u0441\u043a\u0438 \ud83d\udcc4 CV \u2013 English \u041a\u0440\u0430\u0442\u0430\u043a \u043e\u043f\u0438\u0441 \u0438\u0441\u0442\u0440\u0430\u0436\u0438\u0432\u0430\u045a\u0430 \u0413\u043b\u0430\u0432\u043d\u0438 \u0444\u043e\u043a\u0443\u0441 \u0438\u0441\u0442\u0440\u0430\u0436\u0438\u0432\u0430\u045a\u0430 \u041b\u0430\u0437\u0430\u0440\u0430 \u0414\u0430\u0448\u0438\u045b\u0430 \u0458\u0435 \u043f\u0440\u0438\u043c\u0435\u043d\u0430 \u0432\u0435\u0448\u0442\u0430\u0447\u043a\u0435 \u0438\u043d\u0442\u0435\u043b\u0438\u0433\u0435\u043d\u0446\u0438\u0458\u0435 \u0438 \u043c\u0435\u0442\u043e\u0434\u0430 \u0434\u0443\u0431\u043e\u043a\u043e\u0433 \u0443\u0447\u0435\u045a\u0430 \u043d\u0430 \u0431\u0438\u043e\u043c\u0435\u0434\u0438\u0446\u0438\u043d\u0441\u043a\u0435 \u043f\u043e\u0434\u0430\u0442\u043a\u0435, \u043f\u0440\u0435 \u0441\u0432\u0435\u0433\u0430 \u043d\u0430 \u043c\u0435\u0434\u0438\u0446\u0438\u043d\u0441\u043a\u0435&#8230;<\/p>","protected":false},"author":1,"featured_media":0,"parent":0,"menu_order":0,"comment_status":"closed","ping_status":"closed","template":"","meta":{"_eb_attr":"","footnotes":""},"class_list":["post-21406","page","type-page","status-publish","hentry"],"_links":{"self":[{"href":"https:\/\/iit.ac.rs\/en\/wp-json\/wp\/v2\/pages\/21406","targetHints":{"allow":["GET"]}}],"collection":[{"href":"https:\/\/iit.ac.rs\/en\/wp-json\/wp\/v2\/pages"}],"about":[{"href":"https:\/\/iit.ac.rs\/en\/wp-json\/wp\/v2\/types\/page"}],"author":[{"embeddable":true,"href":"https:\/\/iit.ac.rs\/en\/wp-json\/wp\/v2\/users\/1"}],"replies":[{"embeddable":true,"href":"https:\/\/iit.ac.rs\/en\/wp-json\/wp\/v2\/comments?post=21406"}],"version-history":[{"count":4,"href":"https:\/\/iit.ac.rs\/en\/wp-json\/wp\/v2\/pages\/21406\/revisions"}],"predecessor-version":[{"id":21418,"href":"https:\/\/iit.ac.rs\/en\/wp-json\/wp\/v2\/pages\/21406\/revisions\/21418"}],"wp:attachment":[{"href":"https:\/\/iit.ac.rs\/en\/wp-json\/wp\/v2\/media?parent=21406"}],"curies":[{"name":"wp","href":"https:\/\/api.w.org\/{rel}","templated":true}]}}