{"id":21407,"date":"2025-11-18T10:42:53","date_gmt":"2025-11-18T10:42:53","guid":{"rendered":"https:\/\/iit.ac.rs\/?page_id=21407"},"modified":"2026-03-04T11:09:03","modified_gmt":"2026-03-04T11:09:03","slug":"katarina-pecic","status":"publish","type":"page","link":"https:\/\/iit.ac.rs\/en\/katarina-pecic\/","title":{"rendered":"Katarina Peci\u0107"},"content":{"rendered":"<div data-elementor-type=\"wp-page\" data-elementor-id=\"21407\" class=\"elementor elementor-21407\">\n\t\t\t\t<div class=\"elementor-element elementor-element-7307381 e-flex e-con-boxed e-con e-parent\" data-id=\"7307381\" data-element_type=\"container\">\n\t\t\t\t\t<div class=\"e-con-inner\">\n\t\t\t\t<div class=\"elementor-element elementor-element-e8dcebc elementor-widget elementor-widget-html\" data-id=\"e8dcebc\" data-element_type=\"widget\" data-widget_type=\"html.default\">\n\t\t\t\t\t<div class=\"iit-rp\" style=\"--accent:#07294DE8;\">\r\n\r\n  <!-- PHOTO -->\r\n  <div class=\"photo\">\r\n    <img decoding=\"async\" src=\"https:\/\/iit.ac.rs\/wp-content\/uploads\/2025\/11\/E543CC2D-628B-4EC3-9248-0E38F37C5CEC-1-1.jpeg\" alt=\"\u041a\u0430\u0442\u0430\u0440\u0438\u043d\u0430 \u041f\u0435\u0446\u0438\u045b\">\r\n  <\/div>\r\n\r\n  <!-- HEADER -->\r\n  <div class=\"head\">\r\n    <h2>Katarina Peci\u0107<\/h2>\r\n\r\n    <div class=\"badges\">\r\n      <span class=\"badge\">Junior research\nassistant<\/span>\r\n    <\/div>\r\n\r\n    <div class=\"meta\">\r\n      <div><b>Laboratory:<\/b> Bioengineering<\/div>\r\n      <div><b>Address:<\/b> Institute of Information Technologies Kragujevac, Liceja Kne\u017eevine Srbije 1A, 34000 Kragujevac.<\/div>\r\n      <div><b>Email:<\/b> katarina.pecic@uni.kg.ac.rs<\/div>\r\n    <\/div>\r\n\r\n    <!-- EXTERNAL LINKS -->\r\n    <div class=\"ext\">\r\n\r\n      <a href=\"https:\/\/enauka.gov.rs\/cris\/rp\/rp31865\" target=\"_blank\">\r\n        <img decoding=\"async\" src=\"https:\/\/iit.ac.rs\/wp-content\/uploads\/2025\/11\/enauka.jpg\" alt=\"eNauka\">\r\n      <\/a>\r\n\r\n      <a href=\"https:\/\/orcid.org\/0000-0002-2857-9953\" target=\"_blank\">\r\n        <img decoding=\"async\" src=\"https:\/\/iit.ac.rs\/wp-content\/uploads\/2025\/11\/orcid.jpg\" alt=\"ORCID\">\r\n      <\/a>\r\n\r\n      <a href=\"https:\/\/www.researchgate.net\/profile\/Katarina-Pecic?ev=hdr_xprf\" target=\"_blank\">\r\n        <img decoding=\"async\" src=\"https:\/\/iit.ac.rs\/wp-content\/uploads\/2025\/11\/rg.jpg\" alt=\"ResearchGate\">\r\n      <\/a>\r\n\r\n      <a href=\"https:\/\/www.linkedin.com\/in\/katarina-peci%C4%87-6aa12325a\/\" target=\"_blank\">\r\n        <img decoding=\"async\" src=\"https:\/\/iit.ac.rs\/wp-content\/uploads\/2025\/11\/linkedin.jpg\" alt=\"LinkedIn\">\r\n      <\/a>\r\n\r\n      <a href=\"https:\/\/www.scopus.com\/authid\/detail.uri?authorId=58421062100\" target=\"_blank\">\r\n        <img decoding=\"async\" src=\"https:\/\/iit.ac.rs\/wp-content\/uploads\/2025\/11\/scopus.jpg\" alt=\"Scopus\">\r\n      <\/a>\r\n\r\n    <\/div>\r\n\r\n    <!-- CV LINKS -->\r\n    <div class=\"actions\">\r\n      <a class=\"btn\" href=\"https:\/\/iit.ac.rs\/wp-content\/uploads\/2025\/11\/Radna-biografija-Katarina-Pecic-2023.docx\" target=\"_blank\">\r\n        <span class=\"ico\">\ud83d\udcc4<\/span> CV - Serbian\r\n      <\/a>\r\n\r\n      <a class=\"btn\" href=\"https:\/\/iit.ac.rs\/wp-content\/uploads\/2025\/11\/Biography-Katarina-Pecic.pdf\" target=\"_blank\">\r\n        <span class=\"ico\">\ud83d\udcc4<\/span> CV \u2013 English\r\n      <\/a>\r\n    <\/div>\r\n\r\n  <\/div>\r\n\r\n  <!-- CONTENT -->\r\n  <div class=\"card\">\r\n    <div class=\"accordion\">\r\n\r\n      <!-- OPIS -->\r\n      <details open>\r\n        <summary>Brief description of the research<\/summary>\r\n        <div class=\"content\">\r\n\r\n          <p>\r\n            Katarina's primary research area is focused on examining the biological activity of various chemical compounds and natural products, with an emphasis on anticancer activity against various types of cancer.\r\n          <\/p>\r\n\r\n          <p>\r\n            The research focus is on evaluating the mechanisms of anticancer activity \u2013 cytotoxicity,\nantimigratory and antiinvasive potential, as well as suppression of neoangiogenesis \u2013 at the\ngene and protein levels. A significant aspect of her work is the development and application of the zebrafish model system\nin toxicological research.\r\n          <\/p>\r\n\r\n        <\/div>\r\n      <\/details>\r\n\r\n      <!-- REFERENCES -->\r\n      <details>\r\n        <summary>Selected references<\/summary>\r\n        <div class=\"content\">\r\n          <ul>\r\n\r\n            <li>\r\n              Peci\u0107 K., Jovanovi\u0107 M., Arsenijevi\u0107 D., Pavi\u0107 J., Grujovi\u0107 M., Mladenovi\u0107 K.,\r\n              Virijevi\u0107 K., \u017divanovi\u0107 M., \u0160ekli\u0107 D.\r\n              <i>Laetiporus sulphureus affects migration and superoxide anion radical levels in HeLa cervical cancer cells<\/i>.\r\n              The 3rd International Electronic Conference on Foods, Biology and Life Sciences Forum, 2022, 18(1): 6.\r\n              https:\/\/doi.org\/10.3390\/Foods2022-12933\r\n            <\/li>\r\n\r\n            <li>\r\n              Jovanovi\u0107 M., Virijevi\u0107 K., Pavi\u0107 J., Arsenijevi\u0107 D., Peci\u0107 K., Kastratovi\u0107 N.,\r\n              \u017divanovi\u0107 M., \u0160ekli\u0107 D.\r\n              <i>Antimigratory activity of royal jelly on HCT-116 colorectal cancer cells<\/i>.\r\n              The 3rd International Electronic Conference on Foods, Biology and Life Sciences Forum, 2022, 18(1): 60.\r\n              https:\/\/doi.org\/10.3390\/Foods2022-12951\r\n            <\/li>\r\n\r\n            <li>\r\n              Arsenijevi\u0107 D., Jovanovi\u0107 M., Peci\u0107 K., Grujovi\u0107 M., Markovi\u0107 K., \u0160ekli\u0107 D.\r\n              <i>Effects of Laetiporus sulphureus on viability of HeLa cells in co-culture system with Saccharomyces boulardii<\/i>.\r\n              The 3rd International Electronic Conference on Foods, Biology and Life Sciences Forum, 2022, 18(1): 69.\r\n              https:\/\/doi.org\/10.3390\/Foods2022-13028\r\n            <\/li>\r\n\r\n          <\/ul>\r\n        <\/div>\r\n      <\/details>\r\n\r\n    <\/div>\r\n  <\/div>\r\n\r\n<\/div>\r\n\t\t\t\t<\/div>\n\t\t\t\t\t<\/div>\n\t\t\t\t<\/div>\n\t\t\t\t<\/div>","protected":false},"excerpt":{"rendered":"<p>\u041a\u0430\u0442\u0430\u0440\u0438\u043d\u0430 \u041f\u0435\u0446\u0438\u045b \u0418\u0441\u0442\u0440\u0430\u0436\u0438\u0432\u0430\u0447 \u043f\u0440\u0438\u043f\u0440\u0430\u0432\u043d\u0438\u043a \u041b\u0430\u0431\u043e\u0440\u0430\u0442\u043e\u0440\u0438\u0458\u0430: \u0411\u0438\u043e\u0438\u043d\u0436\u0435\u045a\u0435\u0440\u0438\u043d\u0433 \u0410\u0434\u0440\u0435\u0441\u0430: \u0418\u043d\u0441\u0442\u0438\u0442\u0443\u0442 \u0437\u0430 \u0438\u043d\u0444\u043e\u0440\u043c\u0430\u0446\u0438\u043e\u043d\u0435 \u0442\u0435\u0445\u043d\u043e\u043b\u043e\u0433\u0438\u0458\u0435 \u041a\u0440\u0430\u0433\u0443\u0458\u0435\u0432\u0430\u0446, \u041b\u0438\u0446\u0435\u0458\u0430 \u041a\u043d\u0435\u0436\u0435\u0432\u0438\u043d\u0435 \u0421\u0440\u0431\u0438\u0458\u0435 1\u0410, 34000 \u041a\u0440\u0430\u0433\u0443\u0458\u0435\u0432\u0430\u0446. \u0415-\u043f\u043e\u0448\u0442\u0430: katarina.pecic@uni.kg.ac.rs \ud83d\udcc4 CV \u2013 \u0421\u0440\u043f\u0441\u043a\u0438 \ud83d\udcc4 CV \u2013 English \u041a\u0440\u0430\u0442\u0430\u043a \u043e\u043f\u0438\u0441 \u0438\u0441\u0442\u0440\u0430\u0436\u0438\u0432\u0430\u045a\u0430 \u041a\u0430\u0442\u0430\u0440\u0438\u043d\u0438\u043d\u0430 \u043f\u0440\u0438\u043c\u0430\u0440\u043d\u0430 \u043d\u0430\u0443\u0447\u043d\u043e-\u0438\u0441\u0442\u0440\u0430\u0436\u0438\u0432\u0430\u0447\u043a\u0430 \u043e\u0431\u043b\u0430\u0441\u0442 \u0443\u0441\u043c\u0435\u0440\u0435\u043d\u0430 \u0458\u0435 \u043d\u0430 \u0438\u0441\u043f\u0438\u0442\u0438\u0432\u0430\u045a\u0435 \u0431\u0438\u043e\u043b\u043e\u0448\u043a\u0435 \u0430\u043a\u0442\u0438\u0432\u043d\u043e\u0441\u0442\u0438 \u0440\u0430\u0437\u043b\u0438\u0447\u0438\u0442\u0438\u0445 \u0445\u0435\u043c\u0438\u0458\u0441\u043a\u0438\u0445 \u0458\u0435\u0434\u0438\u045a\u0435\u045a\u0430 \u0438 \u043f\u0440\u0438\u0440\u043e\u0434\u043d\u0438\u0445 \u043f\u0440\u043e\u0438\u0437\u0432\u043e\u0434\u0430, \u0441\u0430 \u0430\u043a\u0446\u0435\u043d\u0442\u043e\u043c \u043d\u0430 \u0430\u043d\u0442\u0438\u043a\u0430\u043d\u0446\u0435\u0440\u043e\u0433\u0435\u043d\u043e\u043c \u0434\u0435\u043b\u043e\u0432\u0430\u045a\u0443 \u043f\u0440\u043e\u0442\u0438\u0432 \u0440\u0430\u0437\u043b\u0438\u0447\u0438\u0442\u0438\u0445 \u0442\u0438\u043f\u043e\u0432\u0430&#8230;<\/p>","protected":false},"author":1,"featured_media":0,"parent":0,"menu_order":0,"comment_status":"closed","ping_status":"closed","template":"","meta":{"_eb_attr":"","footnotes":""},"class_list":["post-21407","page","type-page","status-publish","hentry"],"_links":{"self":[{"href":"https:\/\/iit.ac.rs\/en\/wp-json\/wp\/v2\/pages\/21407","targetHints":{"allow":["GET"]}}],"collection":[{"href":"https:\/\/iit.ac.rs\/en\/wp-json\/wp\/v2\/pages"}],"about":[{"href":"https:\/\/iit.ac.rs\/en\/wp-json\/wp\/v2\/types\/page"}],"author":[{"embeddable":true,"href":"https:\/\/iit.ac.rs\/en\/wp-json\/wp\/v2\/users\/1"}],"replies":[{"embeddable":true,"href":"https:\/\/iit.ac.rs\/en\/wp-json\/wp\/v2\/comments?post=21407"}],"version-history":[{"count":4,"href":"https:\/\/iit.ac.rs\/en\/wp-json\/wp\/v2\/pages\/21407\/revisions"}],"predecessor-version":[{"id":21426,"href":"https:\/\/iit.ac.rs\/en\/wp-json\/wp\/v2\/pages\/21407\/revisions\/21426"}],"wp:attachment":[{"href":"https:\/\/iit.ac.rs\/en\/wp-json\/wp\/v2\/media?parent=21407"}],"curies":[{"name":"wp","href":"https:\/\/api.w.org\/{rel}","templated":true}]}}