{"id":21408,"date":"2025-11-18T10:42:56","date_gmt":"2025-11-18T10:42:56","guid":{"rendered":"https:\/\/iit.ac.rs\/?page_id=21408"},"modified":"2026-03-04T13:38:25","modified_gmt":"2026-03-04T13:38:25","slug":"mari%d1%98a-brankovic","status":"publish","type":"page","link":"https:\/\/iit.ac.rs\/en\/mari%d1%98a-brankovic\/","title":{"rendered":"Marija Brankovi\u0107"},"content":{"rendered":"<div data-elementor-type=\"wp-page\" data-elementor-id=\"21408\" class=\"elementor elementor-21408\">\n\t\t\t\t<div class=\"elementor-element elementor-element-49e9ad6 e-flex e-con-boxed e-con e-parent\" data-id=\"49e9ad6\" data-element_type=\"container\">\n\t\t\t\t\t<div class=\"e-con-inner\">\n\t\t\t\t<div class=\"elementor-element elementor-element-4a1e472 elementor-widget elementor-widget-html\" data-id=\"4a1e472\" data-element_type=\"widget\" data-widget_type=\"html.default\">\n\t\t\t\t\t<div class=\"iit-rp\" style=\"--accent:#07294DE8;\">\r\n\r\n  <!-- PHOTO -->\r\n  <div class=\"photo\">\r\n    <img decoding=\"async\" src=\"https:\/\/iit.ac.rs\/wp-content\/uploads\/2025\/11\/oie_4V0yBr8bGqL7.jpg\" alt=\"\u041c\u0430\u0440\u0438\u0458\u0430 \u0411\u0440\u0430\u043d\u043a\u043e\u0432\u0438\u045b\">\r\n  <\/div>\r\n\r\n  <!-- HEADER -->\r\n  <div class=\"head\">\r\n    <h2>Marija Brankovi\u0107<\/h2>\r\n\r\n    <div class=\"badges\">\r\n      <span class=\"badge\">Junior research\nassistant<\/span>\r\n    <\/div>\r\n\r\n    <div class=\"meta\">\r\n      <div><b>Education:<\/b> Master of Science in Biomedical Engineering<\/div>\r\n      <div><b>Laboratory:<\/b> Center for Bioengineering<\/div>\r\n      <div><b>Address:<\/b> Institute of Information Technologies Kragujevac, Liceja Kne\u017eevine Srbije 1A, 34000 Kragujevac.<\/div>\r\n      <div><b>Email:<\/b> marija.brankovic@uni.kg.ac.rs<\/div>\r\n    <\/div>\r\n\r\n    <!-- EXTERNAL LINKS -->\r\n    <div class=\"ext\">\r\n\r\n      <a href=\"https:\/\/enauka.gov.rs\/cris\/rp\/rp34695\" target=\"_blank\">\r\n        <img decoding=\"async\" src=\"https:\/\/iit.ac.rs\/wp-content\/uploads\/2025\/11\/enauka.jpg\" alt=\"eNauka\">\r\n      <\/a>\r\n\r\n      <a href=\"https:\/\/orcid.org\/0009-0003-5228-4172\" target=\"_blank\">\r\n        <img decoding=\"async\" src=\"https:\/\/iit.ac.rs\/wp-content\/uploads\/2025\/11\/orcid.jpg\" alt=\"ORCID\">\r\n      <\/a>\r\n\r\n      <a href=\"https:\/\/www.researchgate.net\/profile\/Marija-Brankovic-5?ev=hdr_xprf\" target=\"_blank\">\r\n        <img decoding=\"async\" src=\"https:\/\/iit.ac.rs\/wp-content\/uploads\/2025\/11\/rg.jpg\" alt=\"ResearchGate\">\r\n      <\/a>\r\n\r\n    <\/div>\r\n\r\n    <!-- CV LINKS -->\r\n    <div class=\"actions\">\r\n      <a class=\"btn\" href=\"https:\/\/iit.ac.rs\/wp-content\/uploads\/2025\/11\/Radna-biografija_Marija_Brankovic.docx\" target=\"_blank\">\r\n        <span class=\"ico\">\ud83d\udcc4<\/span> CV - Serbian\r\n      <\/a>\r\n\r\n      <a class=\"btn\" href=\"https:\/\/iit.ac.rs\/wp-content\/uploads\/2025\/11\/Biography_Marija_Brankovic.docx\" target=\"_blank\">\r\n        <span class=\"ico\">\ud83d\udcc4<\/span> CV \u2013 English\r\n      <\/a>\r\n    <\/div>\r\n\r\n  <\/div>\r\n\r\n  <!-- CONTENT -->\r\n  <div class=\"card\">\r\n    <div class=\"accordion\">\r\n\r\n      <!-- OPIS -->\r\n      <details open>\r\n        <summary>Brief description of the research<\/summary>\r\n        <div class=\"content\">\r\n          <p>\r\n            Marija Brankovi\u0107's research is at the intersection of biomedical engineering, chemistry, and the application of advanced materials in medicine. A particular focus is on the design and characterization of new small molecules with antioxidant, cytotoxic, and antibacterial activity, as well as their potential application in disease therapy and prevention.\r\n          <\/p>\r\n          <p>\r\n            In addition, it reviews and analyzes the application of bioinspired materials, such as\nspider silk, in tissue engineering, as well as the application of artificial intelligence and\nfuzzy logic in tumor characterization and clinical decision support.\r\n          <\/p>\r\n        <\/div>\r\n      <\/details>\r\n\r\n      <!-- REFERENCES -->\r\n      <details>\r\n        <summary>Selected references<\/summary>\r\n        <div class=\"content\">\r\n          <ul>\r\n\r\n            <li>\r\n              Brankovi\u0107 J., Mateji\u0107 V., Simijonovi\u0107 D., Vuki\u0107 M.D., Ka\u010daniova M., \u017divanovi\u0107 M., Miri\u0107 A.,\r\n              Ko\u0161ari\u0107 J., Brankovi\u0107 M., Petrovi\u0107 V.P.\r\n              <i>Novel N\u2010pyrocatechoyl and N\u2010pyrogalloyl Hydrazone Antioxidants Endowed with Cytotoxic and Antibacterial Activity<\/i>.\r\n              Arch. Pharm. (Weinheim), 2024, e2300725, doi:10.1002\/ardp.202300725.\r\n            <\/li>\r\n\r\n            <li>\r\n              Brankovi\u0107 M., Zivic F., Grujovic N., Stojadinovic I., Milenkovic S., Kotorcevic N.\r\n              <i>Review of Spider Silk Applications in Biomedical and Tissue Engineering<\/i>.\r\n              Biomimetics, 2024, 9, 169, doi:10.3390\/biomimetics9030169.\r\n            <\/li>\r\n\r\n            <li>\r\n              Brankovi\u0107 M., Miri\u0107 A., Geroski T., \u017divanovi\u0107 M., Filipovi\u0107 N.\r\n              <i>Fuzzy-based characterization of ovarian tumors<\/i>.\r\n              The Third Serbian International Conference on Applied Artificial Intelligence (SICAAI),\r\n              23\u201324 May 2024, Kragujevac, Serbia, p. 39. ISBN: 978-86-81037-79-9.\r\n            <\/li>\r\n\r\n          <\/ul>\r\n        <\/div>\r\n      <\/details>\r\n\r\n    <\/div>\r\n  <\/div>\r\n\r\n<\/div>\r\n\t\t\t\t<\/div>\n\t\t\t\t\t<\/div>\n\t\t\t\t<\/div>\n\t\t\t\t<\/div>","protected":false},"excerpt":{"rendered":"<p>\u041c\u0430\u0440\u0438\u0458\u0430 \u0411\u0440\u0430\u043d\u043a\u043e\u0432\u0438\u045b \u0418\u0441\u0442\u0440\u0430\u0436\u0438\u0432\u0430\u0447 \u043f\u0440\u0438\u043f\u0440\u0430\u0432\u043d\u0438\u043a \u041e\u0431\u0440\u0430\u0437\u043e\u0432\u0430\u045a\u0435: \u041c\u0430\u0441\u0442\u0435\u0440 \u0438\u043d\u0436\u0435\u045a\u0435\u0440 \u0431\u0438\u043e\u043c\u0435\u0434\u0438\u0446\u0438\u043d\u0441\u043a\u043e\u0433 \u0438\u043d\u0436\u0435\u045a\u0435\u0440\u0441\u0442\u0432\u0430 \u041b\u0430\u0431\u043e\u0440\u0430\u0442\u043e\u0440\u0438\u0458\u0430: \u0426\u0435\u043d\u0442\u0430\u0440 \u0437\u0430 \u0431\u0438\u043e\u0438\u043d\u0436\u0435\u045a\u0435\u0440\u0438\u043d\u0433 \u0410\u0434\u0440\u0435\u0441\u0430: \u0418\u043d\u0441\u0442\u0438\u0442\u0443\u0442 \u0437\u0430 \u0438\u043d\u0444\u043e\u0440\u043c\u0430\u0446\u0438\u043e\u043d\u0435 \u0442\u0435\u0445\u043d\u043e\u043b\u043e\u0433\u0438\u0458\u0435 \u041a\u0440\u0430\u0433\u0443\u0458\u0435\u0432\u0430\u0446, \u041b\u0438\u0446\u0435\u0458\u0430 \u041a\u043d\u0435\u0436\u0435\u0432\u0438\u043d\u0435 \u0421\u0440\u0431\u0438\u0458\u0435 1\u0410, 34000 \u041a\u0440\u0430\u0433\u0443\u0458\u0435\u0432\u0430\u0446. \u0415-\u043f\u043e\u0448\u0442\u0430: marija.brankovic@uni.kg.ac.rs \ud83d\udcc4 CV \u2013 \u0421\u0440\u043f\u0441\u043a\u0438 \ud83d\udcc4 CV \u2013 English \u041a\u0440\u0430\u0442\u0430\u043a \u043e\u043f\u0438\u0441 \u0438\u0441\u0442\u0440\u0430\u0436\u0438\u0432\u0430\u045a\u0430 \u0418\u0441\u0442\u0440\u0430\u0436\u0438\u0432\u0430\u045a\u0430 \u041c\u0430\u0440\u0438\u0458\u0435 \u0411\u0440\u0430\u043d\u043a\u043e\u0432\u0438\u045b \u043d\u0430\u043b\u0430\u0437\u0435 \u0441\u0435 \u043d\u0430 \u043f\u0440\u0435\u0441\u0435\u043a\u0443 \u0431\u0438\u043e\u043c\u0435\u0434\u0438\u0446\u0438\u043d\u0441\u043a\u043e\u0433 \u0438\u043d\u0436\u0435\u045a\u0435\u0440\u0441\u0442\u0432\u0430, \u0445\u0435\u043c\u0438\u0458\u0435 \u0438 \u043f\u0440\u0438\u043c\u0435\u043d\u0435 \u043d\u0430\u043f\u0440\u0435\u0434\u043d\u0438\u0445 \u043c\u0430\u0442\u0435\u0440\u0438\u0458\u0430\u043b\u0430 \u0443 \u043c\u0435\u0434\u0438\u0446\u0438\u043d\u0438. \u041f\u043e\u0441\u0435\u0431\u0430\u043d&#8230;<\/p>","protected":false},"author":1,"featured_media":0,"parent":0,"menu_order":0,"comment_status":"closed","ping_status":"closed","template":"","meta":{"_eb_attr":"","footnotes":""},"class_list":["post-21408","page","type-page","status-publish","hentry"],"_links":{"self":[{"href":"https:\/\/iit.ac.rs\/en\/wp-json\/wp\/v2\/pages\/21408","targetHints":{"allow":["GET"]}}],"collection":[{"href":"https:\/\/iit.ac.rs\/en\/wp-json\/wp\/v2\/pages"}],"about":[{"href":"https:\/\/iit.ac.rs\/en\/wp-json\/wp\/v2\/types\/page"}],"author":[{"embeddable":true,"href":"https:\/\/iit.ac.rs\/en\/wp-json\/wp\/v2\/users\/1"}],"replies":[{"embeddable":true,"href":"https:\/\/iit.ac.rs\/en\/wp-json\/wp\/v2\/comments?post=21408"}],"version-history":[{"count":4,"href":"https:\/\/iit.ac.rs\/en\/wp-json\/wp\/v2\/pages\/21408\/revisions"}],"predecessor-version":[{"id":21431,"href":"https:\/\/iit.ac.rs\/en\/wp-json\/wp\/v2\/pages\/21408\/revisions\/21431"}],"wp:attachment":[{"href":"https:\/\/iit.ac.rs\/en\/wp-json\/wp\/v2\/media?parent=21408"}],"curies":[{"name":"wp","href":"https:\/\/api.w.org\/{rel}","templated":true}]}}