{"id":21409,"date":"2025-11-18T10:43:02","date_gmt":"2025-11-18T10:43:02","guid":{"rendered":"https:\/\/iit.ac.rs\/?page_id=21409"},"modified":"2026-03-04T13:38:44","modified_gmt":"2026-03-04T13:38:44","slug":"%d1%98ana-bascarevic","status":"publish","type":"page","link":"https:\/\/iit.ac.rs\/en\/%d1%98ana-bascarevic\/","title":{"rendered":"Jana Ba\u0161\u010darevi\u0107"},"content":{"rendered":"<div data-elementor-type=\"wp-page\" data-elementor-id=\"21409\" class=\"elementor elementor-21409\">\n\t\t\t\t<div class=\"elementor-element elementor-element-b5d13d8 e-flex e-con-boxed e-con e-parent\" data-id=\"b5d13d8\" data-element_type=\"container\">\n\t\t\t\t\t<div class=\"e-con-inner\">\n\t\t\t\t<div class=\"elementor-element elementor-element-e839c80 elementor-widget elementor-widget-html\" data-id=\"e839c80\" data-element_type=\"widget\" data-widget_type=\"html.default\">\n\t\t\t\t\t<div class=\"iit-rp\" style=\"--accent:#07294DE8;\">\r\n\r\n  <!-- PHOTO -->\r\n  <div class=\"photo\">\r\n    <img decoding=\"async\" src=\"https:\/\/iit.ac.rs\/wp-content\/uploads\/2025\/11\/Jana.jpg\" alt=\"\u0408\u0430\u043d\u0430 \u0411\u0430\u0448\u0447\u0430\u0440\u0435\u0432\u0438\u045b\">\r\n  <\/div>\r\n\r\n  <!-- HEADER -->\r\n  <div class=\"head\">\r\n    <h2>Jana Ba\u0161\u010darevi\u0107<\/h2>\r\n\r\n    <div class=\"badges\">\r\n      <span class=\"badge\">Junior research\nassistant<\/span>\r\n    <\/div>\r\n\r\n    <div class=\"meta\">\r\n      <div><b>Education:<\/b> Master of Technology Engineer - Biotechnology<\/div>\r\n      <div><b>Laboratory:<\/b> Center for Bioengineering<\/div>\r\n      <div><b>Address:<\/b> Institute of Information Technologies Kragujevac, Liceja Kne\u017eevine Srbije 1A, 34000 Kragujevac.<\/div>\r\n      <div><b>Email:<\/b> jana.bascarevic@uni.kg.ac.rs<\/div>\r\n    <\/div>\r\n\r\n    <!-- EXTERNAL LINKS -->\r\n    <div class=\"ext\">\r\n\r\n      <a href=\"https:\/\/enauka.gov.rs\/cris\/rp\/rp35134\" target=\"_blank\">\r\n        <img decoding=\"async\" src=\"https:\/\/iit.ac.rs\/wp-content\/uploads\/2025\/11\/enauka.jpg\" alt=\"eNauka\">\r\n      <\/a>\r\n\r\n      <a href=\"https:\/\/orcid.org\/0009-0004-2685-4925\" target=\"_blank\">\r\n        <img decoding=\"async\" src=\"https:\/\/iit.ac.rs\/wp-content\/uploads\/2025\/11\/orcid.jpg\" alt=\"ORCID\">\r\n      <\/a>\r\n\r\n    <\/div>\r\n\r\n    <!-- CV LINKS -->\r\n    <div class=\"actions\">\r\n      <a class=\"btn\" href=\"https:\/\/iit.ac.rs\/wp-content\/uploads\/2025\/11\/Radna-biografija-template-1.docx\" target=\"_blank\">\r\n        <span class=\"ico\">\ud83d\udcc4<\/span> CV - Serbian\r\n      <\/a>\r\n\r\n      <a class=\"btn\" href=\"https:\/\/iit.ac.rs\/wp-content\/uploads\/2025\/11\/Biography-Template-1.docx\" target=\"_blank\">\r\n        <span class=\"ico\">\ud83d\udcc4<\/span> CV \u2013 English\r\n      <\/a>\r\n    <\/div>\r\n\r\n  <\/div>\r\n\r\n  <!-- CONTENT -->\r\n  <div class=\"card\">\r\n    <div class=\"accordion\">\r\n\r\n      <!-- OPIS -->\r\n      <details open>\r\n        <summary>Brief description of the research<\/summary>\r\n        <div class=\"content\">\r\n          <p>\r\n            Jane Ba\u0161\u010darevi\u0107's research work is primarily focused on the development of new functional biomaterials for biomedical applications, such as scaffolds for tissue engineering, wound dressings, and controlled drug delivery systems.\r\n          <\/p>\r\n          <p>\r\n            Special attention is paid to the application of electrospinning technology to obtain nanofibers\nbased on various synthetic and natural polymers. Experimental work includes\nprocess optimization (influence of process parameters, solution parameters and environmental parameters\n), detailed characterization of the structure, morphology and chemical composition of the fibers\n(SEM, TEM, spectroscopic techniques), as well as functionalization of nanofibers by incorporating\ndrugs, cells, enzymes and other agents in order to improve performance.\r\n          <\/p>\r\n          <p>\r\n            In addition, the research includes testing the cytotoxicity, biocompatibility,\nconductivity, mechanical and other properties of the synthesized materials, in accordance with\ntheir planned application. Part of the research also relates to the application of artificial intelligence,\nthrough the development of neural network models for predicting the morphological characteristics\nof electrospun fibers, which allows for faster and more efficient process planning.\r\n          <\/p>\r\n        <\/div>\r\n        \r\n        \r\n      <\/details>\r\n      \r\n      <!-- REFERENCES -->\r\n      <details>\r\n        <summary>Selected references<\/summary>\r\n        <div class=\"content\">\r\n          <ul> <\/ul>\r\n          <\/div>\r\n            <\/details>\r\n\r\n    <\/div>\r\n    \r\n    \r\n  <\/div>\r\n\r\n<\/div>\r\n\t\t\t\t<\/div>\n\t\t\t\t\t<\/div>\n\t\t\t\t<\/div>\n\t\t\t\t<\/div>","protected":false},"excerpt":{"rendered":"<p>\u0408\u0430\u043d\u0430 \u0411\u0430\u0448\u0447\u0430\u0440\u0435\u0432\u0438\u045b \u0418\u0441\u0442\u0440\u0430\u0436\u0438\u0432\u0430\u0447 \u043f\u0440\u0438\u043f\u0440\u0430\u0432\u043d\u0438\u043a \u041e\u0431\u0440\u0430\u0437\u043e\u0432\u0430\u045a\u0435: \u041c\u0430\u0441\u0442\u0435\u0440 \u0438\u043d\u0436\u0435\u045a\u0435\u0440 \u0442\u0435\u0445\u043d\u043e\u043b\u043e\u0433\u0438\u0458\u0435 \u2013 \u0431\u0438\u043e\u0442\u0435\u0445\u043d\u043e\u043b\u043e\u0433\u0438\u0458\u0435 \u041b\u0430\u0431\u043e\u0440\u0430\u0442\u043e\u0440\u0438\u0458\u0430: \u0426\u0435\u043d\u0442\u0430\u0440 \u0437\u0430 \u0431\u0438\u043e\u0438\u043d\u0436\u0435\u045a\u0435\u0440\u0438\u043d\u0433 \u0410\u0434\u0440\u0435\u0441\u0430: \u0418\u043d\u0441\u0442\u0438\u0442\u0443\u0442 \u0437\u0430 \u0438\u043d\u0444\u043e\u0440\u043c\u0430\u0446\u0438\u043e\u043d\u0435 \u0442\u0435\u0445\u043d\u043e\u043b\u043e\u0433\u0438\u0458\u0435 \u041a\u0440\u0430\u0433\u0443\u0458\u0435\u0432\u0430\u0446, \u041b\u0438\u0446\u0435\u0458\u0430 \u041a\u043d\u0435\u0436\u0435\u0432\u0438\u043d\u0435 \u0421\u0440\u0431\u0438\u0458\u0435 1\u0410, 34000 \u041a\u0440\u0430\u0433\u0443\u0458\u0435\u0432\u0430\u0446. \u0415-\u043f\u043e\u0448\u0442\u0430: jana.bascarevic@uni.kg.ac.rs \ud83d\udcc4 CV \u2013 \u0421\u0440\u043f\u0441\u043a\u0438 \ud83d\udcc4 CV \u2013 English \u041a\u0440\u0430\u0442\u0430\u043a \u043e\u043f\u0438\u0441 \u0438\u0441\u0442\u0440\u0430\u0436\u0438\u0432\u0430\u045a\u0430 \u0418\u0441\u0442\u0440\u0430\u0436\u0438\u0432\u0430\u0447\u043a\u0438 \u0440\u0430\u0434 \u0408\u0430\u043d\u0435 \u0411\u0430\u0448\u0447\u0430\u0440\u0435\u0432\u0438\u045b \u043f\u0440\u0438\u043c\u0430\u0440\u043d\u043e \u0458\u0435 \u0444\u043e\u043a\u0443\u0441\u0438\u0440\u0430\u043d \u043d\u0430 \u0440\u0430\u0437\u0432\u043e\u0458 \u043d\u043e\u0432\u0438\u0445 \u0444\u0443\u043d\u043a\u0446\u0438\u043e\u043d\u0430\u043b\u043d\u0438\u0445 \u0431\u0438\u043e\u043c\u0430\u0442\u0435\u0440\u0438\u0458\u0430\u043b\u0430 \u0437\u0430 \u0431\u0438\u043e\u043c\u0435\u0434\u0438\u0446\u0438\u043d\u0441\u043a\u0443 \u043f\u0440\u0438\u043c\u0435\u043d\u0443, \u043a\u0430\u043e&#8230;<\/p>","protected":false},"author":1,"featured_media":0,"parent":0,"menu_order":0,"comment_status":"closed","ping_status":"closed","template":"","meta":{"_eb_attr":"","footnotes":""},"class_list":["post-21409","page","type-page","status-publish","hentry"],"_links":{"self":[{"href":"https:\/\/iit.ac.rs\/en\/wp-json\/wp\/v2\/pages\/21409","targetHints":{"allow":["GET"]}}],"collection":[{"href":"https:\/\/iit.ac.rs\/en\/wp-json\/wp\/v2\/pages"}],"about":[{"href":"https:\/\/iit.ac.rs\/en\/wp-json\/wp\/v2\/types\/page"}],"author":[{"embeddable":true,"href":"https:\/\/iit.ac.rs\/en\/wp-json\/wp\/v2\/users\/1"}],"replies":[{"embeddable":true,"href":"https:\/\/iit.ac.rs\/en\/wp-json\/wp\/v2\/comments?post=21409"}],"version-history":[{"count":4,"href":"https:\/\/iit.ac.rs\/en\/wp-json\/wp\/v2\/pages\/21409\/revisions"}],"predecessor-version":[{"id":21436,"href":"https:\/\/iit.ac.rs\/en\/wp-json\/wp\/v2\/pages\/21409\/revisions\/21436"}],"wp:attachment":[{"href":"https:\/\/iit.ac.rs\/en\/wp-json\/wp\/v2\/media?parent=21409"}],"curies":[{"name":"wp","href":"https:\/\/api.w.org\/{rel}","templated":true}]}}