{"id":21440,"date":"2025-11-18T11:06:50","date_gmt":"2025-11-18T11:06:50","guid":{"rendered":"https:\/\/iit.ac.rs\/?page_id=21440"},"modified":"2026-03-04T11:06:20","modified_gmt":"2026-03-04T11:06:20","slug":"aleksandar-milovanovic","status":"publish","type":"page","link":"https:\/\/iit.ac.rs\/en\/aleksandar-milovanovic\/","title":{"rendered":"Dr Aleksandar Milovanovi\u0107"},"content":{"rendered":"<div data-elementor-type=\"wp-page\" data-elementor-id=\"21440\" class=\"elementor elementor-21440\">\n\t\t\t\t<div class=\"elementor-element elementor-element-391c2fa e-flex e-con-boxed e-con e-parent\" data-id=\"391c2fa\" data-element_type=\"container\">\n\t\t\t\t\t<div class=\"e-con-inner\">\n\t\t\t\t<div class=\"elementor-element elementor-element-3404389 elementor-widget elementor-widget-html\" data-id=\"3404389\" data-element_type=\"widget\" data-widget_type=\"html.default\">\n\t\t\t\t\t<div class=\"iit-rp\" style=\"--accent:#07294DE8;\">\r\n\r\n  <!-- PHOTO -->\r\n  <div class=\"photo\">\r\n    <img decoding=\"async\" src=\"https:\/\/iit.ac.rs\/wp-content\/uploads\/2025\/11\/AleksandarMilovanovic.jpg\" alt=\"\u0410\u043b\u0435\u043a\u0441\u0430\u043d\u0434\u0430\u0440 \u041c\u0438\u043b\u043e\u0432\u0430\u043d\u043e\u0432\u0438\u045b\">\r\n  <\/div>\r\n\r\n  <!-- HEADER -->\r\n  <div class=\"head\">\r\n    <h2>\u0434\u0440 \u0410\u043b\u0435\u043a\u0441\u0430\u043d\u0434\u0430\u0440 \u041c\u0438\u043b\u043e\u0432\u0430\u043d\u043e\u0432\u0438\u045b<\/h2>\r\n\r\n    <div class=\"badges\">\r\n      <span class=\"badge\">Research associate<\/span>\r\n    <\/div>\r\n\r\n    <div class=\"meta\">\r\n      <div><b>Education:<\/b> Graduated mechanical engineer<\/div>\r\n      <div><b>Laboratory:<\/b> Bioengineering<\/div>\r\n      <div><b>Address:<\/b> Institute of Information Technologies Kragujevac, Liceja Kne\u017eevine Srbije 1A, 34000 Kragujevac.<\/div>\r\n      <div><b>Email:<\/b> aleksandar.milovanovic@uni.kg.ac.rs<\/div>\r\n    <\/div>\r\n\r\n    <!-- EXTERNAL LINKS -->\r\n    <div class=\"ext\">\r\n\r\n      <a href=\"https:\/\/enauka.gov.rs\/cris\/rp\/rp06817\" target=\"_blank\">\r\n        <img decoding=\"async\" src=\"https:\/\/iit.ac.rs\/wp-content\/uploads\/2025\/11\/enauka.jpg\" alt=\"eNauka\">\r\n      <\/a>\r\n\r\n      <a href=\"https:\/\/scidar.kg.ac.rs\/browse?type=author&authority=ee9469be-fb2b-412e-8d1c-92719f9c4b62\" target=\"_blank\">\r\n        <img decoding=\"async\" src=\"https:\/\/iit.ac.rs\/wp-content\/uploads\/2025\/11\/scidar.jpg\" alt=\"SCIDAR\">\r\n      <\/a>\r\n\r\n      <a href=\"https:\/\/orcid.org\/0000-0002-3251-8563\" target=\"_blank\">\r\n        <img decoding=\"async\" src=\"https:\/\/iit.ac.rs\/wp-content\/uploads\/2025\/11\/orcid.jpg\" alt=\"ORCID\">\r\n      <\/a>\r\n\r\n      <a href=\"https:\/\/www.linkedin.com\/in\/aleksandar-milovanovic-148867241\/\" target=\"_blank\">\r\n        <img decoding=\"async\" src=\"https:\/\/iit.ac.rs\/wp-content\/uploads\/2025\/11\/linkedin.jpg\" alt=\"LinkedIn\">\r\n      <\/a>\r\n\r\n      <a href=\"https:\/\/www.scopus.com\/authid\/detail.uri?authorId=57221766353\" target=\"_blank\">\r\n        <img decoding=\"async\" src=\"https:\/\/iit.ac.rs\/wp-content\/uploads\/2025\/11\/scopus.jpg\" alt=\"Scopus\">\r\n      <\/a>\r\n\r\n    <\/div>\r\n\r\n    <!-- CV LINKS -->\r\n    <div class=\"actions\">\r\n      <a class=\"btn\" href=\"https:\/\/iit.ac.rs\/wp-content\/uploads\/2025\/11\/Radna-biografija-Aleksandar-Milovanovic-2023.docx\" target=\"_blank\">\r\n        <span class=\"ico\">\ud83d\udcc4<\/span> CV - Serbian\r\n      <\/a>\r\n\r\n      <a class=\"btn\" href=\"https:\/\/iit.ac.rs\/wp-content\/uploads\/2025\/11\/Biography-Aleksandar-Milovanovic.pdf\" target=\"_blank\">\r\n        <span class=\"ico\">\ud83d\udcc4<\/span> CV \u2013 English\r\n      <\/a>\r\n    <\/div>\r\n\r\n  <\/div>\r\n\r\n  <!-- CONTENT -->\r\n  <div class=\"card\">\r\n    <div class=\"accordion\">\r\n\r\n      <!-- DESCRIPTION -->\r\n      <details open>\r\n        <summary>Brief description of the research<\/summary>\r\n        <div class=\"content\">\r\n          <p>\r\n            Aleksandar Milovanovi\u0107's research is focused on studying the development of atherosclerosis\nin the carotid and coronary arteries, using advanced data processing techniques\nand numerical modeling.\r\n          <\/p>\r\n          <p>\r\n            He is engaged in the development of models for computer simulations based on the finite element method,\nwith the aim of better understanding hemodynamic parameters and their role in the development\nof atherosclerotic changes.\r\n          <\/p>\r\n          <p>\r\n            A separate segment of the research relates to the analytical, numerical and experimental approach to determining FFR (Fractional Flow Reserve), an index that represents the gold standard in assessing the functional significance of coronary artery stenosis.\r\n          <\/p>\r\n        <\/div>\r\n      <\/details>\r\n\r\n      <!-- REFERENCES -->\r\n      <details>\r\n        <summary>Selected references<\/summary>\r\n        <div class=\"content\">\r\n          <ul>\r\n\r\n            <li>\r\n              Milovanovic, Aleksandar, Saveljic, Igor, and Filipovic, Nenad.\r\n              <i>Numerical Vs Analytical Comparison with Experimental Fractional Flow Reserve Values of Right Coronary Artery Stenosis<\/i>.\r\n              2022, pp. 1\u201314. DOI: 10.3233\/THC-220435.\r\n            <\/li>\r\n\r\n            <li>\r\n              A. Milovanovi\u0107, I. Savelji\u0107, S. Savi\u0107, N. Filipovi\u0107.\r\n              <i>3D reconstruction and numerical calculation of fractional flow reserve in atherosclerotic coronary arteries<\/i>.\r\n              7th International Congress, Sremski Karlovci, 2019.\r\n            <\/li>\r\n\r\n            <li>\r\n              A. Milovanovi\u0107, I. Savelji\u0107, T. Exarchos, O. Parodi, N. Filipovi\u0107.\r\n              <i>Numerical approach for determination of virtual functional assessment index in coronary arteries<\/i>,\r\n              BelBi, 2018.\r\n            <\/li>\r\n\r\n            <li>\r\n              Aleksandar Milovanovi\u0107, Igor Savelji\u0107, Olivera Jovaniki\u0107, Nenad Filipovi\u0107.\r\n              <i>Numerical analysis of blood flow through the cerebral aneurism<\/i>.\r\n              8th International Congress of the Serbian Society of Mechanics, 2021.\r\n            <\/li>\r\n\r\n          <\/ul>\r\n        <\/div>\r\n      <\/details>\r\n\r\n    <\/div>\r\n  <\/div>\r\n\r\n<\/div>\r\n\t\t\t\t<\/div>\n\t\t\t\t\t<\/div>\n\t\t\t\t<\/div>\n\t\t\t\t<\/div>","protected":false},"excerpt":{"rendered":"<p>\u0434\u0440 \u0410\u043b\u0435\u043a\u0441\u0430\u043d\u0434\u0430\u0440 \u041c\u0438\u043b\u043e\u0432\u0430\u043d\u043e\u0432\u0438\u045b \u0421\u0442\u0440\u0443\u0447\u043d\u0438 \u0441\u0430\u0432\u0435\u0442\u043d\u0438\u043a \u041e\u0431\u0440\u0430\u0437\u043e\u0432\u0430\u045a\u0435: \u0414\u0438\u043f\u043b\u043e\u043c\u0438\u0440\u0430\u043d\u0438 \u043c\u0430\u0448\u0438\u043d\u0441\u043a\u0438 \u0438\u043d\u0436\u0435\u045a\u0435\u0440 \u041b\u0430\u0431\u043e\u0440\u0430\u0442\u043e\u0440\u0438\u0458\u0430: \u0411\u0438\u043e\u0438\u043d\u0436\u0435\u045a\u0435\u0440\u0438\u043d\u0433 \u0410\u0434\u0440\u0435\u0441\u0430: \u0418\u043d\u0441\u0442\u0438\u0442\u0443\u0442 \u0437\u0430 \u0438\u043d\u0444\u043e\u0440\u043c\u0430\u0446\u0438\u043e\u043d\u0435 \u0442\u0435\u0445\u043d\u043e\u043b\u043e\u0433\u0438\u0458\u0435 \u041a\u0440\u0430\u0433\u0443\u0458\u0435\u0432\u0430\u0446, \u041b\u0438\u0446\u0435\u0458\u0430 \u041a\u043d\u0435\u0436\u0435\u0432\u0438\u043d\u0435 \u0421\u0440\u0431\u0438\u0458\u0435 1\u0410, 34000 \u041a\u0440\u0430\u0433\u0443\u0458\u0435\u0432\u0430\u0446. \u0415-\u043f\u043e\u0448\u0442\u0430: aleksandar.milovanovic@uni.kg.ac.rs \ud83d\udcc4 CV \u2013 \u0421\u0440\u043f\u0441\u043a\u0438 \ud83d\udcc4 CV \u2013 English \u041a\u0440\u0430\u0442\u0430\u043a \u043e\u043f\u0438\u0441 \u0438\u0441\u0442\u0440\u0430\u0436\u0438\u0432\u0430\u045a\u0430 \u0418\u0441\u0442\u0440\u0430\u0436\u0438\u0432\u0430\u045a\u0430 \u0410\u043b\u0435\u043a\u0441\u0430\u043d\u0434\u0440\u0430 \u041c\u0438\u043b\u043e\u0432\u0430\u043d\u043e\u0432\u0438\u045b\u0430 \u0443\u0441\u043c\u0435\u0440\u0435\u043d\u0430 \u0441\u0443 \u043d\u0430 \u043f\u0440\u043e\u0443\u0447\u0430\u0432\u0430\u045a\u0435 \u043d\u0430\u0441\u0442\u0430\u043d\u043a\u0430 \u0430\u0442\u0435\u0440\u043e\u0441\u043a\u043b\u0435\u0440\u043e\u0437\u0435 \u043d\u0430 \u043a\u0430\u0440\u043e\u0442\u0438\u0434\u043d\u0438\u043c \u0438 \u043a\u043e\u0440\u043e\u043d\u0430\u0440\u043d\u0438\u043c \u0430\u0440\u0442\u0435\u0440\u0438\u0458\u0430\u043c\u0430, \u0443\u0437 \u043f\u0440\u0438\u043c\u0435\u043d\u0443 \u043d\u0430\u043f\u0440\u0435\u0434\u043d\u0438\u0445 \u0442\u0435\u0445\u043d\u0438\u043a\u0430 \u043e\u0431\u0440\u0430\u0434\u0435&#8230;<\/p>","protected":false},"author":1,"featured_media":0,"parent":0,"menu_order":0,"comment_status":"closed","ping_status":"closed","template":"","meta":{"_eb_attr":"","footnotes":""},"class_list":["post-21440","page","type-page","status-publish","hentry"],"_links":{"self":[{"href":"https:\/\/iit.ac.rs\/en\/wp-json\/wp\/v2\/pages\/21440","targetHints":{"allow":["GET"]}}],"collection":[{"href":"https:\/\/iit.ac.rs\/en\/wp-json\/wp\/v2\/pages"}],"about":[{"href":"https:\/\/iit.ac.rs\/en\/wp-json\/wp\/v2\/types\/page"}],"author":[{"embeddable":true,"href":"https:\/\/iit.ac.rs\/en\/wp-json\/wp\/v2\/users\/1"}],"replies":[{"embeddable":true,"href":"https:\/\/iit.ac.rs\/en\/wp-json\/wp\/v2\/comments?post=21440"}],"version-history":[{"count":8,"href":"https:\/\/iit.ac.rs\/en\/wp-json\/wp\/v2\/pages\/21440\/revisions"}],"predecessor-version":[{"id":22430,"href":"https:\/\/iit.ac.rs\/en\/wp-json\/wp\/v2\/pages\/21440\/revisions\/22430"}],"wp:attachment":[{"href":"https:\/\/iit.ac.rs\/en\/wp-json\/wp\/v2\/media?parent=21440"}],"curies":[{"name":"wp","href":"https:\/\/api.w.org\/{rel}","templated":true}]}}