{"id":21441,"date":"2025-11-18T11:06:57","date_gmt":"2025-11-18T11:06:57","guid":{"rendered":"https:\/\/iit.ac.rs\/?page_id=21441"},"modified":"2026-03-04T13:39:48","modified_gmt":"2026-03-04T13:39:48","slug":"aleksandra-markovic","status":"publish","type":"page","link":"https:\/\/iit.ac.rs\/en\/aleksandra-markovic\/","title":{"rendered":"Aleksandra Markovi\u0107"},"content":{"rendered":"<div data-elementor-type=\"wp-page\" data-elementor-id=\"21441\" class=\"elementor elementor-21441\">\n\t\t\t\t<div class=\"elementor-element elementor-element-9206b94 e-flex e-con-boxed e-con e-parent\" data-id=\"9206b94\" data-element_type=\"container\">\n\t\t\t\t\t<div class=\"e-con-inner\">\n\t\t\t\t<div class=\"elementor-element elementor-element-d14a33c elementor-widget elementor-widget-html\" data-id=\"d14a33c\" data-element_type=\"widget\" data-widget_type=\"html.default\">\n\t\t\t\t\t<div class=\"iit-rp\" style=\"--accent:#07294DE8;\">\r\n\r\n  <!-- PHOTO -->\r\n  <div class=\"photo\">\r\n    <img decoding=\"async\" src=\"https:\/\/iit.ac.rs\/wp-content\/uploads\/2025\/11\/am.jpg\" alt=\"\u0410\u043b\u0435\u043a\u0441\u0430\u043d\u0434\u0440\u0430 \u041c\u0430\u0440\u043a\u043e\u0432\u0438\u045b\">\r\n  <\/div>\r\n\r\n  <!-- HEADER -->\r\n  <div class=\"head\">\r\n    <h2>Aleksandra Markovi\u0107<\/h2>\r\n\r\n    <div class=\"badges\">\r\n      <span class=\"badge\">Senior professional associate<\/span>\r\n    <\/div>\r\n\r\n    <div class=\"meta\">\r\n      <div><b>Education:<\/b> Master biologist<\/div>\r\n      <div><b>Laboratory:<\/b> Bioinformatics and applied biology<\/div>\r\n      <div><b>Address:<\/b> Institute of Information Technologies Kragujevac, Liceja Kne\u017eevine Srbije 1A, 34000 Kragujevac.<\/div>\r\n      <div><b>Email:<\/b> aleksandra.markovic@uni.kg.ac.rs; aleksandra.markovic@pmf.kg.ac.rs<\/div>\r\n    <\/div>\r\n\r\n    <!-- LINKOVI (spolja\u0161nje mre\u017ee) -->\r\n    <div class=\"ext\">\r\n\r\n      <a href=\"https:\/\/enauka.gov.rs\/cris\/rp\/rp06221\" target=\"_blank\" rel=\"noopener\">\r\n        <img decoding=\"async\" src=\"https:\/\/iit.ac.rs\/wp-content\/uploads\/2025\/11\/enauka.jpg\" alt=\"eNauka\">\r\n      <\/a>\r\n\r\n      <a href=\"https:\/\/orcid.org\/0000-0002-2276-332X\" target=\"_blank\" rel=\"noopener\">\r\n        <img decoding=\"async\" src=\"https:\/\/iit.ac.rs\/wp-content\/uploads\/2025\/11\/orcid.jpg\" alt=\"ORCID\">\r\n      <\/a>\r\n\r\n      <a href=\"https:\/\/www.researchgate.net\/profile\/Aleksandra-Markovic-4\" target=\"_blank\" rel=\"noopener\">\r\n        <img decoding=\"async\" src=\"https:\/\/iit.ac.rs\/wp-content\/uploads\/2025\/11\/rg.jpg\" alt=\"ResearchGate\">\r\n      <\/a>\r\n\r\n\r\n      <a href=\"https:\/\/scidar.kg.ac.rs\/\" target=\"_blank\" rel=\"noopener\">\r\n        <img decoding=\"async\" src=\"https:\/\/iit.ac.rs\/wp-content\/uploads\/2025\/11\/koc.jpg\" alt=\"SCIDAR\">\r\n      <\/a>\r\n\r\n    <\/div>\r\n\r\n    <!-- CV LINKS -->\r\n    <div class=\"actions\">\r\n      <a class=\"btn\" href=\"https:\/\/iit.ac.rs\/wp-content\/uploads\/2025\/11\/Radna-biografija-template-Aleksandra-Markovic.docx\" target=\"_blank\">\r\n        <span class=\"ico\">\ud83d\udcc4<\/span> CV - Serbian\r\n      <\/a>\r\n\r\n      <a class=\"btn\" href=\"https:\/\/iit.ac.rs\/wp-content\/uploads\/2025\/11\/Biography-Template-Aleksandra-Markovic.docx\" target=\"_blank\">\r\n        <span class=\"ico\">\ud83d\udcc4<\/span> CV \u2013 English\r\n      <\/a>\r\n    <\/div>\r\n\r\n  <\/div>\r\n\r\n  <!-- CONTENT -->\r\n  <div class=\"card\">\r\n    <div class=\"accordion\">\r\n\r\n      <!-- OPIS -->\r\n      <details open>\r\n        <summary>Brief description of the research<\/summary>\r\n        <div class=\"content\">\r\n          <p>\r\n            The researcher is actively engaged in scientific research in the field of genetics, with a focus on the integrative application of biotechnological methods in the study of genomic instability in peripheral blood lymphocytes of patients with endometrial carcinoma.\r\n          <\/p>\r\n          <p>\r\n            It is particularly focused on examining the genotoxic and antimutagenic effects of various\nsubstances on the genetic material of healthy cells. The results so far provide a significant\ncontribution to the assessment of the safety of application and potential therapeutic effect of substances of natural origin.\r\n          <\/p>\r\n        <\/div>\r\n      <\/details>\r\n\r\n      <!-- REFERENCES -->\r\n      <details>\r\n        <summary>Selected references<\/summary>\r\n        <div class=\"content\">\r\n          <ul>\r\n\r\n            <li>\r\n              Markovi\u0107 A., Gruji\u010di\u0107 D., \u017divkovi\u0107 Radojevi\u0107 M., Milo\u0161evi\u0107-Djordjevi\u0107 O.\r\n              <i>Measurement of chromosomal instability and level of DNA damage in peripheral blood mononuclear cells of endometrial cancer patients<\/i>.\r\n              Mutagenesis, 2024. IF2022 = 2.7; ISSN 0267-8357; doi: 10.1093\/mutage\/geae003 (M22).\r\n            <\/li>\r\n\r\n            <li>\r\n              Markovi\u0107 A., Tubi\u0107 Vukajlovi\u0107 J., Gruji\u010di\u0107 D., Radovi\u0107 Jakovljevi\u0107 M., Stankovi\u0107 M., Djordjevi\u0107 K., Djeli\u0107 N., Radakovi\u0107 M., Milo\u0161evi\u0107-Djordjevi\u0107 O.\r\n              <i>Methanol extracts of Teucrium arduini L. and Teucrium flavum L. induce protective effect against mitomycin C in human lymphocytes in vitro<\/i>.\r\n              Drug and Chemical Toxicology, 2022, 45(1), 940\u2013946. IF2022 = 2.6; ISSN 0148-0545; DOI: 10.1080\/01480545.2020.1802477 (M23).\r\n            <\/li>\r\n\r\n            <li>\r\n              Nikolic S., Gazdic-Jankovic M., Rosic G., Miletic-Kovacevic M., Jovicic N., Nestorovic N., Stojkovic P., Filipovic N., Milosevic-Djordjevic O., Selakovic D.,\r\n              \u017divanovic M., Seklic D., Milivojevi\u0107 N., Markovic A., Seistij R., Vasilijici S., Stankovic K.M., Stojkovic M., Ljujic B.\r\n              <i>Orally administered fluorescent nanosized polystyrene particles affect cell viability, hormonal and inflammatory profile, and behavior in treated mice<\/i>.\r\n              Environmental Pollution, 2022, 305, 119206. IF2022 = 8.9; ISSN 0269-7491; DOI: 10.1016\/j.envpol.2022.119206 (M21).\r\n            <\/li>\r\n\r\n            <li>\r\n              Mihaljevic O., Zivancevic-Simonovic S., Jovanovic D., Miletic Drakulic S., Tubic Vukajlovic J., Markovic A., Stanojevic Pirkovic M., Srejovic I.,\r\n              Jakovljevic V., Milosevic-Djordjevic O.\r\n              <i>Oxidative stress and DNA damage in critically ill patients with sepsis<\/i>.\r\n              Mutation Research \u2013 Genetic Toxicology and Environmental Mutagenesis, 2023, 889, 503655.\r\n              IF2022 = 1.9; ISSN 1383-5718; DOI: 10.1016\/j.mrgentox.2023.503655 (M22).\r\n            <\/li>\r\n\r\n          <\/ul>\r\n        <\/div>\r\n      <\/details>\r\n\r\n    <\/div>\r\n  <\/div>\r\n\r\n<\/div>\r\n\t\t\t\t<\/div>\n\t\t\t\t\t<\/div>\n\t\t\t\t<\/div>\n\t\t\t\t<\/div>","protected":false},"excerpt":{"rendered":"<p>\u0410\u043b\u0435\u043a\u0441\u0430\u043d\u0434\u0440\u0430 \u041c\u0430\u0440\u043a\u043e\u0432\u0438\u045b \u0412\u0438\u0448\u0438 \u0441\u0442\u0440\u0443\u0447\u043d\u0438 \u0441\u0430\u0440\u0430\u0434\u043d\u0438\u043a \u041e\u0431\u0440\u0430\u0437\u043e\u0432\u0430\u045a\u0435: \u041c\u0430\u0441\u0442\u0435\u0440 \u0431\u0438\u043e\u043b\u043e\u0433 \u041b\u0430\u0431\u043e\u0440\u0430\u0442\u043e\u0440\u0438\u0458\u0430: \u0411\u0438\u043e\u0438\u043d\u0444\u043e\u0440\u043c\u0430\u0442\u0438\u043a\u0430 \u0438 \u043f\u0440\u0438\u043c\u0435\u045a\u0435\u043d\u0430 \u0431\u0438\u043e\u043b\u043e\u0433\u0438\u0458\u0430 \u0410\u0434\u0440\u0435\u0441\u0430: \u0418\u043d\u0441\u0442\u0438\u0442\u0443\u0442 \u0437\u0430 \u0438\u043d\u0444\u043e\u0440\u043c\u0430\u0446\u0438\u043e\u043d\u0435 \u0442\u0435\u0445\u043d\u043e\u043b\u043e\u0433\u0438\u0458\u0435 \u041a\u0440\u0430\u0433\u0443\u0458\u0435\u0432\u0430\u0446, \u041b\u0438\u0446\u0435\u0458\u0430 \u041a\u043d\u0435\u0436\u0435\u0432\u0438\u043d\u0435 \u0421\u0440\u0431\u0438\u0458\u0435 1\u0410, 34000 \u041a\u0440\u0430\u0433\u0443\u0458\u0435\u0432\u0430\u0446. \u0415-\u043f\u043e\u0448\u0442\u0430: aleksandra.markovic@uni.kg.ac.rs; aleksandra.markovic@pmf.kg.ac.rs \ud83d\udcc4 CV \u2013 \u0421\u0440\u043f\u0441\u043a\u0438 \ud83d\udcc4 CV \u2013 English \u041a\u0440\u0430\u0442\u0430\u043a \u043e\u043f\u0438\u0441 \u0438\u0441\u0442\u0440\u0430\u0436\u0438\u0432\u0430\u045a\u0430 \u0418\u0441\u0442\u0440\u0430\u0436\u0438\u0432\u0430\u0447 \u0441\u0435 \u0430\u043a\u0442\u0438\u0432\u043d\u043e \u0431\u0430\u0432\u0438 \u043d\u0430\u0443\u0447\u043d\u043e-\u0438\u0441\u0442\u0440\u0430\u0436\u0438\u0432\u0430\u0447\u043a\u0438\u043c \u0440\u0430\u0434\u043e\u043c \u0443 \u043e\u0431\u043b\u0430\u0441\u0442\u0438 \u0433\u0435\u043d\u0435\u0442\u0438\u043a\u0435, \u0441\u0430 \u0444\u043e\u043a\u0443\u0441\u043e\u043c \u043d\u0430 \u0438\u043d\u0442\u0435\u0433\u0440\u0430\u0442\u0438\u0432\u043d\u0443 \u043f\u0440\u0438\u043c\u0435\u043d\u0443 \u0431\u0438\u043e\u0442\u0435\u0445\u043d\u043e\u043b\u043e\u0448\u043a\u0438\u0445 \u043c\u0435\u0442\u043e\u0434\u0430&#8230;<\/p>","protected":false},"author":1,"featured_media":0,"parent":0,"menu_order":0,"comment_status":"closed","ping_status":"closed","template":"","meta":{"_eb_attr":"","footnotes":""},"class_list":["post-21441","page","type-page","status-publish","hentry"],"_links":{"self":[{"href":"https:\/\/iit.ac.rs\/en\/wp-json\/wp\/v2\/pages\/21441","targetHints":{"allow":["GET"]}}],"collection":[{"href":"https:\/\/iit.ac.rs\/en\/wp-json\/wp\/v2\/pages"}],"about":[{"href":"https:\/\/iit.ac.rs\/en\/wp-json\/wp\/v2\/types\/page"}],"author":[{"embeddable":true,"href":"https:\/\/iit.ac.rs\/en\/wp-json\/wp\/v2\/users\/1"}],"replies":[{"embeddable":true,"href":"https:\/\/iit.ac.rs\/en\/wp-json\/wp\/v2\/comments?post=21441"}],"version-history":[{"count":4,"href":"https:\/\/iit.ac.rs\/en\/wp-json\/wp\/v2\/pages\/21441\/revisions"}],"predecessor-version":[{"id":21464,"href":"https:\/\/iit.ac.rs\/en\/wp-json\/wp\/v2\/pages\/21441\/revisions\/21464"}],"wp:attachment":[{"href":"https:\/\/iit.ac.rs\/en\/wp-json\/wp\/v2\/media?parent=21441"}],"curies":[{"name":"wp","href":"https:\/\/api.w.org\/{rel}","templated":true}]}}